{"id":5348,"date":"2021-06-16T06:28:42","date_gmt":"2021-10-15T15:12:41","guid":{"rendered":"https:\/\/ryfi.online\/product\/badeanzug-mit-nickelodeon-paw-patrol-design-fuer-jungen\/"},"modified":"2022-05-17T13:53:36","modified_gmt":"2022-05-17T13:53:36","slug":"jungen-nickelodeon-paw-patrol-design-badezimmer-boxer","status":"publish","type":"product","link":"https:\/\/ryfi.online\/de\/produkt\/jungen-nickelodeon-paw-patrol-design-badezimmer-boxer\/","title":{"rendered":"Nickelodeon Paw Patrol Schwimmboxer f\u00fcr Jungen"},"content":{"rendered":"<p><span class=\"a-list-item\">\u2705 Paw Patrol Kinder-Badehose von Nickelodeon<\/span><\/p>\n<p><span class=\"a-list-item\">\u2705 Rot-Blaue Farbe mit Chase- und Marshal-Cartoons<\/span><\/p>\n<p><span class=\"a-list-item\">\u2705 82 % Baumwolle, 18 % Polyester<\/span><\/p>\n<p id=\"title\" class=\"a-size-large a-spacing-none\"><span id=\"productTitle\" class=\"a-size-large product-title-word-break\"><span class=\"a-list-item\">\u2705<\/span> Alter: 12 Monate, 18 Monate, 24 Monate, 36 Monate<\/span><\/p>\n<p><span id=\"productTitle\" class=\"a-size-large product-title-word-break\"><span class=\"a-list-item\">\u2705 <\/span> <\/span><\/p>\n","protected":false},"excerpt":{"rendered":"<p>Kostenloser Versand 1-3 Werktage<\/p>\n<p>Kostenlose R\u00fccksendung<\/p>\n","protected":false},"featured_media":5355,"comment_status":"open","ping_status":"closed","template":"","meta":[],"product_brand":[],"product_cat":[292],"product_tag":[],"class_list":{"0":"post-5348","1":"product","2":"type-product","3":"status-publish","4":"has-post-thumbnail","6":"product_cat-badeanzug-de-2","8":"first","9":"instock","10":"featured","11":"taxable","12":"shipping-taxable","13":"purchasable","14":"product-type-variable"},"yoast_head":"<!-- This site is optimized with the Yoast SEO Premium plugin v17.1.2 (Yoast SEO v27.4) - https:\/\/yoast.com\/product\/yoast-seo-premium-wordpress\/ -->\n<title>Kinderbadehose kaufen | Nickelodeon Paw Patrol f\u00fcr Kinder<\/title>\n<meta name=\"description\" content=\"Auf der Suche nach der besten Bademode f\u00fcr Kinder in Spanien, dann sind Sie bei uns genau richtig, wir sind hier, um Ihnen den besten Service zu einem sehr g\u00fcnstigen Preis zu bieten.\" \/>\n<meta name=\"robots\" content=\"index, follow, max-snippet:-1, max-image-preview:large, max-video-preview:-1\" \/>\n<link rel=\"canonical\" href=\"https:\/\/ryfi.online\/de\/produkt\/jungen-nickelodeon-paw-patrol-design-badezimmer-boxer\/\" \/>\n<meta property=\"og:locale\" content=\"de_DE\" \/>\n<meta property=\"og:type\" content=\"article\" \/>\n<meta property=\"og:title\" content=\"Nickelodeon Paw Patrol Schwimmboxer f\u00fcr Jungen\" \/>\n<meta property=\"og:description\" content=\"Auf der Suche nach der besten Bademode f\u00fcr Kinder in Spanien, dann sind Sie bei uns genau richtig, wir sind hier, um Ihnen den besten Service zu einem sehr g\u00fcnstigen Preis zu bieten.\" \/>\n<meta property=\"og:url\" content=\"https:\/\/ryfi.online\/de\/produkt\/jungen-nickelodeon-paw-patrol-design-badezimmer-boxer\/\" \/>\n<meta property=\"og:site_name\" content=\"Ryfi Online Store\" \/>\n<meta property=\"article:publisher\" content=\"https:\/\/www.facebook.com\/ryfi.online\/\" \/>\n<meta property=\"article:modified_time\" content=\"2022-05-17T13:53:36+00:00\" \/>\n<meta property=\"og:image\" content=\"https:\/\/ryfi.online\/wp-content\/uploads\/2021\/06\/ue0102_lna.jpg\" \/>\n\t<meta property=\"og:image:width\" content=\"800\" \/>\n\t<meta property=\"og:image:height\" content=\"1200\" \/>\n\t<meta property=\"og:image:type\" content=\"image\/jpeg\" \/>\n<meta name=\"twitter:card\" content=\"summary_large_image\" \/>\n<meta name=\"twitter:label1\" content=\"Availability\" \/>\n\t<meta name=\"twitter:data1\" content=\"In stock\" \/>\n<meta property=\"product:brand\" content=\"Badeanzug\" \/>\n<meta property=\"og:availability\" content=\"instock\" \/>\n<meta property=\"product:availability\" content=\"instock\" \/>\n<meta property=\"product:condition\" content=\"new\" \/>\n<!-- \/ Yoast SEO Premium plugin. -->","yoast_head_json":{"title":"Kinderbadehose kaufen | Nickelodeon Paw Patrol f\u00fcr Kinder","description":"Auf der Suche nach der besten Bademode f\u00fcr Kinder in Spanien, dann sind Sie bei uns genau richtig, wir sind hier, um Ihnen den besten Service zu einem sehr g\u00fcnstigen Preis zu bieten.","robots":{"index":"index","follow":"follow","max-snippet":"max-snippet:-1","max-image-preview":"max-image-preview:large","max-video-preview":"max-video-preview:-1"},"canonical":"https:\/\/ryfi.online\/de\/produkt\/jungen-nickelodeon-paw-patrol-design-badezimmer-boxer\/","og_locale":"de_DE","og_type":"article","og_title":"Nickelodeon Paw Patrol Schwimmboxer f\u00fcr Jungen","og_description":"Auf der Suche nach der besten Bademode f\u00fcr Kinder in Spanien, dann sind Sie bei uns genau richtig, wir sind hier, um Ihnen den besten Service zu einem sehr g\u00fcnstigen Preis zu bieten.","og_url":"https:\/\/ryfi.online\/de\/produkt\/jungen-nickelodeon-paw-patrol-design-badezimmer-boxer\/","og_site_name":"Ryfi Online Store","article_publisher":"https:\/\/www.facebook.com\/ryfi.online\/","article_modified_time":"2022-05-17T13:53:36+00:00","og_image":[{"width":800,"height":1200,"url":"https:\/\/ryfi.online\/wp-content\/uploads\/2021\/06\/ue0102_lna.jpg","type":"image\/jpeg"}],"twitter_card":"summary_large_image","twitter_misc":{"Availability":"In stock"},"schema":{"@context":"https:\/\/schema.org","@graph":[{"@type":"WebPage","@id":"https:\/\/ryfi.online\/de\/produkt\/jungen-nickelodeon-paw-patrol-design-badezimmer-boxer\/","url":"https:\/\/ryfi.online\/de\/produkt\/jungen-nickelodeon-paw-patrol-design-badezimmer-boxer\/","name":"Kinderbadehose kaufen | Nickelodeon Paw Patrol f\u00fcr Kinder","isPartOf":{"@id":"https:\/\/ryfi.online\/de\/#website"},"primaryImageOfPage":{"@id":"https:\/\/ryfi.online\/de\/produkt\/jungen-nickelodeon-paw-patrol-design-badezimmer-boxer\/#primaryimage"},"image":{"@id":"https:\/\/ryfi.online\/de\/produkt\/jungen-nickelodeon-paw-patrol-design-badezimmer-boxer\/#primaryimage"},"thumbnailUrl":"https:\/\/ryfi.online\/wp-content\/uploads\/2021\/06\/ue0102_lna.jpg","datePublished":"2021-10-15T15:12:41+00:00","dateModified":"2022-05-17T13:53:36+00:00","description":"Auf der Suche nach der besten Bademode f\u00fcr Kinder in Spanien, dann sind Sie bei uns genau richtig, wir sind hier, um Ihnen den besten Service zu einem sehr g\u00fcnstigen Preis zu bieten.","breadcrumb":{"@id":"https:\/\/ryfi.online\/de\/produkt\/jungen-nickelodeon-paw-patrol-design-badezimmer-boxer\/#breadcrumb"},"inLanguage":"de","potentialAction":[{"@type":"ReadAction","target":["https:\/\/ryfi.online\/de\/produkt\/jungen-nickelodeon-paw-patrol-design-badezimmer-boxer\/"]}]},{"@type":"ImageObject","inLanguage":"de","@id":"https:\/\/ryfi.online\/de\/produkt\/jungen-nickelodeon-paw-patrol-design-badezimmer-boxer\/#primaryimage","url":"https:\/\/ryfi.online\/wp-content\/uploads\/2021\/06\/ue0102_lna.jpg","contentUrl":"https:\/\/ryfi.online\/wp-content\/uploads\/2021\/06\/ue0102_lna.jpg","width":800,"height":1200,"caption":"Paw Patrol Badeanzug"},{"@type":"BreadcrumbList","@id":"https:\/\/ryfi.online\/de\/produkt\/jungen-nickelodeon-paw-patrol-design-badezimmer-boxer\/#breadcrumb","itemListElement":[{"@type":"ListItem","position":1,"name":"Home","item":"https:\/\/ryfi.online\/de\/"},{"@type":"ListItem","position":2,"name":"Free and Fast Shipping whitin 1-3 Days!!!","item":"https:\/\/ryfi.online\/shop\/"},{"@type":"ListItem","position":3,"name":"Nickelodeon Paw Patrol Schwimmboxer f\u00fcr Jungen"}]},{"@type":"WebSite","@id":"https:\/\/ryfi.online\/de\/#website","url":"https:\/\/ryfi.online\/de\/","name":"Ryfi Online Store","description":"Online Store","publisher":{"@id":"https:\/\/ryfi.online\/de\/#organization"},"potentialAction":[{"@type":"SearchAction","target":{"@type":"EntryPoint","urlTemplate":"https:\/\/ryfi.online\/de\/?s={search_term_string}"},"query-input":{"@type":"PropertyValueSpecification","valueRequired":true,"valueName":"search_term_string"}}],"inLanguage":"de"},{"@type":"Organization","@id":"https:\/\/ryfi.online\/de\/#organization","name":"Ryan Future Investments LLC","url":"https:\/\/ryfi.online\/de\/","logo":{"@type":"ImageObject","inLanguage":"de","@id":"https:\/\/ryfi.online\/de\/#\/schema\/logo\/image\/","url":"https:\/\/ryfi.online\/wp-content\/uploads\/2021\/03\/2-03.png","contentUrl":"https:\/\/ryfi.online\/wp-content\/uploads\/2021\/03\/2-03.png","width":1010,"height":310,"caption":"Ryan Future Investments LLC"},"image":{"@id":"https:\/\/ryfi.online\/de\/#\/schema\/logo\/image\/"},"sameAs":["https:\/\/www.facebook.com\/ryfi.online\/"]}]},"product_brand":"Badeanzug","og_availability":"instock","product_availability":"instock","product_condition":"new"},"jetpack-related-posts":[{"id":9736,"url":"https:\/\/ryfi.online\/de\/produkt\/nickelodeon-paw-patrol-cartoon-t-shirt-fur-kinder\/","url_meta":{"origin":5348,"position":0},"title":"Kinder Nickelodeon Paw Patrol Cartoon T-Shirt","date":"Juni 15, 2021","format":false,"excerpt":"Kostenloser Versand 1-3 Werktage Kostenlose R\u00fccksendung","rel":"","context":"\u00c4hnlicher Beitrag","img":{"alt_text":"Paw Patrol-T-Shirt","src":"https:\/\/i0.wp.com\/ryfi.online\/wp-content\/uploads\/2021\/06\/ue1153_bl.jpg?resize=350%2C200&ssl=1","width":350,"height":200},"classes":[]},{"id":5468,"url":"https:\/\/ryfi.online\/de\/produkt\/nickelodeon-paw-patrol-cartoon-t-shirt-fur-madchen\/","url_meta":{"origin":5348,"position":1},"title":"M\u00e4dchen Nickelodeon Paw Patrol Cartoon T-Shirt","date":"Juni 15, 2021","format":false,"excerpt":"Kostenloser Versand 1-3 Werktage Kostenlose R\u00fccksendung","rel":"","context":"\u00c4hnlicher Beitrag","img":{"alt_text":"Paw Patrol-T-Shirt","src":"https:\/\/i0.wp.com\/ryfi.online\/wp-content\/uploads\/2021\/06\/se1488_dfu.jpg?resize=350%2C200&ssl=1","width":350,"height":200},"classes":[]},{"id":5277,"url":"https:\/\/ryfi.online\/de\/produkt\/bag-messenger-paw-patrol-28207\/","url_meta":{"origin":5348,"position":2},"title":"Paw Patrol Umh\u00e4ngetasche 28*20*7","date":"Juni 16, 2021","format":false,"excerpt":"Kostenloser Versand 1-3 Werktage Kostenlose R\u00fccksendung","rel":"","context":"\u00c4hnlicher Beitrag","img":{"alt_text":"Paw Patrol Umh\u00e4ngetasche","src":"https:\/\/i0.wp.com\/ryfi.online\/wp-content\/uploads\/2021\/06\/PH4912_BL.jpg?resize=350%2C200&ssl=1","width":350,"height":200},"classes":[]},{"id":5282,"url":"https:\/\/ryfi.online\/de\/produkt\/nickelodeon-paw-patrol-pattern-baseball-cap-for-girls\/","url_meta":{"origin":5348,"position":3},"title":"M\u00e4dchen Nickelodeon Paw Patrol Baseballm\u00fctze UE4205","date":"Juni 16, 2021","format":false,"excerpt":"Kostenloser Versand 1-3 Werktage Kostenlose R\u00fccksendung","rel":"","context":"\u00c4hnlicher Beitrag","img":{"alt_text":"Paw Patrol-Kappe","src":"https:\/\/i0.wp.com\/ryfi.online\/wp-content\/uploads\/2021\/06\/ue4205_pi.jpg?resize=350%2C200&ssl=1","width":350,"height":200},"classes":[]},{"id":5653,"url":"https:\/\/ryfi.online\/de\/produkt\/set-2-body-babys-girls-minnie-disney\/","url_meta":{"origin":5348,"position":4},"title":"Set 2 Body Babys-M\u00e4dchen Minnie Disney UE0314","date":"Juni 9, 2021","format":false,"excerpt":"Kostenloser und sicherer Versand in 1-3 Werktagen","rel":"","context":"\u00c4hnlicher Beitrag","img":{"alt_text":"Set 2 bodys f\u00fcr babys-m\u00e4dchen Minnie Disney","src":"https:\/\/i0.wp.com\/ryfi.online\/wp-content\/uploads\/2021\/06\/UE0314_SET-1.jpg?resize=350%2C200&ssl=1","width":350,"height":200},"classes":[]},{"id":5764,"url":"https:\/\/ryfi.online\/de\/produkt\/kinder-nickelodeon-paw-patrol-design-baseball-cap\/","url_meta":{"origin":5348,"position":5},"title":"Jungen Nickelodeon Paw Patrol Baseballm\u00fctze UE4157","date":"Juni 9, 2021","format":false,"excerpt":"Kostenloser Versand in 1-3 Werktagen","rel":"","context":"\u00c4hnlicher Beitrag","img":{"alt_text":"Nickelodeon Paw Patrol M\u00fctze","src":"https:\/\/i0.wp.com\/ryfi.online\/wp-content\/uploads\/2021\/06\/ue4157_ye.jpg?resize=350%2C200&ssl=1","width":350,"height":200},"classes":[]}],"_links":{"self":[{"href":"https:\/\/ryfi.online\/de\/wp-json\/wp\/v2\/product\/5348","targetHints":{"allow":["GET"]}}],"collection":[{"href":"https:\/\/ryfi.online\/de\/wp-json\/wp\/v2\/product"}],"about":[{"href":"https:\/\/ryfi.online\/de\/wp-json\/wp\/v2\/types\/product"}],"replies":[{"embeddable":true,"href":"https:\/\/ryfi.online\/de\/wp-json\/wp\/v2\/comments?post=5348"}],"wp:featuredmedia":[{"embeddable":true,"href":"https:\/\/ryfi.online\/de\/wp-json\/wp\/v2\/media\/5355"}],"wp:attachment":[{"href":"https:\/\/ryfi.online\/de\/wp-json\/wp\/v2\/media?parent=5348"}],"wp:term":[{"taxonomy":"product_brand","embeddable":true,"href":"https:\/\/ryfi.online\/de\/wp-json\/wp\/v2\/product_brand?post=5348"},{"taxonomy":"product_cat","embeddable":true,"href":"https:\/\/ryfi.online\/de\/wp-json\/wp\/v2\/product_cat?post=5348"},{"taxonomy":"product_tag","embeddable":true,"href":"https:\/\/ryfi.online\/de\/wp-json\/wp\/v2\/product_tag?post=5348"}],"curies":[{"name":"wp","href":"https:\/\/api.w.org\/{rel}","templated":true}]}}