{"id":5270,"date":"2021-06-30T21:29:16","date_gmt":"2021-10-15T15:12:07","guid":{"rendered":"https:\/\/ryfi.online\/product\/spiderman-2-in-1-wenderucksack\/"},"modified":"2022-05-17T13:40:06","modified_gmt":"2022-05-17T13:40:06","slug":"wende-spiderman-2-in-1-rucksack","status":"publish","type":"product","link":"https:\/\/ryfi.online\/de\/produkt\/wende-spiderman-2-in-1-rucksack\/","title":{"rendered":"Spiderman Wenderucksack 2 in 1 TH9128"},"content":{"rendered":"<ul class=\"a-unordered-list a-vertical a-spacing-mini\">\n<li>Wende-Spiderman-Rucksack f\u00fcr Jungen<\/li>\n<li><span class=\"a-list-item\">Ma\u00dfe: 35 x 28 x 14 cm<\/span><\/li>\n<li><span class=\"a-list-item\">Alter: 7-15 Jahre alt<\/span><\/li>\n<\/ul>\n","protected":false},"excerpt":{"rendered":"<p>Schneller und sicherer Versand in 1-3 Werktagen<\/p>\n","protected":false},"featured_media":5262,"comment_status":"open","ping_status":"closed","template":"","meta":[],"product_brand":[],"product_cat":[235],"product_tag":[],"class_list":{"0":"post-5270","1":"product","2":"type-product","3":"status-publish","4":"has-post-thumbnail","6":"product_cat-rucksack","8":"first","9":"instock","10":"featured","11":"taxable","12":"shipping-taxable","13":"purchasable","14":"product-type-simple"},"yoast_head":"<!-- This site is optimized with the Yoast SEO Premium plugin v17.1.2 (Yoast SEO v27.4) - https:\/\/yoast.com\/product\/yoast-seo-premium-wordpress\/ -->\n<title>Spiderman Wenderucksack kaufen | Spiderman 2 in 1 Wenderucksack<\/title>\n<meta name=\"description\" content=\"Wenn Sie nach dem Spiderman 2 in 1 Wenderucksack f\u00fcr Jungen in Spanien suchen, dann bietet Ihnen der Ryfi Online-Shop die besten Rucks\u00e4cke f\u00fcr Jungen. Kaufe jetzt!\" \/>\n<meta name=\"robots\" content=\"index, follow, max-snippet:-1, max-image-preview:large, max-video-preview:-1\" \/>\n<link rel=\"canonical\" href=\"https:\/\/ryfi.online\/de\/produkt\/wende-spiderman-2-in-1-rucksack\/\" \/>\n<meta property=\"og:locale\" content=\"de_DE\" \/>\n<meta property=\"og:type\" content=\"article\" \/>\n<meta property=\"og:title\" content=\"Spiderman Wenderucksack 2 in 1 TH9128\" \/>\n<meta property=\"og:description\" content=\"Wenn Sie nach dem Spiderman 2 in 1 Wenderucksack f\u00fcr Jungen in Spanien suchen, dann bietet Ihnen der Ryfi Online-Shop die besten Rucks\u00e4cke f\u00fcr Jungen. Kaufe jetzt!\" \/>\n<meta property=\"og:url\" content=\"https:\/\/ryfi.online\/de\/produkt\/wende-spiderman-2-in-1-rucksack\/\" \/>\n<meta property=\"og:site_name\" content=\"Ryfi Online Store\" \/>\n<meta property=\"article:publisher\" content=\"https:\/\/www.facebook.com\/ryfi.online\/\" \/>\n<meta property=\"article:modified_time\" content=\"2022-05-17T13:40:06+00:00\" \/>\n<meta property=\"og:image\" content=\"https:\/\/ryfi.online\/wp-content\/uploads\/2021\/06\/th9128.e00.jpg\" \/>\n\t<meta property=\"og:image:width\" content=\"800\" \/>\n\t<meta property=\"og:image:height\" content=\"566\" \/>\n\t<meta property=\"og:image:type\" content=\"image\/jpeg\" \/>\n<meta name=\"twitter:card\" content=\"summary_large_image\" \/>\n<meta name=\"twitter:label1\" content=\"Preis\" \/>\n\t<meta name=\"twitter:data1\" content=\"&#036;14.99\" \/>\n\t<meta name=\"twitter:label2\" content=\"Availability\" \/>\n\t<meta name=\"twitter:data2\" content=\"In stock\" \/>\n<meta property=\"product:brand\" content=\"Rucksack\" \/>\n<meta property=\"product:price:amount\" content=\"14.99\" \/>\n<meta property=\"product:price:currency\" content=\"USD\" \/>\n<meta property=\"og:availability\" content=\"instock\" \/>\n<meta property=\"product:availability\" content=\"instock\" \/>\n<meta property=\"product:condition\" content=\"new\" \/>\n<!-- \/ Yoast SEO Premium plugin. -->","yoast_head_json":{"title":"Spiderman Wenderucksack kaufen | Spiderman 2 in 1 Wenderucksack","description":"Wenn Sie nach dem Spiderman 2 in 1 Wenderucksack f\u00fcr Jungen in Spanien suchen, dann bietet Ihnen der Ryfi Online-Shop die besten Rucks\u00e4cke f\u00fcr Jungen. Kaufe jetzt!","robots":{"index":"index","follow":"follow","max-snippet":"max-snippet:-1","max-image-preview":"max-image-preview:large","max-video-preview":"max-video-preview:-1"},"canonical":"https:\/\/ryfi.online\/de\/produkt\/wende-spiderman-2-in-1-rucksack\/","og_locale":"de_DE","og_type":"article","og_title":"Spiderman Wenderucksack 2 in 1 TH9128","og_description":"Wenn Sie nach dem Spiderman 2 in 1 Wenderucksack f\u00fcr Jungen in Spanien suchen, dann bietet Ihnen der Ryfi Online-Shop die besten Rucks\u00e4cke f\u00fcr Jungen. Kaufe jetzt!","og_url":"https:\/\/ryfi.online\/de\/produkt\/wende-spiderman-2-in-1-rucksack\/","og_site_name":"Ryfi Online Store","article_publisher":"https:\/\/www.facebook.com\/ryfi.online\/","article_modified_time":"2022-05-17T13:40:06+00:00","og_image":[{"width":800,"height":566,"url":"https:\/\/ryfi.online\/wp-content\/uploads\/2021\/06\/th9128.e00.jpg","type":"image\/jpeg"}],"twitter_card":"summary_large_image","twitter_misc":{"Preis":"&#36;14.99","Availability":"In stock"},"schema":{"@context":"https:\/\/schema.org","@graph":[{"@type":"WebPage","@id":"https:\/\/ryfi.online\/de\/produkt\/wende-spiderman-2-in-1-rucksack\/","url":"https:\/\/ryfi.online\/de\/produkt\/wende-spiderman-2-in-1-rucksack\/","name":"Spiderman Wenderucksack kaufen | Spiderman 2 in 1 Wenderucksack","isPartOf":{"@id":"https:\/\/ryfi.online\/de\/#website"},"primaryImageOfPage":{"@id":"https:\/\/ryfi.online\/de\/produkt\/wende-spiderman-2-in-1-rucksack\/#primaryimage"},"image":{"@id":"https:\/\/ryfi.online\/de\/produkt\/wende-spiderman-2-in-1-rucksack\/#primaryimage"},"thumbnailUrl":"https:\/\/ryfi.online\/wp-content\/uploads\/2021\/06\/th9128.e00.jpg","datePublished":"2021-10-15T15:12:07+00:00","dateModified":"2022-05-17T13:40:06+00:00","description":"Wenn Sie nach dem Spiderman 2 in 1 Wenderucksack f\u00fcr Jungen in Spanien suchen, dann bietet Ihnen der Ryfi Online-Shop die besten Rucks\u00e4cke f\u00fcr Jungen. Kaufe jetzt!","breadcrumb":{"@id":"https:\/\/ryfi.online\/de\/produkt\/wende-spiderman-2-in-1-rucksack\/#breadcrumb"},"inLanguage":"de","potentialAction":[{"@type":"ReadAction","target":["https:\/\/ryfi.online\/de\/produkt\/wende-spiderman-2-in-1-rucksack\/"]}]},{"@type":"ImageObject","inLanguage":"de","@id":"https:\/\/ryfi.online\/de\/produkt\/wende-spiderman-2-in-1-rucksack\/#primaryimage","url":"https:\/\/ryfi.online\/wp-content\/uploads\/2021\/06\/th9128.e00.jpg","contentUrl":"https:\/\/ryfi.online\/wp-content\/uploads\/2021\/06\/th9128.e00.jpg","width":800,"height":566,"caption":"Mochila reversible 2 en 1 Spiderman"},{"@type":"BreadcrumbList","@id":"https:\/\/ryfi.online\/de\/produkt\/wende-spiderman-2-in-1-rucksack\/#breadcrumb","itemListElement":[{"@type":"ListItem","position":1,"name":"Home","item":"https:\/\/ryfi.online\/de\/"},{"@type":"ListItem","position":2,"name":"Free and Fast Shipping whitin 1-3 Days!!!","item":"https:\/\/ryfi.online\/shop\/"},{"@type":"ListItem","position":3,"name":"Spiderman Wenderucksack 2 in 1 TH9128"}]},{"@type":"WebSite","@id":"https:\/\/ryfi.online\/de\/#website","url":"https:\/\/ryfi.online\/de\/","name":"Ryfi Online Store","description":"Online Store","publisher":{"@id":"https:\/\/ryfi.online\/de\/#organization"},"potentialAction":[{"@type":"SearchAction","target":{"@type":"EntryPoint","urlTemplate":"https:\/\/ryfi.online\/de\/?s={search_term_string}"},"query-input":{"@type":"PropertyValueSpecification","valueRequired":true,"valueName":"search_term_string"}}],"inLanguage":"de"},{"@type":"Organization","@id":"https:\/\/ryfi.online\/de\/#organization","name":"Ryan Future Investments LLC","url":"https:\/\/ryfi.online\/de\/","logo":{"@type":"ImageObject","inLanguage":"de","@id":"https:\/\/ryfi.online\/de\/#\/schema\/logo\/image\/","url":"https:\/\/ryfi.online\/wp-content\/uploads\/2021\/03\/2-03.png","contentUrl":"https:\/\/ryfi.online\/wp-content\/uploads\/2021\/03\/2-03.png","width":1010,"height":310,"caption":"Ryan Future Investments LLC"},"image":{"@id":"https:\/\/ryfi.online\/de\/#\/schema\/logo\/image\/"},"sameAs":["https:\/\/www.facebook.com\/ryfi.online\/"]}]},"product_brand":"Rucksack","product_price_amount":"14.99","product_price_currency":"USD","og_availability":"instock","product_availability":"instock","product_condition":"new"},"jetpack-related-posts":[{"id":2430,"url":"https:\/\/ryfi.online\/product\/ryfi-backpack-3d-spiderman\/","url_meta":{"origin":5270,"position":0},"title":"Ryfi 3D SPIDERMAN BACKPACK TH9120","date":"September 2, 2021","format":false,"excerpt":"Fast and safe shipping in 1-3 business days","rel":"","context":"\u00c4hnlicher Beitrag","img":{"alt_text":"Spiderman 3D backpack","src":"https:\/\/i0.wp.com\/ryfi.online\/wp-content\/uploads\/2021\/09\/th9120.e00-1.jpg?resize=350%2C200&ssl=1","width":350,"height":200},"classes":[]},{"id":4715,"url":"https:\/\/ryfi.online\/it\/prodotto\/ryfi-zaino-3d-spiderman\/","url_meta":{"origin":5270,"position":1},"title":"ZAINO Ryfi 3D SPIDERMAN TH9120","date":"September 2, 2021","format":false,"excerpt":"Spedizione veloce e sicura in 1-3 giorni lavorativi","rel":"","context":"\u00c4hnlicher Beitrag","img":{"alt_text":"Zaino Spiderman 3D","src":"https:\/\/i0.wp.com\/ryfi.online\/wp-content\/uploads\/2021\/09\/th9120.e00-1.jpg?resize=350%2C200&ssl=1","width":350,"height":200},"classes":[]},{"id":2446,"url":"https:\/\/ryfi.online\/product\/spiderman-sublimation-and-rubber-puller-backpack\/","url_meta":{"origin":5270,"position":2},"title":"SPIDERMAN SUBLIMATION AND RUBBER PULLER BACKPACK TH9191","date":"September 2, 2021","format":false,"excerpt":"Fast and safe shipping in 1-3 business days","rel":"","context":"\u00c4hnlicher Beitrag","img":{"alt_text":"Mochilla Spiderman -1","src":"https:\/\/i0.wp.com\/ryfi.online\/wp-content\/uploads\/2021\/09\/th9191.e00.jpg?resize=350%2C200&ssl=1","width":350,"height":200},"classes":[]},{"id":11839,"url":"https:\/\/ryfi.online\/ro\/produs\/ryfi-rucsac-3d-spiderman\/","url_meta":{"origin":5270,"position":3},"title":"RUCSAC Ryfi 3D SPIDERMAN TH9120","date":"September 2, 2021","format":false,"excerpt":"Livrare rapid\u0103 \u0219i sigur\u0103 \u00een 1-3 zile lucr\u0103toare","rel":"","context":"\u00c4hnlicher Beitrag","img":{"alt_text":"Rucsac 3D Spiderman","src":"https:\/\/i0.wp.com\/ryfi.online\/wp-content\/uploads\/2021\/09\/th9120.e00-1.jpg?resize=350%2C200&ssl=1","width":350,"height":200},"classes":[]},{"id":4716,"url":"https:\/\/ryfi.online\/de\/produkt\/ryfi-rucksack-3d-spiderman\/","url_meta":{"origin":5270,"position":4},"title":"Ryfi 3D SPIDERMAN RUCKSACK TH9120","date":"September 2, 2021","format":false,"excerpt":"Schneller und sicherer Versand in 1-3 Werktagen","rel":"","context":"\u00c4hnlicher Beitrag","img":{"alt_text":"Spiderman 3D-Rucksack","src":"https:\/\/i0.wp.com\/ryfi.online\/wp-content\/uploads\/2021\/09\/th9120.e00-1.jpg?resize=350%2C200&ssl=1","width":350,"height":200},"classes":[]},{"id":2061,"url":"https:\/\/ryfi.online\/product\/reversible-spiderman-2-in-1-backpack\/","url_meta":{"origin":5270,"position":5},"title":"Spiderman Reversible Backpack 2 in 1 TH9128","date":"Juni 30, 2021","format":false,"excerpt":"Fast and safe shipping in 1-3 business days","rel":"","context":"\u00c4hnlicher Beitrag","img":{"alt_text":"Mochila reversible 2 en 1 Spiderman","src":"https:\/\/i0.wp.com\/ryfi.online\/wp-content\/uploads\/2021\/06\/th9128.e00.jpg?resize=350%2C200&ssl=1","width":350,"height":200},"classes":[]}],"_links":{"self":[{"href":"https:\/\/ryfi.online\/de\/wp-json\/wp\/v2\/product\/5270","targetHints":{"allow":["GET"]}}],"collection":[{"href":"https:\/\/ryfi.online\/de\/wp-json\/wp\/v2\/product"}],"about":[{"href":"https:\/\/ryfi.online\/de\/wp-json\/wp\/v2\/types\/product"}],"replies":[{"embeddable":true,"href":"https:\/\/ryfi.online\/de\/wp-json\/wp\/v2\/comments?post=5270"}],"wp:featuredmedia":[{"embeddable":true,"href":"https:\/\/ryfi.online\/de\/wp-json\/wp\/v2\/media\/5262"}],"wp:attachment":[{"href":"https:\/\/ryfi.online\/de\/wp-json\/wp\/v2\/media?parent=5270"}],"wp:term":[{"taxonomy":"product_brand","embeddable":true,"href":"https:\/\/ryfi.online\/de\/wp-json\/wp\/v2\/product_brand?post=5270"},{"taxonomy":"product_cat","embeddable":true,"href":"https:\/\/ryfi.online\/de\/wp-json\/wp\/v2\/product_cat?post=5270"},{"taxonomy":"product_tag","embeddable":true,"href":"https:\/\/ryfi.online\/de\/wp-json\/wp\/v2\/product_tag?post=5270"}],"curies":[{"name":"wp","href":"https:\/\/api.w.org\/{rel}","templated":true}]}}