{"id":5220,"date":"2021-07-02T14:02:55","date_gmt":"2021-10-15T15:10:31","guid":{"rendered":"https:\/\/ryfi.online\/product\/3-slips-aus-100-baumwolle-fuer-jungen-marvel-spiderman-6-8-jahre\/"},"modified":"2022-05-17T13:33:21","modified_gmt":"2022-05-17T13:33:21","slug":"3-hoschen-100-baumwolle-fur-kinder-marvel-spiderman-6-8-jahrig","status":"publish","type":"product","link":"https:\/\/ryfi.online\/de\/produkt\/3-hoschen-100-baumwolle-fur-kinder-marvel-spiderman-6-8-jahrig\/","title":{"rendered":"3 Slips aus 100 % Baumwolle f\u00fcr Jungen Marvel Spiderman 6\u20138 Jahre"},"content":{"rendered":"<p><span class=\"a-list-item\">\u2705 Set aus drei Slips f\u00fcr Jungen<\/span><\/p>\n<p><span class=\"a-list-item\">\u2705 Set aus drei H\u00f6schen f\u00fcr Kinder Gr\u00f6\u00dfe 6\/8 Jahre<\/span><\/p>\n<p><span class=\"a-list-item\">\u2705 Verschluss: mit Kordelzug<\/span><\/p>\n<p><span class=\"a-list-item\">\u2705 Maschinenw\u00e4sche<\/span><\/p>\n<p><span class=\"a-list-item\">\u2705 Unterhose<\/span><\/p>\n<p><span class=\"a-list-item\">\u2705 Original Baumwolle Marvel.<\/span><\/p>\n<p><span class=\"a-list-item\">\u2705 Maschinenwaschbar<\/span><\/p>\n<p><span class=\"a-list-item\">\u2705 Perfektes Geschenk zum Kindergeburtstag oder Weihnachten.<\/span><\/p>\n","protected":false},"excerpt":{"rendered":"<p>Kostenloser Versand 1-3 Werktage<\/p>\n<p>Kostenlose R\u00fccksendung<\/p>\n","protected":false},"featured_media":5221,"comment_status":"open","ping_status":"closed","template":"","meta":[],"product_brand":[],"product_cat":[244],"product_tag":[],"class_list":{"0":"post-5220","1":"product","2":"type-product","3":"status-publish","4":"has-post-thumbnail","6":"product_cat-unterhose","8":"first","9":"instock","10":"featured","11":"taxable","12":"shipping-taxable","13":"purchasable","14":"product-type-simple"},"yoast_head":"<!-- This site is optimized with the Yoast SEO Premium plugin v17.1.2 (Yoast SEO v27.4) - https:\/\/yoast.com\/product\/yoast-seo-premium-wordpress\/ -->\n<title>3 Slips aus 100 % Baumwolle f\u00fcr Jungen Marvel Spiderman 6\u20138 Jahre - Ryfi Online Store<\/title>\n<meta name=\"description\" content=\"Der Ryfi Online-Shop ist einer der besten Online-Shops in Spanien, der die 3 Marvel Spiderman Boys 6-8 Jahre Boxershorts aus 100% Baumwolle anbietet. jetzt besuchen.\" \/>\n<meta name=\"robots\" content=\"index, follow, max-snippet:-1, max-image-preview:large, max-video-preview:-1\" \/>\n<link rel=\"canonical\" href=\"https:\/\/ryfi.online\/de\/produkt\/3-hoschen-100-baumwolle-fur-kinder-marvel-spiderman-6-8-jahrig\/\" \/>\n<meta property=\"og:locale\" content=\"de_DE\" \/>\n<meta property=\"og:type\" content=\"article\" \/>\n<meta property=\"og:title\" content=\"3 Slips aus 100 % Baumwolle f\u00fcr Jungen Marvel Spiderman 6\u20138 Jahre\" \/>\n<meta property=\"og:description\" content=\"Der Ryfi Online-Shop ist einer der besten Online-Shops in Spanien, der die 3 Marvel Spiderman Boys 6-8 Jahre Boxershorts aus 100% Baumwolle anbietet. jetzt besuchen.\" \/>\n<meta property=\"og:url\" content=\"https:\/\/ryfi.online\/de\/produkt\/3-hoschen-100-baumwolle-fur-kinder-marvel-spiderman-6-8-jahrig\/\" \/>\n<meta property=\"og:site_name\" content=\"Ryfi Online Store\" \/>\n<meta property=\"article:publisher\" content=\"https:\/\/www.facebook.com\/ryfi.online\/\" \/>\n<meta property=\"article:modified_time\" content=\"2022-05-17T13:33:21+00:00\" \/>\n<meta property=\"og:image\" content=\"https:\/\/ryfi.online\/wp-content\/uploads\/2021\/07\/img_141921_063855668ffb7096235876846a9fbb9f_20.jpg\" \/>\n\t<meta property=\"og:image:width\" content=\"500\" \/>\n\t<meta property=\"og:image:height\" content=\"353\" \/>\n\t<meta property=\"og:image:type\" content=\"image\/jpeg\" \/>\n<meta name=\"twitter:card\" content=\"summary_large_image\" \/>\n<meta name=\"twitter:label1\" content=\"Preis\" \/>\n\t<meta name=\"twitter:data1\" content=\"&#036;17.95\" \/>\n\t<meta name=\"twitter:label2\" content=\"Availability\" \/>\n\t<meta name=\"twitter:data2\" content=\"In stock\" \/>\n<meta property=\"product:brand\" content=\"Unterhose\" \/>\n<meta property=\"product:price:amount\" content=\"17.95\" \/>\n<meta property=\"product:price:currency\" content=\"USD\" \/>\n<meta property=\"og:availability\" content=\"instock\" \/>\n<meta property=\"product:availability\" content=\"instock\" \/>\n<meta property=\"product:condition\" content=\"new\" \/>\n<!-- \/ Yoast SEO Premium plugin. -->","yoast_head_json":{"title":"3 Slips aus 100 % Baumwolle f\u00fcr Jungen Marvel Spiderman 6\u20138 Jahre - Ryfi Online Store","description":"Der Ryfi Online-Shop ist einer der besten Online-Shops in Spanien, der die 3 Marvel Spiderman Boys 6-8 Jahre Boxershorts aus 100% Baumwolle anbietet. jetzt besuchen.","robots":{"index":"index","follow":"follow","max-snippet":"max-snippet:-1","max-image-preview":"max-image-preview:large","max-video-preview":"max-video-preview:-1"},"canonical":"https:\/\/ryfi.online\/de\/produkt\/3-hoschen-100-baumwolle-fur-kinder-marvel-spiderman-6-8-jahrig\/","og_locale":"de_DE","og_type":"article","og_title":"3 Slips aus 100 % Baumwolle f\u00fcr Jungen Marvel Spiderman 6\u20138 Jahre","og_description":"Der Ryfi Online-Shop ist einer der besten Online-Shops in Spanien, der die 3 Marvel Spiderman Boys 6-8 Jahre Boxershorts aus 100% Baumwolle anbietet. jetzt besuchen.","og_url":"https:\/\/ryfi.online\/de\/produkt\/3-hoschen-100-baumwolle-fur-kinder-marvel-spiderman-6-8-jahrig\/","og_site_name":"Ryfi Online Store","article_publisher":"https:\/\/www.facebook.com\/ryfi.online\/","article_modified_time":"2022-05-17T13:33:21+00:00","og_image":[{"width":500,"height":353,"url":"https:\/\/ryfi.online\/wp-content\/uploads\/2021\/07\/img_141921_063855668ffb7096235876846a9fbb9f_20.jpg","type":"image\/jpeg"}],"twitter_card":"summary_large_image","twitter_misc":{"Preis":"&#36;17.95","Availability":"In stock"},"schema":{"@context":"https:\/\/schema.org","@graph":[{"@type":"WebPage","@id":"https:\/\/ryfi.online\/de\/produkt\/3-hoschen-100-baumwolle-fur-kinder-marvel-spiderman-6-8-jahrig\/","url":"https:\/\/ryfi.online\/de\/produkt\/3-hoschen-100-baumwolle-fur-kinder-marvel-spiderman-6-8-jahrig\/","name":"3 Slips aus 100 % Baumwolle f\u00fcr Jungen Marvel Spiderman 6\u20138 Jahre - Ryfi Online Store","isPartOf":{"@id":"https:\/\/ryfi.online\/de\/#website"},"primaryImageOfPage":{"@id":"https:\/\/ryfi.online\/de\/produkt\/3-hoschen-100-baumwolle-fur-kinder-marvel-spiderman-6-8-jahrig\/#primaryimage"},"image":{"@id":"https:\/\/ryfi.online\/de\/produkt\/3-hoschen-100-baumwolle-fur-kinder-marvel-spiderman-6-8-jahrig\/#primaryimage"},"thumbnailUrl":"https:\/\/ryfi.online\/wp-content\/uploads\/2021\/07\/img_141921_063855668ffb7096235876846a9fbb9f_20.jpg","datePublished":"2021-10-15T15:10:31+00:00","dateModified":"2022-05-17T13:33:21+00:00","description":"Der Ryfi Online-Shop ist einer der besten Online-Shops in Spanien, der die 3 Marvel Spiderman Boys 6-8 Jahre Boxershorts aus 100% Baumwolle anbietet. jetzt besuchen.","breadcrumb":{"@id":"https:\/\/ryfi.online\/de\/produkt\/3-hoschen-100-baumwolle-fur-kinder-marvel-spiderman-6-8-jahrig\/#breadcrumb"},"inLanguage":"de","potentialAction":[{"@type":"ReadAction","target":["https:\/\/ryfi.online\/de\/produkt\/3-hoschen-100-baumwolle-fur-kinder-marvel-spiderman-6-8-jahrig\/"]}]},{"@type":"ImageObject","inLanguage":"de","@id":"https:\/\/ryfi.online\/de\/produkt\/3-hoschen-100-baumwolle-fur-kinder-marvel-spiderman-6-8-jahrig\/#primaryimage","url":"https:\/\/ryfi.online\/wp-content\/uploads\/2021\/07\/img_141921_063855668ffb7096235876846a9fbb9f_20.jpg","contentUrl":"https:\/\/ryfi.online\/wp-content\/uploads\/2021\/07\/img_141921_063855668ffb7096235876846a9fbb9f_20.jpg","width":500,"height":353,"caption":"Set 3 calzoncillos Spiderman"},{"@type":"BreadcrumbList","@id":"https:\/\/ryfi.online\/de\/produkt\/3-hoschen-100-baumwolle-fur-kinder-marvel-spiderman-6-8-jahrig\/#breadcrumb","itemListElement":[{"@type":"ListItem","position":1,"name":"Home","item":"https:\/\/ryfi.online\/de\/"},{"@type":"ListItem","position":2,"name":"Free and Fast Shipping whitin 1-3 Days!!!","item":"https:\/\/ryfi.online\/shop\/"},{"@type":"ListItem","position":3,"name":"3 Slips aus 100 % Baumwolle f\u00fcr Jungen Marvel Spiderman 6\u20138 Jahre"}]},{"@type":"WebSite","@id":"https:\/\/ryfi.online\/de\/#website","url":"https:\/\/ryfi.online\/de\/","name":"Ryfi Online Store","description":"Online Store","publisher":{"@id":"https:\/\/ryfi.online\/de\/#organization"},"potentialAction":[{"@type":"SearchAction","target":{"@type":"EntryPoint","urlTemplate":"https:\/\/ryfi.online\/de\/?s={search_term_string}"},"query-input":{"@type":"PropertyValueSpecification","valueRequired":true,"valueName":"search_term_string"}}],"inLanguage":"de"},{"@type":"Organization","@id":"https:\/\/ryfi.online\/de\/#organization","name":"Ryan Future Investments LLC","url":"https:\/\/ryfi.online\/de\/","logo":{"@type":"ImageObject","inLanguage":"de","@id":"https:\/\/ryfi.online\/de\/#\/schema\/logo\/image\/","url":"https:\/\/ryfi.online\/wp-content\/uploads\/2021\/03\/2-03.png","contentUrl":"https:\/\/ryfi.online\/wp-content\/uploads\/2021\/03\/2-03.png","width":1010,"height":310,"caption":"Ryan Future Investments LLC"},"image":{"@id":"https:\/\/ryfi.online\/de\/#\/schema\/logo\/image\/"},"sameAs":["https:\/\/www.facebook.com\/ryfi.online\/"]}]},"product_brand":"Unterhose","product_price_amount":"17.95","product_price_currency":"USD","og_availability":"instock","product_availability":"instock","product_condition":"new"},"jetpack-related-posts":[{"id":5098,"url":"https:\/\/ryfi.online\/de\/produkt\/set-3-marvel-spiderman-100-cotton-slips-fur-jungen-6-8-jahre\/","url_meta":{"origin":5220,"position":0},"title":"Set 3 Marvel Spiderman Slips aus 100 % Baumwolle f\u00fcr Jungen 6\u20138 Jahre UE3009","date":"Juli 5, 2021","format":false,"excerpt":"Kostenloser Versand 1-3 Tage Kostenlose R\u00fcckgabe","rel":"","context":"\u00c4hnlicher Beitrag","img":{"alt_text":"Stellen Sie 3 Calzoncillos Spiderman -2 ein","src":"https:\/\/i0.wp.com\/ryfi.online\/wp-content\/uploads\/2021\/07\/ue3009.68y.e00-scaled.jpg?resize=350%2C200&ssl=1","width":350,"height":200},"classes":[]},{"id":5062,"url":"https:\/\/ryfi.online\/de\/produkt\/set-3-marvel-avengers-100-baumwollslips-fur-jungen-4-5-jahre\/","url_meta":{"origin":5220,"position":1},"title":"Set 3 Marvel Avengers Slips aus 100 % Baumwolle f\u00fcr Jungen 4\u20135 Jahre UE3028","date":"Juli 5, 2021","format":false,"excerpt":"Kostenloser Versand 1-3 Tage Kostenlose R\u00fcckgabe","rel":"","context":"\u00c4hnlicher Beitrag","img":{"alt_text":"","src":"https:\/\/i0.wp.com\/ryfi.online\/wp-content\/uploads\/2021\/07\/ue3028.45y.e00-scaled.jpg?resize=350%2C200&ssl=1","width":350,"height":200},"classes":[]},{"id":5126,"url":"https:\/\/ryfi.online\/de\/produkt\/set-3-disney-mickey-100-cotton-slips-fur-jungen-6-8-jahre\/","url_meta":{"origin":5220,"position":2},"title":"Set 3 Disney Mickey Slips aus 100 % Baumwolle f\u00fcr Jungen 6\u20138 Jahre UE3091","date":"Juli 5, 2021","format":false,"excerpt":"Kostenloser Versand 1-3 Tage Kostenlose R\u00fcckgabe","rel":"","context":"\u00c4hnlicher Beitrag","img":{"alt_text":"Set 3 Calzoncillos Mickey - 1","src":"https:\/\/i0.wp.com\/ryfi.online\/wp-content\/uploads\/2021\/07\/er3091.68y.e00.jpg?resize=350%2C200&ssl=1","width":350,"height":200},"classes":[]},{"id":5154,"url":"https:\/\/ryfi.online\/de\/produkt\/set-3-batman-100-cotton-slips-fur-jungen-4-5-jahre\/","url_meta":{"origin":5220,"position":3},"title":"Set 3 Batman Slips aus 100 % Baumwolle f\u00fcr Jungen 4\u20135 Jahre UE8088","date":"Juli 5, 2021","format":false,"excerpt":"Kostenloser Versand 1-3 Tage Kostenlose R\u00fcckgabe","rel":"","context":"\u00c4hnlicher Beitrag","img":{"alt_text":"","src":"https:\/\/i0.wp.com\/ryfi.online\/wp-content\/uploads\/2021\/07\/ue8088.45y.e00-scaled.jpg?resize=350%2C200&ssl=1","width":350,"height":200},"classes":[]},{"id":5202,"url":"https:\/\/ryfi.online\/de\/produkt\/3-disney-minnie-girls-100-cotton-slips-2-3-jahre\/","url_meta":{"origin":5220,"position":4},"title":"Set 3 Disney Minnie M\u00e4dchen Slips aus 100 % Baumwolle 2\u20133 Jahre UE3000","date":"Juli 5, 2021","format":false,"excerpt":"Kostenloser Versand 1-3 Tage Kostenlose R\u00fcckgabe","rel":"","context":"\u00c4hnlicher Beitrag","img":{"alt_text":"Stellen Sie 3 Calzoncillos Minnie -1 ein","src":"https:\/\/i0.wp.com\/ryfi.online\/wp-content\/uploads\/2021\/07\/ue3000.23y.e00-scaled.jpg?resize=350%2C200&ssl=1","width":350,"height":200},"classes":[]},{"id":5178,"url":"https:\/\/ryfi.online\/de\/produkt\/3-peppa-pig-girls-100-baumwollslip-4-5-jahre\/","url_meta":{"origin":5220,"position":5},"title":"Set 3 Peppa Pig M\u00e4dchen Slips aus 100 % Baumwolle 4\u20135 Jahre UE3026","date":"Juli 5, 2021","format":false,"excerpt":"Kostenloser Versand 1-3 Tage Kostenlose R\u00fcckgabe","rel":"","context":"\u00c4hnlicher Beitrag","img":{"alt_text":"Set 3 Calzoncillos Peppa Pig - 1","src":"https:\/\/i0.wp.com\/ryfi.online\/wp-content\/uploads\/2021\/07\/ue3026.45y.e00-scaled.jpg?resize=350%2C200&ssl=1","width":350,"height":200},"classes":[]}],"_links":{"self":[{"href":"https:\/\/ryfi.online\/de\/wp-json\/wp\/v2\/product\/5220","targetHints":{"allow":["GET"]}}],"collection":[{"href":"https:\/\/ryfi.online\/de\/wp-json\/wp\/v2\/product"}],"about":[{"href":"https:\/\/ryfi.online\/de\/wp-json\/wp\/v2\/types\/product"}],"replies":[{"embeddable":true,"href":"https:\/\/ryfi.online\/de\/wp-json\/wp\/v2\/comments?post=5220"}],"wp:featuredmedia":[{"embeddable":true,"href":"https:\/\/ryfi.online\/de\/wp-json\/wp\/v2\/media\/5221"}],"wp:attachment":[{"href":"https:\/\/ryfi.online\/de\/wp-json\/wp\/v2\/media?parent=5220"}],"wp:term":[{"taxonomy":"product_brand","embeddable":true,"href":"https:\/\/ryfi.online\/de\/wp-json\/wp\/v2\/product_brand?post=5220"},{"taxonomy":"product_cat","embeddable":true,"href":"https:\/\/ryfi.online\/de\/wp-json\/wp\/v2\/product_cat?post=5220"},{"taxonomy":"product_tag","embeddable":true,"href":"https:\/\/ryfi.online\/de\/wp-json\/wp\/v2\/product_tag?post=5220"}],"curies":[{"name":"wp","href":"https:\/\/api.w.org\/{rel}","templated":true}]}}