{"id":5178,"date":"2021-07-05T18:22:28","date_gmt":"2021-10-15T15:10:21","guid":{"rendered":"https:\/\/ryfi.online\/product\/set-3-peppa-pig-maedchen-slip-aus-100-baumwolle-4-5-jahre\/"},"modified":"2025-05-26T11:37:31","modified_gmt":"2025-05-26T11:37:31","slug":"3-peppa-pig-girls-100-baumwollslip-4-5-jahre","status":"publish","type":"product","link":"https:\/\/ryfi.online\/de\/produkt\/3-peppa-pig-girls-100-baumwollslip-4-5-jahre\/","title":{"rendered":"Set 3 Peppa Pig M\u00e4dchen Slips aus 100 % Baumwolle 4\u20135 Jahre UE3026"},"content":{"rendered":"<p><span class=\"a-list-item\">\u2705 Set mit drei H\u00f6schen f\u00fcr ein M\u00e4dchen<\/span><\/p>\n<p><span class=\"a-list-item\">\u2705 Set mit drei H\u00f6schen f\u00fcr M\u00e4dchen Gr\u00f6\u00dfe 4\/5 Jahre<\/span><\/p>\n<p><span class=\"a-list-item\">\u2705 Verschluss: mit Kordelzug<\/span><\/p>\n<p><span class=\"a-list-item\">\u2705 Maschinenw\u00e4sche<\/span><\/p>\n<p><span class=\"a-list-item\">\u2705 Kurz<\/span><\/p>\n<p><span class=\"a-list-item\">\u2705 Original Peppa Pig Baumwolle.<\/span><\/p>\n<p><span class=\"a-list-item\">\u2705 Maschinenwaschbar<\/span><\/p>\n<p><span class=\"a-list-item\">\u2705 Perfektes Geschenk zum Kindergeburtstag oder Weihnachten.<\/span><\/p>\n","protected":false},"excerpt":{"rendered":"<p>Kostenloser Versand 1-3 Tage<\/p>\n<p>Kostenlose R\u00fcckgabe<\/p>\n","protected":false},"featured_media":5184,"comment_status":"open","ping_status":"closed","template":"","meta":[],"product_brand":[],"product_cat":[244],"product_tag":[249],"class_list":{"0":"post-5178","1":"product","2":"type-product","3":"status-publish","4":"has-post-thumbnail","6":"product_cat-unterhose","7":"product_tag-de","9":"first","10":"instock","11":"featured","12":"taxable","13":"shipping-taxable","14":"purchasable","15":"product-type-simple"},"yoast_head":"<!-- This site is optimized with the Yoast SEO Premium plugin v17.1.2 (Yoast SEO v27.4) - https:\/\/yoast.com\/product\/yoast-seo-premium-wordpress\/ -->\n<title>Set 3 Peppa Pig M\u00e4dchen Slips aus 100 % Baumwolle 4\u20135 Jahre UE3026 - Ryfi Online Store<\/title>\n<meta name=\"description\" content=\"W\u00e4hlen Sie aus einer gro\u00dfen Auswahl an Peppa Pig M\u00e4dchen Slips aus 100% Baumwolle 4\u20135 Jahre USA bei Ryfi.online \u272f Kostenloser Versand \u272f Kostenlose R\u00fccksendung\" \/>\n<meta name=\"robots\" content=\"index, follow, max-snippet:-1, max-image-preview:large, max-video-preview:-1\" \/>\n<link rel=\"canonical\" href=\"https:\/\/ryfi.online\/de\/produkt\/3-peppa-pig-girls-100-baumwollslip-4-5-jahre\/\" \/>\n<meta property=\"og:locale\" content=\"de_DE\" \/>\n<meta property=\"og:type\" content=\"article\" \/>\n<meta property=\"og:title\" content=\"Set 3 Peppa Pig M\u00e4dchen Slips aus 100 % Baumwolle 4\u20135 Jahre UE3026\" \/>\n<meta property=\"og:description\" content=\"W\u00e4hlen Sie aus einer gro\u00dfen Auswahl an Peppa Pig M\u00e4dchen Slips aus 100% Baumwolle 4\u20135 Jahre USA bei Ryfi.online \u272f Kostenloser Versand \u272f Kostenlose R\u00fccksendung\" \/>\n<meta property=\"og:url\" content=\"https:\/\/ryfi.online\/de\/produkt\/3-peppa-pig-girls-100-baumwollslip-4-5-jahre\/\" \/>\n<meta property=\"og:site_name\" content=\"Ryfi Online Store\" \/>\n<meta property=\"article:publisher\" content=\"https:\/\/www.facebook.com\/ryfi.online\/\" \/>\n<meta property=\"article:modified_time\" content=\"2025-05-26T11:37:31+00:00\" \/>\n<meta property=\"og:image\" content=\"https:\/\/ryfi.online\/wp-content\/uploads\/2021\/07\/ue3026.45y.e00-scaled.jpg\" \/>\n\t<meta property=\"og:image:width\" content=\"2560\" \/>\n\t<meta property=\"og:image:height\" content=\"1810\" \/>\n\t<meta property=\"og:image:type\" content=\"image\/jpeg\" \/>\n<meta name=\"twitter:card\" content=\"summary_large_image\" \/>\n<meta name=\"twitter:label1\" content=\"Preis\" \/>\n\t<meta name=\"twitter:data1\" content=\"&#036;4.99\" \/>\n\t<meta name=\"twitter:label2\" content=\"Availability\" \/>\n\t<meta name=\"twitter:data2\" content=\"In stock\" \/>\n<meta property=\"product:brand\" content=\"Unterhose\" \/>\n<meta property=\"product:price:amount\" content=\"4.99\" \/>\n<meta property=\"product:price:currency\" content=\"USD\" \/>\n<meta property=\"og:availability\" content=\"instock\" \/>\n<meta property=\"product:availability\" content=\"instock\" \/>\n<meta property=\"product:condition\" content=\"new\" \/>\n<!-- \/ Yoast SEO Premium plugin. -->","yoast_head_json":{"title":"Set 3 Peppa Pig M\u00e4dchen Slips aus 100 % Baumwolle 4\u20135 Jahre UE3026 - Ryfi Online Store","description":"W\u00e4hlen Sie aus einer gro\u00dfen Auswahl an Peppa Pig M\u00e4dchen Slips aus 100% Baumwolle 4\u20135 Jahre USA bei Ryfi.online \u272f Kostenloser Versand \u272f Kostenlose R\u00fccksendung","robots":{"index":"index","follow":"follow","max-snippet":"max-snippet:-1","max-image-preview":"max-image-preview:large","max-video-preview":"max-video-preview:-1"},"canonical":"https:\/\/ryfi.online\/de\/produkt\/3-peppa-pig-girls-100-baumwollslip-4-5-jahre\/","og_locale":"de_DE","og_type":"article","og_title":"Set 3 Peppa Pig M\u00e4dchen Slips aus 100 % Baumwolle 4\u20135 Jahre UE3026","og_description":"W\u00e4hlen Sie aus einer gro\u00dfen Auswahl an Peppa Pig M\u00e4dchen Slips aus 100% Baumwolle 4\u20135 Jahre USA bei Ryfi.online \u272f Kostenloser Versand \u272f Kostenlose R\u00fccksendung","og_url":"https:\/\/ryfi.online\/de\/produkt\/3-peppa-pig-girls-100-baumwollslip-4-5-jahre\/","og_site_name":"Ryfi Online Store","article_publisher":"https:\/\/www.facebook.com\/ryfi.online\/","article_modified_time":"2025-05-26T11:37:31+00:00","og_image":[{"width":2560,"height":1810,"url":"https:\/\/ryfi.online\/wp-content\/uploads\/2021\/07\/ue3026.45y.e00-scaled.jpg","type":"image\/jpeg"}],"twitter_card":"summary_large_image","twitter_misc":{"Preis":"&#36;4.99","Availability":"In stock"},"schema":{"@context":"https:\/\/schema.org","@graph":[{"@type":"WebPage","@id":"https:\/\/ryfi.online\/de\/produkt\/3-peppa-pig-girls-100-baumwollslip-4-5-jahre\/","url":"https:\/\/ryfi.online\/de\/produkt\/3-peppa-pig-girls-100-baumwollslip-4-5-jahre\/","name":"Set 3 Peppa Pig M\u00e4dchen Slips aus 100 % Baumwolle 4\u20135 Jahre UE3026 - Ryfi Online Store","isPartOf":{"@id":"https:\/\/ryfi.online\/de\/#website"},"primaryImageOfPage":{"@id":"https:\/\/ryfi.online\/de\/produkt\/3-peppa-pig-girls-100-baumwollslip-4-5-jahre\/#primaryimage"},"image":{"@id":"https:\/\/ryfi.online\/de\/produkt\/3-peppa-pig-girls-100-baumwollslip-4-5-jahre\/#primaryimage"},"thumbnailUrl":"https:\/\/ryfi.online\/wp-content\/uploads\/2021\/07\/ue3026.45y.e00-scaled.jpg","datePublished":"2021-10-15T15:10:21+00:00","dateModified":"2025-05-26T11:37:31+00:00","description":"W\u00e4hlen Sie aus einer gro\u00dfen Auswahl an Peppa Pig M\u00e4dchen Slips aus 100% Baumwolle 4\u20135 Jahre USA bei Ryfi.online \u272f Kostenloser Versand \u272f Kostenlose R\u00fccksendung","breadcrumb":{"@id":"https:\/\/ryfi.online\/de\/produkt\/3-peppa-pig-girls-100-baumwollslip-4-5-jahre\/#breadcrumb"},"inLanguage":"de","potentialAction":[{"@type":"ReadAction","target":["https:\/\/ryfi.online\/de\/produkt\/3-peppa-pig-girls-100-baumwollslip-4-5-jahre\/"]}]},{"@type":"ImageObject","inLanguage":"de","@id":"https:\/\/ryfi.online\/de\/produkt\/3-peppa-pig-girls-100-baumwollslip-4-5-jahre\/#primaryimage","url":"https:\/\/ryfi.online\/wp-content\/uploads\/2021\/07\/ue3026.45y.e00-scaled.jpg","contentUrl":"https:\/\/ryfi.online\/wp-content\/uploads\/2021\/07\/ue3026.45y.e00-scaled.jpg","width":2560,"height":1810,"caption":"Set 3 Calzoncillos Peppa Pig - 1"},{"@type":"BreadcrumbList","@id":"https:\/\/ryfi.online\/de\/produkt\/3-peppa-pig-girls-100-baumwollslip-4-5-jahre\/#breadcrumb","itemListElement":[{"@type":"ListItem","position":1,"name":"Home","item":"https:\/\/ryfi.online\/de\/"},{"@type":"ListItem","position":2,"name":"Free and Fast Shipping whitin 1-3 Days!!!","item":"https:\/\/ryfi.online\/shop\/"},{"@type":"ListItem","position":3,"name":"Set 3 Peppa Pig M\u00e4dchen Slips aus 100 % Baumwolle 4\u20135 Jahre UE3026"}]},{"@type":"WebSite","@id":"https:\/\/ryfi.online\/de\/#website","url":"https:\/\/ryfi.online\/de\/","name":"Ryfi Online Store","description":"Online Store","publisher":{"@id":"https:\/\/ryfi.online\/de\/#organization"},"potentialAction":[{"@type":"SearchAction","target":{"@type":"EntryPoint","urlTemplate":"https:\/\/ryfi.online\/de\/?s={search_term_string}"},"query-input":{"@type":"PropertyValueSpecification","valueRequired":true,"valueName":"search_term_string"}}],"inLanguage":"de"},{"@type":"Organization","@id":"https:\/\/ryfi.online\/de\/#organization","name":"Ryan Future Investments LLC","url":"https:\/\/ryfi.online\/de\/","logo":{"@type":"ImageObject","inLanguage":"de","@id":"https:\/\/ryfi.online\/de\/#\/schema\/logo\/image\/","url":"https:\/\/ryfi.online\/wp-content\/uploads\/2021\/03\/2-03.png","contentUrl":"https:\/\/ryfi.online\/wp-content\/uploads\/2021\/03\/2-03.png","width":1010,"height":310,"caption":"Ryan Future Investments LLC"},"image":{"@id":"https:\/\/ryfi.online\/de\/#\/schema\/logo\/image\/"},"sameAs":["https:\/\/www.facebook.com\/ryfi.online\/"]}]},"product_brand":"Unterhose","product_price_amount":"4.99","product_price_currency":"USD","og_availability":"instock","product_availability":"instock","product_condition":"new"},"jetpack-related-posts":[{"id":5202,"url":"https:\/\/ryfi.online\/de\/produkt\/3-disney-minnie-girls-100-cotton-slips-2-3-jahre\/","url_meta":{"origin":5178,"position":0},"title":"Set 3 Disney Minnie M\u00e4dchen Slips aus 100 % Baumwolle 2\u20133 Jahre UE3000","date":"Juli 5, 2021","format":false,"excerpt":"Kostenloser Versand 1-3 Tage Kostenlose R\u00fcckgabe","rel":"","context":"\u00c4hnlicher Beitrag","img":{"alt_text":"Stellen Sie 3 Calzoncillos Minnie -1 ein","src":"https:\/\/i0.wp.com\/ryfi.online\/wp-content\/uploads\/2021\/07\/ue3000.23y.e00-scaled.jpg?resize=350%2C200&ssl=1","width":350,"height":200},"classes":[]},{"id":5013,"url":"https:\/\/ryfi.online\/de\/produkt\/3-100-baumwoll-hoschen-fur-madchen-disney-prinzessinnen-6-8-jahre\/","url_meta":{"origin":5178,"position":1},"title":"3 Disney-Prinzessinnen-Slips aus 100 % Baumwolle f\u00fcr M\u00e4dchen 6\u20138 Jahre TH3040","date":"Juli 17, 2021","format":false,"excerpt":"Schneller und sicherer Versand in 1-3 Werktagen","rel":"","context":"\u00c4hnlicher Beitrag","img":{"alt_text":"","src":"https:\/\/i0.wp.com\/ryfi.online\/wp-content\/uploads\/2021\/07\/et3013.23y_pack.jpg?resize=350%2C200&ssl=1","width":350,"height":200},"classes":[]},{"id":5233,"url":"https:\/\/ryfi.online\/de\/produkt\/3-100-baumwoll-hoschen-fur-madchen-disney-prinzessin-2-3-jahre\/","url_meta":{"origin":5178,"position":2},"title":"3 Disney Princess Slips aus 100 % Baumwolle f\u00fcr M\u00e4dchen, 2\u20133 Jahre, TH3040","date":"Juli 2, 2021","format":false,"excerpt":"Schneller und sicherer Versand in 1-3 Werktagen","rel":"","context":"\u00c4hnlicher Beitrag","img":{"alt_text":"","src":"https:\/\/i0.wp.com\/ryfi.online\/wp-content\/uploads\/2021\/07\/et3013.23y_pack.jpg?resize=350%2C200&ssl=1","width":350,"height":200},"classes":[]},{"id":5062,"url":"https:\/\/ryfi.online\/de\/produkt\/set-3-marvel-avengers-100-baumwollslips-fur-jungen-4-5-jahre\/","url_meta":{"origin":5178,"position":3},"title":"Set 3 Marvel Avengers Slips aus 100 % Baumwolle f\u00fcr Jungen 4\u20135 Jahre UE3028","date":"Juli 5, 2021","format":false,"excerpt":"Kostenloser Versand 1-3 Tage Kostenlose R\u00fcckgabe","rel":"","context":"\u00c4hnlicher Beitrag","img":{"alt_text":"","src":"https:\/\/i0.wp.com\/ryfi.online\/wp-content\/uploads\/2021\/07\/ue3028.45y.e00-scaled.jpg?resize=350%2C200&ssl=1","width":350,"height":200},"classes":[]},{"id":5154,"url":"https:\/\/ryfi.online\/de\/produkt\/set-3-batman-100-cotton-slips-fur-jungen-4-5-jahre\/","url_meta":{"origin":5178,"position":4},"title":"Set 3 Batman Slips aus 100 % Baumwolle f\u00fcr Jungen 4\u20135 Jahre UE8088","date":"Juli 5, 2021","format":false,"excerpt":"Kostenloser Versand 1-3 Tage Kostenlose R\u00fcckgabe","rel":"","context":"\u00c4hnlicher Beitrag","img":{"alt_text":"","src":"https:\/\/i0.wp.com\/ryfi.online\/wp-content\/uploads\/2021\/07\/ue8088.45y.e00-scaled.jpg?resize=350%2C200&ssl=1","width":350,"height":200},"classes":[]},{"id":5220,"url":"https:\/\/ryfi.online\/de\/produkt\/3-hoschen-100-baumwolle-fur-kinder-marvel-spiderman-6-8-jahrig\/","url_meta":{"origin":5178,"position":5},"title":"3 Slips aus 100 % Baumwolle f\u00fcr Jungen Marvel Spiderman 6\u20138 Jahre","date":"Juli 2, 2021","format":false,"excerpt":"Kostenloser Versand 1-3 Werktage Kostenlose R\u00fccksendung","rel":"","context":"\u00c4hnlicher Beitrag","img":{"alt_text":"Set 3 calzoncillos Spiderman","src":"https:\/\/i0.wp.com\/ryfi.online\/wp-content\/uploads\/2021\/07\/img_141921_063855668ffb7096235876846a9fbb9f_20.jpg?resize=350%2C200&ssl=1","width":350,"height":200},"classes":[]}],"_links":{"self":[{"href":"https:\/\/ryfi.online\/de\/wp-json\/wp\/v2\/product\/5178","targetHints":{"allow":["GET"]}}],"collection":[{"href":"https:\/\/ryfi.online\/de\/wp-json\/wp\/v2\/product"}],"about":[{"href":"https:\/\/ryfi.online\/de\/wp-json\/wp\/v2\/types\/product"}],"replies":[{"embeddable":true,"href":"https:\/\/ryfi.online\/de\/wp-json\/wp\/v2\/comments?post=5178"}],"wp:featuredmedia":[{"embeddable":true,"href":"https:\/\/ryfi.online\/de\/wp-json\/wp\/v2\/media\/5184"}],"wp:attachment":[{"href":"https:\/\/ryfi.online\/de\/wp-json\/wp\/v2\/media?parent=5178"}],"wp:term":[{"taxonomy":"product_brand","embeddable":true,"href":"https:\/\/ryfi.online\/de\/wp-json\/wp\/v2\/product_brand?post=5178"},{"taxonomy":"product_cat","embeddable":true,"href":"https:\/\/ryfi.online\/de\/wp-json\/wp\/v2\/product_cat?post=5178"},{"taxonomy":"product_tag","embeddable":true,"href":"https:\/\/ryfi.online\/de\/wp-json\/wp\/v2\/product_tag?post=5178"}],"curies":[{"name":"wp","href":"https:\/\/api.w.org\/{rel}","templated":true}]}}