{"id":5048,"date":"2021-07-12T07:03:45","date_gmt":"2021-10-13T16:54:22","guid":{"rendered":"https:\/\/ryfi.online\/product\/maedchen-disney-frozen-ii-baumwoll-t-shirt-mit-rock\/"},"modified":"2024-10-26T21:44:22","modified_gmt":"2024-10-26T21:44:22","slug":"disney-t-shirt-mit-frozen-rock-ii-baumwolle-fur-madchen","status":"publish","type":"product","link":"https:\/\/ryfi.online\/de\/produkt\/disney-t-shirt-mit-frozen-rock-ii-baumwolle-fur-madchen\/","title":{"rendered":"Disney Frozen II Baumwoll-T-Shirt mit Rock f\u00fcr M\u00e4dchen ET1238"},"content":{"rendered":"<p><span class=\"a-list-item\">\u2705 T-Shirt mit Rock f\u00fcr M\u00e4dchen aus Disney Frozen II <\/span><\/p>\n<p><span class=\"a-list-item\">\u2705 Farbe: Rosa-Wei\u00df<\/span><\/p>\n<p><span class=\"a-list-item\">\u2705 100 % Baumwolle, <\/span><\/p>\n<p class=\"a-size-large a-spacing-none\"><span id=\"productTitle\" class=\"a-size-large product-title-word-break\"><span class=\"a-list-item\">\u2705<\/span> Alter: 4 Jahre, 5 Jahre, 6 Jahre, 8 Jahre<\/span><\/p>\n<p id=\"title\" class=\"a-size-large a-spacing-none\">\n","protected":false},"excerpt":{"rendered":"<p>Kostenloser Versand 1-3 Werktage<\/p>\n<p>Kostenlose R\u00fccksendung<\/p>\n","protected":false},"featured_media":5057,"comment_status":"open","ping_status":"closed","template":"","meta":[],"product_brand":[],"product_cat":[248],"product_tag":[],"class_list":{"0":"post-5048","1":"product","2":"type-product","3":"status-publish","4":"has-post-thumbnail","6":"product_cat-madchen-set","8":"first","9":"instock","10":"featured","11":"taxable","12":"shipping-taxable","13":"purchasable","14":"product-type-variable"},"yoast_head":"<!-- This site is optimized with the Yoast SEO Premium plugin v17.1.2 (Yoast SEO v27.5) - https:\/\/yoast.com\/product\/yoast-seo-premium-wordpress\/ -->\n<title>T-Shirt mit Rock M\u00e4dchen Disney Frozen online kaufen - Ryfi Online Store<\/title>\n<meta name=\"description\" content=\"Finden Sie die beste Kollektion des Disney Frozen T-Shirts mit Rock f\u00fcr M\u00e4dchen von 4 bis 8 Jahren in Spanien im Ryfi Online Store. Schneller und kostenloser Versand in 1-3 Werktagen.\" \/>\n<meta name=\"robots\" content=\"index, follow, max-snippet:-1, max-image-preview:large, max-video-preview:-1\" \/>\n<link rel=\"canonical\" href=\"https:\/\/ryfi.online\/de\/produkt\/disney-t-shirt-mit-frozen-rock-ii-baumwolle-fur-madchen\/\" \/>\n<meta property=\"og:locale\" content=\"de_DE\" \/>\n<meta property=\"og:type\" content=\"article\" \/>\n<meta property=\"og:title\" content=\"Disney Frozen II Baumwoll-T-Shirt mit Rock f\u00fcr M\u00e4dchen ET1238\" \/>\n<meta property=\"og:description\" content=\"Finden Sie die beste Kollektion des Disney Frozen T-Shirts mit Rock f\u00fcr M\u00e4dchen von 4 bis 8 Jahren in Spanien im Ryfi Online Store. Schneller und kostenloser Versand in 1-3 Werktagen.\" \/>\n<meta property=\"og:url\" content=\"https:\/\/ryfi.online\/de\/produkt\/disney-t-shirt-mit-frozen-rock-ii-baumwolle-fur-madchen\/\" \/>\n<meta property=\"og:site_name\" content=\"Ryfi Online Store\" \/>\n<meta property=\"article:publisher\" content=\"https:\/\/www.facebook.com\/ryfi.online\/\" \/>\n<meta property=\"article:modified_time\" content=\"2024-10-26T21:44:22+00:00\" \/>\n<meta property=\"og:image\" content=\"https:\/\/ryfi.online\/wp-content\/uploads\/2021\/07\/et1238_wh.jpg\" \/>\n\t<meta property=\"og:image:width\" content=\"800\" \/>\n\t<meta property=\"og:image:height\" content=\"1200\" \/>\n\t<meta property=\"og:image:type\" content=\"image\/jpeg\" \/>\n<meta name=\"twitter:card\" content=\"summary_large_image\" \/>\n<meta name=\"twitter:label1\" content=\"Availability\" \/>\n\t<meta name=\"twitter:data1\" content=\"In stock\" \/>\n<meta property=\"product:brand\" content=\"M\u00e4dchen-Set\" \/>\n<meta property=\"og:availability\" content=\"instock\" \/>\n<meta property=\"product:availability\" content=\"instock\" \/>\n<meta property=\"product:condition\" content=\"new\" \/>\n<!-- \/ Yoast SEO Premium plugin. -->","yoast_head_json":{"title":"T-Shirt mit Rock M\u00e4dchen Disney Frozen online kaufen - Ryfi Online Store","description":"Finden Sie die beste Kollektion des Disney Frozen T-Shirts mit Rock f\u00fcr M\u00e4dchen von 4 bis 8 Jahren in Spanien im Ryfi Online Store. Schneller und kostenloser Versand in 1-3 Werktagen.","robots":{"index":"index","follow":"follow","max-snippet":"max-snippet:-1","max-image-preview":"max-image-preview:large","max-video-preview":"max-video-preview:-1"},"canonical":"https:\/\/ryfi.online\/de\/produkt\/disney-t-shirt-mit-frozen-rock-ii-baumwolle-fur-madchen\/","og_locale":"de_DE","og_type":"article","og_title":"Disney Frozen II Baumwoll-T-Shirt mit Rock f\u00fcr M\u00e4dchen ET1238","og_description":"Finden Sie die beste Kollektion des Disney Frozen T-Shirts mit Rock f\u00fcr M\u00e4dchen von 4 bis 8 Jahren in Spanien im Ryfi Online Store. Schneller und kostenloser Versand in 1-3 Werktagen.","og_url":"https:\/\/ryfi.online\/de\/produkt\/disney-t-shirt-mit-frozen-rock-ii-baumwolle-fur-madchen\/","og_site_name":"Ryfi Online Store","article_publisher":"https:\/\/www.facebook.com\/ryfi.online\/","article_modified_time":"2024-10-26T21:44:22+00:00","og_image":[{"width":800,"height":1200,"url":"https:\/\/ryfi.online\/wp-content\/uploads\/2021\/07\/et1238_wh.jpg","type":"image\/jpeg"}],"twitter_card":"summary_large_image","twitter_misc":{"Availability":"In stock"},"schema":{"@context":"https:\/\/schema.org","@graph":[{"@type":"WebPage","@id":"https:\/\/ryfi.online\/de\/produkt\/disney-t-shirt-mit-frozen-rock-ii-baumwolle-fur-madchen\/","url":"https:\/\/ryfi.online\/de\/produkt\/disney-t-shirt-mit-frozen-rock-ii-baumwolle-fur-madchen\/","name":"T-Shirt mit Rock M\u00e4dchen Disney Frozen online kaufen - Ryfi Online Store","isPartOf":{"@id":"https:\/\/ryfi.online\/de\/#website"},"primaryImageOfPage":{"@id":"https:\/\/ryfi.online\/de\/produkt\/disney-t-shirt-mit-frozen-rock-ii-baumwolle-fur-madchen\/#primaryimage"},"image":{"@id":"https:\/\/ryfi.online\/de\/produkt\/disney-t-shirt-mit-frozen-rock-ii-baumwolle-fur-madchen\/#primaryimage"},"thumbnailUrl":"https:\/\/ryfi.online\/wp-content\/uploads\/2021\/07\/et1238_wh.jpg","datePublished":"2021-10-13T16:54:22+00:00","dateModified":"2024-10-26T21:44:22+00:00","description":"Finden Sie die beste Kollektion des Disney Frozen T-Shirts mit Rock f\u00fcr M\u00e4dchen von 4 bis 8 Jahren in Spanien im Ryfi Online Store. Schneller und kostenloser Versand in 1-3 Werktagen.","breadcrumb":{"@id":"https:\/\/ryfi.online\/de\/produkt\/disney-t-shirt-mit-frozen-rock-ii-baumwolle-fur-madchen\/#breadcrumb"},"inLanguage":"de","potentialAction":[{"@type":"ReadAction","target":["https:\/\/ryfi.online\/de\/produkt\/disney-t-shirt-mit-frozen-rock-ii-baumwolle-fur-madchen\/"]}]},{"@type":"ImageObject","inLanguage":"de","@id":"https:\/\/ryfi.online\/de\/produkt\/disney-t-shirt-mit-frozen-rock-ii-baumwolle-fur-madchen\/#primaryimage","url":"https:\/\/ryfi.online\/wp-content\/uploads\/2021\/07\/et1238_wh.jpg","contentUrl":"https:\/\/ryfi.online\/wp-content\/uploads\/2021\/07\/et1238_wh.jpg","width":800,"height":1200},{"@type":"BreadcrumbList","@id":"https:\/\/ryfi.online\/de\/produkt\/disney-t-shirt-mit-frozen-rock-ii-baumwolle-fur-madchen\/#breadcrumb","itemListElement":[{"@type":"ListItem","position":1,"name":"Home","item":"https:\/\/ryfi.online\/de\/"},{"@type":"ListItem","position":2,"name":"Free and Fast Shipping whitin 1-3 Days!!!","item":"https:\/\/ryfi.online\/shop\/"},{"@type":"ListItem","position":3,"name":"Disney Frozen II Baumwoll-T-Shirt mit Rock f\u00fcr M\u00e4dchen ET1238"}]},{"@type":"WebSite","@id":"https:\/\/ryfi.online\/de\/#website","url":"https:\/\/ryfi.online\/de\/","name":"Ryfi Online Store","description":"Online Store","publisher":{"@id":"https:\/\/ryfi.online\/de\/#organization"},"potentialAction":[{"@type":"SearchAction","target":{"@type":"EntryPoint","urlTemplate":"https:\/\/ryfi.online\/de\/?s={search_term_string}"},"query-input":{"@type":"PropertyValueSpecification","valueRequired":true,"valueName":"search_term_string"}}],"inLanguage":"de"},{"@type":"Organization","@id":"https:\/\/ryfi.online\/de\/#organization","name":"Ryan Future Investments LLC","url":"https:\/\/ryfi.online\/de\/","logo":{"@type":"ImageObject","inLanguage":"de","@id":"https:\/\/ryfi.online\/de\/#\/schema\/logo\/image\/","url":"https:\/\/ryfi.online\/wp-content\/uploads\/2021\/03\/2-03.png","contentUrl":"https:\/\/ryfi.online\/wp-content\/uploads\/2021\/03\/2-03.png","width":1010,"height":310,"caption":"Ryan Future Investments LLC"},"image":{"@id":"https:\/\/ryfi.online\/de\/#\/schema\/logo\/image\/"},"sameAs":["https:\/\/www.facebook.com\/ryfi.online\/"]}]},"product_brand":"M\u00e4dchen-Set","og_availability":"instock","product_availability":"instock","product_condition":"new"},"jetpack-related-posts":[{"id":9763,"url":"https:\/\/ryfi.online\/de\/produkt\/t-shirt-mit-disney-frozen-design-fur-madchen\/","url_meta":{"origin":5048,"position":0},"title":"Disney Frozen T-Shirt f\u00fcr M\u00e4dchen","date":"Juni 9, 2021","format":false,"excerpt":"Kostenloser Versand 1-3 Werktage Kostenlose R\u00fccksendung","rel":"","context":"\u00c4hnlicher Beitrag","img":{"alt_text":"Disney Frozen-T-Shirt","src":"https:\/\/i0.wp.com\/ryfi.online\/wp-content\/uploads\/2021\/06\/ET1222_WH.jpg?resize=350%2C200&ssl=1","width":350,"height":200},"classes":[]},{"id":6117,"url":"https:\/\/ryfi.online\/de\/produkt\/t-shirt-mit-disney-minnie-design-fur-madchen\/","url_meta":{"origin":5048,"position":1},"title":"M\u00e4dchen Disney Minnie Mouse T-Shirt ET1119","date":"Juni 9, 2021","format":false,"excerpt":"Kostenloser Versand 1-3 Werktage Kostenlose R\u00fccksendung","rel":"","context":"\u00c4hnlicher Beitrag","img":{"alt_text":"Minnie Maus-T-Shirt","src":"https:\/\/i0.wp.com\/ryfi.online\/wp-content\/uploads\/2021\/06\/ET1119_REF1.jpg?resize=350%2C200&ssl=1","width":350,"height":200},"classes":[]},{"id":5202,"url":"https:\/\/ryfi.online\/de\/produkt\/3-disney-minnie-girls-100-cotton-slips-2-3-jahre\/","url_meta":{"origin":5048,"position":2},"title":"Set 3 Disney Minnie M\u00e4dchen Slips aus 100 % Baumwolle 2\u20133 Jahre UE3000","date":"Juli 5, 2021","format":false,"excerpt":"Kostenloser Versand 1-3 Tage Kostenlose R\u00fcckgabe","rel":"","context":"\u00c4hnlicher Beitrag","img":{"alt_text":"Stellen Sie 3 Calzoncillos Minnie -1 ein","src":"https:\/\/i0.wp.com\/ryfi.online\/wp-content\/uploads\/2021\/07\/ue3000.23y.e00-scaled.jpg?resize=350%2C200&ssl=1","width":350,"height":200},"classes":[]},{"id":4910,"url":"https:\/\/ryfi.online\/de\/produkt\/t-shirt-cartoon-von-disney-minnie-fur-madchen\/","url_meta":{"origin":5048,"position":3},"title":"Disney Minnie Cartoon T-Shirt f\u00fcr M\u00e4dchen ET1137","date":"Juli 26, 2021","format":false,"excerpt":"Kostenloser und sicherer Versand in 1-3 Werktagen","rel":"","context":"\u00c4hnlicher Beitrag","img":{"alt_text":"Minnie-T-Shirt","src":"https:\/\/i0.wp.com\/ryfi.online\/wp-content\/uploads\/2021\/07\/et1137.jpg?resize=350%2C200&ssl=1","width":350,"height":200},"classes":[]},{"id":5474,"url":"https:\/\/ryfi.online\/de\/produkt\/wunderbare-lady-bug-cartoon-t-shirt-fur-madchen\/","url_meta":{"origin":5048,"position":4},"title":"Cartoon-T &#8211; Shirt wunderbarer Dame Bug f\u00fcr M\u00e4dchen","date":"Juni 15, 2021","format":false,"excerpt":"Kostenloser Versand 1-3 Werktage Kostenlose R\u00fccksendung","rel":"","context":"\u00c4hnlicher Beitrag","img":{"alt_text":"Ladybug-T-Shirt","src":"https:\/\/i0.wp.com\/ryfi.online\/wp-content\/uploads\/2021\/06\/et1298_rd.jpg?resize=350%2C200&ssl=1","width":350,"height":200},"classes":[]},{"id":5178,"url":"https:\/\/ryfi.online\/de\/produkt\/3-peppa-pig-girls-100-baumwollslip-4-5-jahre\/","url_meta":{"origin":5048,"position":5},"title":"Set 3 Peppa Pig M\u00e4dchen Slips aus 100 % Baumwolle 4\u20135 Jahre UE3026","date":"Juli 5, 2021","format":false,"excerpt":"Kostenloser Versand 1-3 Tage Kostenlose R\u00fcckgabe","rel":"","context":"\u00c4hnlicher Beitrag","img":{"alt_text":"Set 3 Calzoncillos Peppa Pig - 1","src":"https:\/\/i0.wp.com\/ryfi.online\/wp-content\/uploads\/2021\/07\/ue3026.45y.e00-scaled.jpg?resize=350%2C200&ssl=1","width":350,"height":200},"classes":[]}],"_links":{"self":[{"href":"https:\/\/ryfi.online\/de\/wp-json\/wp\/v2\/product\/5048","targetHints":{"allow":["GET"]}}],"collection":[{"href":"https:\/\/ryfi.online\/de\/wp-json\/wp\/v2\/product"}],"about":[{"href":"https:\/\/ryfi.online\/de\/wp-json\/wp\/v2\/types\/product"}],"replies":[{"embeddable":true,"href":"https:\/\/ryfi.online\/de\/wp-json\/wp\/v2\/comments?post=5048"}],"wp:featuredmedia":[{"embeddable":true,"href":"https:\/\/ryfi.online\/de\/wp-json\/wp\/v2\/media\/5057"}],"wp:attachment":[{"href":"https:\/\/ryfi.online\/de\/wp-json\/wp\/v2\/media?parent=5048"}],"wp:term":[{"taxonomy":"product_brand","embeddable":true,"href":"https:\/\/ryfi.online\/de\/wp-json\/wp\/v2\/product_brand?post=5048"},{"taxonomy":"product_cat","embeddable":true,"href":"https:\/\/ryfi.online\/de\/wp-json\/wp\/v2\/product_cat?post=5048"},{"taxonomy":"product_tag","embeddable":true,"href":"https:\/\/ryfi.online\/de\/wp-json\/wp\/v2\/product_tag?post=5048"}],"curies":[{"name":"wp","href":"https:\/\/api.w.org\/{rel}","templated":true}]}}