{"id":4386,"date":"2021-09-04T11:21:16","date_gmt":"2021-10-13T15:31:16","guid":{"rendered":"https:\/\/ryfi.online\/product\/brik-460-ml-autos-racers-edge\/"},"modified":"2022-05-16T18:06:12","modified_gmt":"2022-05-16T18:06:12","slug":"brik-460-ml-autos-racer-edge","status":"publish","type":"product","link":"https:\/\/ryfi.online\/de\/produkt\/brik-460-ml-autos-racer-edge\/","title":{"rendered":"ZIEGEL 460ML | AUTOS RACERS EDGE"},"content":{"rendered":"<p><img fetchpriority=\"high\" decoding=\"async\" class=\"alignnone size-medium wp-image-4427\" src=\"https:\/\/ryfi.online\/wp-content\/uploads\/2021\/09\/22705_B-300x300.jpg\" alt=\"\" width=\"300\" height=\"300\" srcset=\"https:\/\/ryfi.online\/wp-content\/uploads\/2021\/09\/22705_B-300x300.jpg 300w, https:\/\/ryfi.online\/wp-content\/uploads\/2021\/09\/22705_B-1024x1024.jpg 1024w, https:\/\/ryfi.online\/wp-content\/uploads\/2021\/09\/22705_B-150x150.jpg 150w, https:\/\/ryfi.online\/wp-content\/uploads\/2021\/09\/22705_B-768x768.jpg 768w, https:\/\/ryfi.online\/wp-content\/uploads\/2021\/09\/22705_B-1536x1536.jpg 1536w, https:\/\/ryfi.online\/wp-content\/uploads\/2021\/09\/22705_B-60x60.jpg 60w, https:\/\/ryfi.online\/wp-content\/uploads\/2021\/09\/22705_B-100x100.jpg 100w, https:\/\/ryfi.online\/wp-content\/uploads\/2021\/09\/22705_B.jpg 2000w\" sizes=\"(max-width: 300px) 100vw, 300px\" \/> <img decoding=\"async\" class=\"alignnone size-medium wp-image-4417\" src=\"https:\/\/ryfi.online\/wp-content\/uploads\/2021\/09\/22705_A-300x300.jpg\" alt=\"\" width=\"300\" height=\"300\" srcset=\"https:\/\/ryfi.online\/wp-content\/uploads\/2021\/09\/22705_A-300x300.jpg 300w, https:\/\/ryfi.online\/wp-content\/uploads\/2021\/09\/22705_A-1024x1024.jpg 1024w, https:\/\/ryfi.online\/wp-content\/uploads\/2021\/09\/22705_A-150x150.jpg 150w, https:\/\/ryfi.online\/wp-content\/uploads\/2021\/09\/22705_A-768x768.jpg 768w, https:\/\/ryfi.online\/wp-content\/uploads\/2021\/09\/22705_A-1536x1536.jpg 1536w, https:\/\/ryfi.online\/wp-content\/uploads\/2021\/09\/22705_A-60x60.jpg 60w, https:\/\/ryfi.online\/wp-content\/uploads\/2021\/09\/22705_A-100x100.jpg 100w, https:\/\/ryfi.online\/wp-content\/uploads\/2021\/09\/22705_A.jpg 2000w\" sizes=\"(max-width: 300px) 100vw, 300px\" \/><\/p>\n<div id=\"short_description_content\" class=\"rte align_justify\">460 ML AUTOS Brik FLASCHE | Markenshop<\/div>\n<div id=\"description_product\" class=\"rte align_justify\">\n<p>Wiederverwendbare Kinderflasche, mit der die Kleinen dank ihrer ergonomischen Form, ihrer Anti-Tropf-Kappe und ihres Anti-Rutsch-Bandes bequem trinken k\u00f6nnen. Erh\u00e4ltlich in einer Vielzahl von Originaldesigns, die auf einigen der ber\u00fchmtesten Charaktere in der Welt des Kinos und Fernsehens basieren. Eine ideale Flasche, damit Kinder auf ihren Ausfl\u00fcgen au\u00dfer Haus immer mit Fl\u00fcssigkeit versorgt sind. <strong>Charakteristisch:<\/strong><\/p>\n<p>\u2013 Fassungsverm\u00f6gen: 460 ml.<br \/>\n\u2013 BPA-frei<br \/>\n\u2013 tropffrei<br \/>\n&#8211; Anti-Rutsch<br \/>\n&#8211; Einfach zu s\u00e4ubern<br \/>\n\u2013 Offizielle Lizenzen<\/p>\n<\/div>\n<div><\/div>\n<div>\n<table class=\"table-data-sheet\">\n<tbody>\n<tr class=\"odd\">\n<td>Material<\/td>\n<td>Kunststoff<\/td>\n<\/tr>\n<tr class=\"even\">\n<td>F\u00e4higkeit<\/td>\n<td>460ml<\/td>\n<\/tr>\n<tr class=\"odd\">\n<td>Hoch<\/td>\n<td>10cm<\/td>\n<\/tr>\n<tr class=\"odd\">\n<td>Weit<\/td>\n<td>9cm<\/td>\n<\/tr>\n<tr class=\"odd\">\n<td>Unterseite<\/td>\n<td>9cm<\/td>\n<\/tr>\n<tr class=\"odd\">\n<td>Gewicht<\/td>\n<td>52g<\/td>\n<\/tr>\n<\/tbody>\n<\/table>\n<\/div>\n","protected":false},"excerpt":{"rendered":"<p>Kostenloser Versand 1-3 Werktage<\/p>\n<p>Kostenlose R\u00fccksendung<\/p>\n","protected":false},"featured_media":4417,"comment_status":"open","ping_status":"closed","template":"","meta":[],"product_brand":[],"product_cat":[230,229],"product_tag":[],"class_list":{"0":"post-4386","1":"product","2":"type-product","3":"status-publish","4":"has-post-thumbnail","6":"product_cat-flasche","7":"product_cat-sport-wasserflaschen","9":"first","10":"outofstock","11":"featured","12":"taxable","13":"shipping-taxable","14":"purchasable","15":"product-type-simple"},"yoast_head":"<!-- This site is optimized with the Yoast SEO Premium plugin v17.1.2 (Yoast SEO v27.4) - https:\/\/yoast.com\/product\/yoast-seo-premium-wordpress\/ -->\n<title>Quadratischer Ziegelstein 460ML | Autos Racers Edge - Ryfi Online Store<\/title>\n<meta name=\"description\" content=\"Kaufen Sie die Brik Cars Racers Edge 460 ml Wasserflasche f\u00fcr nur 11,98 $ im Ryfi Online Store Kostenloser Versand 3\u20135 Tage kostenlose R\u00fcckgabe.\" \/>\n<meta name=\"robots\" content=\"index, follow, max-snippet:-1, max-image-preview:large, max-video-preview:-1\" \/>\n<link rel=\"canonical\" href=\"https:\/\/ryfi.online\/de\/produkt\/brik-460-ml-autos-racer-edge\/\" \/>\n<meta property=\"og:locale\" content=\"de_DE\" \/>\n<meta property=\"og:type\" content=\"article\" \/>\n<meta property=\"og:title\" content=\"ZIEGEL 460ML | AUTOS RACERS EDGE\" \/>\n<meta property=\"og:description\" content=\"Kaufen Sie die Brik Cars Racers Edge 460 ml Wasserflasche f\u00fcr nur 11,98 $ im Ryfi Online Store Kostenloser Versand 3\u20135 Tage kostenlose R\u00fcckgabe.\" \/>\n<meta property=\"og:url\" content=\"https:\/\/ryfi.online\/de\/produkt\/brik-460-ml-autos-racer-edge\/\" \/>\n<meta property=\"og:site_name\" content=\"Ryfi Online Store\" \/>\n<meta property=\"article:publisher\" content=\"https:\/\/www.facebook.com\/ryfi.online\/\" \/>\n<meta property=\"article:modified_time\" content=\"2022-05-16T18:06:12+00:00\" \/>\n<meta property=\"og:image\" content=\"https:\/\/ryfi.online\/wp-content\/uploads\/2021\/09\/22705_A.jpg\" \/>\n\t<meta property=\"og:image:width\" content=\"2000\" \/>\n\t<meta property=\"og:image:height\" content=\"2000\" \/>\n\t<meta property=\"og:image:type\" content=\"image\/jpeg\" \/>\n<meta name=\"twitter:card\" content=\"summary_large_image\" \/>\n<meta name=\"twitter:label1\" content=\"Preis\" \/>\n\t<meta name=\"twitter:data1\" content=\"&#036;11.98\" \/>\n\t<meta name=\"twitter:label2\" content=\"Availability\" \/>\n\t<meta name=\"twitter:data2\" content=\"Out of stock\" \/>\n<meta property=\"product:brand\" content=\"Flasche\" \/>\n<meta property=\"product:price:amount\" content=\"11.98\" \/>\n<meta property=\"product:price:currency\" content=\"USD\" \/>\n<meta property=\"og:availability\" content=\"out of stock\" \/>\n<meta property=\"product:availability\" content=\"out of stock\" \/>\n<meta property=\"product:condition\" content=\"new\" \/>\n<!-- \/ Yoast SEO Premium plugin. -->","yoast_head_json":{"title":"Quadratischer Ziegelstein 460ML | Autos Racers Edge - Ryfi Online Store","description":"Kaufen Sie die Brik Cars Racers Edge 460 ml Wasserflasche f\u00fcr nur 11,98 $ im Ryfi Online Store Kostenloser Versand 3\u20135 Tage kostenlose R\u00fcckgabe.","robots":{"index":"index","follow":"follow","max-snippet":"max-snippet:-1","max-image-preview":"max-image-preview:large","max-video-preview":"max-video-preview:-1"},"canonical":"https:\/\/ryfi.online\/de\/produkt\/brik-460-ml-autos-racer-edge\/","og_locale":"de_DE","og_type":"article","og_title":"ZIEGEL 460ML | AUTOS RACERS EDGE","og_description":"Kaufen Sie die Brik Cars Racers Edge 460 ml Wasserflasche f\u00fcr nur 11,98 $ im Ryfi Online Store Kostenloser Versand 3\u20135 Tage kostenlose R\u00fcckgabe.","og_url":"https:\/\/ryfi.online\/de\/produkt\/brik-460-ml-autos-racer-edge\/","og_site_name":"Ryfi Online Store","article_publisher":"https:\/\/www.facebook.com\/ryfi.online\/","article_modified_time":"2022-05-16T18:06:12+00:00","og_image":[{"width":2000,"height":2000,"url":"https:\/\/ryfi.online\/wp-content\/uploads\/2021\/09\/22705_A.jpg","type":"image\/jpeg"}],"twitter_card":"summary_large_image","twitter_misc":{"Preis":"&#36;11.98","Availability":"Out of stock"},"schema":{"@context":"https:\/\/schema.org","@graph":[{"@type":"WebPage","@id":"https:\/\/ryfi.online\/de\/produkt\/brik-460-ml-autos-racer-edge\/","url":"https:\/\/ryfi.online\/de\/produkt\/brik-460-ml-autos-racer-edge\/","name":"Quadratischer Ziegelstein 460ML | Autos Racers Edge - Ryfi Online Store","isPartOf":{"@id":"https:\/\/ryfi.online\/de\/#website"},"primaryImageOfPage":{"@id":"https:\/\/ryfi.online\/de\/produkt\/brik-460-ml-autos-racer-edge\/#primaryimage"},"image":{"@id":"https:\/\/ryfi.online\/de\/produkt\/brik-460-ml-autos-racer-edge\/#primaryimage"},"thumbnailUrl":"https:\/\/ryfi.online\/wp-content\/uploads\/2021\/09\/22705_A.jpg","datePublished":"2021-10-13T15:31:16+00:00","dateModified":"2022-05-16T18:06:12+00:00","description":"Kaufen Sie die Brik Cars Racers Edge 460 ml Wasserflasche f\u00fcr nur 11,98 $ im Ryfi Online Store Kostenloser Versand 3\u20135 Tage kostenlose R\u00fcckgabe.","breadcrumb":{"@id":"https:\/\/ryfi.online\/de\/produkt\/brik-460-ml-autos-racer-edge\/#breadcrumb"},"inLanguage":"de","potentialAction":[{"@type":"ReadAction","target":["https:\/\/ryfi.online\/de\/produkt\/brik-460-ml-autos-racer-edge\/"]}]},{"@type":"ImageObject","inLanguage":"de","@id":"https:\/\/ryfi.online\/de\/produkt\/brik-460-ml-autos-racer-edge\/#primaryimage","url":"https:\/\/ryfi.online\/wp-content\/uploads\/2021\/09\/22705_A.jpg","contentUrl":"https:\/\/ryfi.online\/wp-content\/uploads\/2021\/09\/22705_A.jpg","width":2000,"height":2000},{"@type":"BreadcrumbList","@id":"https:\/\/ryfi.online\/de\/produkt\/brik-460-ml-autos-racer-edge\/#breadcrumb","itemListElement":[{"@type":"ListItem","position":1,"name":"Home","item":"https:\/\/ryfi.online\/de\/"},{"@type":"ListItem","position":2,"name":"Free and Fast Shipping whitin 1-3 Days!!!","item":"https:\/\/ryfi.online\/shop\/"},{"@type":"ListItem","position":3,"name":"ZIEGEL 460ML | AUTOS RACERS EDGE"}]},{"@type":"WebSite","@id":"https:\/\/ryfi.online\/de\/#website","url":"https:\/\/ryfi.online\/de\/","name":"Ryfi Online Store","description":"Online Store","publisher":{"@id":"https:\/\/ryfi.online\/de\/#organization"},"potentialAction":[{"@type":"SearchAction","target":{"@type":"EntryPoint","urlTemplate":"https:\/\/ryfi.online\/de\/?s={search_term_string}"},"query-input":{"@type":"PropertyValueSpecification","valueRequired":true,"valueName":"search_term_string"}}],"inLanguage":"de"},{"@type":"Organization","@id":"https:\/\/ryfi.online\/de\/#organization","name":"Ryan Future Investments LLC","url":"https:\/\/ryfi.online\/de\/","logo":{"@type":"ImageObject","inLanguage":"de","@id":"https:\/\/ryfi.online\/de\/#\/schema\/logo\/image\/","url":"https:\/\/ryfi.online\/wp-content\/uploads\/2021\/03\/2-03.png","contentUrl":"https:\/\/ryfi.online\/wp-content\/uploads\/2021\/03\/2-03.png","width":1010,"height":310,"caption":"Ryan Future Investments LLC"},"image":{"@id":"https:\/\/ryfi.online\/de\/#\/schema\/logo\/image\/"},"sameAs":["https:\/\/www.facebook.com\/ryfi.online\/"]}]},"product_brand":"Flasche","product_price_amount":"11.98","product_price_currency":"USD","og_availability":"out of stock","product_availability":"out of stock","product_condition":"new"},"jetpack-related-posts":[{"id":4322,"url":"https:\/\/ryfi.online\/de\/produkt\/brik-460-ml-autos-taglichen-gebrauch\/","url_meta":{"origin":4386,"position":0},"title":"ZIEGEL 460ML | AUTOS F\u00dcR DEN T\u00c4GLICHEN GEBRAUCH","date":"September 4, 2021","format":false,"excerpt":"Kostenloser Versand 1-3 Werktage Kostenlose R\u00fccksendung","rel":"","context":"\u00c4hnlicher Beitrag","img":{"alt_text":"","src":"https:\/\/i0.wp.com\/ryfi.online\/wp-content\/uploads\/2021\/09\/04918_A.jpg?resize=350%2C200&ssl=1","width":350,"height":200},"classes":[]},{"id":4468,"url":"https:\/\/ryfi.online\/de\/produkt\/brik-460-ml-minions-taglicher-gebrauch\/","url_meta":{"origin":4386,"position":1},"title":"ZIEGEL 460ML | MINIONS T\u00c4GLICHER GEBRAUCH","date":"September 3, 2021","format":false,"excerpt":"Kostenloser Versand 1-3 Werktage Kostenlose R\u00fccksendung","rel":"","context":"\u00c4hnlicher Beitrag","img":{"alt_text":"ZIEGEL 460ML | MINIONS T\u00c4GLICHER GEBRAUCH","src":"https:\/\/i0.wp.com\/ryfi.online\/wp-content\/uploads\/2021\/09\/04938_A.jpg?resize=350%2C200&ssl=1","width":350,"height":200},"classes":[]},{"id":4491,"url":"https:\/\/ryfi.online\/de\/produkt\/ergo-flasche-400-ml-aladdin\/","url_meta":{"origin":4386,"position":2},"title":"ERGO-FLASCHE 400 ML | Aladdin","date":"September 3, 2021","format":false,"excerpt":"Kostenloser Versand 1-3 Werktage Kostenlose R\u00fccksendung","rel":"","context":"\u00c4hnlicher Beitrag","img":{"alt_text":"ERGO-FLASCHE 400 ML | Aladdin","src":"https:\/\/i0.wp.com\/ryfi.online\/wp-content\/uploads\/2021\/09\/21028_A.jpg?resize=350%2C200&ssl=1","width":350,"height":200},"classes":[]},{"id":4528,"url":"https:\/\/ryfi.online\/de\/produkt\/ergo-flasche-400-ml-minions-fun-land\/","url_meta":{"origin":4386,"position":3},"title":"ERGO-FLASCHE 400 ML | MINIONS SPASSLAND","date":"September 3, 2021","format":false,"excerpt":"Kostenloser Versand 1-3 Werktage Kostenlose R\u00fccksendung","rel":"","context":"\u00c4hnlicher Beitrag","img":{"alt_text":"ERGO-FLASCHE 400 ML | MINIONS SPASSLAND","src":"https:\/\/i0.wp.com\/ryfi.online\/wp-content\/uploads\/2021\/09\/17428_B.jpg?resize=350%2C200&ssl=1","width":350,"height":200},"classes":[]},{"id":4654,"url":"https:\/\/ryfi.online\/de\/produkt\/ergo-flasche-400-ml-ich-verachten-3\/","url_meta":{"origin":4386,"position":4},"title":"ERGO-FLASCHE 400 ML | VERABSCHAULICH ICH 3","date":"September 3, 2021","format":false,"excerpt":"Kostenloser Versand 1-3 Werktage Kostenlose R\u00fccksendung","rel":"","context":"\u00c4hnlicher Beitrag","img":{"alt_text":"ERGO-FLASCHE 400 ML | VERABSCHAULICH ICH 3","src":"https:\/\/i0.wp.com\/ryfi.online\/wp-content\/uploads\/2021\/09\/24028_B.jpg?resize=350%2C200&ssl=1","width":350,"height":200},"classes":[]},{"id":4208,"url":"https:\/\/ryfi.online\/de\/produkt\/flasche-sport-400-ml-spiderman-streets\/","url_meta":{"origin":4386,"position":5},"title":"SPORTFLASCHE 400 ML SPIDERMAN STREETS","date":"September 4, 2021","format":false,"excerpt":"Kostenloser Versand 1-3 Werktage Kostenlose R\u00fccksendung","rel":"","context":"\u00c4hnlicher Beitrag","img":{"alt_text":"","src":"https:\/\/i0.wp.com\/ryfi.online\/wp-content\/uploads\/2021\/09\/51332_A.jpg?resize=350%2C200&ssl=1","width":350,"height":200},"classes":[]}],"_links":{"self":[{"href":"https:\/\/ryfi.online\/de\/wp-json\/wp\/v2\/product\/4386","targetHints":{"allow":["GET"]}}],"collection":[{"href":"https:\/\/ryfi.online\/de\/wp-json\/wp\/v2\/product"}],"about":[{"href":"https:\/\/ryfi.online\/de\/wp-json\/wp\/v2\/types\/product"}],"replies":[{"embeddable":true,"href":"https:\/\/ryfi.online\/de\/wp-json\/wp\/v2\/comments?post=4386"}],"wp:featuredmedia":[{"embeddable":true,"href":"https:\/\/ryfi.online\/de\/wp-json\/wp\/v2\/media\/4417"}],"wp:attachment":[{"href":"https:\/\/ryfi.online\/de\/wp-json\/wp\/v2\/media?parent=4386"}],"wp:term":[{"taxonomy":"product_brand","embeddable":true,"href":"https:\/\/ryfi.online\/de\/wp-json\/wp\/v2\/product_brand?post=4386"},{"taxonomy":"product_cat","embeddable":true,"href":"https:\/\/ryfi.online\/de\/wp-json\/wp\/v2\/product_cat?post=4386"},{"taxonomy":"product_tag","embeddable":true,"href":"https:\/\/ryfi.online\/de\/wp-json\/wp\/v2\/product_tag?post=4386"}],"curies":[{"name":"wp","href":"https:\/\/api.w.org\/{rel}","templated":true}]}}