{"id":4279,"date":"2021-09-04T11:34:28","date_gmt":"2021-10-13T15:31:11","guid":{"rendered":"https:\/\/ryfi.online\/product\/sportflasche-400-ml-frozen-ii-blauer-wald\/"},"modified":"2022-05-16T18:06:12","modified_gmt":"2022-05-16T18:06:12","slug":"flasche-sport-400-ml-frozen-ii-blue-forest","status":"publish","type":"product","link":"https:\/\/ryfi.online\/de\/produkt\/flasche-sport-400-ml-frozen-ii-blue-forest\/","title":{"rendered":"SPORTFLASCHE 400 ML FROZEN II BLUE FOREST"},"content":{"rendered":"<p><img fetchpriority=\"high\" decoding=\"async\" class=\"alignnone size-medium wp-image-4301\" src=\"https:\/\/ryfi.online\/wp-content\/uploads\/2021\/09\/51032_A-300x300.jpg\" alt=\"\" width=\"300\" height=\"300\" srcset=\"https:\/\/ryfi.online\/wp-content\/uploads\/2021\/09\/51032_A-300x300.jpg 300w, https:\/\/ryfi.online\/wp-content\/uploads\/2021\/09\/51032_A-1024x1024.jpg 1024w, https:\/\/ryfi.online\/wp-content\/uploads\/2021\/09\/51032_A-150x150.jpg 150w, https:\/\/ryfi.online\/wp-content\/uploads\/2021\/09\/51032_A-768x768.jpg 768w, https:\/\/ryfi.online\/wp-content\/uploads\/2021\/09\/51032_A-1536x1536.jpg 1536w, https:\/\/ryfi.online\/wp-content\/uploads\/2021\/09\/51032_A-60x60.jpg 60w, https:\/\/ryfi.online\/wp-content\/uploads\/2021\/09\/51032_A-100x100.jpg 100w, https:\/\/ryfi.online\/wp-content\/uploads\/2021\/09\/51032_A.jpg 2000w\" sizes=\"(max-width: 300px) 100vw, 300px\" \/> <img decoding=\"async\" class=\"alignnone size-medium wp-image-4286\" src=\"https:\/\/ryfi.online\/wp-content\/uploads\/2021\/09\/51032_B-300x300.jpg\" alt=\"\" width=\"300\" height=\"300\" srcset=\"https:\/\/ryfi.online\/wp-content\/uploads\/2021\/09\/51032_B-300x300.jpg 300w, https:\/\/ryfi.online\/wp-content\/uploads\/2021\/09\/51032_B-1024x1024.jpg 1024w, https:\/\/ryfi.online\/wp-content\/uploads\/2021\/09\/51032_B-150x150.jpg 150w, https:\/\/ryfi.online\/wp-content\/uploads\/2021\/09\/51032_B-768x768.jpg 768w, https:\/\/ryfi.online\/wp-content\/uploads\/2021\/09\/51032_B-1536x1536.jpg 1536w, https:\/\/ryfi.online\/wp-content\/uploads\/2021\/09\/51032_B-60x60.jpg 60w, https:\/\/ryfi.online\/wp-content\/uploads\/2021\/09\/51032_B-100x100.jpg 100w, https:\/\/ryfi.online\/wp-content\/uploads\/2021\/09\/51032_B.jpg 2000w\" sizes=\"(max-width: 300px) 100vw, 300px\" \/> <img decoding=\"async\" class=\"alignnone size-medium wp-image-4291\" src=\"https:\/\/ryfi.online\/wp-content\/uploads\/2021\/09\/51032_C-300x300.jpg\" alt=\"\" width=\"300\" height=\"300\" srcset=\"https:\/\/ryfi.online\/wp-content\/uploads\/2021\/09\/51032_C-300x300.jpg 300w, https:\/\/ryfi.online\/wp-content\/uploads\/2021\/09\/51032_C-1024x1024.jpg 1024w, https:\/\/ryfi.online\/wp-content\/uploads\/2021\/09\/51032_C-150x150.jpg 150w, https:\/\/ryfi.online\/wp-content\/uploads\/2021\/09\/51032_C-768x768.jpg 768w, https:\/\/ryfi.online\/wp-content\/uploads\/2021\/09\/51032_C-1536x1536.jpg 1536w, https:\/\/ryfi.online\/wp-content\/uploads\/2021\/09\/51032_C-60x60.jpg 60w, https:\/\/ryfi.online\/wp-content\/uploads\/2021\/09\/51032_C-100x100.jpg 100w, https:\/\/ryfi.online\/wp-content\/uploads\/2021\/09\/51032_C.jpg 2000w\" sizes=\"(max-width: 300px) 100vw, 300px\" \/><\/p>\n<div id=\"short_description_content\" class=\"rte align_justify\">SPORTFLASCHE 400 ML FROZEN II | Markenshop<\/div>\n<div id=\"description_product\" class=\"rte align_justify\">\n<p>Wiederverwendbare Kinderflasche, mit der die Kleinen dank ihrer ergonomischen Form, ihrer Anti-Tropf-Kappe und ihres Anti-Rutsch-Bandes bequem trinken k\u00f6nnen. Erh\u00e4ltlich in einer Vielzahl von Originaldesigns, die auf einigen der ber\u00fchmtesten Charaktere in der Welt des Kinos und Fernsehens basieren. Eine ideale Flasche, damit Kinder auf ihren Ausfl\u00fcgen au\u00dfer Haus immer mit Fl\u00fcssigkeit versorgt sind. <strong>Charakteristisch:<\/strong><\/p>\n<p>&#8211; Fassungsverm\u00f6gen: 400 ml.<br \/>\n&#8211; BPA-frei<br \/>\n&#8211; Anti-Tropf<br \/>\n&#8211; Anti-Rutsch<br \/>\n&#8211; Einfach zu s\u00e4ubern<br \/>\n&#8211; Offizielle Lizenzen<\/p>\n<\/div>\n<div><\/div>\n<div>\n<table class=\"table-data-sheet\">\n<tbody>\n<tr class=\"odd\">\n<td>Material<\/td>\n<td>Kunststoff<\/td>\n<\/tr>\n<tr class=\"even\">\n<td>F\u00e4higkeit<\/td>\n<td>400ml<\/td>\n<\/tr>\n<tr class=\"odd\">\n<td>Hoch<\/td>\n<td>18cm.<\/td>\n<\/tr>\n<tr class=\"odd\">\n<td>Weit<\/td>\n<td>6,5 cm.<\/td>\n<\/tr>\n<tr class=\"odd\">\n<td>Unterseite<\/td>\n<td>6,5 cm.<\/td>\n<\/tr>\n<tr class=\"odd\">\n<td>Gewicht<\/td>\n<td>52g<\/td>\n<\/tr>\n<\/tbody>\n<\/table>\n<\/div>\n","protected":false},"excerpt":{"rendered":"<p>Kostenloser Versand 1-3 Werktage<\/p>\n<p>Kostenlose R\u00fccksendung<\/p>\n","protected":false},"featured_media":4301,"comment_status":"open","ping_status":"closed","template":"","meta":[],"product_brand":[],"product_cat":[230,229],"product_tag":[],"class_list":{"0":"post-4279","1":"product","2":"type-product","3":"status-publish","4":"has-post-thumbnail","6":"product_cat-flasche","7":"product_cat-sport-wasserflaschen","9":"first","10":"instock","11":"featured","12":"taxable","13":"shipping-taxable","14":"purchasable","15":"product-type-simple"},"yoast_head":"<!-- This site is optimized with the Yoast SEO Premium plugin v17.1.2 (Yoast SEO v27.4) - https:\/\/yoast.com\/product\/yoast-seo-premium-wordpress\/ -->\n<title>SPORTFLASCHE 400 ML FROZEN II BLUE FOREST - Ryfi Online Store<\/title>\n<meta name=\"description\" content=\"Wenn Sie nach einer Frozen Bule Forest Wasserflasche f\u00fcr Kinder in Spanien suchen, dann sind Sie hier genau richtig, der Ryfi Online Store bietet die beste Wasserflasche f\u00fcr Kinder.\" \/>\n<meta name=\"robots\" content=\"index, follow, max-snippet:-1, max-image-preview:large, max-video-preview:-1\" \/>\n<link rel=\"canonical\" href=\"https:\/\/ryfi.online\/de\/produkt\/flasche-sport-400-ml-frozen-ii-blue-forest\/\" \/>\n<meta property=\"og:locale\" content=\"de_DE\" \/>\n<meta property=\"og:type\" content=\"article\" \/>\n<meta property=\"og:title\" content=\"SPORTFLASCHE 400 ML FROZEN II BLUE FOREST\" \/>\n<meta property=\"og:description\" content=\"Wenn Sie nach einer Frozen Bule Forest Wasserflasche f\u00fcr Kinder in Spanien suchen, dann sind Sie hier genau richtig, der Ryfi Online Store bietet die beste Wasserflasche f\u00fcr Kinder.\" \/>\n<meta property=\"og:url\" content=\"https:\/\/ryfi.online\/de\/produkt\/flasche-sport-400-ml-frozen-ii-blue-forest\/\" \/>\n<meta property=\"og:site_name\" content=\"Ryfi Online Store\" \/>\n<meta property=\"article:publisher\" content=\"https:\/\/www.facebook.com\/ryfi.online\/\" \/>\n<meta property=\"article:modified_time\" content=\"2022-05-16T18:06:12+00:00\" \/>\n<meta property=\"og:image\" content=\"https:\/\/ryfi.online\/wp-content\/uploads\/2021\/09\/51032_A.jpg\" \/>\n\t<meta property=\"og:image:width\" content=\"2000\" \/>\n\t<meta property=\"og:image:height\" content=\"2000\" \/>\n\t<meta property=\"og:image:type\" content=\"image\/jpeg\" \/>\n<meta name=\"twitter:card\" content=\"summary_large_image\" \/>\n<meta name=\"twitter:label1\" content=\"Preis\" \/>\n\t<meta name=\"twitter:data1\" content=\"&#036;11.98\" \/>\n\t<meta name=\"twitter:label2\" content=\"Availability\" \/>\n\t<meta name=\"twitter:data2\" content=\"In stock\" \/>\n<meta property=\"product:brand\" content=\"Sport Wasserflaschen\" \/>\n<meta property=\"product:price:amount\" content=\"11.98\" \/>\n<meta property=\"product:price:currency\" content=\"USD\" \/>\n<meta property=\"og:availability\" content=\"instock\" \/>\n<meta property=\"product:availability\" content=\"instock\" \/>\n<meta property=\"product:condition\" content=\"new\" \/>\n<!-- \/ Yoast SEO Premium plugin. -->","yoast_head_json":{"title":"SPORTFLASCHE 400 ML FROZEN II BLUE FOREST - Ryfi Online Store","description":"Wenn Sie nach einer Frozen Bule Forest Wasserflasche f\u00fcr Kinder in Spanien suchen, dann sind Sie hier genau richtig, der Ryfi Online Store bietet die beste Wasserflasche f\u00fcr Kinder.","robots":{"index":"index","follow":"follow","max-snippet":"max-snippet:-1","max-image-preview":"max-image-preview:large","max-video-preview":"max-video-preview:-1"},"canonical":"https:\/\/ryfi.online\/de\/produkt\/flasche-sport-400-ml-frozen-ii-blue-forest\/","og_locale":"de_DE","og_type":"article","og_title":"SPORTFLASCHE 400 ML FROZEN II BLUE FOREST","og_description":"Wenn Sie nach einer Frozen Bule Forest Wasserflasche f\u00fcr Kinder in Spanien suchen, dann sind Sie hier genau richtig, der Ryfi Online Store bietet die beste Wasserflasche f\u00fcr Kinder.","og_url":"https:\/\/ryfi.online\/de\/produkt\/flasche-sport-400-ml-frozen-ii-blue-forest\/","og_site_name":"Ryfi Online Store","article_publisher":"https:\/\/www.facebook.com\/ryfi.online\/","article_modified_time":"2022-05-16T18:06:12+00:00","og_image":[{"width":2000,"height":2000,"url":"https:\/\/ryfi.online\/wp-content\/uploads\/2021\/09\/51032_A.jpg","type":"image\/jpeg"}],"twitter_card":"summary_large_image","twitter_misc":{"Preis":"&#36;11.98","Availability":"In stock"},"schema":{"@context":"https:\/\/schema.org","@graph":[{"@type":"WebPage","@id":"https:\/\/ryfi.online\/de\/produkt\/flasche-sport-400-ml-frozen-ii-blue-forest\/","url":"https:\/\/ryfi.online\/de\/produkt\/flasche-sport-400-ml-frozen-ii-blue-forest\/","name":"SPORTFLASCHE 400 ML FROZEN II BLUE FOREST - Ryfi Online Store","isPartOf":{"@id":"https:\/\/ryfi.online\/de\/#website"},"primaryImageOfPage":{"@id":"https:\/\/ryfi.online\/de\/produkt\/flasche-sport-400-ml-frozen-ii-blue-forest\/#primaryimage"},"image":{"@id":"https:\/\/ryfi.online\/de\/produkt\/flasche-sport-400-ml-frozen-ii-blue-forest\/#primaryimage"},"thumbnailUrl":"https:\/\/ryfi.online\/wp-content\/uploads\/2021\/09\/51032_A.jpg","datePublished":"2021-10-13T15:31:11+00:00","dateModified":"2022-05-16T18:06:12+00:00","description":"Wenn Sie nach einer Frozen Bule Forest Wasserflasche f\u00fcr Kinder in Spanien suchen, dann sind Sie hier genau richtig, der Ryfi Online Store bietet die beste Wasserflasche f\u00fcr Kinder.","breadcrumb":{"@id":"https:\/\/ryfi.online\/de\/produkt\/flasche-sport-400-ml-frozen-ii-blue-forest\/#breadcrumb"},"inLanguage":"de","potentialAction":[{"@type":"ReadAction","target":["https:\/\/ryfi.online\/de\/produkt\/flasche-sport-400-ml-frozen-ii-blue-forest\/"]}]},{"@type":"ImageObject","inLanguage":"de","@id":"https:\/\/ryfi.online\/de\/produkt\/flasche-sport-400-ml-frozen-ii-blue-forest\/#primaryimage","url":"https:\/\/ryfi.online\/wp-content\/uploads\/2021\/09\/51032_A.jpg","contentUrl":"https:\/\/ryfi.online\/wp-content\/uploads\/2021\/09\/51032_A.jpg","width":2000,"height":2000},{"@type":"BreadcrumbList","@id":"https:\/\/ryfi.online\/de\/produkt\/flasche-sport-400-ml-frozen-ii-blue-forest\/#breadcrumb","itemListElement":[{"@type":"ListItem","position":1,"name":"Home","item":"https:\/\/ryfi.online\/de\/"},{"@type":"ListItem","position":2,"name":"Free and Fast Shipping whitin 1-3 Days!!!","item":"https:\/\/ryfi.online\/shop\/"},{"@type":"ListItem","position":3,"name":"SPORTFLASCHE 400 ML FROZEN II BLUE FOREST"}]},{"@type":"WebSite","@id":"https:\/\/ryfi.online\/de\/#website","url":"https:\/\/ryfi.online\/de\/","name":"Ryfi Online Store","description":"Online Store","publisher":{"@id":"https:\/\/ryfi.online\/de\/#organization"},"potentialAction":[{"@type":"SearchAction","target":{"@type":"EntryPoint","urlTemplate":"https:\/\/ryfi.online\/de\/?s={search_term_string}"},"query-input":{"@type":"PropertyValueSpecification","valueRequired":true,"valueName":"search_term_string"}}],"inLanguage":"de"},{"@type":"Organization","@id":"https:\/\/ryfi.online\/de\/#organization","name":"Ryan Future Investments LLC","url":"https:\/\/ryfi.online\/de\/","logo":{"@type":"ImageObject","inLanguage":"de","@id":"https:\/\/ryfi.online\/de\/#\/schema\/logo\/image\/","url":"https:\/\/ryfi.online\/wp-content\/uploads\/2021\/03\/2-03.png","contentUrl":"https:\/\/ryfi.online\/wp-content\/uploads\/2021\/03\/2-03.png","width":1010,"height":310,"caption":"Ryan Future Investments LLC"},"image":{"@id":"https:\/\/ryfi.online\/de\/#\/schema\/logo\/image\/"},"sameAs":["https:\/\/www.facebook.com\/ryfi.online\/"]}]},"product_brand":"Sport Wasserflaschen","product_price_amount":"11.98","product_price_currency":"USD","og_availability":"instock","product_availability":"instock","product_condition":"new"},"jetpack-related-posts":[{"id":4208,"url":"https:\/\/ryfi.online\/de\/produkt\/flasche-sport-400-ml-spiderman-streets\/","url_meta":{"origin":4279,"position":0},"title":"SPORTFLASCHE 400 ML SPIDERMAN STREETS","date":"September 4, 2021","format":false,"excerpt":"Kostenloser Versand 1-3 Werktage Kostenlose R\u00fccksendung","rel":"","context":"\u00c4hnlicher Beitrag","img":{"alt_text":"","src":"https:\/\/i0.wp.com\/ryfi.online\/wp-content\/uploads\/2021\/09\/51332_A.jpg?resize=350%2C200&ssl=1","width":350,"height":200},"classes":[]},{"id":4491,"url":"https:\/\/ryfi.online\/de\/produkt\/ergo-flasche-400-ml-aladdin\/","url_meta":{"origin":4279,"position":1},"title":"ERGO-FLASCHE 400 ML | Aladdin","date":"September 3, 2021","format":false,"excerpt":"Kostenloser Versand 1-3 Werktage Kostenlose R\u00fccksendung","rel":"","context":"\u00c4hnlicher Beitrag","img":{"alt_text":"ERGO-FLASCHE 400 ML | Aladdin","src":"https:\/\/i0.wp.com\/ryfi.online\/wp-content\/uploads\/2021\/09\/21028_A.jpg?resize=350%2C200&ssl=1","width":350,"height":200},"classes":[]},{"id":4528,"url":"https:\/\/ryfi.online\/de\/produkt\/ergo-flasche-400-ml-minions-fun-land\/","url_meta":{"origin":4279,"position":2},"title":"ERGO-FLASCHE 400 ML | MINIONS SPASSLAND","date":"September 3, 2021","format":false,"excerpt":"Kostenloser Versand 1-3 Werktage Kostenlose R\u00fccksendung","rel":"","context":"\u00c4hnlicher Beitrag","img":{"alt_text":"ERGO-FLASCHE 400 ML | MINIONS SPASSLAND","src":"https:\/\/i0.wp.com\/ryfi.online\/wp-content\/uploads\/2021\/09\/17428_B.jpg?resize=350%2C200&ssl=1","width":350,"height":200},"classes":[]},{"id":4654,"url":"https:\/\/ryfi.online\/de\/produkt\/ergo-flasche-400-ml-ich-verachten-3\/","url_meta":{"origin":4279,"position":3},"title":"ERGO-FLASCHE 400 ML | VERABSCHAULICH ICH 3","date":"September 3, 2021","format":false,"excerpt":"Kostenloser Versand 1-3 Werktage Kostenlose R\u00fccksendung","rel":"","context":"\u00c4hnlicher Beitrag","img":{"alt_text":"ERGO-FLASCHE 400 ML | VERABSCHAULICH ICH 3","src":"https:\/\/i0.wp.com\/ryfi.online\/wp-content\/uploads\/2021\/09\/24028_B.jpg?resize=350%2C200&ssl=1","width":350,"height":200},"classes":[]},{"id":4322,"url":"https:\/\/ryfi.online\/de\/produkt\/brik-460-ml-autos-taglichen-gebrauch\/","url_meta":{"origin":4279,"position":4},"title":"ZIEGEL 460ML | AUTOS F\u00dcR DEN T\u00c4GLICHEN GEBRAUCH","date":"September 4, 2021","format":false,"excerpt":"Kostenloser Versand 1-3 Werktage Kostenlose R\u00fccksendung","rel":"","context":"\u00c4hnlicher Beitrag","img":{"alt_text":"","src":"https:\/\/i0.wp.com\/ryfi.online\/wp-content\/uploads\/2021\/09\/04918_A.jpg?resize=350%2C200&ssl=1","width":350,"height":200},"classes":[]},{"id":4386,"url":"https:\/\/ryfi.online\/de\/produkt\/brik-460-ml-autos-racer-edge\/","url_meta":{"origin":4279,"position":5},"title":"ZIEGEL 460ML | AUTOS RACERS EDGE","date":"September 4, 2021","format":false,"excerpt":"Kostenloser Versand 1-3 Werktage Kostenlose R\u00fccksendung","rel":"","context":"\u00c4hnlicher Beitrag","img":{"alt_text":"","src":"https:\/\/i0.wp.com\/ryfi.online\/wp-content\/uploads\/2021\/09\/22705_A.jpg?resize=350%2C200&ssl=1","width":350,"height":200},"classes":[]}],"_links":{"self":[{"href":"https:\/\/ryfi.online\/de\/wp-json\/wp\/v2\/product\/4279","targetHints":{"allow":["GET"]}}],"collection":[{"href":"https:\/\/ryfi.online\/de\/wp-json\/wp\/v2\/product"}],"about":[{"href":"https:\/\/ryfi.online\/de\/wp-json\/wp\/v2\/types\/product"}],"replies":[{"embeddable":true,"href":"https:\/\/ryfi.online\/de\/wp-json\/wp\/v2\/comments?post=4279"}],"wp:featuredmedia":[{"embeddable":true,"href":"https:\/\/ryfi.online\/de\/wp-json\/wp\/v2\/media\/4301"}],"wp:attachment":[{"href":"https:\/\/ryfi.online\/de\/wp-json\/wp\/v2\/media?parent=4279"}],"wp:term":[{"taxonomy":"product_brand","embeddable":true,"href":"https:\/\/ryfi.online\/de\/wp-json\/wp\/v2\/product_brand?post=4279"},{"taxonomy":"product_cat","embeddable":true,"href":"https:\/\/ryfi.online\/de\/wp-json\/wp\/v2\/product_cat?post=4279"},{"taxonomy":"product_tag","embeddable":true,"href":"https:\/\/ryfi.online\/de\/wp-json\/wp\/v2\/product_tag?post=4279"}],"curies":[{"name":"wp","href":"https:\/\/api.w.org\/{rel}","templated":true}]}}