{"id":4076,"date":"2021-10-08T14:57:14","date_gmt":"2021-10-13T15:29:44","guid":{"rendered":"https:\/\/ryfi.online\/product\/star-wars-jogginghose\/"},"modified":"2022-05-16T17:50:12","modified_gmt":"2022-05-16T17:50:12","slug":"star-wars-trainingsanzug-hose","status":"publish","type":"product","link":"https:\/\/ryfi.online\/de\/produkt\/star-wars-trainingsanzug-hose\/","title":{"rendered":"Star Wars Jogginghose APH1544"},"content":{"rendered":"<p>Als Geburtstagsgeschenk, zu Ostern oder einfach so. Mit der wundersch\u00f6nen Star Wars Hose k\u00f6nnen Sie nichts falsch machen! Die Verarbeitung ist hervorragend und die Farben sehr kr\u00e4ftig. Mit diesem wunderbaren Schlafanzug werden Kinder gro\u00dfartig ruhen! Maschinenwaschbar bei 30\u00b0C, f\u00fcr lange Lebensdauer, aber Handw\u00e4sche wird empfohlen. Mit diesem Set beginnen die Kinderaugen zu strahlen!<\/p>\n<ul class=\"a-unordered-list a-vertical a-spacing-mini\">\n<li>Star Wars Jogginghose f\u00fcr Jungen<\/li>\n<li><span class=\"a-list-item\">Polyester<\/span><\/li>\n<li>Alter 4 Jahre, 6 Jahre, 8 Jahre und 10 Jahre<\/li>\n<\/ul>\n","protected":false},"excerpt":{"rendered":"<p>Schneller und sicherer Versand in 1-3 Werktagen<\/p>\n","protected":false},"featured_media":4105,"comment_status":"open","ping_status":"closed","template":"","meta":[],"product_brand":[],"product_cat":[223],"product_tag":[],"class_list":{"0":"post-4076","1":"product","2":"type-product","3":"status-publish","4":"has-post-thumbnail","6":"product_cat-trainingsanzug","8":"first","9":"instock","10":"featured","11":"taxable","12":"shipping-taxable","13":"purchasable","14":"product-type-variable"},"yoast_head":"<!-- This site is optimized with the Yoast SEO Premium plugin v17.1.2 (Yoast SEO v27.4) - https:\/\/yoast.com\/product\/yoast-seo-premium-wordpress\/ -->\n<title>Star Wars Jogginghose f\u00fcr Jungen - Ryfi Online Store<\/title>\n<meta name=\"description\" content=\"Wenn Sie Star Wars Jogginghosen f\u00fcr Jungen in Spanien kaufen m\u00f6chten, sind wir hier, um Ihnen zu helfen, wir bieten Ihnen hochwertige Star Wars Jogginghosen.\" \/>\n<meta name=\"robots\" content=\"index, follow, max-snippet:-1, max-image-preview:large, max-video-preview:-1\" \/>\n<link rel=\"canonical\" href=\"https:\/\/ryfi.online\/de\/produkt\/star-wars-trainingsanzug-hose\/\" \/>\n<meta property=\"og:locale\" content=\"de_DE\" \/>\n<meta property=\"og:type\" content=\"article\" \/>\n<meta property=\"og:title\" content=\"Star Wars Jogginghose APH1544\" \/>\n<meta property=\"og:description\" content=\"Wenn Sie Star Wars Jogginghosen f\u00fcr Jungen in Spanien kaufen m\u00f6chten, sind wir hier, um Ihnen zu helfen, wir bieten Ihnen hochwertige Star Wars Jogginghosen.\" \/>\n<meta property=\"og:url\" content=\"https:\/\/ryfi.online\/de\/produkt\/star-wars-trainingsanzug-hose\/\" \/>\n<meta property=\"og:site_name\" content=\"Ryfi Online Store\" \/>\n<meta property=\"article:publisher\" content=\"https:\/\/www.facebook.com\/ryfi.online\/\" \/>\n<meta property=\"article:modified_time\" content=\"2022-05-16T17:50:12+00:00\" \/>\n<meta property=\"og:image\" content=\"https:\/\/ryfi.online\/wp-content\/uploads\/2021\/10\/aph1544.jpg\" \/>\n\t<meta property=\"og:image:width\" content=\"800\" \/>\n\t<meta property=\"og:image:height\" content=\"565\" \/>\n\t<meta property=\"og:image:type\" content=\"image\/jpeg\" \/>\n<meta name=\"twitter:card\" content=\"summary_large_image\" \/>\n<meta name=\"twitter:label1\" content=\"Availability\" \/>\n\t<meta name=\"twitter:data1\" content=\"In stock\" \/>\n<meta property=\"product:brand\" content=\"Trainingsanzug\" \/>\n<meta property=\"og:availability\" content=\"instock\" \/>\n<meta property=\"product:availability\" content=\"instock\" \/>\n<meta property=\"product:condition\" content=\"new\" \/>\n<!-- \/ Yoast SEO Premium plugin. -->","yoast_head_json":{"title":"Star Wars Jogginghose f\u00fcr Jungen - Ryfi Online Store","description":"Wenn Sie Star Wars Jogginghosen f\u00fcr Jungen in Spanien kaufen m\u00f6chten, sind wir hier, um Ihnen zu helfen, wir bieten Ihnen hochwertige Star Wars Jogginghosen.","robots":{"index":"index","follow":"follow","max-snippet":"max-snippet:-1","max-image-preview":"max-image-preview:large","max-video-preview":"max-video-preview:-1"},"canonical":"https:\/\/ryfi.online\/de\/produkt\/star-wars-trainingsanzug-hose\/","og_locale":"de_DE","og_type":"article","og_title":"Star Wars Jogginghose APH1544","og_description":"Wenn Sie Star Wars Jogginghosen f\u00fcr Jungen in Spanien kaufen m\u00f6chten, sind wir hier, um Ihnen zu helfen, wir bieten Ihnen hochwertige Star Wars Jogginghosen.","og_url":"https:\/\/ryfi.online\/de\/produkt\/star-wars-trainingsanzug-hose\/","og_site_name":"Ryfi Online Store","article_publisher":"https:\/\/www.facebook.com\/ryfi.online\/","article_modified_time":"2022-05-16T17:50:12+00:00","og_image":[{"width":800,"height":565,"url":"https:\/\/ryfi.online\/wp-content\/uploads\/2021\/10\/aph1544.jpg","type":"image\/jpeg"}],"twitter_card":"summary_large_image","twitter_misc":{"Availability":"In stock"},"schema":{"@context":"https:\/\/schema.org","@graph":[{"@type":"WebPage","@id":"https:\/\/ryfi.online\/de\/produkt\/star-wars-trainingsanzug-hose\/","url":"https:\/\/ryfi.online\/de\/produkt\/star-wars-trainingsanzug-hose\/","name":"Star Wars Jogginghose f\u00fcr Jungen - Ryfi Online Store","isPartOf":{"@id":"https:\/\/ryfi.online\/de\/#website"},"primaryImageOfPage":{"@id":"https:\/\/ryfi.online\/de\/produkt\/star-wars-trainingsanzug-hose\/#primaryimage"},"image":{"@id":"https:\/\/ryfi.online\/de\/produkt\/star-wars-trainingsanzug-hose\/#primaryimage"},"thumbnailUrl":"https:\/\/ryfi.online\/wp-content\/uploads\/2021\/10\/aph1544.jpg","datePublished":"2021-10-13T15:29:44+00:00","dateModified":"2022-05-16T17:50:12+00:00","description":"Wenn Sie Star Wars Jogginghosen f\u00fcr Jungen in Spanien kaufen m\u00f6chten, sind wir hier, um Ihnen zu helfen, wir bieten Ihnen hochwertige Star Wars Jogginghosen.","breadcrumb":{"@id":"https:\/\/ryfi.online\/de\/produkt\/star-wars-trainingsanzug-hose\/#breadcrumb"},"inLanguage":"de","potentialAction":[{"@type":"ReadAction","target":["https:\/\/ryfi.online\/de\/produkt\/star-wars-trainingsanzug-hose\/"]}]},{"@type":"ImageObject","inLanguage":"de","@id":"https:\/\/ryfi.online\/de\/produkt\/star-wars-trainingsanzug-hose\/#primaryimage","url":"https:\/\/ryfi.online\/wp-content\/uploads\/2021\/10\/aph1544.jpg","contentUrl":"https:\/\/ryfi.online\/wp-content\/uploads\/2021\/10\/aph1544.jpg","width":800,"height":565,"caption":"Trainingsanz\u00fcge f\u00fcr Kinder Star Wars -1"},{"@type":"BreadcrumbList","@id":"https:\/\/ryfi.online\/de\/produkt\/star-wars-trainingsanzug-hose\/#breadcrumb","itemListElement":[{"@type":"ListItem","position":1,"name":"Home","item":"https:\/\/ryfi.online\/de\/"},{"@type":"ListItem","position":2,"name":"Free and Fast Shipping whitin 1-3 Days!!!","item":"https:\/\/ryfi.online\/shop\/"},{"@type":"ListItem","position":3,"name":"Star Wars Jogginghose APH1544"}]},{"@type":"WebSite","@id":"https:\/\/ryfi.online\/de\/#website","url":"https:\/\/ryfi.online\/de\/","name":"Ryfi Online Store","description":"Online Store","publisher":{"@id":"https:\/\/ryfi.online\/de\/#organization"},"potentialAction":[{"@type":"SearchAction","target":{"@type":"EntryPoint","urlTemplate":"https:\/\/ryfi.online\/de\/?s={search_term_string}"},"query-input":{"@type":"PropertyValueSpecification","valueRequired":true,"valueName":"search_term_string"}}],"inLanguage":"de"},{"@type":"Organization","@id":"https:\/\/ryfi.online\/de\/#organization","name":"Ryan Future Investments LLC","url":"https:\/\/ryfi.online\/de\/","logo":{"@type":"ImageObject","inLanguage":"de","@id":"https:\/\/ryfi.online\/de\/#\/schema\/logo\/image\/","url":"https:\/\/ryfi.online\/wp-content\/uploads\/2021\/03\/2-03.png","contentUrl":"https:\/\/ryfi.online\/wp-content\/uploads\/2021\/03\/2-03.png","width":1010,"height":310,"caption":"Ryan Future Investments LLC"},"image":{"@id":"https:\/\/ryfi.online\/de\/#\/schema\/logo\/image\/"},"sameAs":["https:\/\/www.facebook.com\/ryfi.online\/"]}]},"product_brand":"Trainingsanzug","og_availability":"instock","product_availability":"instock","product_condition":"new"},"jetpack-related-posts":[{"id":3954,"url":"https:\/\/ryfi.online\/de\/produkt\/madchen-jogginghose-mit-minnie-maus-aufdruck\/","url_meta":{"origin":4076,"position":0},"title":"M\u00e4dchen-Jogginghose mit Minnie-Maus-Print TH1116","date":"Oktober 8, 2021","format":false,"excerpt":"Schneller und sicherer Versand in 1-3 Werktagen","rel":"","context":"\u00c4hnlicher Beitrag","img":{"alt_text":"Trainingsanzug f\u00fcr M\u00e4dchen Minnie Mouse -1","src":"https:\/\/i0.wp.com\/ryfi.online\/wp-content\/uploads\/2021\/10\/th1116.jpg?resize=350%2C200&ssl=1","width":350,"height":200},"classes":[]},{"id":3926,"url":"https:\/\/ryfi.online\/de\/produkt\/madchen-jogginghose-mit-peppa-pig-print\/","url_meta":{"origin":4076,"position":1},"title":"M\u00e4dchen-Jogginghose mit Peppa Pig-Aufdruck TH1251","date":"Oktober 8, 2021","format":false,"excerpt":"Schneller und sicherer Versand in 1-3 Werktagen","rel":"","context":"\u00c4hnlicher Beitrag","img":{"alt_text":"Trainingsanzug f\u00fcr M\u00e4dchen Peppa Pig","src":"https:\/\/i0.wp.com\/ryfi.online\/wp-content\/uploads\/2021\/10\/th1251-Copy.jpg?resize=350%2C200&ssl=1","width":350,"height":200},"classes":[]},{"id":9654,"url":"https:\/\/ryfi.online\/de\/produkt\/jungen-jogginghose-mit-mickey-mouse-print\/","url_meta":{"origin":4076,"position":2},"title":"Jungen-Jogginghose mit Micky-Maus-Aufdruck UE1161","date":"Oktober 8, 2021","format":false,"excerpt":"Schneller und sicherer Versand in 1-3 Werktagen","rel":"","context":"\u00c4hnlicher Beitrag","img":{"alt_text":" Trainingsanz\u00fcge f\u00fcr Jungen Mickey Mouse -1","src":"https:\/\/i0.wp.com\/ryfi.online\/wp-content\/uploads\/2021\/10\/ue1161.jpg?resize=350%2C200&ssl=1","width":350,"height":200},"classes":[]},{"id":4024,"url":"https:\/\/ryfi.online\/de\/produkt\/disney-frozen-2-anna-elsa-figuren-trainingsanzug-hose\/","url_meta":{"origin":4076,"position":3},"title":"Disney Frozen 2 Anna &amp; Elsa Figuren Jogginghose TH1076","date":"Oktober 8, 2021","format":false,"excerpt":"Schneller und sicherer Versand in 1-3 Werktagen","rel":"","context":"\u00c4hnlicher Beitrag","img":{"alt_text":" Trainingsanz\u00fcge f\u00fcr M\u00e4dchen Anna&amp;Elsa -1","src":"https:\/\/i0.wp.com\/ryfi.online\/wp-content\/uploads\/2021\/10\/th1076.jpg?resize=350%2C200&ssl=1","width":350,"height":200},"classes":[]},{"id":7130,"url":"https:\/\/ryfi.online\/de\/produkt\/sun-city-avengers-jogginghose-fur-jungen\/","url_meta":{"origin":4076,"position":4},"title":"Sun City Avengers Joggerhose f\u00fcr Jungen HU1297","date":"Oktober 31, 2021","format":false,"excerpt":"Schneller und sicherer Versand in 1-3 Werktagen","rel":"","context":"\u00c4hnlicher Beitrag","img":{"alt_text":"Chandals para ninos Avengers -1","src":"https:\/\/i0.wp.com\/ryfi.online\/wp-content\/uploads\/2021\/10\/hu1297.jpg?resize=350%2C200&ssl=1","width":350,"height":200},"classes":[]},{"id":3721,"url":"https:\/\/ryfi.online\/de\/produkt\/minion-kapuzen-sweatshirt-fur-madchen\/","url_meta":{"origin":4076,"position":5},"title":"MINION &#8211; Sweatshirt mit Kapuze &#8211; f\u00fcr M\u00e4dchen PH1522","date":"Oktober 8, 2021","format":false,"excerpt":"Schneller und sicherer Versand in 1-3 Werktagen","rel":"","context":"\u00c4hnlicher Beitrag","img":{"alt_text":"","src":"https:\/\/i0.wp.com\/ryfi.online\/wp-content\/uploads\/2021\/10\/ph1522.jpg?resize=350%2C200&ssl=1","width":350,"height":200},"classes":[]}],"_links":{"self":[{"href":"https:\/\/ryfi.online\/de\/wp-json\/wp\/v2\/product\/4076","targetHints":{"allow":["GET"]}}],"collection":[{"href":"https:\/\/ryfi.online\/de\/wp-json\/wp\/v2\/product"}],"about":[{"href":"https:\/\/ryfi.online\/de\/wp-json\/wp\/v2\/types\/product"}],"replies":[{"embeddable":true,"href":"https:\/\/ryfi.online\/de\/wp-json\/wp\/v2\/comments?post=4076"}],"wp:featuredmedia":[{"embeddable":true,"href":"https:\/\/ryfi.online\/de\/wp-json\/wp\/v2\/media\/4105"}],"wp:attachment":[{"href":"https:\/\/ryfi.online\/de\/wp-json\/wp\/v2\/media?parent=4076"}],"wp:term":[{"taxonomy":"product_brand","embeddable":true,"href":"https:\/\/ryfi.online\/de\/wp-json\/wp\/v2\/product_brand?post=4076"},{"taxonomy":"product_cat","embeddable":true,"href":"https:\/\/ryfi.online\/de\/wp-json\/wp\/v2\/product_cat?post=4076"},{"taxonomy":"product_tag","embeddable":true,"href":"https:\/\/ryfi.online\/de\/wp-json\/wp\/v2\/product_tag?post=4076"}],"curies":[{"name":"wp","href":"https:\/\/api.w.org\/{rel}","templated":true}]}}