{"id":4024,"date":"2021-10-08T15:01:56","date_gmt":"2021-10-13T15:29:31","guid":{"rendered":"https:\/\/ryfi.online\/product\/disney-die-eiskoenigin-2-anna-elsa-charaktere-jogger\/"},"modified":"2022-05-16T17:50:06","modified_gmt":"2022-05-16T17:50:06","slug":"disney-frozen-2-anna-elsa-figuren-trainingsanzug-hose","status":"publish","type":"product","link":"https:\/\/ryfi.online\/de\/produkt\/disney-frozen-2-anna-elsa-figuren-trainingsanzug-hose\/","title":{"rendered":"Disney Frozen 2 Anna &amp; Elsa Figuren Jogginghose TH1076"},"content":{"rendered":"<div id=\"featurebullets_feature_div\" class=\"celwidget\" data-feature-name=\"featurebullets\" data-csa-c-id=\"l13aae-l681wq-7lrhh5-vm6qib\" data-cel-widget=\"featurebullets_feature_div\">\n<div id=\"feature-bullets\" class=\"a-section a-spacing-medium a-spacing-top-small\">\n<p>Als Geburtstagsgeschenk, zu Ostern oder einfach so. Mit dieser wundersch\u00f6nen Hose aus Frozen 2 k\u00f6nnen Sie nichts falsch machen! Die Verarbeitung ist hervorragend und die Farben sehr kr\u00e4ftig. Maschinenwaschbar bei 30\u00b0C, f\u00fcr lange Lebensdauer, aber Handw\u00e4sche wird empfohlen. Mit diesem Shirt fangen die Kinderaugen an zu strahlen!<\/p>\n<ul class=\"a-unordered-list a-vertical a-spacing-mini\">\n<li><span class=\"a-list-item\"><span id=\"productTitle\" class=\"a-size-large product-title-word-break\">\u2705<\/span><\/span> Frozen 2 Jogginghose f\u00fcr M\u00e4dchen<\/li>\n<li><span class=\"a-list-item\"><span id=\"productTitle\" class=\"a-size-large product-title-word-break\">\u2705<\/span> Originalprodukt von Disney Die Eisk\u00f6nigin 2<\/span><\/li>\n<li><span class=\"a-list-item\"><span id=\"productTitle\" class=\"a-size-large product-title-word-break\">\u2705<\/span> Super bequeme Jogginghose aus Fleece<\/span><\/li>\n<li><span class=\"a-list-item\"><span id=\"productTitle\" class=\"a-size-large product-title-word-break\">\u2705<\/span> 65 % Polyester, 35 % Baumwolle<\/span><\/li>\n<li><span class=\"a-list-item\"><span id=\"productTitle\" class=\"a-size-large product-title-word-break\">\u2705<\/span> Mit Elsa-Charakterbild<\/span><\/li>\n<li><span class=\"a-list-item\"><span id=\"productTitle\" class=\"a-size-large product-title-word-break\">\u2705<\/span> Dekorative Details, mit R\u00fcschen<\/span><\/li>\n<li><span class=\"a-list-item\"><span id=\"productTitle\" class=\"a-size-large product-title-word-break\">\u2705<\/span> Mit elastischem Bund.<\/span><\/li>\n<li><span id=\"productTitle\" class=\"a-size-large product-title-word-break\"><span class=\"a-list-item\">\u2705<\/span> Alter: 4 Jahre, 6 Jahre, 8 Jahre, 10 Jahre<\/span><\/li>\n<\/ul>\n<\/div>\n<\/div>\n<div id=\"edpIngress_feature_div\" class=\"celwidget\" data-feature-name=\"edpIngress\" data-csa-c-id=\"fdkw46-th125c-4hvfdm-34rc9w\" data-cel-widget=\"edpIngress_feature_div\"><\/div>\n<div id=\"heroQuickPromo_feature_div\" class=\"celwidget\" data-feature-name=\"heroQuickPromo\" data-csa-c-id=\"jft4e7-kqgf4m-72s65o-tu5f2m\" data-cel-widget=\"heroQuickPromo_feature_div\">\n<div id=\"hero-quick-promo-grid_feature_div\">\n<div id=\"hero-quick-promo\" class=\"a-row a-spacing-medium\"><\/div>\n<\/div>\n<\/div>\n","protected":false},"excerpt":{"rendered":"<p>Schneller und sicherer Versand in 1-3 Werktagen<\/p>\n","protected":false},"featured_media":4043,"comment_status":"open","ping_status":"closed","template":"","meta":[],"product_brand":[],"product_cat":[223],"product_tag":[],"class_list":{"0":"post-4024","1":"product","2":"type-product","3":"status-publish","4":"has-post-thumbnail","6":"product_cat-trainingsanzug","8":"first","9":"instock","10":"featured","11":"taxable","12":"shipping-taxable","13":"purchasable","14":"product-type-variable"},"yoast_head":"<!-- This site is optimized with the Yoast SEO Premium plugin v17.1.2 (Yoast SEO v27.4) - https:\/\/yoast.com\/product\/yoast-seo-premium-wordpress\/ -->\n<title>Disney Frozen Jogginghosen f\u00fcr Kinder - Ryfi Online Store<\/title>\n<meta name=\"description\" content=\"Kaufen Sie 2er-Pack Frozen Jogger Pants f\u00fcr Jungen im Online-Shop von Ryfi. \u2713 SCHNELLE Lieferung in ganz Spanien. \u2713KOSTENLOSE R\u00fccksendungen.\" \/>\n<meta name=\"robots\" content=\"index, follow, max-snippet:-1, max-image-preview:large, max-video-preview:-1\" \/>\n<link rel=\"canonical\" href=\"https:\/\/ryfi.online\/de\/produkt\/disney-frozen-2-anna-elsa-figuren-trainingsanzug-hose\/\" \/>\n<meta property=\"og:locale\" content=\"de_DE\" \/>\n<meta property=\"og:type\" content=\"article\" \/>\n<meta property=\"og:title\" content=\"Disney Frozen 2 Anna &amp; Elsa Figuren Jogginghose TH1076\" \/>\n<meta property=\"og:description\" content=\"Kaufen Sie 2er-Pack Frozen Jogger Pants f\u00fcr Jungen im Online-Shop von Ryfi. \u2713 SCHNELLE Lieferung in ganz Spanien. \u2713KOSTENLOSE R\u00fccksendungen.\" \/>\n<meta property=\"og:url\" content=\"https:\/\/ryfi.online\/de\/produkt\/disney-frozen-2-anna-elsa-figuren-trainingsanzug-hose\/\" \/>\n<meta property=\"og:site_name\" content=\"Ryfi Online Store\" \/>\n<meta property=\"article:publisher\" content=\"https:\/\/www.facebook.com\/ryfi.online\/\" \/>\n<meta property=\"article:modified_time\" content=\"2022-05-16T17:50:06+00:00\" \/>\n<meta property=\"og:image\" content=\"https:\/\/ryfi.online\/wp-content\/uploads\/2021\/10\/th1076.jpg\" \/>\n\t<meta property=\"og:image:width\" content=\"800\" \/>\n\t<meta property=\"og:image:height\" content=\"565\" \/>\n\t<meta property=\"og:image:type\" content=\"image\/jpeg\" \/>\n<meta name=\"twitter:card\" content=\"summary_large_image\" \/>\n<meta name=\"twitter:label1\" content=\"Availability\" \/>\n\t<meta name=\"twitter:data1\" content=\"In stock\" \/>\n<meta property=\"product:brand\" content=\"Trainingsanzug\" \/>\n<meta property=\"og:availability\" content=\"instock\" \/>\n<meta property=\"product:availability\" content=\"instock\" \/>\n<meta property=\"product:condition\" content=\"new\" \/>\n<!-- \/ Yoast SEO Premium plugin. -->","yoast_head_json":{"title":"Disney Frozen Jogginghosen f\u00fcr Kinder - Ryfi Online Store","description":"Kaufen Sie 2er-Pack Frozen Jogger Pants f\u00fcr Jungen im Online-Shop von Ryfi. \u2713 SCHNELLE Lieferung in ganz Spanien. \u2713KOSTENLOSE R\u00fccksendungen.","robots":{"index":"index","follow":"follow","max-snippet":"max-snippet:-1","max-image-preview":"max-image-preview:large","max-video-preview":"max-video-preview:-1"},"canonical":"https:\/\/ryfi.online\/de\/produkt\/disney-frozen-2-anna-elsa-figuren-trainingsanzug-hose\/","og_locale":"de_DE","og_type":"article","og_title":"Disney Frozen 2 Anna &amp; Elsa Figuren Jogginghose TH1076","og_description":"Kaufen Sie 2er-Pack Frozen Jogger Pants f\u00fcr Jungen im Online-Shop von Ryfi. \u2713 SCHNELLE Lieferung in ganz Spanien. \u2713KOSTENLOSE R\u00fccksendungen.","og_url":"https:\/\/ryfi.online\/de\/produkt\/disney-frozen-2-anna-elsa-figuren-trainingsanzug-hose\/","og_site_name":"Ryfi Online Store","article_publisher":"https:\/\/www.facebook.com\/ryfi.online\/","article_modified_time":"2022-05-16T17:50:06+00:00","og_image":[{"width":800,"height":565,"url":"https:\/\/ryfi.online\/wp-content\/uploads\/2021\/10\/th1076.jpg","type":"image\/jpeg"}],"twitter_card":"summary_large_image","twitter_misc":{"Availability":"In stock"},"schema":{"@context":"https:\/\/schema.org","@graph":[{"@type":"WebPage","@id":"https:\/\/ryfi.online\/de\/produkt\/disney-frozen-2-anna-elsa-figuren-trainingsanzug-hose\/","url":"https:\/\/ryfi.online\/de\/produkt\/disney-frozen-2-anna-elsa-figuren-trainingsanzug-hose\/","name":"Disney Frozen Jogginghosen f\u00fcr Kinder - Ryfi Online Store","isPartOf":{"@id":"https:\/\/ryfi.online\/de\/#website"},"primaryImageOfPage":{"@id":"https:\/\/ryfi.online\/de\/produkt\/disney-frozen-2-anna-elsa-figuren-trainingsanzug-hose\/#primaryimage"},"image":{"@id":"https:\/\/ryfi.online\/de\/produkt\/disney-frozen-2-anna-elsa-figuren-trainingsanzug-hose\/#primaryimage"},"thumbnailUrl":"https:\/\/ryfi.online\/wp-content\/uploads\/2021\/10\/th1076.jpg","datePublished":"2021-10-13T15:29:31+00:00","dateModified":"2022-05-16T17:50:06+00:00","description":"Kaufen Sie 2er-Pack Frozen Jogger Pants f\u00fcr Jungen im Online-Shop von Ryfi. \u2713 SCHNELLE Lieferung in ganz Spanien. \u2713KOSTENLOSE R\u00fccksendungen.","breadcrumb":{"@id":"https:\/\/ryfi.online\/de\/produkt\/disney-frozen-2-anna-elsa-figuren-trainingsanzug-hose\/#breadcrumb"},"inLanguage":"de","potentialAction":[{"@type":"ReadAction","target":["https:\/\/ryfi.online\/de\/produkt\/disney-frozen-2-anna-elsa-figuren-trainingsanzug-hose\/"]}]},{"@type":"ImageObject","inLanguage":"de","@id":"https:\/\/ryfi.online\/de\/produkt\/disney-frozen-2-anna-elsa-figuren-trainingsanzug-hose\/#primaryimage","url":"https:\/\/ryfi.online\/wp-content\/uploads\/2021\/10\/th1076.jpg","contentUrl":"https:\/\/ryfi.online\/wp-content\/uploads\/2021\/10\/th1076.jpg","width":800,"height":565,"caption":"Trainingsanz\u00fcge f\u00fcr M\u00e4dchen Anna&amp;Elsa -1"},{"@type":"BreadcrumbList","@id":"https:\/\/ryfi.online\/de\/produkt\/disney-frozen-2-anna-elsa-figuren-trainingsanzug-hose\/#breadcrumb","itemListElement":[{"@type":"ListItem","position":1,"name":"Home","item":"https:\/\/ryfi.online\/de\/"},{"@type":"ListItem","position":2,"name":"Free and Fast Shipping whitin 1-3 Days!!!","item":"https:\/\/ryfi.online\/shop\/"},{"@type":"ListItem","position":3,"name":"Disney Frozen 2 Anna &amp; Elsa Figuren Jogginghose TH1076"}]},{"@type":"WebSite","@id":"https:\/\/ryfi.online\/de\/#website","url":"https:\/\/ryfi.online\/de\/","name":"Ryfi Online Store","description":"Online Store","publisher":{"@id":"https:\/\/ryfi.online\/de\/#organization"},"potentialAction":[{"@type":"SearchAction","target":{"@type":"EntryPoint","urlTemplate":"https:\/\/ryfi.online\/de\/?s={search_term_string}"},"query-input":{"@type":"PropertyValueSpecification","valueRequired":true,"valueName":"search_term_string"}}],"inLanguage":"de"},{"@type":"Organization","@id":"https:\/\/ryfi.online\/de\/#organization","name":"Ryan Future Investments LLC","url":"https:\/\/ryfi.online\/de\/","logo":{"@type":"ImageObject","inLanguage":"de","@id":"https:\/\/ryfi.online\/de\/#\/schema\/logo\/image\/","url":"https:\/\/ryfi.online\/wp-content\/uploads\/2021\/03\/2-03.png","contentUrl":"https:\/\/ryfi.online\/wp-content\/uploads\/2021\/03\/2-03.png","width":1010,"height":310,"caption":"Ryan Future Investments LLC"},"image":{"@id":"https:\/\/ryfi.online\/de\/#\/schema\/logo\/image\/"},"sameAs":["https:\/\/www.facebook.com\/ryfi.online\/"]}]},"product_brand":"Trainingsanzug","og_availability":"instock","product_availability":"instock","product_condition":"new"},"jetpack-related-posts":[{"id":9223,"url":"https:\/\/ryfi.online\/de\/produkt\/kurzarm-t-shirt-cars-ev1066\/","url_meta":{"origin":4024,"position":0},"title":"Kurzarm-T-Shirt Autos f\u00fcr Kinder EV1066","date":"April 30, 2022","format":false,"excerpt":"Schneller und sicherer Versand in 1-3 Werktagen","rel":"","context":"\u00c4hnlicher Beitrag","img":{"alt_text":"","src":"https:\/\/i0.wp.com\/ryfi.online\/wp-content\/uploads\/2022\/04\/ev1066.jpg?resize=350%2C200&ssl=1","width":350,"height":200},"classes":[]},{"id":13089,"url":"https:\/\/ryfi.online\/de\/produkt\/paw-patrol-10-chase-plush-toy-standing-plush-with-stitched-detailing-for-ages-3-and-up-2\/","url_meta":{"origin":4024,"position":1},"title":"Paw Patrol &#8211; 10&#8243; Chase Pl\u00fcschspielzeug, stehender Pl\u00fcsch mit gen\u00e4hten Details, f\u00fcr 3 Jahre und \u00e4lter","date":"Mai 4, 2021","format":false,"excerpt":"Kleine PAW Patrol-Fans k\u00f6nnen sich einkuscheln und von Abenteuern mit ihrem Lieblingshund Chase tr\u00e4umen! Dieser 10\" gro\u00dfe Pl\u00fcschwelpe steht von ganz alleine aufrecht und ist bereit f\u00fcr Action! Chase tr\u00e4gt seine typische PAW Patrol Uniform, komplett mit kuscheliger M\u00fctze und PAW Patrol Abzeichen. Er hat sogar Pfotenabdr\u00fccke auf allen Vieren!\u2026","rel":"","context":"\u00c4hnlicher Beitrag","img":{"alt_text":"","src":"https:\/\/i0.wp.com\/ryfi.online\/wp-content\/uploads\/2021\/05\/81c46n9nwAL._AC_SL1500_.jpg?resize=350%2C200&ssl=1","width":350,"height":200},"classes":[]},{"id":2869,"url":"https:\/\/ryfi.online\/es\/producto\/disney-frozen-2-anna-elsa-characters-pantalones-de-chandal\/","url_meta":{"origin":4024,"position":2},"title":"Disney Frozen 2 Anna &#038; Elsa Characters &#8211; Pantalones de ch\u00e1ndal TH1076","date":"Oktober 8, 2021","format":false,"excerpt":"Env\u00edo rapido y seguro en 1-3 dias laborales","rel":"","context":"\u00c4hnlicher Beitrag","img":{"alt_text":" Chandals para ninas Anna&Elsa -1","src":"https:\/\/i0.wp.com\/ryfi.online\/wp-content\/uploads\/2021\/10\/th1076.jpg?resize=350%2C200&ssl=1","width":350,"height":200},"classes":[]},{"id":1443,"url":"https:\/\/ryfi.online\/es\/producto\/camiseta-con-diseno-de-frozen-de-disney-para-ninas\/","url_meta":{"origin":4024,"position":3},"title":"Camiseta con dise\u00f1o de Frozen de Disney para ni\u00f1as","date":"Juni 9, 2021","format":false,"excerpt":"Envio Gratis 1-3 dias laborales Devolucion Gratuito","rel":"","context":"\u00c4hnlicher Beitrag","img":{"alt_text":"Camiseta Frozen Disney","src":"https:\/\/i0.wp.com\/ryfi.online\/wp-content\/uploads\/2021\/06\/ET1222_WH.jpg?resize=350%2C200&ssl=1","width":350,"height":200},"classes":[]},{"id":1416,"url":"https:\/\/ryfi.online\/es\/producto\/gorra-de-beisbol-con-diseno-de-frozen-de-disney-para-ninas\/","url_meta":{"origin":4024,"position":4},"title":"Gorra de b\u00e9isbol con dise\u00f1o de Frozen de Disney para ni\u00f1as ET4121","date":"Juni 9, 2021","format":false,"excerpt":"Env\u00edo gratuito en 1-3 d\u00edas laborales","rel":"","context":"\u00c4hnlicher Beitrag","img":{"alt_text":"Gorra Frozen Disney","src":"https:\/\/i0.wp.com\/ryfi.online\/wp-content\/uploads\/2021\/06\/et4117_tur.jpg?resize=350%2C200&ssl=1","width":350,"height":200},"classes":[]},{"id":8522,"url":"https:\/\/ryfi.online\/es\/producto\/camiseta-manga-corta-frozen-ev1017\/","url_meta":{"origin":4024,"position":5},"title":"Camiseta Manga Corta Frozen para ni\u00f1as EV1017","date":"April 29, 2022","format":false,"excerpt":"Env\u00edo rapido y seguro en 1-3 dias laborales","rel":"","context":"\u00c4hnlicher Beitrag","img":{"alt_text":"","src":"https:\/\/i0.wp.com\/ryfi.online\/wp-content\/uploads\/2022\/04\/ev1017.jpg?resize=350%2C200&ssl=1","width":350,"height":200},"classes":[]}],"_links":{"self":[{"href":"https:\/\/ryfi.online\/de\/wp-json\/wp\/v2\/product\/4024","targetHints":{"allow":["GET"]}}],"collection":[{"href":"https:\/\/ryfi.online\/de\/wp-json\/wp\/v2\/product"}],"about":[{"href":"https:\/\/ryfi.online\/de\/wp-json\/wp\/v2\/types\/product"}],"replies":[{"embeddable":true,"href":"https:\/\/ryfi.online\/de\/wp-json\/wp\/v2\/comments?post=4024"}],"wp:featuredmedia":[{"embeddable":true,"href":"https:\/\/ryfi.online\/de\/wp-json\/wp\/v2\/media\/4043"}],"wp:attachment":[{"href":"https:\/\/ryfi.online\/de\/wp-json\/wp\/v2\/media?parent=4024"}],"wp:term":[{"taxonomy":"product_brand","embeddable":true,"href":"https:\/\/ryfi.online\/de\/wp-json\/wp\/v2\/product_brand?post=4024"},{"taxonomy":"product_cat","embeddable":true,"href":"https:\/\/ryfi.online\/de\/wp-json\/wp\/v2\/product_cat?post=4024"},{"taxonomy":"product_tag","embeddable":true,"href":"https:\/\/ryfi.online\/de\/wp-json\/wp\/v2\/product_tag?post=4024"}],"curies":[{"name":"wp","href":"https:\/\/api.w.org\/{rel}","templated":true}]}}