{"id":3897,"date":"2021-10-08T15:25:51","date_gmt":"2021-10-13T15:28:56","guid":{"rendered":"https:\/\/ryfi.online\/product\/unisex-jogginghose-mit-minions-print\/"},"modified":"2022-05-16T17:44:50","modified_gmt":"2022-05-16T17:44:50","slug":"unisex-jogginghose-mit-minions-print","status":"publish","type":"product","link":"https:\/\/ryfi.online\/de\/produkt\/unisex-jogginghose-mit-minions-print\/","title":{"rendered":"Unisex-Jogginghose mit Minions-Aufdruck TH1211"},"content":{"rendered":"<p>Als Geburtstagsgeschenk, zu Ostern oder einfach so. Mit dieser Minions-Hose kannst du nichts falsch machen! Die Verarbeitung ist hervorragend und die Farben sehr kr\u00e4ftig. Maschinenwaschbar bei 30\u00b0C, f\u00fcr lange Lebensdauer, aber Handw\u00e4sche wird empfohlen. Mit diesem Shirt fangen die Kinderaugen an zu strahlen!<\/p>\n<ul class=\"a-unordered-list a-vertical a-spacing-mini\">\n<li>Minions Jogger f\u00fcr Jungen<\/li>\n<li><span class=\"a-list-item\">Verschluss: Verstellbarer Kordelzug<\/span><\/li>\n<li><span class=\"a-list-item\">B\u00fcgeleisen 2, bis max. B\u00fcgeln bei 150\u00b0C, Waschen bei 40\u00b0C, Feinw\u00e4scheprogramm, nicht im Trockner trocknen, nicht chloren oder bleichen, zum Trocknen aufh\u00e4ngen.<\/span><\/li>\n<li><span class=\"a-list-item\">Locker geschnittene Hose mit Allover-Print<\/span><\/li>\n<li><span class=\"a-list-item\">Versand 24-48 Stunden<\/span><\/li>\n<\/ul>\n","protected":false},"excerpt":{"rendered":"<div class=\"woocommerce-product-details__short-description\">\n<div class=\"woocommerce-product-details__short-description\">\n<p>Kostenloser und sicherer Versand in 1-3 Werktagen<\/p>\n<\/div>\n<\/div>\n","protected":false},"featured_media":3915,"comment_status":"open","ping_status":"closed","template":"","meta":[],"product_brand":[],"product_cat":[223],"product_tag":[],"class_list":{"0":"post-3897","1":"product","2":"type-product","3":"status-publish","4":"has-post-thumbnail","6":"product_cat-trainingsanzug","8":"first","9":"instock","10":"featured","11":"taxable","12":"shipping-taxable","13":"purchasable","14":"product-type-variable"},"yoast_head":"<!-- This site is optimized with the Yoast SEO Premium plugin v17.1.2 (Yoast SEO v27.4) - https:\/\/yoast.com\/product\/yoast-seo-premium-wordpress\/ -->\n<title>Kaufen Sie verstellbare Unisex-Jogginghosen mit Minions-Print - Ryfi Online Store<\/title>\n<meta name=\"description\" content=\"Wenn Sie nach hochwertigen Unisex-Jogginghosen mit verstellbarem Minions-Print f\u00fcr Kinder zu einem sehr g\u00fcnstigen Preis suchen. Besuchen Sie uns jetzt!!\" \/>\n<meta name=\"robots\" content=\"index, follow, max-snippet:-1, max-image-preview:large, max-video-preview:-1\" \/>\n<link rel=\"canonical\" href=\"https:\/\/ryfi.online\/de\/produkt\/unisex-jogginghose-mit-minions-print\/\" \/>\n<meta property=\"og:locale\" content=\"de_DE\" \/>\n<meta property=\"og:type\" content=\"article\" \/>\n<meta property=\"og:title\" content=\"Unisex-Jogginghose mit Minions-Aufdruck TH1211\" \/>\n<meta property=\"og:description\" content=\"Wenn Sie nach hochwertigen Unisex-Jogginghosen mit verstellbarem Minions-Print f\u00fcr Kinder zu einem sehr g\u00fcnstigen Preis suchen. Besuchen Sie uns jetzt!!\" \/>\n<meta property=\"og:url\" content=\"https:\/\/ryfi.online\/de\/produkt\/unisex-jogginghose-mit-minions-print\/\" \/>\n<meta property=\"og:site_name\" content=\"Ryfi Online Store\" \/>\n<meta property=\"article:publisher\" content=\"https:\/\/www.facebook.com\/ryfi.online\/\" \/>\n<meta property=\"article:modified_time\" content=\"2022-05-16T17:44:50+00:00\" \/>\n<meta property=\"og:image\" content=\"https:\/\/ryfi.online\/wp-content\/uploads\/2021\/10\/th1211.jpg\" \/>\n\t<meta property=\"og:image:width\" content=\"800\" \/>\n\t<meta property=\"og:image:height\" content=\"565\" \/>\n\t<meta property=\"og:image:type\" content=\"image\/jpeg\" \/>\n<meta name=\"twitter:card\" content=\"summary_large_image\" \/>\n<meta name=\"twitter:label1\" content=\"Availability\" \/>\n\t<meta name=\"twitter:data1\" content=\"In stock\" \/>\n<meta property=\"product:brand\" content=\"Trainingsanzug\" \/>\n<meta property=\"og:availability\" content=\"instock\" \/>\n<meta property=\"product:availability\" content=\"instock\" \/>\n<meta property=\"product:condition\" content=\"new\" \/>\n<!-- \/ Yoast SEO Premium plugin. -->","yoast_head_json":{"title":"Kaufen Sie verstellbare Unisex-Jogginghosen mit Minions-Print - Ryfi Online Store","description":"Wenn Sie nach hochwertigen Unisex-Jogginghosen mit verstellbarem Minions-Print f\u00fcr Kinder zu einem sehr g\u00fcnstigen Preis suchen. Besuchen Sie uns jetzt!!","robots":{"index":"index","follow":"follow","max-snippet":"max-snippet:-1","max-image-preview":"max-image-preview:large","max-video-preview":"max-video-preview:-1"},"canonical":"https:\/\/ryfi.online\/de\/produkt\/unisex-jogginghose-mit-minions-print\/","og_locale":"de_DE","og_type":"article","og_title":"Unisex-Jogginghose mit Minions-Aufdruck TH1211","og_description":"Wenn Sie nach hochwertigen Unisex-Jogginghosen mit verstellbarem Minions-Print f\u00fcr Kinder zu einem sehr g\u00fcnstigen Preis suchen. Besuchen Sie uns jetzt!!","og_url":"https:\/\/ryfi.online\/de\/produkt\/unisex-jogginghose-mit-minions-print\/","og_site_name":"Ryfi Online Store","article_publisher":"https:\/\/www.facebook.com\/ryfi.online\/","article_modified_time":"2022-05-16T17:44:50+00:00","og_image":[{"width":800,"height":565,"url":"https:\/\/ryfi.online\/wp-content\/uploads\/2021\/10\/th1211.jpg","type":"image\/jpeg"}],"twitter_card":"summary_large_image","twitter_misc":{"Availability":"In stock"},"schema":{"@context":"https:\/\/schema.org","@graph":[{"@type":"WebPage","@id":"https:\/\/ryfi.online\/de\/produkt\/unisex-jogginghose-mit-minions-print\/","url":"https:\/\/ryfi.online\/de\/produkt\/unisex-jogginghose-mit-minions-print\/","name":"Kaufen Sie verstellbare Unisex-Jogginghosen mit Minions-Print - Ryfi Online Store","isPartOf":{"@id":"https:\/\/ryfi.online\/de\/#website"},"primaryImageOfPage":{"@id":"https:\/\/ryfi.online\/de\/produkt\/unisex-jogginghose-mit-minions-print\/#primaryimage"},"image":{"@id":"https:\/\/ryfi.online\/de\/produkt\/unisex-jogginghose-mit-minions-print\/#primaryimage"},"thumbnailUrl":"https:\/\/ryfi.online\/wp-content\/uploads\/2021\/10\/th1211.jpg","datePublished":"2021-10-13T15:28:56+00:00","dateModified":"2022-05-16T17:44:50+00:00","description":"Wenn Sie nach hochwertigen Unisex-Jogginghosen mit verstellbarem Minions-Print f\u00fcr Kinder zu einem sehr g\u00fcnstigen Preis suchen. Besuchen Sie uns jetzt!!","breadcrumb":{"@id":"https:\/\/ryfi.online\/de\/produkt\/unisex-jogginghose-mit-minions-print\/#breadcrumb"},"inLanguage":"de","potentialAction":[{"@type":"ReadAction","target":["https:\/\/ryfi.online\/de\/produkt\/unisex-jogginghose-mit-minions-print\/"]}]},{"@type":"ImageObject","inLanguage":"de","@id":"https:\/\/ryfi.online\/de\/produkt\/unisex-jogginghose-mit-minions-print\/#primaryimage","url":"https:\/\/ryfi.online\/wp-content\/uploads\/2021\/10\/th1211.jpg","contentUrl":"https:\/\/ryfi.online\/wp-content\/uploads\/2021\/10\/th1211.jpg","width":800,"height":565,"caption":"Trainingshose"},{"@type":"BreadcrumbList","@id":"https:\/\/ryfi.online\/de\/produkt\/unisex-jogginghose-mit-minions-print\/#breadcrumb","itemListElement":[{"@type":"ListItem","position":1,"name":"Home","item":"https:\/\/ryfi.online\/de\/"},{"@type":"ListItem","position":2,"name":"Free and Fast Shipping whitin 1-3 Days!!!","item":"https:\/\/ryfi.online\/shop\/"},{"@type":"ListItem","position":3,"name":"Unisex-Jogginghose mit Minions-Aufdruck TH1211"}]},{"@type":"WebSite","@id":"https:\/\/ryfi.online\/de\/#website","url":"https:\/\/ryfi.online\/de\/","name":"Ryfi Online Store","description":"Online Store","publisher":{"@id":"https:\/\/ryfi.online\/de\/#organization"},"potentialAction":[{"@type":"SearchAction","target":{"@type":"EntryPoint","urlTemplate":"https:\/\/ryfi.online\/de\/?s={search_term_string}"},"query-input":{"@type":"PropertyValueSpecification","valueRequired":true,"valueName":"search_term_string"}}],"inLanguage":"de"},{"@type":"Organization","@id":"https:\/\/ryfi.online\/de\/#organization","name":"Ryan Future Investments LLC","url":"https:\/\/ryfi.online\/de\/","logo":{"@type":"ImageObject","inLanguage":"de","@id":"https:\/\/ryfi.online\/de\/#\/schema\/logo\/image\/","url":"https:\/\/ryfi.online\/wp-content\/uploads\/2021\/03\/2-03.png","contentUrl":"https:\/\/ryfi.online\/wp-content\/uploads\/2021\/03\/2-03.png","width":1010,"height":310,"caption":"Ryan Future Investments LLC"},"image":{"@id":"https:\/\/ryfi.online\/de\/#\/schema\/logo\/image\/"},"sameAs":["https:\/\/www.facebook.com\/ryfi.online\/"]}]},"product_brand":"Trainingsanzug","og_availability":"instock","product_availability":"instock","product_condition":"new"},"jetpack-related-posts":[{"id":9654,"url":"https:\/\/ryfi.online\/de\/produkt\/jungen-jogginghose-mit-mickey-mouse-print\/","url_meta":{"origin":3897,"position":0},"title":"Jungen-Jogginghose mit Micky-Maus-Aufdruck UE1161","date":"Oktober 8, 2021","format":false,"excerpt":"Schneller und sicherer Versand in 1-3 Werktagen","rel":"","context":"\u00c4hnlicher Beitrag","img":{"alt_text":" Trainingsanz\u00fcge f\u00fcr Jungen Mickey Mouse -1","src":"https:\/\/i0.wp.com\/ryfi.online\/wp-content\/uploads\/2021\/10\/ue1161.jpg?resize=350%2C200&ssl=1","width":350,"height":200},"classes":[]},{"id":3954,"url":"https:\/\/ryfi.online\/de\/produkt\/madchen-jogginghose-mit-minnie-maus-aufdruck\/","url_meta":{"origin":3897,"position":1},"title":"M\u00e4dchen-Jogginghose mit Minnie-Maus-Print TH1116","date":"Oktober 8, 2021","format":false,"excerpt":"Schneller und sicherer Versand in 1-3 Werktagen","rel":"","context":"\u00c4hnlicher Beitrag","img":{"alt_text":"Trainingsanzug f\u00fcr M\u00e4dchen Minnie Mouse -1","src":"https:\/\/i0.wp.com\/ryfi.online\/wp-content\/uploads\/2021\/10\/th1116.jpg?resize=350%2C200&ssl=1","width":350,"height":200},"classes":[]},{"id":3721,"url":"https:\/\/ryfi.online\/de\/produkt\/minion-kapuzen-sweatshirt-fur-madchen\/","url_meta":{"origin":3897,"position":2},"title":"MINION &#8211; Sweatshirt mit Kapuze &#8211; f\u00fcr M\u00e4dchen PH1522","date":"Oktober 8, 2021","format":false,"excerpt":"Schneller und sicherer Versand in 1-3 Werktagen","rel":"","context":"\u00c4hnlicher Beitrag","img":{"alt_text":"","src":"https:\/\/i0.wp.com\/ryfi.online\/wp-content\/uploads\/2021\/10\/ph1522.jpg?resize=350%2C200&ssl=1","width":350,"height":200},"classes":[]},{"id":3736,"url":"https:\/\/ryfi.online\/de\/produkt\/robe-minions-fur-kinder\/","url_meta":{"origin":3897,"position":3},"title":"Minions-Morgenmantel f\u00fcr Kinder HU2043","date":"Oktober 8, 2021","format":false,"excerpt":"Schneller und sicherer Versand in 1-3 Werktagen","rel":"","context":"\u00c4hnlicher Beitrag","img":{"alt_text":"","src":"https:\/\/i0.wp.com\/ryfi.online\/wp-content\/uploads\/2021\/10\/hu2043.jpg?resize=350%2C200&ssl=1","width":350,"height":200},"classes":[]},{"id":9678,"url":"https:\/\/ryfi.online\/de\/produkt\/minions-hoodie-sweatshirt-fur-jungen-minions-offizielles-produkt\/","url_meta":{"origin":3897,"position":4},"title":"Minions Kapuzen-Sweatshirt f\u00fcr Jungen &#8211; Offizielles Produkt Minions EP1033","date":"Oktober 8, 2021","format":false,"excerpt":"Schneller und sicherer Versand in 1-3 Tagen. Arbeit","rel":"","context":"\u00c4hnlicher Beitrag","img":{"alt_text":"","src":"https:\/\/i0.wp.com\/ryfi.online\/wp-content\/uploads\/2021\/10\/ep1033.jpg?resize=350%2C200&ssl=1","width":350,"height":200},"classes":[]},{"id":7058,"url":"https:\/\/ryfi.online\/de\/produkt\/ryfi-pyjamas-fleece-boy-minions\/","url_meta":{"origin":3897,"position":5},"title":"Ryfi Pyjama Fleece Junge Minions HU2046","date":"Oktober 31, 2021","format":false,"excerpt":"Schneller und sicherer Versand in 1-3 Werktagen","rel":"","context":"\u00c4hnlicher Beitrag","img":{"alt_text":"","src":"https:\/\/i0.wp.com\/ryfi.online\/wp-content\/uploads\/2021\/10\/hu2046.jpg?resize=350%2C200&ssl=1","width":350,"height":200},"classes":[]}],"_links":{"self":[{"href":"https:\/\/ryfi.online\/de\/wp-json\/wp\/v2\/product\/3897","targetHints":{"allow":["GET"]}}],"collection":[{"href":"https:\/\/ryfi.online\/de\/wp-json\/wp\/v2\/product"}],"about":[{"href":"https:\/\/ryfi.online\/de\/wp-json\/wp\/v2\/types\/product"}],"replies":[{"embeddable":true,"href":"https:\/\/ryfi.online\/de\/wp-json\/wp\/v2\/comments?post=3897"}],"wp:featuredmedia":[{"embeddable":true,"href":"https:\/\/ryfi.online\/de\/wp-json\/wp\/v2\/media\/3915"}],"wp:attachment":[{"href":"https:\/\/ryfi.online\/de\/wp-json\/wp\/v2\/media?parent=3897"}],"wp:term":[{"taxonomy":"product_brand","embeddable":true,"href":"https:\/\/ryfi.online\/de\/wp-json\/wp\/v2\/product_brand?post=3897"},{"taxonomy":"product_cat","embeddable":true,"href":"https:\/\/ryfi.online\/de\/wp-json\/wp\/v2\/product_cat?post=3897"},{"taxonomy":"product_tag","embeddable":true,"href":"https:\/\/ryfi.online\/de\/wp-json\/wp\/v2\/product_tag?post=3897"}],"curies":[{"name":"wp","href":"https:\/\/api.w.org\/{rel}","templated":true}]}}