{"id":3855,"date":"2021-10-08T15:31:39","date_gmt":"2021-10-13T15:28:27","guid":{"rendered":"https:\/\/ryfi.online\/product\/spiderman-t-shirt-mit-langen-aermeln\/"},"modified":"2022-05-16T17:44:56","modified_gmt":"2022-05-16T17:44:56","slug":"langarm-t-shirt-spiderman","status":"publish","type":"product","link":"https:\/\/ryfi.online\/de\/produkt\/langarm-t-shirt-spiderman\/","title":{"rendered":"Spiderman-Langarm-T-Shirt HU1007"},"content":{"rendered":"<p>Als Geburtstagsgeschenk, zu Ostern oder einfach so. Mit diesem wundersch\u00f6nen Spiderman T-Shirt k\u00f6nnen Sie nichts falsch machen! Die Verarbeitung ist hervorragend und die Farben sehr kr\u00e4ftig. Maschinenwaschbar bei 30\u00b0C, f\u00fcr lange Lebensdauer, aber Handw\u00e4sche wird empfohlen. Mit diesem Shirt fangen die Kinderaugen an zu strahlen!<\/p>\n<ul class=\"a-unordered-list a-vertical a-spacing-mini\">\n<li><span class=\"a-list-item\">Jungen Spiderman Kinder Langarmshirt<br \/>\n<\/span><\/li>\n<li><span class=\"a-list-item\">Diese Marvel-T-Shirts haben lange \u00c4rmel und die ikonische Spinne von Spider-Man!<\/span><\/li>\n<li><span class=\"a-list-item\">100% Baumwolle<\/span><\/li>\n<li><span class=\"a-list-item\">Lange \u00c4rmel<\/span><\/li>\n<li><span class=\"a-list-item\">Die ideale Erg\u00e4nzung f\u00fcr die Garderobe jedes kleinen Spider-Mans.<\/span><\/li>\n<li>Alter 3 Jahre, 4 Jahre, 6 Jahre und 8 Jahre<\/li>\n<\/ul>\n","protected":false},"excerpt":{"rendered":"<div class=\"woocommerce-product-details__short-description\">\n<div class=\"woocommerce-product-details__short-description\">\n<div class=\"woocommerce-product-details__short-description\">\n<p>Kostenloser Versand in 1-3 Werktagen<\/p>\n<\/div>\n<\/div>\n<\/div>\n","protected":false},"featured_media":3864,"comment_status":"open","ping_status":"closed","template":"","meta":[],"product_brand":[],"product_cat":[210],"product_tag":[],"class_list":{"0":"post-3855","1":"product","2":"type-product","3":"status-publish","4":"has-post-thumbnail","6":"product_cat-jungen-t-shirt","8":"first","9":"instock","10":"featured","11":"taxable","12":"shipping-taxable","13":"purchasable","14":"product-type-variable"},"yoast_head":"<!-- This site is optimized with the Yoast SEO Premium plugin v17.1.2 (Yoast SEO v27.4) - https:\/\/yoast.com\/product\/yoast-seo-premium-wordpress\/ -->\n<title>Kaufen Sie Spiderman Langarm-T-Shirt online in Deutschland - Ryfi Online Store<\/title>\n<meta name=\"description\" content=\"Kaufen Sie Spiderman Langarm-T-Shirt online in Spanien aus 100% Baumwolle im Ryfi Online-Shop. Unsere gro\u00dfe Auswahl ist versandkostenfrei.\" \/>\n<meta name=\"robots\" content=\"index, follow, max-snippet:-1, max-image-preview:large, max-video-preview:-1\" \/>\n<link rel=\"canonical\" href=\"https:\/\/ryfi.online\/de\/produkt\/langarm-t-shirt-spiderman\/\" \/>\n<meta property=\"og:locale\" content=\"de_DE\" \/>\n<meta property=\"og:type\" content=\"article\" \/>\n<meta property=\"og:title\" content=\"Spiderman-Langarm-T-Shirt HU1007\" \/>\n<meta property=\"og:description\" content=\"Kaufen Sie Spiderman Langarm-T-Shirt online in Spanien aus 100% Baumwolle im Ryfi Online-Shop. Unsere gro\u00dfe Auswahl ist versandkostenfrei.\" \/>\n<meta property=\"og:url\" content=\"https:\/\/ryfi.online\/de\/produkt\/langarm-t-shirt-spiderman\/\" \/>\n<meta property=\"og:site_name\" content=\"Ryfi Online Store\" \/>\n<meta property=\"article:publisher\" content=\"https:\/\/www.facebook.com\/ryfi.online\/\" \/>\n<meta property=\"article:modified_time\" content=\"2022-05-16T17:44:56+00:00\" \/>\n<meta property=\"og:image\" content=\"https:\/\/ryfi.online\/wp-content\/uploads\/2021\/10\/hu1007.jpg\" \/>\n\t<meta property=\"og:image:width\" content=\"800\" \/>\n\t<meta property=\"og:image:height\" content=\"565\" \/>\n\t<meta property=\"og:image:type\" content=\"image\/jpeg\" \/>\n<meta name=\"twitter:card\" content=\"summary_large_image\" \/>\n<meta name=\"twitter:label1\" content=\"Availability\" \/>\n\t<meta name=\"twitter:data1\" content=\"In stock\" \/>\n<meta property=\"product:brand\" content=\"Jungen T-Shirt\" \/>\n<meta property=\"og:availability\" content=\"instock\" \/>\n<meta property=\"product:availability\" content=\"instock\" \/>\n<meta property=\"product:condition\" content=\"new\" \/>\n<!-- \/ Yoast SEO Premium plugin. -->","yoast_head_json":{"title":"Kaufen Sie Spiderman Langarm-T-Shirt online in Deutschland - Ryfi Online Store","description":"Kaufen Sie Spiderman Langarm-T-Shirt online in Spanien aus 100% Baumwolle im Ryfi Online-Shop. Unsere gro\u00dfe Auswahl ist versandkostenfrei.","robots":{"index":"index","follow":"follow","max-snippet":"max-snippet:-1","max-image-preview":"max-image-preview:large","max-video-preview":"max-video-preview:-1"},"canonical":"https:\/\/ryfi.online\/de\/produkt\/langarm-t-shirt-spiderman\/","og_locale":"de_DE","og_type":"article","og_title":"Spiderman-Langarm-T-Shirt HU1007","og_description":"Kaufen Sie Spiderman Langarm-T-Shirt online in Spanien aus 100% Baumwolle im Ryfi Online-Shop. Unsere gro\u00dfe Auswahl ist versandkostenfrei.","og_url":"https:\/\/ryfi.online\/de\/produkt\/langarm-t-shirt-spiderman\/","og_site_name":"Ryfi Online Store","article_publisher":"https:\/\/www.facebook.com\/ryfi.online\/","article_modified_time":"2022-05-16T17:44:56+00:00","og_image":[{"width":800,"height":565,"url":"https:\/\/ryfi.online\/wp-content\/uploads\/2021\/10\/hu1007.jpg","type":"image\/jpeg"}],"twitter_card":"summary_large_image","twitter_misc":{"Availability":"In stock"},"schema":{"@context":"https:\/\/schema.org","@graph":[{"@type":"WebPage","@id":"https:\/\/ryfi.online\/de\/produkt\/langarm-t-shirt-spiderman\/","url":"https:\/\/ryfi.online\/de\/produkt\/langarm-t-shirt-spiderman\/","name":"Kaufen Sie Spiderman Langarm-T-Shirt online in Deutschland - Ryfi Online Store","isPartOf":{"@id":"https:\/\/ryfi.online\/de\/#website"},"primaryImageOfPage":{"@id":"https:\/\/ryfi.online\/de\/produkt\/langarm-t-shirt-spiderman\/#primaryimage"},"image":{"@id":"https:\/\/ryfi.online\/de\/produkt\/langarm-t-shirt-spiderman\/#primaryimage"},"thumbnailUrl":"https:\/\/ryfi.online\/wp-content\/uploads\/2021\/10\/hu1007.jpg","datePublished":"2021-10-13T15:28:27+00:00","dateModified":"2022-05-16T17:44:56+00:00","description":"Kaufen Sie Spiderman Langarm-T-Shirt online in Spanien aus 100% Baumwolle im Ryfi Online-Shop. Unsere gro\u00dfe Auswahl ist versandkostenfrei.","breadcrumb":{"@id":"https:\/\/ryfi.online\/de\/produkt\/langarm-t-shirt-spiderman\/#breadcrumb"},"inLanguage":"de","potentialAction":[{"@type":"ReadAction","target":["https:\/\/ryfi.online\/de\/produkt\/langarm-t-shirt-spiderman\/"]}]},{"@type":"ImageObject","inLanguage":"de","@id":"https:\/\/ryfi.online\/de\/produkt\/langarm-t-shirt-spiderman\/#primaryimage","url":"https:\/\/ryfi.online\/wp-content\/uploads\/2021\/10\/hu1007.jpg","contentUrl":"https:\/\/ryfi.online\/wp-content\/uploads\/2021\/10\/hu1007.jpg","width":800,"height":565,"caption":"Spiderman Kinder T-Shirt - 1"},{"@type":"BreadcrumbList","@id":"https:\/\/ryfi.online\/de\/produkt\/langarm-t-shirt-spiderman\/#breadcrumb","itemListElement":[{"@type":"ListItem","position":1,"name":"Home","item":"https:\/\/ryfi.online\/de\/"},{"@type":"ListItem","position":2,"name":"Free and Fast Shipping whitin 1-3 Days!!!","item":"https:\/\/ryfi.online\/shop\/"},{"@type":"ListItem","position":3,"name":"Spiderman-Langarm-T-Shirt HU1007"}]},{"@type":"WebSite","@id":"https:\/\/ryfi.online\/de\/#website","url":"https:\/\/ryfi.online\/de\/","name":"Ryfi Online Store","description":"Online Store","publisher":{"@id":"https:\/\/ryfi.online\/de\/#organization"},"potentialAction":[{"@type":"SearchAction","target":{"@type":"EntryPoint","urlTemplate":"https:\/\/ryfi.online\/de\/?s={search_term_string}"},"query-input":{"@type":"PropertyValueSpecification","valueRequired":true,"valueName":"search_term_string"}}],"inLanguage":"de"},{"@type":"Organization","@id":"https:\/\/ryfi.online\/de\/#organization","name":"Ryan Future Investments LLC","url":"https:\/\/ryfi.online\/de\/","logo":{"@type":"ImageObject","inLanguage":"de","@id":"https:\/\/ryfi.online\/de\/#\/schema\/logo\/image\/","url":"https:\/\/ryfi.online\/wp-content\/uploads\/2021\/03\/2-03.png","contentUrl":"https:\/\/ryfi.online\/wp-content\/uploads\/2021\/03\/2-03.png","width":1010,"height":310,"caption":"Ryan Future Investments LLC"},"image":{"@id":"https:\/\/ryfi.online\/de\/#\/schema\/logo\/image\/"},"sameAs":["https:\/\/www.facebook.com\/ryfi.online\/"]}]},"product_brand":"Jungen T-Shirt","og_availability":"instock","product_availability":"instock","product_condition":"new"},"jetpack-related-posts":[{"id":9391,"url":"https:\/\/ryfi.online\/de\/produkt\/set-spiderman-ev1057\/","url_meta":{"origin":3855,"position":0},"title":"Spiderman-Set f\u00fcr Kinder EV1057","date":"April 29, 2022","format":false,"excerpt":"Schneller und sicherer Versand in 1-3 Werktagen","rel":"","context":"\u00c4hnlicher Beitrag","img":{"alt_text":"","src":"https:\/\/i0.wp.com\/ryfi.online\/wp-content\/uploads\/2022\/04\/ev1057.jpg?resize=350%2C200&ssl=1","width":350,"height":200},"classes":[]},{"id":9553,"url":"https:\/\/ryfi.online\/de\/produkt\/spiderman-kinder-t-shirt-und-hosen\/","url_meta":{"origin":3855,"position":1},"title":"Spiderman Kinder T-Shirt und Hose im Set UE1109","date":"April 19, 2022","format":false,"excerpt":"Schneller und sicherer Versand in 1-3 Werktagen","rel":"","context":"\u00c4hnlicher Beitrag","img":{"alt_text":"Spiderman-Set","src":"https:\/\/i0.wp.com\/ryfi.online\/wp-content\/uploads\/2022\/04\/img_142084_b9dd3931f3ae76581b7aae01014ee611_20.jpg?resize=350%2C200&ssl=1","width":350,"height":200},"classes":[]},{"id":7039,"url":"https:\/\/ryfi.online\/de\/produkt\/ryfi-pyjamas-fleece-boy-spiderman\/","url_meta":{"origin":3855,"position":2},"title":"Ryfi Jungen Fleece Schlafanzug Spiderman HU2130","date":"Oktober 31, 2021","format":false,"excerpt":"Schneller und sicherer Versand in 1-3 Werktagen","rel":"","context":"\u00c4hnlicher Beitrag","img":{"alt_text":"","src":"https:\/\/i0.wp.com\/ryfi.online\/wp-content\/uploads\/2021\/10\/hu2130.jpg?resize=350%2C200&ssl=1","width":350,"height":200},"classes":[]},{"id":7058,"url":"https:\/\/ryfi.online\/de\/produkt\/ryfi-pyjamas-fleece-boy-minions\/","url_meta":{"origin":3855,"position":3},"title":"Ryfi Pyjama Fleece Junge Minions HU2046","date":"Oktober 31, 2021","format":false,"excerpt":"Schneller und sicherer Versand in 1-3 Werktagen","rel":"","context":"\u00c4hnlicher Beitrag","img":{"alt_text":"","src":"https:\/\/i0.wp.com\/ryfi.online\/wp-content\/uploads\/2021\/10\/hu2046.jpg?resize=350%2C200&ssl=1","width":350,"height":200},"classes":[]},{"id":7076,"url":"https:\/\/ryfi.online\/de\/produkt\/ryfi-fleece-pyjama-girl-frozen\/","url_meta":{"origin":3855,"position":4},"title":"Ryfi M\u00e4dchen Polar Pyjama Frozen HU2022","date":"Oktober 31, 2021","format":false,"excerpt":"Schneller und sicherer Versand in 1-3 Werktagen","rel":"","context":"\u00c4hnlicher Beitrag","img":{"alt_text":"","src":"https:\/\/i0.wp.com\/ryfi.online\/wp-content\/uploads\/2021\/10\/hu2022.jpg?resize=350%2C200&ssl=1","width":350,"height":200},"classes":[]},{"id":9462,"url":"https:\/\/ryfi.online\/de\/produkt\/t-shirt-minions-et6729\/","url_meta":{"origin":3855,"position":5},"title":"Minions-T-Shirt f\u00fcr Kinder ET6729","date":"April 29, 2022","format":false,"excerpt":"Schneller und sicherer Versand in 1-3 Werktagen","rel":"","context":"\u00c4hnlicher Beitrag","img":{"alt_text":"","src":"https:\/\/i0.wp.com\/ryfi.online\/wp-content\/uploads\/2022\/04\/et6729.e18-scaled.jpg?resize=350%2C200&ssl=1","width":350,"height":200},"classes":[]}],"_links":{"self":[{"href":"https:\/\/ryfi.online\/de\/wp-json\/wp\/v2\/product\/3855","targetHints":{"allow":["GET"]}}],"collection":[{"href":"https:\/\/ryfi.online\/de\/wp-json\/wp\/v2\/product"}],"about":[{"href":"https:\/\/ryfi.online\/de\/wp-json\/wp\/v2\/types\/product"}],"replies":[{"embeddable":true,"href":"https:\/\/ryfi.online\/de\/wp-json\/wp\/v2\/comments?post=3855"}],"wp:featuredmedia":[{"embeddable":true,"href":"https:\/\/ryfi.online\/de\/wp-json\/wp\/v2\/media\/3864"}],"wp:attachment":[{"href":"https:\/\/ryfi.online\/de\/wp-json\/wp\/v2\/media?parent=3855"}],"wp:term":[{"taxonomy":"product_brand","embeddable":true,"href":"https:\/\/ryfi.online\/de\/wp-json\/wp\/v2\/product_brand?post=3855"},{"taxonomy":"product_cat","embeddable":true,"href":"https:\/\/ryfi.online\/de\/wp-json\/wp\/v2\/product_cat?post=3855"},{"taxonomy":"product_tag","embeddable":true,"href":"https:\/\/ryfi.online\/de\/wp-json\/wp\/v2\/product_tag?post=3855"}],"curies":[{"name":"wp","href":"https:\/\/api.w.org\/{rel}","templated":true}]}}