{"id":3736,"date":"2021-10-08T15:49:07","date_gmt":"2021-10-13T15:28:13","guid":{"rendered":"https:\/\/ryfi.online\/product\/minions-robe-fuer-kinder\/"},"modified":"2022-05-16T17:39:18","modified_gmt":"2022-05-16T17:39:18","slug":"robe-minions-fur-kinder","status":"publish","type":"product","link":"https:\/\/ryfi.online\/de\/produkt\/robe-minions-fur-kinder\/","title":{"rendered":"Minions-Morgenmantel f\u00fcr Kinder HU2043"},"content":{"rendered":"<p>Als Geburtstagsgeschenk, zu Ostern oder einfach so. Mit dieser wundersch\u00f6nen Minions-Robe k\u00f6nnen Sie nichts falsch machen! Die Verarbeitung ist hervorragend und die Farben sehr kr\u00e4ftig. Maschinenwaschbar bei 30\u00b0C, f\u00fcr lange Lebensdauer, aber Handw\u00e4sche wird empfohlen. Mit diesem Shirt fangen die Kinderaugen an zu strahlen!<\/p>\n<ul class=\"a-unordered-list a-vertical a-spacing-mini\">\n<li><span class=\"a-list-item\">Minions Kindermantel f\u00fcr Jungen<br \/>\n<\/span><\/li>\n<li><span class=\"a-list-item\">100% Baumwolle<\/span><\/li>\n<li><span class=\"a-list-item\">F\u00fcr einen Minions-Liebhaber<\/span><\/li>\n<li><span class=\"a-list-item\">hochwertige Materialien<\/span><\/li>\n<li><span class=\"a-list-item\">Offizielle Minions-Kleidung<\/span><\/li>\n<li>Alter 4 Jahre, 6 Jahre, 8 Jahre und 10 Jahre<\/li>\n<\/ul>\n","protected":false},"excerpt":{"rendered":"<p>Schneller und sicherer Versand in 1-3 Werktagen<\/p>\n","protected":false},"featured_media":3758,"comment_status":"open","ping_status":"closed","template":"","meta":[],"product_brand":[],"product_cat":[218],"product_tag":[],"class_list":{"0":"post-3736","1":"product","2":"type-product","3":"status-publish","4":"has-post-thumbnail","6":"product_cat-mantel","8":"first","9":"instock","10":"featured","11":"taxable","12":"shipping-taxable","13":"purchasable","14":"product-type-variable"},"yoast_head":"<!-- This site is optimized with the Yoast SEO Premium plugin v17.1.2 (Yoast SEO v27.4) - https:\/\/yoast.com\/product\/yoast-seo-premium-wordpress\/ -->\n<title>Minions Nachthemd f\u00fcr Kinder - Ryfi Online Store<\/title>\n<meta name=\"description\" content=\"Holen Sie sich den Minions-Schlafmantel f\u00fcr Kinder in bester Qualit\u00e4t nach Hause geliefert und sparen Sie Geld und Zeit. W\u00e4hlen Sie dieselbe Lieferung 1-3 mit kostenlosem Versand aus.\" \/>\n<meta name=\"robots\" content=\"index, follow, max-snippet:-1, max-image-preview:large, max-video-preview:-1\" \/>\n<link rel=\"canonical\" href=\"https:\/\/ryfi.online\/de\/produkt\/robe-minions-fur-kinder\/\" \/>\n<meta property=\"og:locale\" content=\"de_DE\" \/>\n<meta property=\"og:type\" content=\"article\" \/>\n<meta property=\"og:title\" content=\"Minions-Morgenmantel f\u00fcr Kinder HU2043\" \/>\n<meta property=\"og:description\" content=\"Holen Sie sich den Minions-Schlafmantel f\u00fcr Kinder in bester Qualit\u00e4t nach Hause geliefert und sparen Sie Geld und Zeit. W\u00e4hlen Sie dieselbe Lieferung 1-3 mit kostenlosem Versand aus.\" \/>\n<meta property=\"og:url\" content=\"https:\/\/ryfi.online\/de\/produkt\/robe-minions-fur-kinder\/\" \/>\n<meta property=\"og:site_name\" content=\"Ryfi Online Store\" \/>\n<meta property=\"article:publisher\" content=\"https:\/\/www.facebook.com\/ryfi.online\/\" \/>\n<meta property=\"article:modified_time\" content=\"2022-05-16T17:39:18+00:00\" \/>\n<meta property=\"og:image\" content=\"https:\/\/ryfi.online\/wp-content\/uploads\/2021\/10\/hu2043.jpg\" \/>\n\t<meta property=\"og:image:width\" content=\"800\" \/>\n\t<meta property=\"og:image:height\" content=\"565\" \/>\n\t<meta property=\"og:image:type\" content=\"image\/jpeg\" \/>\n<meta name=\"twitter:card\" content=\"summary_large_image\" \/>\n<meta name=\"twitter:label1\" content=\"Availability\" \/>\n\t<meta name=\"twitter:data1\" content=\"In stock\" \/>\n<meta property=\"product:brand\" content=\"Mantel\" \/>\n<meta property=\"og:availability\" content=\"instock\" \/>\n<meta property=\"product:availability\" content=\"instock\" \/>\n<meta property=\"product:condition\" content=\"new\" \/>\n<!-- \/ Yoast SEO Premium plugin. -->","yoast_head_json":{"title":"Minions Nachthemd f\u00fcr Kinder - Ryfi Online Store","description":"Holen Sie sich den Minions-Schlafmantel f\u00fcr Kinder in bester Qualit\u00e4t nach Hause geliefert und sparen Sie Geld und Zeit. W\u00e4hlen Sie dieselbe Lieferung 1-3 mit kostenlosem Versand aus.","robots":{"index":"index","follow":"follow","max-snippet":"max-snippet:-1","max-image-preview":"max-image-preview:large","max-video-preview":"max-video-preview:-1"},"canonical":"https:\/\/ryfi.online\/de\/produkt\/robe-minions-fur-kinder\/","og_locale":"de_DE","og_type":"article","og_title":"Minions-Morgenmantel f\u00fcr Kinder HU2043","og_description":"Holen Sie sich den Minions-Schlafmantel f\u00fcr Kinder in bester Qualit\u00e4t nach Hause geliefert und sparen Sie Geld und Zeit. W\u00e4hlen Sie dieselbe Lieferung 1-3 mit kostenlosem Versand aus.","og_url":"https:\/\/ryfi.online\/de\/produkt\/robe-minions-fur-kinder\/","og_site_name":"Ryfi Online Store","article_publisher":"https:\/\/www.facebook.com\/ryfi.online\/","article_modified_time":"2022-05-16T17:39:18+00:00","og_image":[{"width":800,"height":565,"url":"https:\/\/ryfi.online\/wp-content\/uploads\/2021\/10\/hu2043.jpg","type":"image\/jpeg"}],"twitter_card":"summary_large_image","twitter_misc":{"Availability":"In stock"},"schema":{"@context":"https:\/\/schema.org","@graph":[{"@type":"WebPage","@id":"https:\/\/ryfi.online\/de\/produkt\/robe-minions-fur-kinder\/","url":"https:\/\/ryfi.online\/de\/produkt\/robe-minions-fur-kinder\/","name":"Minions Nachthemd f\u00fcr Kinder - Ryfi Online Store","isPartOf":{"@id":"https:\/\/ryfi.online\/de\/#website"},"primaryImageOfPage":{"@id":"https:\/\/ryfi.online\/de\/produkt\/robe-minions-fur-kinder\/#primaryimage"},"image":{"@id":"https:\/\/ryfi.online\/de\/produkt\/robe-minions-fur-kinder\/#primaryimage"},"thumbnailUrl":"https:\/\/ryfi.online\/wp-content\/uploads\/2021\/10\/hu2043.jpg","datePublished":"2021-10-13T15:28:13+00:00","dateModified":"2022-05-16T17:39:18+00:00","description":"Holen Sie sich den Minions-Schlafmantel f\u00fcr Kinder in bester Qualit\u00e4t nach Hause geliefert und sparen Sie Geld und Zeit. W\u00e4hlen Sie dieselbe Lieferung 1-3 mit kostenlosem Versand aus.","breadcrumb":{"@id":"https:\/\/ryfi.online\/de\/produkt\/robe-minions-fur-kinder\/#breadcrumb"},"inLanguage":"de","potentialAction":[{"@type":"ReadAction","target":["https:\/\/ryfi.online\/de\/produkt\/robe-minions-fur-kinder\/"]}]},{"@type":"ImageObject","inLanguage":"de","@id":"https:\/\/ryfi.online\/de\/produkt\/robe-minions-fur-kinder\/#primaryimage","url":"https:\/\/ryfi.online\/wp-content\/uploads\/2021\/10\/hu2043.jpg","contentUrl":"https:\/\/ryfi.online\/wp-content\/uploads\/2021\/10\/hu2043.jpg","width":800,"height":565},{"@type":"BreadcrumbList","@id":"https:\/\/ryfi.online\/de\/produkt\/robe-minions-fur-kinder\/#breadcrumb","itemListElement":[{"@type":"ListItem","position":1,"name":"Home","item":"https:\/\/ryfi.online\/de\/"},{"@type":"ListItem","position":2,"name":"Free and Fast Shipping whitin 1-3 Days!!!","item":"https:\/\/ryfi.online\/shop\/"},{"@type":"ListItem","position":3,"name":"Minions-Morgenmantel f\u00fcr Kinder HU2043"}]},{"@type":"WebSite","@id":"https:\/\/ryfi.online\/de\/#website","url":"https:\/\/ryfi.online\/de\/","name":"Ryfi Online Store","description":"Online Store","publisher":{"@id":"https:\/\/ryfi.online\/de\/#organization"},"potentialAction":[{"@type":"SearchAction","target":{"@type":"EntryPoint","urlTemplate":"https:\/\/ryfi.online\/de\/?s={search_term_string}"},"query-input":{"@type":"PropertyValueSpecification","valueRequired":true,"valueName":"search_term_string"}}],"inLanguage":"de"},{"@type":"Organization","@id":"https:\/\/ryfi.online\/de\/#organization","name":"Ryan Future Investments LLC","url":"https:\/\/ryfi.online\/de\/","logo":{"@type":"ImageObject","inLanguage":"de","@id":"https:\/\/ryfi.online\/de\/#\/schema\/logo\/image\/","url":"https:\/\/ryfi.online\/wp-content\/uploads\/2021\/03\/2-03.png","contentUrl":"https:\/\/ryfi.online\/wp-content\/uploads\/2021\/03\/2-03.png","width":1010,"height":310,"caption":"Ryan Future Investments LLC"},"image":{"@id":"https:\/\/ryfi.online\/de\/#\/schema\/logo\/image\/"},"sameAs":["https:\/\/www.facebook.com\/ryfi.online\/"]}]},"product_brand":"Mantel","og_availability":"instock","product_availability":"instock","product_condition":"new"},"jetpack-related-posts":[{"id":3721,"url":"https:\/\/ryfi.online\/de\/produkt\/minion-kapuzen-sweatshirt-fur-madchen\/","url_meta":{"origin":3736,"position":0},"title":"MINION &#8211; Sweatshirt mit Kapuze &#8211; f\u00fcr M\u00e4dchen PH1522","date":"Oktober 8, 2021","format":false,"excerpt":"Schneller und sicherer Versand in 1-3 Werktagen","rel":"","context":"\u00c4hnlicher Beitrag","img":{"alt_text":"","src":"https:\/\/i0.wp.com\/ryfi.online\/wp-content\/uploads\/2021\/10\/ph1522.jpg?resize=350%2C200&ssl=1","width":350,"height":200},"classes":[]},{"id":9462,"url":"https:\/\/ryfi.online\/de\/produkt\/t-shirt-minions-et6729\/","url_meta":{"origin":3736,"position":1},"title":"Minions-T-Shirt f\u00fcr Kinder ET6729","date":"April 29, 2022","format":false,"excerpt":"Schneller und sicherer Versand in 1-3 Werktagen","rel":"","context":"\u00c4hnlicher Beitrag","img":{"alt_text":"","src":"https:\/\/i0.wp.com\/ryfi.online\/wp-content\/uploads\/2022\/04\/et6729.e18-scaled.jpg?resize=350%2C200&ssl=1","width":350,"height":200},"classes":[]},{"id":7058,"url":"https:\/\/ryfi.online\/de\/produkt\/ryfi-pyjamas-fleece-boy-minions\/","url_meta":{"origin":3736,"position":2},"title":"Ryfi Pyjama Fleece Junge Minions HU2046","date":"Oktober 31, 2021","format":false,"excerpt":"Schneller und sicherer Versand in 1-3 Werktagen","rel":"","context":"\u00c4hnlicher Beitrag","img":{"alt_text":"","src":"https:\/\/i0.wp.com\/ryfi.online\/wp-content\/uploads\/2021\/10\/hu2046.jpg?resize=350%2C200&ssl=1","width":350,"height":200},"classes":[]},{"id":9678,"url":"https:\/\/ryfi.online\/de\/produkt\/minions-hoodie-sweatshirt-fur-jungen-minions-offizielles-produkt\/","url_meta":{"origin":3736,"position":3},"title":"Minions Kapuzen-Sweatshirt f\u00fcr Jungen &#8211; Offizielles Produkt Minions EP1033","date":"Oktober 8, 2021","format":false,"excerpt":"Schneller und sicherer Versand in 1-3 Tagen. Arbeit","rel":"","context":"\u00c4hnlicher Beitrag","img":{"alt_text":"","src":"https:\/\/i0.wp.com\/ryfi.online\/wp-content\/uploads\/2021\/10\/ep1033.jpg?resize=350%2C200&ssl=1","width":350,"height":200},"classes":[]},{"id":9552,"url":"https:\/\/ryfi.online\/de\/produkt\/mutzendiener\/","url_meta":{"origin":3736,"position":4},"title":"M\u00fctze Schergen EP4341","date":"April 27, 2022","format":false,"excerpt":"Schneller und sicherer Versand in 1-3 Werktagen Kostenlose R\u00fccksendung","rel":"","context":"\u00c4hnlicher Beitrag","img":{"alt_text":"Gelbe Minion-Kappe","src":"https:\/\/i0.wp.com\/ryfi.online\/wp-content\/uploads\/2022\/04\/ep4341_ye.jpg?resize=350%2C200&ssl=1","width":350,"height":200},"classes":[]},{"id":3897,"url":"https:\/\/ryfi.online\/de\/produkt\/unisex-jogginghose-mit-minions-print\/","url_meta":{"origin":3736,"position":5},"title":"Unisex-Jogginghose mit Minions-Aufdruck TH1211","date":"Oktober 8, 2021","format":false,"excerpt":"Kostenloser und sicherer Versand in 1-3 Werktagen","rel":"","context":"\u00c4hnlicher Beitrag","img":{"alt_text":"Trainingshose","src":"https:\/\/i0.wp.com\/ryfi.online\/wp-content\/uploads\/2021\/10\/th1211.jpg?resize=350%2C200&ssl=1","width":350,"height":200},"classes":[]}],"_links":{"self":[{"href":"https:\/\/ryfi.online\/de\/wp-json\/wp\/v2\/product\/3736","targetHints":{"allow":["GET"]}}],"collection":[{"href":"https:\/\/ryfi.online\/de\/wp-json\/wp\/v2\/product"}],"about":[{"href":"https:\/\/ryfi.online\/de\/wp-json\/wp\/v2\/types\/product"}],"replies":[{"embeddable":true,"href":"https:\/\/ryfi.online\/de\/wp-json\/wp\/v2\/comments?post=3736"}],"wp:featuredmedia":[{"embeddable":true,"href":"https:\/\/ryfi.online\/de\/wp-json\/wp\/v2\/media\/3758"}],"wp:attachment":[{"href":"https:\/\/ryfi.online\/de\/wp-json\/wp\/v2\/media?parent=3736"}],"wp:term":[{"taxonomy":"product_brand","embeddable":true,"href":"https:\/\/ryfi.online\/de\/wp-json\/wp\/v2\/product_brand?post=3736"},{"taxonomy":"product_cat","embeddable":true,"href":"https:\/\/ryfi.online\/de\/wp-json\/wp\/v2\/product_cat?post=3736"},{"taxonomy":"product_tag","embeddable":true,"href":"https:\/\/ryfi.online\/de\/wp-json\/wp\/v2\/product_tag?post=3736"}],"curies":[{"name":"wp","href":"https:\/\/api.w.org\/{rel}","templated":true}]}}