{"id":3660,"date":"2021-10-08T16:00:25","date_gmt":"2021-10-13T14:55:28","guid":{"rendered":"https:\/\/ryfi.online\/product\/frozen-maedchen-langarm-t-shirt\/"},"modified":"2022-05-16T17:39:14","modified_gmt":"2022-05-16T17:39:14","slug":"frozen-girls-langarm-t-shirt","status":"publish","type":"product","link":"https:\/\/ryfi.online\/de\/produkt\/frozen-girls-langarm-t-shirt\/","title":{"rendered":"Gefrorenes M\u00e4dchen-Langarm-T-Shirt HU1095"},"content":{"rendered":"<p>Als Geburtstagsgeschenk, zu Ostern oder einfach so. Mit diesem wundersch\u00f6nen Frozen T-Shirt k\u00f6nnen Sie nichts falsch machen! Die Verarbeitung ist hervorragend und die Farben sehr kr\u00e4ftig. Maschinenwaschbar bei 30\u00b0C, f\u00fcr lange Lebensdauer, aber Handw\u00e4sche wird empfohlen. Mit diesem Shirt fangen die Kinderaugen an zu strahlen!<\/p>\n<ul class=\"a-unordered-list a-vertical a-spacing-mini\">\n<li>Gefrorenes lang\u00e4rmliges T-Shirt f\u00fcr M\u00e4dchen<\/li>\n<li><span class=\"a-list-item\">100% Baumwolle<\/span><\/li>\n<li>Alter 4 Jahre, 5 Jahre, 6 Jahre und 8 Jahre<\/li>\n<\/ul>\n","protected":false},"excerpt":{"rendered":"<div class=\"woocommerce-product-details__short-description\">\n<div class=\"woocommerce-product-details__short-description\">\n<div class=\"woocommerce-product-details__short-description\">\n<div class=\"woocommerce-product-details__short-description\">\n<div class=\"woocommerce-product-details__short-description\">\n<div class=\"woocommerce-product-details__short-description\">\n<p>Schneller und sicherer Versand in 1-3 Werktagen<\/p>\n<\/div>\n<\/div>\n<\/div>\n<\/div>\n<\/div>\n<\/div>\n","protected":false},"featured_media":3669,"comment_status":"open","ping_status":"closed","template":"","meta":[],"product_brand":[],"product_cat":[210],"product_tag":[],"class_list":{"0":"post-3660","1":"product","2":"type-product","3":"status-publish","4":"has-post-thumbnail","6":"product_cat-jungen-t-shirt","8":"first","9":"instock","10":"featured","11":"taxable","12":"shipping-taxable","13":"purchasable","14":"product-type-variable"},"yoast_head":"<!-- This site is optimized with the Yoast SEO Premium plugin v17.1.2 (Yoast SEO v27.4) - https:\/\/yoast.com\/product\/yoast-seo-premium-wordpress\/ -->\n<title>Disney Frozen Langarm-T-Shirt f\u00fcr M\u00e4dchen Online - Ryfi Online Store<\/title>\n<meta name=\"description\" content=\"Wenn Sie online in Spanien nach Disney Frozen Girl Langarm-T-Shirts suchen, dann sind Sie hier genau richtig, der Online-Shop von Ryfi ist die beste Option f\u00fcr Sie.\" \/>\n<meta name=\"robots\" content=\"index, follow, max-snippet:-1, max-image-preview:large, max-video-preview:-1\" \/>\n<link rel=\"canonical\" href=\"https:\/\/ryfi.online\/de\/produkt\/frozen-girls-langarm-t-shirt\/\" \/>\n<meta property=\"og:locale\" content=\"de_DE\" \/>\n<meta property=\"og:type\" content=\"article\" \/>\n<meta property=\"og:title\" content=\"Gefrorenes M\u00e4dchen-Langarm-T-Shirt HU1095\" \/>\n<meta property=\"og:description\" content=\"Wenn Sie online in Spanien nach Disney Frozen Girl Langarm-T-Shirts suchen, dann sind Sie hier genau richtig, der Online-Shop von Ryfi ist die beste Option f\u00fcr Sie.\" \/>\n<meta property=\"og:url\" content=\"https:\/\/ryfi.online\/de\/produkt\/frozen-girls-langarm-t-shirt\/\" \/>\n<meta property=\"og:site_name\" content=\"Ryfi Online Store\" \/>\n<meta property=\"article:publisher\" content=\"https:\/\/www.facebook.com\/ryfi.online\/\" \/>\n<meta property=\"article:modified_time\" content=\"2022-05-16T17:39:14+00:00\" \/>\n<meta property=\"og:image\" content=\"https:\/\/ryfi.online\/wp-content\/uploads\/2021\/10\/hu1095.jpg\" \/>\n\t<meta property=\"og:image:width\" content=\"800\" \/>\n\t<meta property=\"og:image:height\" content=\"565\" \/>\n\t<meta property=\"og:image:type\" content=\"image\/jpeg\" \/>\n<meta name=\"twitter:card\" content=\"summary_large_image\" \/>\n<meta name=\"twitter:label1\" content=\"Availability\" \/>\n\t<meta name=\"twitter:data1\" content=\"In stock\" \/>\n<meta property=\"product:brand\" content=\"Jungen T-Shirt\" \/>\n<meta property=\"og:availability\" content=\"instock\" \/>\n<meta property=\"product:availability\" content=\"instock\" \/>\n<meta property=\"product:condition\" content=\"new\" \/>\n<!-- \/ Yoast SEO Premium plugin. -->","yoast_head_json":{"title":"Disney Frozen Langarm-T-Shirt f\u00fcr M\u00e4dchen Online - Ryfi Online Store","description":"Wenn Sie online in Spanien nach Disney Frozen Girl Langarm-T-Shirts suchen, dann sind Sie hier genau richtig, der Online-Shop von Ryfi ist die beste Option f\u00fcr Sie.","robots":{"index":"index","follow":"follow","max-snippet":"max-snippet:-1","max-image-preview":"max-image-preview:large","max-video-preview":"max-video-preview:-1"},"canonical":"https:\/\/ryfi.online\/de\/produkt\/frozen-girls-langarm-t-shirt\/","og_locale":"de_DE","og_type":"article","og_title":"Gefrorenes M\u00e4dchen-Langarm-T-Shirt HU1095","og_description":"Wenn Sie online in Spanien nach Disney Frozen Girl Langarm-T-Shirts suchen, dann sind Sie hier genau richtig, der Online-Shop von Ryfi ist die beste Option f\u00fcr Sie.","og_url":"https:\/\/ryfi.online\/de\/produkt\/frozen-girls-langarm-t-shirt\/","og_site_name":"Ryfi Online Store","article_publisher":"https:\/\/www.facebook.com\/ryfi.online\/","article_modified_time":"2022-05-16T17:39:14+00:00","og_image":[{"width":800,"height":565,"url":"https:\/\/ryfi.online\/wp-content\/uploads\/2021\/10\/hu1095.jpg","type":"image\/jpeg"}],"twitter_card":"summary_large_image","twitter_misc":{"Availability":"In stock"},"schema":{"@context":"https:\/\/schema.org","@graph":[{"@type":"WebPage","@id":"https:\/\/ryfi.online\/de\/produkt\/frozen-girls-langarm-t-shirt\/","url":"https:\/\/ryfi.online\/de\/produkt\/frozen-girls-langarm-t-shirt\/","name":"Disney Frozen Langarm-T-Shirt f\u00fcr M\u00e4dchen Online - Ryfi Online Store","isPartOf":{"@id":"https:\/\/ryfi.online\/de\/#website"},"primaryImageOfPage":{"@id":"https:\/\/ryfi.online\/de\/produkt\/frozen-girls-langarm-t-shirt\/#primaryimage"},"image":{"@id":"https:\/\/ryfi.online\/de\/produkt\/frozen-girls-langarm-t-shirt\/#primaryimage"},"thumbnailUrl":"https:\/\/ryfi.online\/wp-content\/uploads\/2021\/10\/hu1095.jpg","datePublished":"2021-10-13T14:55:28+00:00","dateModified":"2022-05-16T17:39:14+00:00","description":"Wenn Sie online in Spanien nach Disney Frozen Girl Langarm-T-Shirts suchen, dann sind Sie hier genau richtig, der Online-Shop von Ryfi ist die beste Option f\u00fcr Sie.","breadcrumb":{"@id":"https:\/\/ryfi.online\/de\/produkt\/frozen-girls-langarm-t-shirt\/#breadcrumb"},"inLanguage":"de","potentialAction":[{"@type":"ReadAction","target":["https:\/\/ryfi.online\/de\/produkt\/frozen-girls-langarm-t-shirt\/"]}]},{"@type":"ImageObject","inLanguage":"de","@id":"https:\/\/ryfi.online\/de\/produkt\/frozen-girls-langarm-t-shirt\/#primaryimage","url":"https:\/\/ryfi.online\/wp-content\/uploads\/2021\/10\/hu1095.jpg","contentUrl":"https:\/\/ryfi.online\/wp-content\/uploads\/2021\/10\/hu1095.jpg","width":800,"height":565,"caption":"Camiseta para ninas Frozen -1"},{"@type":"BreadcrumbList","@id":"https:\/\/ryfi.online\/de\/produkt\/frozen-girls-langarm-t-shirt\/#breadcrumb","itemListElement":[{"@type":"ListItem","position":1,"name":"Home","item":"https:\/\/ryfi.online\/de\/"},{"@type":"ListItem","position":2,"name":"Free and Fast Shipping whitin 1-3 Days!!!","item":"https:\/\/ryfi.online\/shop\/"},{"@type":"ListItem","position":3,"name":"Gefrorenes M\u00e4dchen-Langarm-T-Shirt HU1095"}]},{"@type":"WebSite","@id":"https:\/\/ryfi.online\/de\/#website","url":"https:\/\/ryfi.online\/de\/","name":"Ryfi Online Store","description":"Online Store","publisher":{"@id":"https:\/\/ryfi.online\/de\/#organization"},"potentialAction":[{"@type":"SearchAction","target":{"@type":"EntryPoint","urlTemplate":"https:\/\/ryfi.online\/de\/?s={search_term_string}"},"query-input":{"@type":"PropertyValueSpecification","valueRequired":true,"valueName":"search_term_string"}}],"inLanguage":"de"},{"@type":"Organization","@id":"https:\/\/ryfi.online\/de\/#organization","name":"Ryan Future Investments LLC","url":"https:\/\/ryfi.online\/de\/","logo":{"@type":"ImageObject","inLanguage":"de","@id":"https:\/\/ryfi.online\/de\/#\/schema\/logo\/image\/","url":"https:\/\/ryfi.online\/wp-content\/uploads\/2021\/03\/2-03.png","contentUrl":"https:\/\/ryfi.online\/wp-content\/uploads\/2021\/03\/2-03.png","width":1010,"height":310,"caption":"Ryan Future Investments LLC"},"image":{"@id":"https:\/\/ryfi.online\/de\/#\/schema\/logo\/image\/"},"sameAs":["https:\/\/www.facebook.com\/ryfi.online\/"]}]},"product_brand":"Jungen T-Shirt","og_availability":"instock","product_availability":"instock","product_condition":"new"},"jetpack-related-posts":[{"id":9541,"url":"https:\/\/ryfi.online\/de\/produkt\/kurzarm-t-shirt-frozen-ev1017\/","url_meta":{"origin":3660,"position":0},"title":"Gefrorenes Kurzarm-T-Shirt f\u00fcr M\u00e4dchen EV1017","date":"April 29, 2022","format":false,"excerpt":"Schneller und sicherer Versand in 1-3 Werktagen","rel":"","context":"\u00c4hnlicher Beitrag","img":{"alt_text":"","src":"https:\/\/i0.wp.com\/ryfi.online\/wp-content\/uploads\/2022\/04\/ev1017.jpg?resize=350%2C200&ssl=1","width":350,"height":200},"classes":[]},{"id":9763,"url":"https:\/\/ryfi.online\/de\/produkt\/t-shirt-mit-disney-frozen-design-fur-madchen\/","url_meta":{"origin":3660,"position":1},"title":"Disney Frozen T-Shirt f\u00fcr M\u00e4dchen","date":"Juni 9, 2021","format":false,"excerpt":"Kostenloser Versand 1-3 Werktage Kostenlose R\u00fccksendung","rel":"","context":"\u00c4hnlicher Beitrag","img":{"alt_text":"Disney Frozen-T-Shirt","src":"https:\/\/i0.wp.com\/ryfi.online\/wp-content\/uploads\/2021\/06\/ET1222_WH.jpg?resize=350%2C200&ssl=1","width":350,"height":200},"classes":[]},{"id":3239,"url":"https:\/\/ryfi.online\/de\/produkt\/marienkafer-madchen-langarm-t-shirt\/","url_meta":{"origin":3660,"position":2},"title":"Marienk\u00e4fer-M\u00e4dchen-Langarm-T-Shirt HU1097","date":"Oktober 8, 2021","format":false,"excerpt":"Schneller und sicherer Versand in 1-3 Werktagen","rel":"","context":"\u00c4hnlicher Beitrag","img":{"alt_text":"Camiseta para ninas Lady Bug -1","src":"https:\/\/i0.wp.com\/ryfi.online\/wp-content\/uploads\/2021\/10\/hu1097.jpg?resize=350%2C200&ssl=1","width":350,"height":200},"classes":[]},{"id":9118,"url":"https:\/\/ryfi.online\/de\/produkt\/kurzarm-t-shirt-minnie-ev1081\/","url_meta":{"origin":3660,"position":3},"title":"Minnie Kurzarm-T-Shirt f\u00fcr M\u00e4dchen EV1081","date":"April 30, 2022","format":false,"excerpt":"Schneller und sicherer Versand in 1-3 Werktagen","rel":"","context":"\u00c4hnlicher Beitrag","img":{"alt_text":"Minnie-T-Shirt","src":"https:\/\/i0.wp.com\/ryfi.online\/wp-content\/uploads\/2022\/04\/ev1081.jpg?resize=350%2C200&ssl=1","width":350,"height":200},"classes":[]},{"id":9324,"url":"https:\/\/ryfi.online\/de\/produkt\/disney-prinzessin-t-shirt-se1126\/","url_meta":{"origin":3660,"position":4},"title":"Disney Princess T-Shirt f\u00fcr M\u00e4dchen SE1126","date":"April 29, 2022","format":false,"excerpt":"Schneller und sicherer Versand in 1-3 Werktagen","rel":"","context":"\u00c4hnlicher Beitrag","img":{"alt_text":"Prinzessin-T-Shirt","src":"https:\/\/i0.wp.com\/ryfi.online\/wp-content\/uploads\/2022\/04\/se1126.jpg?resize=350%2C200&ssl=1","width":350,"height":200},"classes":[]},{"id":9304,"url":"https:\/\/ryfi.online\/de\/produkt\/peppa-pig-t-shirt-ue1120\/","url_meta":{"origin":3660,"position":5},"title":"Peppa Pig T-Shirt f\u00fcr M\u00e4dchen UE1120","date":"April 29, 2022","format":false,"excerpt":"Schneller und sicherer Versand in 1-3 Werktagen","rel":"","context":"\u00c4hnlicher Beitrag","img":{"alt_text":"","src":"https:\/\/i0.wp.com\/ryfi.online\/wp-content\/uploads\/2022\/04\/ue1120.jpg?resize=350%2C200&ssl=1","width":350,"height":200},"classes":[]}],"_links":{"self":[{"href":"https:\/\/ryfi.online\/de\/wp-json\/wp\/v2\/product\/3660","targetHints":{"allow":["GET"]}}],"collection":[{"href":"https:\/\/ryfi.online\/de\/wp-json\/wp\/v2\/product"}],"about":[{"href":"https:\/\/ryfi.online\/de\/wp-json\/wp\/v2\/types\/product"}],"replies":[{"embeddable":true,"href":"https:\/\/ryfi.online\/de\/wp-json\/wp\/v2\/comments?post=3660"}],"wp:featuredmedia":[{"embeddable":true,"href":"https:\/\/ryfi.online\/de\/wp-json\/wp\/v2\/media\/3669"}],"wp:attachment":[{"href":"https:\/\/ryfi.online\/de\/wp-json\/wp\/v2\/media?parent=3660"}],"wp:term":[{"taxonomy":"product_brand","embeddable":true,"href":"https:\/\/ryfi.online\/de\/wp-json\/wp\/v2\/product_brand?post=3660"},{"taxonomy":"product_cat","embeddable":true,"href":"https:\/\/ryfi.online\/de\/wp-json\/wp\/v2\/product_cat?post=3660"},{"taxonomy":"product_tag","embeddable":true,"href":"https:\/\/ryfi.online\/de\/wp-json\/wp\/v2\/product_tag?post=3660"}],"curies":[{"name":"wp","href":"https:\/\/api.w.org\/{rel}","templated":true}]}}