{"id":15447,"date":"2023-01-24T18:56:07","date_gmt":"2023-01-24T19:04:17","guid":{"rendered":"https:\/\/ryfi.online\/product\/weisser-baer-mit-herz-und-hut-14-zoll\/"},"modified":"2023-01-24T19:54:21","modified_gmt":"2023-01-24T19:54:21","slug":"weiser-bar-mit-herz-und-hut-14-zoll","status":"publish","type":"product","link":"https:\/\/ryfi.online\/de\/produkt\/weiser-bar-mit-herz-und-hut-14-zoll\/","title":{"rendered":"Wei\u00dfer B\u00e4r mit Herz und Hut 14 Zoll"},"content":{"rendered":"<ul class=\"a-unordered-list a-vertical a-spacing-mini\">\n<li><span class=\"a-list-item\">\ud83e\uddf8 Verschenken Sie eine super s\u00fc\u00dfe Liebesbotschaft: Valentinstag, Muttertag, Geburtstag, um Danke zu sagen &#8211; und eine s\u00fc\u00dfe Art, Ihrem Partner zu zeigen, wie sehr Sie ihn lieben! <\/span><\/li>\n<li><span class=\"a-list-item\"> \ud83d\udc96 Einfach zum Verlieben &#8211; der Teddyb\u00e4r ist sehr weich, sch\u00f6n und kuschelig und ist sehr sch\u00f6n zum Liebhaben, Kuscheln, Spielen oder einfach nur um da zu sein, wenn man ihn braucht. <\/span><\/li>\n<li><span class=\"a-list-item\"> \ud83e\uddf8 Dieser superweiche Pl\u00fcschteddy mit einer praktischen Gr\u00f6\u00dfe von 14 Zoll passt problemlos ins Kinderzimmer, in die Babytasche oder z.B. auf den Schreibtisch &#8211; mit seinem praktischen Aufh\u00e4nger l\u00e4sst sich der Herz-Teddy \u00fcberall dekorativ platzieren. <\/span><\/li>\n<li><span class=\"a-list-item\"> \ud83d\udc96 Ein absolutes Lieblingsst\u00fcck &#8211; auch nach Jahren bleibt dieser Teddyb\u00e4r eine besonders sch\u00f6ne und liebgewonnene Erinnerung. <\/span><\/li>\n<li>\ud83e\uddf8 Wei\u00dfer Teddyb\u00e4r mit einem Herz mit der Aufschrift &#8220;Ich liebe dich&#8221; und einem Hut auf dem Kopf.<\/li>\n<\/ul>\n","protected":false},"excerpt":{"rendered":"<p>Kostenlose und schnelle Lieferung in 1-3 Tagen.<\/p>\n","protected":false},"featured_media":15433,"comment_status":"open","ping_status":"closed","template":"","meta":[],"product_brand":[],"product_cat":[404],"product_tag":[],"class_list":{"0":"post-15447","1":"product","2":"type-product","3":"status-publish","4":"has-post-thumbnail","6":"product_cat-kuscheltier","8":"first","9":"instock","10":"featured","11":"taxable","12":"shipping-taxable","13":"purchasable","14":"product-type-simple"},"yoast_head":"<!-- This site is optimized with the Yoast SEO Premium plugin v17.1.2 (Yoast SEO v27.4) - https:\/\/yoast.com\/product\/yoast-seo-premium-wordpress\/ -->\n<title>Wei\u00dfer B\u00e4r mit Herz und Hut 14 Zoll - Ryfi Online Store<\/title>\n<meta name=\"description\" content=\"Wenn Sie auf der Suche nach Teddyb\u00e4ren mit Herz in Europa sind... Dann sind Sie bei uns genau richtig, Ryfi.online bietet verschiedene Arten von Pl\u00fcsch, f\u00fcr weitere Informationen besuchen Sie noch heute unsere Website!\" \/>\n<meta name=\"robots\" content=\"index, follow, max-snippet:-1, max-image-preview:large, max-video-preview:-1\" \/>\n<link rel=\"canonical\" href=\"https:\/\/ryfi.online\/de\/produkt\/weiser-bar-mit-herz-und-hut-14-zoll\/\" \/>\n<meta property=\"og:locale\" content=\"de_DE\" \/>\n<meta property=\"og:type\" content=\"article\" \/>\n<meta property=\"og:title\" content=\"Wei\u00dfer B\u00e4r mit Herz und Hut 14 Zoll\" \/>\n<meta property=\"og:description\" content=\"Wenn Sie auf der Suche nach Teddyb\u00e4ren mit Herz in Europa sind... Dann sind Sie bei uns genau richtig, Ryfi.online bietet verschiedene Arten von Pl\u00fcsch, f\u00fcr weitere Informationen besuchen Sie noch heute unsere Website!\" \/>\n<meta property=\"og:url\" content=\"https:\/\/ryfi.online\/de\/produkt\/weiser-bar-mit-herz-und-hut-14-zoll\/\" \/>\n<meta property=\"og:site_name\" content=\"Ryfi Online Store\" \/>\n<meta property=\"article:publisher\" content=\"https:\/\/www.facebook.com\/ryfi.online\/\" \/>\n<meta property=\"article:modified_time\" content=\"2023-01-24T19:54:21+00:00\" \/>\n<meta property=\"og:image\" content=\"https:\/\/ryfi.online\/wp-content\/uploads\/2023\/01\/indice.jpg\" \/>\n\t<meta property=\"og:image:width\" content=\"1152\" \/>\n\t<meta property=\"og:image:height\" content=\"2048\" \/>\n\t<meta property=\"og:image:type\" content=\"image\/jpeg\" \/>\n<meta name=\"twitter:card\" content=\"summary_large_image\" \/>\n<meta name=\"twitter:label1\" content=\"Preis\" \/>\n\t<meta name=\"twitter:data1\" content=\"&#036;19.99\" \/>\n\t<meta name=\"twitter:label2\" content=\"Availability\" \/>\n\t<meta name=\"twitter:data2\" content=\"In stock\" \/>\n<meta property=\"product:brand\" content=\"Kuscheltier\" \/>\n<meta property=\"product:price:amount\" content=\"19.99\" \/>\n<meta property=\"product:price:currency\" content=\"USD\" \/>\n<meta property=\"og:availability\" content=\"instock\" \/>\n<meta property=\"product:availability\" content=\"instock\" \/>\n<meta property=\"product:condition\" content=\"new\" \/>\n<!-- \/ Yoast SEO Premium plugin. -->","yoast_head_json":{"title":"Wei\u00dfer B\u00e4r mit Herz und Hut 14 Zoll - Ryfi Online Store","description":"Wenn Sie auf der Suche nach Teddyb\u00e4ren mit Herz in Europa sind... Dann sind Sie bei uns genau richtig, Ryfi.online bietet verschiedene Arten von Pl\u00fcsch, f\u00fcr weitere Informationen besuchen Sie noch heute unsere Website!","robots":{"index":"index","follow":"follow","max-snippet":"max-snippet:-1","max-image-preview":"max-image-preview:large","max-video-preview":"max-video-preview:-1"},"canonical":"https:\/\/ryfi.online\/de\/produkt\/weiser-bar-mit-herz-und-hut-14-zoll\/","og_locale":"de_DE","og_type":"article","og_title":"Wei\u00dfer B\u00e4r mit Herz und Hut 14 Zoll","og_description":"Wenn Sie auf der Suche nach Teddyb\u00e4ren mit Herz in Europa sind... Dann sind Sie bei uns genau richtig, Ryfi.online bietet verschiedene Arten von Pl\u00fcsch, f\u00fcr weitere Informationen besuchen Sie noch heute unsere Website!","og_url":"https:\/\/ryfi.online\/de\/produkt\/weiser-bar-mit-herz-und-hut-14-zoll\/","og_site_name":"Ryfi Online Store","article_publisher":"https:\/\/www.facebook.com\/ryfi.online\/","article_modified_time":"2023-01-24T19:54:21+00:00","og_image":[{"width":1152,"height":2048,"url":"https:\/\/ryfi.online\/wp-content\/uploads\/2023\/01\/indice.jpg","type":"image\/jpeg"}],"twitter_card":"summary_large_image","twitter_misc":{"Preis":"&#36;19.99","Availability":"In stock"},"schema":{"@context":"https:\/\/schema.org","@graph":[{"@type":"WebPage","@id":"https:\/\/ryfi.online\/de\/produkt\/weiser-bar-mit-herz-und-hut-14-zoll\/","url":"https:\/\/ryfi.online\/de\/produkt\/weiser-bar-mit-herz-und-hut-14-zoll\/","name":"Wei\u00dfer B\u00e4r mit Herz und Hut 14 Zoll - Ryfi Online Store","isPartOf":{"@id":"https:\/\/ryfi.online\/de\/#website"},"primaryImageOfPage":{"@id":"https:\/\/ryfi.online\/de\/produkt\/weiser-bar-mit-herz-und-hut-14-zoll\/#primaryimage"},"image":{"@id":"https:\/\/ryfi.online\/de\/produkt\/weiser-bar-mit-herz-und-hut-14-zoll\/#primaryimage"},"thumbnailUrl":"https:\/\/ryfi.online\/wp-content\/uploads\/2023\/01\/indice.jpg","datePublished":"2023-01-24T19:04:17+00:00","dateModified":"2023-01-24T19:54:21+00:00","description":"Wenn Sie auf der Suche nach Teddyb\u00e4ren mit Herz in Europa sind... Dann sind Sie bei uns genau richtig, Ryfi.online bietet verschiedene Arten von Pl\u00fcsch, f\u00fcr weitere Informationen besuchen Sie noch heute unsere Website!","breadcrumb":{"@id":"https:\/\/ryfi.online\/de\/produkt\/weiser-bar-mit-herz-und-hut-14-zoll\/#breadcrumb"},"inLanguage":"de","potentialAction":[{"@type":"ReadAction","target":["https:\/\/ryfi.online\/de\/produkt\/weiser-bar-mit-herz-und-hut-14-zoll\/"]}]},{"@type":"ImageObject","inLanguage":"de","@id":"https:\/\/ryfi.online\/de\/produkt\/weiser-bar-mit-herz-und-hut-14-zoll\/#primaryimage","url":"https:\/\/ryfi.online\/wp-content\/uploads\/2023\/01\/indice.jpg","contentUrl":"https:\/\/ryfi.online\/wp-content\/uploads\/2023\/01\/indice.jpg","width":1152,"height":2048},{"@type":"BreadcrumbList","@id":"https:\/\/ryfi.online\/de\/produkt\/weiser-bar-mit-herz-und-hut-14-zoll\/#breadcrumb","itemListElement":[{"@type":"ListItem","position":1,"name":"Home","item":"https:\/\/ryfi.online\/de\/"},{"@type":"ListItem","position":2,"name":"Free and Fast Shipping whitin 1-3 Days!!!","item":"https:\/\/ryfi.online\/shop\/"},{"@type":"ListItem","position":3,"name":"Wei\u00dfer B\u00e4r mit Herz und Hut 14 Zoll"}]},{"@type":"WebSite","@id":"https:\/\/ryfi.online\/de\/#website","url":"https:\/\/ryfi.online\/de\/","name":"Ryfi Online Store","description":"Online Store","publisher":{"@id":"https:\/\/ryfi.online\/de\/#organization"},"potentialAction":[{"@type":"SearchAction","target":{"@type":"EntryPoint","urlTemplate":"https:\/\/ryfi.online\/de\/?s={search_term_string}"},"query-input":{"@type":"PropertyValueSpecification","valueRequired":true,"valueName":"search_term_string"}}],"inLanguage":"de"},{"@type":"Organization","@id":"https:\/\/ryfi.online\/de\/#organization","name":"Ryan Future Investments LLC","url":"https:\/\/ryfi.online\/de\/","logo":{"@type":"ImageObject","inLanguage":"de","@id":"https:\/\/ryfi.online\/de\/#\/schema\/logo\/image\/","url":"https:\/\/ryfi.online\/wp-content\/uploads\/2021\/03\/2-03.png","contentUrl":"https:\/\/ryfi.online\/wp-content\/uploads\/2021\/03\/2-03.png","width":1010,"height":310,"caption":"Ryan Future Investments LLC"},"image":{"@id":"https:\/\/ryfi.online\/de\/#\/schema\/logo\/image\/"},"sameAs":["https:\/\/www.facebook.com\/ryfi.online\/"]}]},"product_brand":"Kuscheltier","product_price_amount":"19.99","product_price_currency":"USD","og_availability":"instock","product_availability":"instock","product_condition":"new"},"jetpack-related-posts":[{"id":15444,"url":"https:\/\/ryfi.online\/de\/produkt\/weiser-bar-mit-glucklichem-valentinstag-12-zoll\/","url_meta":{"origin":15447,"position":0},"title":"Wei\u00dfer B\u00e4r mit Happy Valentine&#8217;s Day 12 Zoll","date":"Januar 24, 2023","format":false,"excerpt":"Kostenlose und schnelle Lieferung in 1-3 Tagen.","rel":"","context":"\u00c4hnlicher Beitrag","img":{"alt_text":"","src":"","width":0,"height":0},"classes":[]},{"id":9948,"url":"https:\/\/ryfi.online\/de\/produkt\/wende-oktopus-schlusselanhanger-kuscheltier-plusch\/","url_meta":{"origin":15447,"position":1},"title":"Reversible Octopus Schl\u00fcsselanh\u00e4nger alle Farben","date":"M\u00e4rz 17, 2021","format":false,"excerpt":"Kostenloser und schneller Versand innerhalb von 1-3 Tagen. Kaufe 4, erhalte 5 Beeilen Sie sich, hei\u00dfe Verk\u00e4ufe!!! \u00a0","rel":"","context":"\u00c4hnlicher Beitrag","img":{"alt_text":"Wende-Oktopus-Schl\u00fcsselanh\u00e4nger","src":"https:\/\/i0.wp.com\/ryfi.online\/wp-content\/uploads\/2021\/03\/20.jpg?resize=350%2C200&ssl=1","width":350,"height":200},"classes":[]},{"id":6272,"url":"https:\/\/ryfi.online\/de\/produkt\/wende-oktopus-plusch\/","url_meta":{"origin":15447,"position":2},"title":"Wendbares Oktopus-Pl\u00fcsch","date":"M\u00e4rz 8, 2021","format":false,"excerpt":"Kostenloser und schneller Versand innerhalb von 1-3 Tagen. Kaufe 4, erhalte 5 Beeilen Sie sich, hei\u00dfe Verk\u00e4ufe!!! \u00a0","rel":"","context":"\u00c4hnlicher Beitrag","img":{"alt_text":"gl\u00fcckliches trauriges Stofftier","src":"https:\/\/i0.wp.com\/ryfi.online\/wp-content\/uploads\/2021\/03\/H89f48063f95940e583df854ff6ec5f689-Copy-Copy.jpg?resize=350%2C200&ssl=1","width":350,"height":200},"classes":[]},{"id":3926,"url":"https:\/\/ryfi.online\/de\/produkt\/madchen-jogginghose-mit-peppa-pig-print\/","url_meta":{"origin":15447,"position":3},"title":"M\u00e4dchen-Jogginghose mit Peppa Pig-Aufdruck TH1251","date":"Oktober 8, 2021","format":false,"excerpt":"Schneller und sicherer Versand in 1-3 Werktagen","rel":"","context":"\u00c4hnlicher Beitrag","img":{"alt_text":"Trainingsanzug f\u00fcr M\u00e4dchen Peppa Pig","src":"https:\/\/i0.wp.com\/ryfi.online\/wp-content\/uploads\/2021\/10\/th1251-Copy.jpg?resize=350%2C200&ssl=1","width":350,"height":200},"classes":[]},{"id":9278,"url":"https:\/\/ryfi.online\/de\/produkt\/cap-frozen-ue4140\/","url_meta":{"origin":15447,"position":4},"title":"Gefrorene M\u00fctze f\u00fcr M\u00e4dchen UE4140","date":"April 29, 2022","format":false,"excerpt":"Schneller und sicherer Versand in 1-3 Werktagen","rel":"","context":"\u00c4hnlicher Beitrag","img":{"alt_text":"","src":"https:\/\/i0.wp.com\/ryfi.online\/wp-content\/uploads\/2022\/04\/ue4140_lna.jpg?resize=350%2C200&ssl=1","width":350,"height":200},"classes":[]},{"id":5739,"url":"https:\/\/ryfi.online\/de\/produkt\/girls-disney-frozen-baseball-cap-for-girls\/","url_meta":{"origin":15447,"position":5},"title":"M\u00e4dchen Disney Frozen Baseball Cap ET4121","date":"Juni 9, 2021","format":false,"excerpt":"Kostenloser Versand in 1-3 Werktagen","rel":"","context":"\u00c4hnlicher Beitrag","img":{"alt_text":"Eisk\u00f6nigin M\u00fctze Disney","src":"https:\/\/i0.wp.com\/ryfi.online\/wp-content\/uploads\/2021\/06\/et4117_tur.jpg?resize=350%2C200&ssl=1","width":350,"height":200},"classes":[]}],"_links":{"self":[{"href":"https:\/\/ryfi.online\/de\/wp-json\/wp\/v2\/product\/15447","targetHints":{"allow":["GET"]}}],"collection":[{"href":"https:\/\/ryfi.online\/de\/wp-json\/wp\/v2\/product"}],"about":[{"href":"https:\/\/ryfi.online\/de\/wp-json\/wp\/v2\/types\/product"}],"replies":[{"embeddable":true,"href":"https:\/\/ryfi.online\/de\/wp-json\/wp\/v2\/comments?post=15447"}],"wp:featuredmedia":[{"embeddable":true,"href":"https:\/\/ryfi.online\/de\/wp-json\/wp\/v2\/media\/15433"}],"wp:attachment":[{"href":"https:\/\/ryfi.online\/de\/wp-json\/wp\/v2\/media?parent=15447"}],"wp:term":[{"taxonomy":"product_brand","embeddable":true,"href":"https:\/\/ryfi.online\/de\/wp-json\/wp\/v2\/product_brand?post=15447"},{"taxonomy":"product_cat","embeddable":true,"href":"https:\/\/ryfi.online\/de\/wp-json\/wp\/v2\/product_cat?post=15447"},{"taxonomy":"product_tag","embeddable":true,"href":"https:\/\/ryfi.online\/de\/wp-json\/wp\/v2\/product_tag?post=15447"}],"curies":[{"name":"wp","href":"https:\/\/api.w.org\/{rel}","templated":true}]}}