{"id":12961,"date":"2021-05-04T18:34:06","date_gmt":"2022-11-30T19:07:26","guid":{"rendered":"https:\/\/ryfi.online\/product\/paw-patrol-10-rubble-plueschspielzeug-stehendes-pluesch-mit-genaehten-details-fuer-kinder-ab-3-jahren-mehrfarbig\/"},"modified":"2022-11-30T19:07:26","modified_gmt":"2022-11-30T19:07:26","slug":"paw-patrol-10-rubble-plush-toy-standing-plush-with-stitched-detailing-for-ages-3-and-up-multicolor-2","status":"publish","type":"product","link":"https:\/\/ryfi.online\/de\/produkt\/paw-patrol-10-rubble-plush-toy-standing-plush-with-stitched-detailing-for-ages-3-and-up-multicolor-2\/","title":{"rendered":"Paw Patrol &#8211; 10&#8243; Rubble Pl\u00fcschspielzeug, stehendes Pl\u00fcsch mit gen\u00e4hten Details, f\u00fcr Kinder ab 3 Jahren, mehrfarbig"},"content":{"rendered":"<p>Kleine PAW Patrol-Fans k\u00f6nnen sich einkuscheln und von Abenteuern mit ihrem Lieblingshund Rubble tr\u00e4umen! Dieser 10&#8243; gro\u00dfe Pl\u00fcschwelpe steht von ganz alleine aufrecht und ist bereit f\u00fcr Action! Rubble tr\u00e4gt seine typische PAW Patrol Uniform, komplett mit kuscheliger M\u00fctze und PAW Patrol Abzeichen. Er hat sogar Pfotenabdr\u00fccke auf allen Vieren! Sein weiches Fell und sein ausdrucksstarkes Gesicht erwecken diese geliebte Figur zum Leben. Gib deinem kleinen PAW Patrol-Fan einen Kumpel, den er vom Spielen bis zum Mittagsschlaf mitnehmen kann &#8211; den 10&#8243; Pl\u00fcsch Rubble!<\/p>\n<ul class=\"a-unordered-list a-vertical a-spacing-mini\">\n<li><span class=\"a-list-item\">PLUSH TOY: Kuschel dich an den geliebten Welpen der PAW Patrol: Rubble! Dieser Pl\u00fcschwelpe steht ganz alleine auf Pfoten mit echten Pfotenabdr\u00fccken! Mit einer Gr\u00f6\u00dfe von 10&#8243; hat er die perfekte Gr\u00f6\u00dfe f\u00fcr kleine PAW Patrol Fans.<\/span><\/li>\n<li><span class=\"a-list-item\">REALISTISCHE EIGENSCHAFTEN: Rubble ist aus kuscheligem Material gefertigt und tr\u00e4gt einen Pl\u00fcschhut und seine typische PAW Patrol Uniform! Mit realistischen Details wird diese geliebte Figur zum Leben erweckt!<\/span><\/li>\n<li><span class=\"a-list-item\">SAMMLE SIE ALLE: Nimm alle PAW Patrol Pl\u00fcschtiere in deine Sammlung auf und erlebe die aufregenden Abenteuer der beliebten Fernsehserie nach! Jeder ist separat erh\u00e4ltlich.<\/span><\/li>\n<li><span class=\"a-list-item\">PAW Patrol Pl\u00fcsch Rubble ist f\u00fcr Kinder ab 3 Jahren geeignet. Holen Sie sich diesen Pl\u00fcschwelpen nach Hause, um zu spielen und zu tr\u00e4umen!<\/span><\/li>\n<li><span class=\"a-list-item\">Enth\u00e4lt: 10&#8243; Rubble Pl\u00fcsch<\/span><\/li>\n<\/ul>\n","protected":false},"excerpt":{"rendered":"<p>Kleine PAW Patrol-Fans k\u00f6nnen sich einkuscheln und von Abenteuern mit ihrem Lieblingshund Rubble tr\u00e4umen! Dieser 10&#8243; gro\u00dfe Pl\u00fcschwelpe steht von ganz alleine aufrecht und ist bereit f\u00fcr Action! Rubble tr\u00e4gt seine typische PAW Patrol Uniform, komplett mit kuscheliger M\u00fctze und PAW Patrol Abzeichen. Er hat sogar Pfotenabdr\u00fccke auf allen Vieren! Sein weiches Fell und sein [&hellip;]<\/p>\n","protected":false},"featured_media":10732,"comment_status":"open","ping_status":"closed","template":"","meta":[],"product_brand":[],"product_cat":[299],"product_tag":[249],"class_list":{"0":"post-12961","1":"product","2":"type-product","3":"status-publish","4":"has-post-thumbnail","6":"product_cat-pluschtiere","7":"product_tag-de","9":"first","10":"instock","11":"featured","12":"taxable","13":"shipping-taxable","14":"purchasable","15":"product-type-simple"},"yoast_head":"<!-- This site is optimized with the Yoast SEO Premium plugin v17.1.2 (Yoast SEO v27.5) - https:\/\/yoast.com\/product\/yoast-seo-premium-wordpress\/ -->\n<title>Paw Patrol Rubble Pl\u00fcschtier - Ryfi Online Store<\/title>\n<meta name=\"description\" content=\"Sie sind auf der Suche nach Paw Patrol Rubble Pl\u00fcschtieren in den USA? Dann sind Sie bei uns genau richtig, Ryfi.online bietet Ihnen die unterschiedlichsten Pl\u00fcschsorten, f\u00fcr mehr Informationen besuchen Sie noch heute unsere Website!\" \/>\n<meta name=\"robots\" content=\"index, follow, max-snippet:-1, max-image-preview:large, max-video-preview:-1\" \/>\n<link rel=\"canonical\" href=\"https:\/\/ryfi.online\/de\/produkt\/paw-patrol-10-rubble-plush-toy-standing-plush-with-stitched-detailing-for-ages-3-and-up-multicolor-2\/\" \/>\n<meta property=\"og:locale\" content=\"de_DE\" \/>\n<meta property=\"og:type\" content=\"article\" \/>\n<meta property=\"og:title\" content=\"Paw Patrol - 10&quot; Rubble Pl\u00fcschspielzeug, stehendes Pl\u00fcsch mit gen\u00e4hten Details, f\u00fcr Kinder ab 3 Jahren, mehrfarbig\" \/>\n<meta property=\"og:description\" content=\"Sie sind auf der Suche nach Paw Patrol Rubble Pl\u00fcschtieren in den USA? Dann sind Sie bei uns genau richtig, Ryfi.online bietet Ihnen die unterschiedlichsten Pl\u00fcschsorten, f\u00fcr mehr Informationen besuchen Sie noch heute unsere Website!\" \/>\n<meta property=\"og:url\" content=\"https:\/\/ryfi.online\/de\/produkt\/paw-patrol-10-rubble-plush-toy-standing-plush-with-stitched-detailing-for-ages-3-and-up-multicolor-2\/\" \/>\n<meta property=\"og:site_name\" content=\"Ryfi Online Store\" \/>\n<meta property=\"article:publisher\" content=\"https:\/\/www.facebook.com\/ryfi.online\/\" \/>\n<meta property=\"og:image\" content=\"https:\/\/ryfi.online\/wp-content\/uploads\/2021\/05\/71AtjhCJL._AC_SL1500_.jpg\" \/>\n\t<meta property=\"og:image:width\" content=\"1054\" \/>\n\t<meta property=\"og:image:height\" content=\"1500\" \/>\n\t<meta property=\"og:image:type\" content=\"image\/jpeg\" \/>\n<meta name=\"twitter:card\" content=\"summary_large_image\" \/>\n<meta name=\"twitter:label1\" content=\"Preis\" \/>\n\t<meta name=\"twitter:data1\" content=\"&#036;14.99\" \/>\n\t<meta name=\"twitter:label2\" content=\"Availability\" \/>\n\t<meta name=\"twitter:data2\" content=\"In stock\" \/>\n<meta property=\"product:brand\" content=\"Pl\u00fcschtiere\" \/>\n<meta property=\"product:price:amount\" content=\"14.99\" \/>\n<meta property=\"product:price:currency\" content=\"USD\" \/>\n<meta property=\"og:availability\" content=\"instock\" \/>\n<meta property=\"product:availability\" content=\"instock\" \/>\n<meta property=\"product:condition\" content=\"new\" \/>\n<!-- \/ Yoast SEO Premium plugin. -->","yoast_head_json":{"title":"Paw Patrol Rubble Pl\u00fcschtier - Ryfi Online Store","description":"Sie sind auf der Suche nach Paw Patrol Rubble Pl\u00fcschtieren in den USA? Dann sind Sie bei uns genau richtig, Ryfi.online bietet Ihnen die unterschiedlichsten Pl\u00fcschsorten, f\u00fcr mehr Informationen besuchen Sie noch heute unsere Website!","robots":{"index":"index","follow":"follow","max-snippet":"max-snippet:-1","max-image-preview":"max-image-preview:large","max-video-preview":"max-video-preview:-1"},"canonical":"https:\/\/ryfi.online\/de\/produkt\/paw-patrol-10-rubble-plush-toy-standing-plush-with-stitched-detailing-for-ages-3-and-up-multicolor-2\/","og_locale":"de_DE","og_type":"article","og_title":"Paw Patrol - 10\" Rubble Pl\u00fcschspielzeug, stehendes Pl\u00fcsch mit gen\u00e4hten Details, f\u00fcr Kinder ab 3 Jahren, mehrfarbig","og_description":"Sie sind auf der Suche nach Paw Patrol Rubble Pl\u00fcschtieren in den USA? Dann sind Sie bei uns genau richtig, Ryfi.online bietet Ihnen die unterschiedlichsten Pl\u00fcschsorten, f\u00fcr mehr Informationen besuchen Sie noch heute unsere Website!","og_url":"https:\/\/ryfi.online\/de\/produkt\/paw-patrol-10-rubble-plush-toy-standing-plush-with-stitched-detailing-for-ages-3-and-up-multicolor-2\/","og_site_name":"Ryfi Online Store","article_publisher":"https:\/\/www.facebook.com\/ryfi.online\/","og_image":[{"width":1054,"height":1500,"url":"https:\/\/ryfi.online\/wp-content\/uploads\/2021\/05\/71AtjhCJL._AC_SL1500_.jpg","type":"image\/jpeg"}],"twitter_card":"summary_large_image","twitter_misc":{"Preis":"&#36;14.99","Availability":"In stock"},"schema":{"@context":"https:\/\/schema.org","@graph":[{"@type":"WebPage","@id":"https:\/\/ryfi.online\/de\/produkt\/paw-patrol-10-rubble-plush-toy-standing-plush-with-stitched-detailing-for-ages-3-and-up-multicolor-2\/","url":"https:\/\/ryfi.online\/de\/produkt\/paw-patrol-10-rubble-plush-toy-standing-plush-with-stitched-detailing-for-ages-3-and-up-multicolor-2\/","name":"Paw Patrol Rubble Pl\u00fcschtier - Ryfi Online Store","isPartOf":{"@id":"https:\/\/ryfi.online\/de\/#website"},"primaryImageOfPage":{"@id":"https:\/\/ryfi.online\/de\/produkt\/paw-patrol-10-rubble-plush-toy-standing-plush-with-stitched-detailing-for-ages-3-and-up-multicolor-2\/#primaryimage"},"image":{"@id":"https:\/\/ryfi.online\/de\/produkt\/paw-patrol-10-rubble-plush-toy-standing-plush-with-stitched-detailing-for-ages-3-and-up-multicolor-2\/#primaryimage"},"thumbnailUrl":"https:\/\/ryfi.online\/wp-content\/uploads\/2021\/05\/71AtjhCJL._AC_SL1500_.jpg","datePublished":"2022-11-30T19:07:26+00:00","description":"Sie sind auf der Suche nach Paw Patrol Rubble Pl\u00fcschtieren in den USA? Dann sind Sie bei uns genau richtig, Ryfi.online bietet Ihnen die unterschiedlichsten Pl\u00fcschsorten, f\u00fcr mehr Informationen besuchen Sie noch heute unsere Website!","breadcrumb":{"@id":"https:\/\/ryfi.online\/de\/produkt\/paw-patrol-10-rubble-plush-toy-standing-plush-with-stitched-detailing-for-ages-3-and-up-multicolor-2\/#breadcrumb"},"inLanguage":"de","potentialAction":[{"@type":"ReadAction","target":["https:\/\/ryfi.online\/de\/produkt\/paw-patrol-10-rubble-plush-toy-standing-plush-with-stitched-detailing-for-ages-3-and-up-multicolor-2\/"]}]},{"@type":"ImageObject","inLanguage":"de","@id":"https:\/\/ryfi.online\/de\/produkt\/paw-patrol-10-rubble-plush-toy-standing-plush-with-stitched-detailing-for-ages-3-and-up-multicolor-2\/#primaryimage","url":"https:\/\/ryfi.online\/wp-content\/uploads\/2021\/05\/71AtjhCJL._AC_SL1500_.jpg","contentUrl":"https:\/\/ryfi.online\/wp-content\/uploads\/2021\/05\/71AtjhCJL._AC_SL1500_.jpg","width":1054,"height":1500},{"@type":"BreadcrumbList","@id":"https:\/\/ryfi.online\/de\/produkt\/paw-patrol-10-rubble-plush-toy-standing-plush-with-stitched-detailing-for-ages-3-and-up-multicolor-2\/#breadcrumb","itemListElement":[{"@type":"ListItem","position":1,"name":"Home","item":"https:\/\/ryfi.online\/de\/"},{"@type":"ListItem","position":2,"name":"Free and Fast Shipping whitin 1-3 Days!!!","item":"https:\/\/ryfi.online\/shop\/"},{"@type":"ListItem","position":3,"name":"Paw Patrol &#8211; 10&#8243; Rubble Pl\u00fcschspielzeug, stehendes Pl\u00fcsch mit gen\u00e4hten Details, f\u00fcr Kinder ab 3 Jahren, mehrfarbig"}]},{"@type":"WebSite","@id":"https:\/\/ryfi.online\/de\/#website","url":"https:\/\/ryfi.online\/de\/","name":"Ryfi Online Store","description":"Online Store","publisher":{"@id":"https:\/\/ryfi.online\/de\/#organization"},"potentialAction":[{"@type":"SearchAction","target":{"@type":"EntryPoint","urlTemplate":"https:\/\/ryfi.online\/de\/?s={search_term_string}"},"query-input":{"@type":"PropertyValueSpecification","valueRequired":true,"valueName":"search_term_string"}}],"inLanguage":"de"},{"@type":"Organization","@id":"https:\/\/ryfi.online\/de\/#organization","name":"Ryan Future Investments LLC","url":"https:\/\/ryfi.online\/de\/","logo":{"@type":"ImageObject","inLanguage":"de","@id":"https:\/\/ryfi.online\/de\/#\/schema\/logo\/image\/","url":"https:\/\/ryfi.online\/wp-content\/uploads\/2021\/03\/2-03.png","contentUrl":"https:\/\/ryfi.online\/wp-content\/uploads\/2021\/03\/2-03.png","width":1010,"height":310,"caption":"Ryan Future Investments LLC"},"image":{"@id":"https:\/\/ryfi.online\/de\/#\/schema\/logo\/image\/"},"sameAs":["https:\/\/www.facebook.com\/ryfi.online\/"]}]},"product_brand":"Pl\u00fcschtiere","product_price_amount":"14.99","product_price_currency":"USD","og_availability":"instock","product_availability":"instock","product_condition":"new"},"jetpack-related-posts":[{"id":13059,"url":"https:\/\/ryfi.online\/de\/produkt\/paw-patrol-10-marshall-plush-toy-standing-plush-with-stitched-detailing-for-ages-3-and-up-2\/","url_meta":{"origin":12961,"position":0},"title":"Paw Patrol &#8211; 10&#8243; Marshall Pl\u00fcschspielzeug, stehendes Pl\u00fcsch mit gen\u00e4hten Details, f\u00fcr 3 Jahre und \u00e4lter","date":"Mai 4, 2021","format":false,"excerpt":"Kleine PAW Patrol-Fans k\u00f6nnen sich einkuscheln und von Abenteuern mit ihrem Lieblingshund Marshall tr\u00e4umen! Dieser 10\" gro\u00dfe Pl\u00fcschwelpe steht von ganz alleine aufrecht und ist bereit f\u00fcr Action! Marshall tr\u00e4gt seine typische PAW Patrol Uniform, komplett mit kuscheliger M\u00fctze und PAW Patrol Abzeichen. Er hat sogar Pfotenabdr\u00fccke auf allen Vieren!\u2026","rel":"","context":"\u00c4hnlicher Beitrag","img":{"alt_text":"","src":"https:\/\/i0.wp.com\/ryfi.online\/wp-content\/uploads\/2021\/05\/71x19VxDhSL._AC_SL1500_.jpg?resize=350%2C200&ssl=1","width":350,"height":200},"classes":[]},{"id":12970,"url":"https:\/\/ryfi.online\/de\/produkt\/paw-patrol-10-skyye-plush-toy-standing-plush-with-stitched-detailing-for-ages-3-and-up\/","url_meta":{"origin":12961,"position":1},"title":"Paw Patrol &#8211; 10&#8243; Skye Pl\u00fcschspielzeug, stehendes Pl\u00fcsch mit gen\u00e4hten Details, f\u00fcr 3 Jahre und \u00e4lter","date":"Mai 4, 2021","format":false,"excerpt":"Kleine PAW Patrol-Fans k\u00f6nnen sich einkuscheln und von Abenteuern mit ihrer Lieblingsh\u00fcndin Skye tr\u00e4umen! Dieser 10\" gro\u00dfe Pl\u00fcschhund steht von ganz alleine aufrecht und ist bereit f\u00fcr Action! Skye tr\u00e4gt ihre typische PAW Patrol Uniform, komplett mit kuscheliger M\u00fctze und PAW Patrol Abzeichen. Sie hat sogar Pfotenabdr\u00fccke auf allen Vieren!\u2026","rel":"","context":"\u00c4hnlicher Beitrag","img":{"alt_text":"","src":"https:\/\/i0.wp.com\/ryfi.online\/wp-content\/uploads\/2021\/05\/81EbdDqXYyL._AC_SL1500_.jpg?resize=350%2C200&ssl=1","width":350,"height":200},"classes":[]},{"id":5764,"url":"https:\/\/ryfi.online\/de\/produkt\/kinder-nickelodeon-paw-patrol-design-baseball-cap\/","url_meta":{"origin":12961,"position":2},"title":"Jungen Nickelodeon Paw Patrol Baseballm\u00fctze UE4157","date":"Juni 9, 2021","format":false,"excerpt":"Kostenloser Versand in 1-3 Werktagen","rel":"","context":"\u00c4hnlicher Beitrag","img":{"alt_text":"Nickelodeon Paw Patrol M\u00fctze","src":"https:\/\/i0.wp.com\/ryfi.online\/wp-content\/uploads\/2021\/06\/ue4157_ye.jpg?resize=350%2C200&ssl=1","width":350,"height":200},"classes":[]},{"id":12938,"url":"https:\/\/ryfi.online\/de\/produkt\/paw-patrol-5-plusch-ball-plusch-fur-alter-1-und-auf\/","url_meta":{"origin":12961,"position":3},"title":"Paw Patrol &#8211; 5&#8243; Pl\u00fcschball, Pl\u00fcsch f\u00fcr 1 Jahr und \u00e4lter","date":"Mai 4, 2021","format":false,"excerpt":"ABMESSUNGEN: Jede Kugel misst ca. 5\" - 6\" im Durchmesser. Weiche, quetschbare und leichte B\u00e4lle sind erstaunlich haltbar und machen Spa\u00df. GESCHENKSET: Ideal f\u00fcr Kinder ab 1 Jahr. Ideal zum Spielen drinnen und drau\u00dfen! SPASS & SICHER: Diese Pl\u00fcschb\u00e4lle sind gef\u00fcllt und weich. Sie sind absolut sicher, machen Spa\u00df und\u2026","rel":"","context":"\u00c4hnlicher Beitrag","img":{"alt_text":"","src":"https:\/\/i0.wp.com\/ryfi.online\/wp-content\/uploads\/2021\/05\/20210504_1503061-scaled.jpg?resize=350%2C200&ssl=1","width":350,"height":200},"classes":[]},{"id":5282,"url":"https:\/\/ryfi.online\/de\/produkt\/nickelodeon-paw-patrol-pattern-baseball-cap-for-girls\/","url_meta":{"origin":12961,"position":4},"title":"M\u00e4dchen Nickelodeon Paw Patrol Baseballm\u00fctze UE4205","date":"Juni 16, 2021","format":false,"excerpt":"Kostenloser Versand 1-3 Werktage Kostenlose R\u00fccksendung","rel":"","context":"\u00c4hnlicher Beitrag","img":{"alt_text":"Paw Patrol-Kappe","src":"https:\/\/i0.wp.com\/ryfi.online\/wp-content\/uploads\/2021\/06\/ue4205_pi.jpg?resize=350%2C200&ssl=1","width":350,"height":200},"classes":[]},{"id":3826,"url":"https:\/\/ryfi.online\/de\/produkt\/paw-patrol-pyjamas-fur-kinder\/","url_meta":{"origin":12961,"position":5},"title":"Paw Patrol Jungen Schlafanzug HU2034","date":"Oktober 8, 2021","format":false,"excerpt":"Schneller und sicherer Versand in 1-3 Werktagen","rel":"","context":"\u00c4hnlicher Beitrag","img":{"alt_text":"","src":"https:\/\/i0.wp.com\/ryfi.online\/wp-content\/uploads\/2021\/10\/hu2034.jpg?resize=350%2C200&ssl=1","width":350,"height":200},"classes":[]}],"_links":{"self":[{"href":"https:\/\/ryfi.online\/de\/wp-json\/wp\/v2\/product\/12961","targetHints":{"allow":["GET"]}}],"collection":[{"href":"https:\/\/ryfi.online\/de\/wp-json\/wp\/v2\/product"}],"about":[{"href":"https:\/\/ryfi.online\/de\/wp-json\/wp\/v2\/types\/product"}],"replies":[{"embeddable":true,"href":"https:\/\/ryfi.online\/de\/wp-json\/wp\/v2\/comments?post=12961"}],"wp:featuredmedia":[{"embeddable":true,"href":"https:\/\/ryfi.online\/de\/wp-json\/wp\/v2\/media\/10732"}],"wp:attachment":[{"href":"https:\/\/ryfi.online\/de\/wp-json\/wp\/v2\/media?parent=12961"}],"wp:term":[{"taxonomy":"product_brand","embeddable":true,"href":"https:\/\/ryfi.online\/de\/wp-json\/wp\/v2\/product_brand?post=12961"},{"taxonomy":"product_cat","embeddable":true,"href":"https:\/\/ryfi.online\/de\/wp-json\/wp\/v2\/product_cat?post=12961"},{"taxonomy":"product_tag","embeddable":true,"href":"https:\/\/ryfi.online\/de\/wp-json\/wp\/v2\/product_tag?post=12961"}],"curies":[{"name":"wp","href":"https:\/\/api.w.org\/{rel}","templated":true}]}}