{"id":12938,"date":"2021-05-04T18:57:58","date_gmt":"2022-11-30T19:07:22","guid":{"rendered":"https:\/\/ryfi.online\/product\/paw-patrol-5-plueschball-pluesch-fuer-1-jahr-und-aelter\/"},"modified":"2022-11-30T19:07:22","modified_gmt":"2022-11-30T19:07:22","slug":"paw-patrol-5-plusch-ball-plusch-fur-alter-1-und-auf","status":"publish","type":"product","link":"https:\/\/ryfi.online\/de\/produkt\/paw-patrol-5-plusch-ball-plusch-fur-alter-1-und-auf\/","title":{"rendered":"Paw Patrol &#8211; 5&#8243; Pl\u00fcschball, Pl\u00fcsch f\u00fcr 1 Jahr und \u00e4lter"},"content":{"rendered":"<ul class=\"a-unordered-list a-vertical a-spacing-mini\">\n<li><span class=\"a-list-item\">ABMESSUNGEN: Jede Kugel misst ca. 5&#8243; &#8211; 6&#8243; im Durchmesser. Weiche, quetschbare und leichte B\u00e4lle sind erstaunlich haltbar und machen Spa\u00df.<\/span><\/li>\n<li><span class=\"a-list-item\">GESCHENKSET: Ideal f\u00fcr Kinder ab 1 Jahr. Ideal zum Spielen drinnen und drau\u00dfen!<\/span><\/li>\n<li><span class=\"a-list-item\">SPASS &amp; SICHER: Diese Pl\u00fcschb\u00e4lle sind gef\u00fcllt und weich. Sie sind absolut sicher, machen Spa\u00df und verletzen kleine Kinder nicht, wenn sie versehentlich von einem getroffen werden!<\/span><\/li>\n<li><span class=\"a-list-item\">PERFEKTE GR\u00d6SSE: 5&#8243; Zoll sind gro\u00df genug, um f\u00fcr Kinder jeden Alters zu spielen, sind aber auch<\/span><\/li>\n<\/ul>\n","protected":false},"excerpt":{"rendered":"<p>ABMESSUNGEN: Jede Kugel misst ca. 5&#8243; &#8211; 6&#8243; im Durchmesser. Weiche, quetschbare und leichte B\u00e4lle sind erstaunlich haltbar und machen Spa\u00df. GESCHENKSET: Ideal f\u00fcr Kinder ab 1 Jahr. Ideal zum Spielen drinnen und drau\u00dfen! SPASS &amp; SICHER: Diese Pl\u00fcschb\u00e4lle sind gef\u00fcllt und weich. Sie sind absolut sicher, machen Spa\u00df und verletzen kleine Kinder nicht, wenn [&hellip;]<\/p>\n","protected":false},"featured_media":10792,"comment_status":"open","ping_status":"closed","template":"","meta":[],"product_brand":[],"product_cat":[299],"product_tag":[249],"class_list":{"0":"post-12938","1":"product","2":"type-product","3":"status-publish","4":"has-post-thumbnail","6":"product_cat-pluschtiere","7":"product_tag-de","9":"first","10":"instock","11":"featured","12":"taxable","13":"shipping-taxable","14":"purchasable","15":"product-type-variable"},"yoast_head":"<!-- This site is optimized with the Yoast SEO Premium plugin v17.1.2 (Yoast SEO v27.4) - https:\/\/yoast.com\/product\/yoast-seo-premium-wordpress\/ -->\n<title>Paw Patrol Pl\u00fcsch-Ball - Ryfi Online Store<\/title>\n<meta name=\"description\" content=\"Sie sind auf der Suche nach Paw Patrol Pl\u00fcschball in den USA? Dann sind Sie bei uns genau richtig, Ryfi.online bietet Ihnen die unterschiedlichsten Pl\u00fcschsorten, f\u00fcr mehr Informationen besuchen Sie noch heute unsere Website!\" \/>\n<meta name=\"robots\" content=\"index, follow, max-snippet:-1, max-image-preview:large, max-video-preview:-1\" \/>\n<link rel=\"canonical\" href=\"https:\/\/ryfi.online\/de\/produkt\/paw-patrol-5-plusch-ball-plusch-fur-alter-1-und-auf\/\" \/>\n<meta property=\"og:locale\" content=\"de_DE\" \/>\n<meta property=\"og:type\" content=\"article\" \/>\n<meta property=\"og:title\" content=\"Paw Patrol - 5&quot; Pl\u00fcschball, Pl\u00fcsch f\u00fcr 1 Jahr und \u00e4lter\" \/>\n<meta property=\"og:description\" content=\"Sie sind auf der Suche nach Paw Patrol Pl\u00fcschball in den USA? Dann sind Sie bei uns genau richtig, Ryfi.online bietet Ihnen die unterschiedlichsten Pl\u00fcschsorten, f\u00fcr mehr Informationen besuchen Sie noch heute unsere Website!\" \/>\n<meta property=\"og:url\" content=\"https:\/\/ryfi.online\/de\/produkt\/paw-patrol-5-plusch-ball-plusch-fur-alter-1-und-auf\/\" \/>\n<meta property=\"og:site_name\" content=\"Ryfi Online Store\" \/>\n<meta property=\"article:publisher\" content=\"https:\/\/www.facebook.com\/ryfi.online\/\" \/>\n<meta property=\"og:image\" content=\"https:\/\/ryfi.online\/wp-content\/uploads\/2021\/05\/20210504_1503061-scaled.jpg\" \/>\n\t<meta property=\"og:image:width\" content=\"2560\" \/>\n\t<meta property=\"og:image:height\" content=\"1277\" \/>\n\t<meta property=\"og:image:type\" content=\"image\/jpeg\" \/>\n<meta name=\"twitter:card\" content=\"summary_large_image\" \/>\n<meta name=\"twitter:label1\" content=\"Availability\" \/>\n\t<meta name=\"twitter:data1\" content=\"In stock\" \/>\n<meta property=\"product:brand\" content=\"Pl\u00fcschtiere\" \/>\n<meta property=\"og:availability\" content=\"instock\" \/>\n<meta property=\"product:availability\" content=\"instock\" \/>\n<meta property=\"product:condition\" content=\"new\" \/>\n<!-- \/ Yoast SEO Premium plugin. -->","yoast_head_json":{"title":"Paw Patrol Pl\u00fcsch-Ball - Ryfi Online Store","description":"Sie sind auf der Suche nach Paw Patrol Pl\u00fcschball in den USA? Dann sind Sie bei uns genau richtig, Ryfi.online bietet Ihnen die unterschiedlichsten Pl\u00fcschsorten, f\u00fcr mehr Informationen besuchen Sie noch heute unsere Website!","robots":{"index":"index","follow":"follow","max-snippet":"max-snippet:-1","max-image-preview":"max-image-preview:large","max-video-preview":"max-video-preview:-1"},"canonical":"https:\/\/ryfi.online\/de\/produkt\/paw-patrol-5-plusch-ball-plusch-fur-alter-1-und-auf\/","og_locale":"de_DE","og_type":"article","og_title":"Paw Patrol - 5\" Pl\u00fcschball, Pl\u00fcsch f\u00fcr 1 Jahr und \u00e4lter","og_description":"Sie sind auf der Suche nach Paw Patrol Pl\u00fcschball in den USA? Dann sind Sie bei uns genau richtig, Ryfi.online bietet Ihnen die unterschiedlichsten Pl\u00fcschsorten, f\u00fcr mehr Informationen besuchen Sie noch heute unsere Website!","og_url":"https:\/\/ryfi.online\/de\/produkt\/paw-patrol-5-plusch-ball-plusch-fur-alter-1-und-auf\/","og_site_name":"Ryfi Online Store","article_publisher":"https:\/\/www.facebook.com\/ryfi.online\/","og_image":[{"width":2560,"height":1277,"url":"https:\/\/ryfi.online\/wp-content\/uploads\/2021\/05\/20210504_1503061-scaled.jpg","type":"image\/jpeg"}],"twitter_card":"summary_large_image","twitter_misc":{"Availability":"In stock"},"schema":{"@context":"https:\/\/schema.org","@graph":[{"@type":"WebPage","@id":"https:\/\/ryfi.online\/de\/produkt\/paw-patrol-5-plusch-ball-plusch-fur-alter-1-und-auf\/","url":"https:\/\/ryfi.online\/de\/produkt\/paw-patrol-5-plusch-ball-plusch-fur-alter-1-und-auf\/","name":"Paw Patrol Pl\u00fcsch-Ball - Ryfi Online Store","isPartOf":{"@id":"https:\/\/ryfi.online\/de\/#website"},"primaryImageOfPage":{"@id":"https:\/\/ryfi.online\/de\/produkt\/paw-patrol-5-plusch-ball-plusch-fur-alter-1-und-auf\/#primaryimage"},"image":{"@id":"https:\/\/ryfi.online\/de\/produkt\/paw-patrol-5-plusch-ball-plusch-fur-alter-1-und-auf\/#primaryimage"},"thumbnailUrl":"https:\/\/ryfi.online\/wp-content\/uploads\/2021\/05\/20210504_1503061-scaled.jpg","datePublished":"2022-11-30T19:07:22+00:00","description":"Sie sind auf der Suche nach Paw Patrol Pl\u00fcschball in den USA? Dann sind Sie bei uns genau richtig, Ryfi.online bietet Ihnen die unterschiedlichsten Pl\u00fcschsorten, f\u00fcr mehr Informationen besuchen Sie noch heute unsere Website!","breadcrumb":{"@id":"https:\/\/ryfi.online\/de\/produkt\/paw-patrol-5-plusch-ball-plusch-fur-alter-1-und-auf\/#breadcrumb"},"inLanguage":"de","potentialAction":[{"@type":"ReadAction","target":["https:\/\/ryfi.online\/de\/produkt\/paw-patrol-5-plusch-ball-plusch-fur-alter-1-und-auf\/"]}]},{"@type":"ImageObject","inLanguage":"de","@id":"https:\/\/ryfi.online\/de\/produkt\/paw-patrol-5-plusch-ball-plusch-fur-alter-1-und-auf\/#primaryimage","url":"https:\/\/ryfi.online\/wp-content\/uploads\/2021\/05\/20210504_1503061-scaled.jpg","contentUrl":"https:\/\/ryfi.online\/wp-content\/uploads\/2021\/05\/20210504_1503061-scaled.jpg","width":2560,"height":1277},{"@type":"BreadcrumbList","@id":"https:\/\/ryfi.online\/de\/produkt\/paw-patrol-5-plusch-ball-plusch-fur-alter-1-und-auf\/#breadcrumb","itemListElement":[{"@type":"ListItem","position":1,"name":"Home","item":"https:\/\/ryfi.online\/de\/"},{"@type":"ListItem","position":2,"name":"Free and Fast Shipping whitin 1-3 Days!!!","item":"https:\/\/ryfi.online\/shop\/"},{"@type":"ListItem","position":3,"name":"Paw Patrol &#8211; 5&#8243; Pl\u00fcschball, Pl\u00fcsch f\u00fcr 1 Jahr und \u00e4lter"}]},{"@type":"WebSite","@id":"https:\/\/ryfi.online\/de\/#website","url":"https:\/\/ryfi.online\/de\/","name":"Ryfi Online Store","description":"Online Store","publisher":{"@id":"https:\/\/ryfi.online\/de\/#organization"},"potentialAction":[{"@type":"SearchAction","target":{"@type":"EntryPoint","urlTemplate":"https:\/\/ryfi.online\/de\/?s={search_term_string}"},"query-input":{"@type":"PropertyValueSpecification","valueRequired":true,"valueName":"search_term_string"}}],"inLanguage":"de"},{"@type":"Organization","@id":"https:\/\/ryfi.online\/de\/#organization","name":"Ryan Future Investments LLC","url":"https:\/\/ryfi.online\/de\/","logo":{"@type":"ImageObject","inLanguage":"de","@id":"https:\/\/ryfi.online\/de\/#\/schema\/logo\/image\/","url":"https:\/\/ryfi.online\/wp-content\/uploads\/2021\/03\/2-03.png","contentUrl":"https:\/\/ryfi.online\/wp-content\/uploads\/2021\/03\/2-03.png","width":1010,"height":310,"caption":"Ryan Future Investments LLC"},"image":{"@id":"https:\/\/ryfi.online\/de\/#\/schema\/logo\/image\/"},"sameAs":["https:\/\/www.facebook.com\/ryfi.online\/"]}]},"product_brand":"Pl\u00fcschtiere","og_availability":"instock","product_availability":"instock","product_condition":"new"},"jetpack-related-posts":[{"id":12904,"url":"https:\/\/ryfi.online\/de\/produkt\/bikini-badeanzug\/","url_meta":{"origin":12938,"position":0},"title":"Bikini-Badeanzug","date":"April 19, 2021","format":false,"excerpt":"Kostenloser und schneller Versand innerhalb von 1-3 Tagen. Kaufe 4, erhalte 5 Beeilen Sie sich, hei\u00dfe Verk\u00e4ufe!!!","rel":"","context":"\u00c4hnlicher Beitrag","img":{"alt_text":"","src":"https:\/\/i0.wp.com\/ryfi.online\/wp-content\/uploads\/2021\/04\/f6bfce011f897d03e8f175b34aa562a2.jpg?resize=350%2C200&ssl=1","width":350,"height":200},"classes":[]},{"id":6272,"url":"https:\/\/ryfi.online\/de\/produkt\/wende-oktopus-plusch\/","url_meta":{"origin":12938,"position":1},"title":"Wendbares Oktopus-Pl\u00fcsch","date":"M\u00e4rz 8, 2021","format":false,"excerpt":"Kostenloser und schneller Versand innerhalb von 1-3 Tagen. Kaufe 4, erhalte 5 Beeilen Sie sich, hei\u00dfe Verk\u00e4ufe!!! \u00a0","rel":"","context":"\u00c4hnlicher Beitrag","img":{"alt_text":"gl\u00fcckliches trauriges Stofftier","src":"https:\/\/i0.wp.com\/ryfi.online\/wp-content\/uploads\/2021\/03\/H89f48063f95940e583df854ff6ec5f689-Copy-Copy.jpg?resize=350%2C200&ssl=1","width":350,"height":200},"classes":[]},{"id":3736,"url":"https:\/\/ryfi.online\/de\/produkt\/robe-minions-fur-kinder\/","url_meta":{"origin":12938,"position":2},"title":"Minions-Morgenmantel f\u00fcr Kinder HU2043","date":"Oktober 8, 2021","format":false,"excerpt":"Schneller und sicherer Versand in 1-3 Werktagen","rel":"","context":"\u00c4hnlicher Beitrag","img":{"alt_text":"","src":"https:\/\/i0.wp.com\/ryfi.online\/wp-content\/uploads\/2021\/10\/hu2043.jpg?resize=350%2C200&ssl=1","width":350,"height":200},"classes":[]},{"id":12970,"url":"https:\/\/ryfi.online\/de\/produkt\/paw-patrol-10-skyye-plush-toy-standing-plush-with-stitched-detailing-for-ages-3-and-up\/","url_meta":{"origin":12938,"position":3},"title":"Paw Patrol &#8211; 10&#8243; Skye Pl\u00fcschspielzeug, stehendes Pl\u00fcsch mit gen\u00e4hten Details, f\u00fcr 3 Jahre und \u00e4lter","date":"Mai 4, 2021","format":false,"excerpt":"Kleine PAW Patrol-Fans k\u00f6nnen sich einkuscheln und von Abenteuern mit ihrer Lieblingsh\u00fcndin Skye tr\u00e4umen! Dieser 10\" gro\u00dfe Pl\u00fcschhund steht von ganz alleine aufrecht und ist bereit f\u00fcr Action! Skye tr\u00e4gt ihre typische PAW Patrol Uniform, komplett mit kuscheliger M\u00fctze und PAW Patrol Abzeichen. Sie hat sogar Pfotenabdr\u00fccke auf allen Vieren!\u2026","rel":"","context":"\u00c4hnlicher Beitrag","img":{"alt_text":"","src":"https:\/\/i0.wp.com\/ryfi.online\/wp-content\/uploads\/2021\/05\/81EbdDqXYyL._AC_SL1500_.jpg?resize=350%2C200&ssl=1","width":350,"height":200},"classes":[]},{"id":7164,"url":"https:\/\/ryfi.online\/de\/produkt\/avengers-kinder-langarm-t-shirt\/","url_meta":{"origin":12938,"position":4},"title":"Avengers Kinder T-Shirt mit langen \u00c4rmeln HU1296","date":"Oktober 31, 2021","format":false,"excerpt":"Schneller und sicherer Versand in 1-3 Werktagen","rel":"","context":"\u00c4hnlicher Beitrag","img":{"alt_text":"Camiseta para ninos Avengers -1","src":"https:\/\/i0.wp.com\/ryfi.online\/wp-content\/uploads\/2021\/10\/hu1296_bl.jpg?resize=350%2C200&ssl=1","width":350,"height":200},"classes":[]},{"id":9553,"url":"https:\/\/ryfi.online\/de\/produkt\/spiderman-kinder-t-shirt-und-hosen\/","url_meta":{"origin":12938,"position":5},"title":"Spiderman Kinder T-Shirt und Hose im Set UE1109","date":"April 19, 2022","format":false,"excerpt":"Schneller und sicherer Versand in 1-3 Werktagen","rel":"","context":"\u00c4hnlicher Beitrag","img":{"alt_text":"Spiderman-Set","src":"https:\/\/i0.wp.com\/ryfi.online\/wp-content\/uploads\/2022\/04\/img_142084_b9dd3931f3ae76581b7aae01014ee611_20.jpg?resize=350%2C200&ssl=1","width":350,"height":200},"classes":[]}],"_links":{"self":[{"href":"https:\/\/ryfi.online\/de\/wp-json\/wp\/v2\/product\/12938","targetHints":{"allow":["GET"]}}],"collection":[{"href":"https:\/\/ryfi.online\/de\/wp-json\/wp\/v2\/product"}],"about":[{"href":"https:\/\/ryfi.online\/de\/wp-json\/wp\/v2\/types\/product"}],"replies":[{"embeddable":true,"href":"https:\/\/ryfi.online\/de\/wp-json\/wp\/v2\/comments?post=12938"}],"wp:featuredmedia":[{"embeddable":true,"href":"https:\/\/ryfi.online\/de\/wp-json\/wp\/v2\/media\/10792"}],"wp:attachment":[{"href":"https:\/\/ryfi.online\/de\/wp-json\/wp\/v2\/media?parent=12938"}],"wp:term":[{"taxonomy":"product_brand","embeddable":true,"href":"https:\/\/ryfi.online\/de\/wp-json\/wp\/v2\/product_brand?post=12938"},{"taxonomy":"product_cat","embeddable":true,"href":"https:\/\/ryfi.online\/de\/wp-json\/wp\/v2\/product_cat?post=12938"},{"taxonomy":"product_tag","embeddable":true,"href":"https:\/\/ryfi.online\/de\/wp-json\/wp\/v2\/product_tag?post=12938"}],"curies":[{"name":"wp","href":"https:\/\/api.w.org\/{rel}","templated":true}]}}