{"id":12904,"date":"2021-04-19T18:30:01","date_gmt":"2022-11-30T19:03:55","guid":{"rendered":"https:\/\/ryfi.online\/product\/bikini-badeanzug\/"},"modified":"2022-11-30T19:03:55","modified_gmt":"2022-11-30T19:03:55","slug":"bikini-badeanzug","status":"publish","type":"product","link":"https:\/\/ryfi.online\/de\/produkt\/bikini-badeanzug\/","title":{"rendered":"Bikini-Badeanzug"},"content":{"rendered":"<p>Women&#8217;s Sexy Bikini Badeanz\u00fcge sind zart handgefertigt sind Kristall Diamant auf beiden Bikini oben und unten, gl\u00e4nzend und funkelnd, um Sie faszinierend und attraktiv zu machen. Wir haben auf Lager 6 Farben und alle Gr\u00f6\u00dfen von Bikini-Badeanzug warten, um von Ihnen durch sichere und sichere Zahlungen nur auf <a href=\"https:\/\/ryfi.online\/\">ryfi.online<\/a> mit kostenlosen und schnellen Versand innerhalb von 1-3 Werktagen gekauft werden.<\/p>\n<p>\u2705<strong> Kostenloser und schneller Versand innerhalb von 1-3 Tagen<\/strong><\/p>\n<p>\u2705 Krawattenverschluss.100% Polyester<\/p>\n<p>\u2705 Material: Polyester, Chinlon, weich und angenehm zu tragen, langlebig und schnell trocken.<\/p>\n<p>\u2705 Zweiteilige Bikini-Badeanz\u00fcge , Halfter-Design, Krawatte im Nacken und R\u00fccken, sexy Bikinis f\u00fcr Frauen brasilianischen, Spitze, Push-up, herausnehmbare Pads.<\/p>\n<p>\u2705 Mit zarten handgefertigten Kristall-Diamanten auf beiden Bikini oben und unten, gl\u00e4nzend und funkelnd, um Sie faszinierend und attraktiv zu machen. Sexy frecher Po mit seitlicher Bindebandschleife, schick und einzigartig.<\/p>\n<p>\u2705 Perfekt f\u00fcr Tropenurlaub, Sommer, Strand &amp; Pool, Nachtclubkleidung, Strandkleidung, Party und Urlaub. geeignet f\u00fcr Schwimmen, Training, Laufen oder andere Gelegenheiten<\/p>\n<p>\u2705 Bitte w\u00e4hlen Sie die Gr\u00f6\u00dfe sorgf\u00e4ltig nach der Gr\u00f6\u00dfentabelle in der Beschreibung<\/p>\n<p>\u2705 Hohe Qualit\u00e4t und strenge Inspektion: Die sexy Bikini-Badeanz\u00fcge ist von hoher Qualit\u00e4t Strass und Legierung gemacht. Und wir sind Profis in Sachen Mode. Jeder Bikini-Badeanzug wird von uns sorgf\u00e4ltig gepr\u00fcft.<\/p>\n<p>\u2705 Sexy Kettenhalsband passt zu T-Shirts, Kleidern, Badeanz\u00fcgen\/Badeanz\u00fcgen\/Bikinis\/Tankinis, Strandm\u00e4nteln oder am nackten K\u00f6rper als Ketten-BH.<\/p>\n<p>&nbsp;<\/p>\n<p>&nbsp;<\/p>\n","protected":false},"excerpt":{"rendered":"<p><strong>Kostenloser und schneller Versand innerhalb von 1-3 Tagen.<\/strong><\/p>\n<h3><strong>Kaufe 4, erhalte 5<\/strong><\/h3>\n<h3><span style=\"color: #ff0000;\"><strong><em>Beeilen Sie sich, hei\u00dfe Verk\u00e4ufe!!!<\/em><\/strong><\/span><\/h3>\n","protected":false},"featured_media":10608,"comment_status":"open","ping_status":"closed","template":"","meta":[],"product_brand":[],"product_cat":[338],"product_tag":[249],"class_list":{"0":"post-12904","1":"product","2":"type-product","3":"status-publish","4":"has-post-thumbnail","6":"product_cat-bikini-badeanzuge","7":"product_tag-de","9":"first","10":"instock","11":"featured","12":"taxable","13":"shipping-taxable","14":"purchasable","15":"product-type-variable","16":"has-default-attributes"},"yoast_head":"<!-- This site is optimized with the Yoast SEO Premium plugin v17.1.2 (Yoast SEO v27.4) - https:\/\/yoast.com\/product\/yoast-seo-premium-wordpress\/ -->\n<title>Online Bikini-Badeanzug in USA | Sexy Bademode f\u00fcr Frauen | Niedliche Badeanz\u00fcge Shop<\/title>\n<meta name=\"description\" content=\"Kaufen Sie die neuesten Badeanz\u00fcge, sexy Bikinis und String-Bikinis in allen Gr\u00f6\u00dfen und Farben f\u00fcr Frauen in den USA im Ryfi Online Shop. Kostenloser Versand und kostenlose R\u00fccksendung.\" \/>\n<meta name=\"robots\" content=\"index, follow, max-snippet:-1, max-image-preview:large, max-video-preview:-1\" \/>\n<link rel=\"canonical\" href=\"https:\/\/ryfi.online\/de\/produkt\/bikini-badeanzug\/\" \/>\n<meta property=\"og:locale\" content=\"de_DE\" \/>\n<meta property=\"og:type\" content=\"article\" \/>\n<meta property=\"og:title\" content=\"Bikini-Badeanzug\" \/>\n<meta property=\"og:description\" content=\"Kaufen Sie die neuesten Badeanz\u00fcge, sexy Bikinis und String-Bikinis in allen Gr\u00f6\u00dfen und Farben f\u00fcr Frauen in den USA im Ryfi Online Shop. Kostenloser Versand und kostenlose R\u00fccksendung.\" \/>\n<meta property=\"og:url\" content=\"https:\/\/ryfi.online\/de\/produkt\/bikini-badeanzug\/\" \/>\n<meta property=\"og:site_name\" content=\"Ryfi Online Store\" \/>\n<meta property=\"article:publisher\" content=\"https:\/\/www.facebook.com\/ryfi.online\/\" \/>\n<meta property=\"og:image\" content=\"https:\/\/ryfi.online\/wp-content\/uploads\/2021\/04\/f6bfce011f897d03e8f175b34aa562a2.jpg\" \/>\n\t<meta property=\"og:image:width\" content=\"1024\" \/>\n\t<meta property=\"og:image:height\" content=\"1280\" \/>\n\t<meta property=\"og:image:type\" content=\"image\/jpeg\" \/>\n<meta name=\"twitter:card\" content=\"summary_large_image\" \/>\n<meta name=\"twitter:label1\" content=\"Availability\" \/>\n\t<meta name=\"twitter:data1\" content=\"In stock\" \/>\n<meta property=\"product:brand\" content=\"Bikini-Badeanz\u00fcge\" \/>\n<meta property=\"og:availability\" content=\"instock\" \/>\n<meta property=\"product:availability\" content=\"instock\" \/>\n<meta property=\"product:condition\" content=\"new\" \/>\n<!-- \/ Yoast SEO Premium plugin. -->","yoast_head_json":{"title":"Online Bikini-Badeanzug in USA | Sexy Bademode f\u00fcr Frauen | Niedliche Badeanz\u00fcge Shop","description":"Kaufen Sie die neuesten Badeanz\u00fcge, sexy Bikinis und String-Bikinis in allen Gr\u00f6\u00dfen und Farben f\u00fcr Frauen in den USA im Ryfi Online Shop. Kostenloser Versand und kostenlose R\u00fccksendung.","robots":{"index":"index","follow":"follow","max-snippet":"max-snippet:-1","max-image-preview":"max-image-preview:large","max-video-preview":"max-video-preview:-1"},"canonical":"https:\/\/ryfi.online\/de\/produkt\/bikini-badeanzug\/","og_locale":"de_DE","og_type":"article","og_title":"Bikini-Badeanzug","og_description":"Kaufen Sie die neuesten Badeanz\u00fcge, sexy Bikinis und String-Bikinis in allen Gr\u00f6\u00dfen und Farben f\u00fcr Frauen in den USA im Ryfi Online Shop. Kostenloser Versand und kostenlose R\u00fccksendung.","og_url":"https:\/\/ryfi.online\/de\/produkt\/bikini-badeanzug\/","og_site_name":"Ryfi Online Store","article_publisher":"https:\/\/www.facebook.com\/ryfi.online\/","og_image":[{"width":1024,"height":1280,"url":"https:\/\/ryfi.online\/wp-content\/uploads\/2021\/04\/f6bfce011f897d03e8f175b34aa562a2.jpg","type":"image\/jpeg"}],"twitter_card":"summary_large_image","twitter_misc":{"Availability":"In stock"},"schema":{"@context":"https:\/\/schema.org","@graph":[{"@type":"WebPage","@id":"https:\/\/ryfi.online\/de\/produkt\/bikini-badeanzug\/","url":"https:\/\/ryfi.online\/de\/produkt\/bikini-badeanzug\/","name":"Online Bikini-Badeanzug in USA | Sexy Bademode f\u00fcr Frauen | Niedliche Badeanz\u00fcge Shop","isPartOf":{"@id":"https:\/\/ryfi.online\/de\/#website"},"primaryImageOfPage":{"@id":"https:\/\/ryfi.online\/de\/produkt\/bikini-badeanzug\/#primaryimage"},"image":{"@id":"https:\/\/ryfi.online\/de\/produkt\/bikini-badeanzug\/#primaryimage"},"thumbnailUrl":"https:\/\/ryfi.online\/wp-content\/uploads\/2021\/04\/f6bfce011f897d03e8f175b34aa562a2.jpg","datePublished":"2022-11-30T19:03:55+00:00","description":"Kaufen Sie die neuesten Badeanz\u00fcge, sexy Bikinis und String-Bikinis in allen Gr\u00f6\u00dfen und Farben f\u00fcr Frauen in den USA im Ryfi Online Shop. Kostenloser Versand und kostenlose R\u00fccksendung.","breadcrumb":{"@id":"https:\/\/ryfi.online\/de\/produkt\/bikini-badeanzug\/#breadcrumb"},"inLanguage":"de","potentialAction":[{"@type":"ReadAction","target":["https:\/\/ryfi.online\/de\/produkt\/bikini-badeanzug\/"]}]},{"@type":"ImageObject","inLanguage":"de","@id":"https:\/\/ryfi.online\/de\/produkt\/bikini-badeanzug\/#primaryimage","url":"https:\/\/ryfi.online\/wp-content\/uploads\/2021\/04\/f6bfce011f897d03e8f175b34aa562a2.jpg","contentUrl":"https:\/\/ryfi.online\/wp-content\/uploads\/2021\/04\/f6bfce011f897d03e8f175b34aa562a2.jpg","width":1024,"height":1280},{"@type":"BreadcrumbList","@id":"https:\/\/ryfi.online\/de\/produkt\/bikini-badeanzug\/#breadcrumb","itemListElement":[{"@type":"ListItem","position":1,"name":"Home","item":"https:\/\/ryfi.online\/de\/"},{"@type":"ListItem","position":2,"name":"Free and Fast Shipping whitin 1-3 Days!!!","item":"https:\/\/ryfi.online\/shop\/"},{"@type":"ListItem","position":3,"name":"Bikini-Badeanzug"}]},{"@type":"WebSite","@id":"https:\/\/ryfi.online\/de\/#website","url":"https:\/\/ryfi.online\/de\/","name":"Ryfi Online Store","description":"Online Store","publisher":{"@id":"https:\/\/ryfi.online\/de\/#organization"},"potentialAction":[{"@type":"SearchAction","target":{"@type":"EntryPoint","urlTemplate":"https:\/\/ryfi.online\/de\/?s={search_term_string}"},"query-input":{"@type":"PropertyValueSpecification","valueRequired":true,"valueName":"search_term_string"}}],"inLanguage":"de"},{"@type":"Organization","@id":"https:\/\/ryfi.online\/de\/#organization","name":"Ryan Future Investments LLC","url":"https:\/\/ryfi.online\/de\/","logo":{"@type":"ImageObject","inLanguage":"de","@id":"https:\/\/ryfi.online\/de\/#\/schema\/logo\/image\/","url":"https:\/\/ryfi.online\/wp-content\/uploads\/2021\/03\/2-03.png","contentUrl":"https:\/\/ryfi.online\/wp-content\/uploads\/2021\/03\/2-03.png","width":1010,"height":310,"caption":"Ryan Future Investments LLC"},"image":{"@id":"https:\/\/ryfi.online\/de\/#\/schema\/logo\/image\/"},"sameAs":["https:\/\/www.facebook.com\/ryfi.online\/"]}]},"product_brand":"Bikini-Badeanz\u00fcge","og_availability":"instock","product_availability":"instock","product_condition":"new"},"jetpack-related-posts":[{"id":9948,"url":"https:\/\/ryfi.online\/de\/produkt\/wende-oktopus-schlusselanhanger-kuscheltier-plusch\/","url_meta":{"origin":12904,"position":0},"title":"Reversible Octopus Schl\u00fcsselanh\u00e4nger alle Farben","date":"M\u00e4rz 17, 2021","format":false,"excerpt":"Kostenloser und schneller Versand innerhalb von 1-3 Tagen. Kaufe 4, erhalte 5 Beeilen Sie sich, hei\u00dfe Verk\u00e4ufe!!! \u00a0","rel":"","context":"\u00c4hnlicher Beitrag","img":{"alt_text":"Wende-Oktopus-Schl\u00fcsselanh\u00e4nger","src":"https:\/\/i0.wp.com\/ryfi.online\/wp-content\/uploads\/2021\/03\/20.jpg?resize=350%2C200&ssl=1","width":350,"height":200},"classes":[]},{"id":6272,"url":"https:\/\/ryfi.online\/de\/produkt\/wende-oktopus-plusch\/","url_meta":{"origin":12904,"position":1},"title":"Wendbares Oktopus-Pl\u00fcsch","date":"M\u00e4rz 8, 2021","format":false,"excerpt":"Kostenloser und schneller Versand innerhalb von 1-3 Tagen. Kaufe 4, erhalte 5 Beeilen Sie sich, hei\u00dfe Verk\u00e4ufe!!! \u00a0","rel":"","context":"\u00c4hnlicher Beitrag","img":{"alt_text":"gl\u00fcckliches trauriges Stofftier","src":"https:\/\/i0.wp.com\/ryfi.online\/wp-content\/uploads\/2021\/03\/H89f48063f95940e583df854ff6ec5f689-Copy-Copy.jpg?resize=350%2C200&ssl=1","width":350,"height":200},"classes":[]},{"id":12734,"url":"https:\/\/ryfi.online\/de\/produkt\/iphone-11-etui-mobiltelefon-etui-mit-magnetischer-adsorption-kartenhalterung-fur-iphone-11\/","url_meta":{"origin":12904,"position":2},"title":"iPhone 11 Tasche Handy mit Kartenhalter f\u00fcr iPhone 11,11 Pro,11 Pro Max","date":"M\u00e4rz 10, 2021","format":false,"excerpt":"Kostenloser und schneller Versand innerhalb von 1-3 Tagen. Kaufe 4, erhalte 5 Beeilen Sie sich, hei\u00dfe Verk\u00e4ufe!!!","rel":"","context":"\u00c4hnlicher Beitrag","img":{"alt_text":"","src":"https:\/\/i0.wp.com\/ryfi.online\/wp-content\/uploads\/2021\/03\/HTB16OjSX7P2gK0jSZPx761cQpXaw.png?resize=350%2C200&ssl=1","width":350,"height":200},"classes":[]},{"id":12833,"url":"https:\/\/ryfi.online\/de\/produkt\/iphone-12-alle-modelle-etui-mobiltelefon-etui-mit-magnetischer-adsorption-kartenhalter-fur-iphone-1212-pro12-pro-max12-mini\/","url_meta":{"origin":12904,"position":3},"title":"iPhone 12 Handytasche mit Kartenhalter f\u00fcr iPhone 12,12 Pro,12 Pro Max,12 Mini","date":"M\u00e4rz 15, 2021","format":false,"excerpt":"Kostenloser und schneller Versand innerhalb von 1-3 Tagen. Kaufe 4, erhalte 5 Beeilen Sie sich, hei\u00dfe Verk\u00e4ufe!!!","rel":"","context":"\u00c4hnlicher Beitrag","img":{"alt_text":"","src":"https:\/\/i0.wp.com\/ryfi.online\/wp-content\/uploads\/2021\/03\/H9fbad9f47c5041c980a84525fb257ec9v-1.png?resize=350%2C200&ssl=1","width":350,"height":200},"classes":[]},{"id":12724,"url":"https:\/\/ryfi.online\/de\/produkt\/iphone-xs-max-etui-mobiltelefonetui-mit-magnetischer-adsorption-kartenhalterung-fur-iphone-xs-max\/","url_meta":{"origin":12904,"position":4},"title":"iPhone Xs Max H\u00fclle Handy mit Kartenhalter f\u00fcr iPhone Xs Max","date":"M\u00e4rz 13, 2021","format":false,"excerpt":"Kostenloser und schneller Versand innerhalb von 1-3 Tagen. Kaufe 4, erhalte 5 Beeilen Sie sich, hei\u00dfe Verk\u00e4ufe!!!","rel":"","context":"\u00c4hnlicher Beitrag","img":{"alt_text":"","src":"https:\/\/i0.wp.com\/ryfi.online\/wp-content\/uploads\/2021\/03\/HTB17H_UXYr1gK0jSZR0762P8XXaD-1.png?resize=350%2C200&ssl=1","width":350,"height":200},"classes":[]},{"id":12898,"url":"https:\/\/ryfi.online\/de\/produkt\/marvel-universe-16-5oz-kids-sullivan-sports-wasser-flasche-bpa-frei-schwarz-rot-blau\/","url_meta":{"origin":12904,"position":5},"title":"Marvel Universe 16,5oz Kinder Sullivan Sport Wasserflasche, BPA-frei, schwarz, rot, blau","date":"April 4, 2021","format":false,"excerpt":"Kostenloser und schneller Versand innerhalb von 1-3 Tagen. Kaufe 4, erhalte 5 Beeilen Sie sich, hei\u00dfe Verk\u00e4ufe!!!","rel":"","context":"\u00c4hnlicher Beitrag","img":{"alt_text":"","src":"https:\/\/i0.wp.com\/ryfi.online\/wp-content\/uploads\/2021\/04\/51yLdOxL4L._AC_.jpg?resize=350%2C200&ssl=1","width":350,"height":200},"classes":[]}],"_links":{"self":[{"href":"https:\/\/ryfi.online\/de\/wp-json\/wp\/v2\/product\/12904","targetHints":{"allow":["GET"]}}],"collection":[{"href":"https:\/\/ryfi.online\/de\/wp-json\/wp\/v2\/product"}],"about":[{"href":"https:\/\/ryfi.online\/de\/wp-json\/wp\/v2\/types\/product"}],"replies":[{"embeddable":true,"href":"https:\/\/ryfi.online\/de\/wp-json\/wp\/v2\/comments?post=12904"}],"wp:featuredmedia":[{"embeddable":true,"href":"https:\/\/ryfi.online\/de\/wp-json\/wp\/v2\/media\/10608"}],"wp:attachment":[{"href":"https:\/\/ryfi.online\/de\/wp-json\/wp\/v2\/media?parent=12904"}],"wp:term":[{"taxonomy":"product_brand","embeddable":true,"href":"https:\/\/ryfi.online\/de\/wp-json\/wp\/v2\/product_brand?post=12904"},{"taxonomy":"product_cat","embeddable":true,"href":"https:\/\/ryfi.online\/de\/wp-json\/wp\/v2\/product_cat?post=12904"},{"taxonomy":"product_tag","embeddable":true,"href":"https:\/\/ryfi.online\/de\/wp-json\/wp\/v2\/product_tag?post=12904"}],"curies":[{"name":"wp","href":"https:\/\/api.w.org\/{rel}","templated":true}]}}