{"id":12873,"date":"2021-04-04T20:23:05","date_gmt":"2022-11-30T18:58:21","guid":{"rendered":"https:\/\/ryfi.online\/product\/disney-minnie-mouse-gestreift-15oz-buddy-sip-becher-mit-deckel-strohhalm-bpa-frei\/"},"modified":"2025-09-25T05:24:54","modified_gmt":"2025-09-25T05:24:54","slug":"disney-minnie-maus-gestreift-15oz-buddy-sip-tumbler-becher-mit-deckel-stroh-bpa-frei","status":"publish","type":"product","link":"https:\/\/ryfi.online\/de\/produkt\/disney-minnie-maus-gestreift-15oz-buddy-sip-tumbler-becher-mit-deckel-stroh-bpa-frei\/","title":{"rendered":"Disney Minnie Mouse gestreift 15oz Buddy Sip Becher mit Deckel &amp; Strohhalm, BPA-frei"},"content":{"rendered":"<div class=\"celwidget\" data-csa-c-id=\"yputfv-akga7c-z8rex3-pmreuu\" data-cel-widget=\"dpx-product-description_csm_instrumentation_wrapper\">\n<div id=\"descriptionAndDetails\" class=\"a-section a-spacing-extra-large\">\n<div id=\"productDescription_feature_div\" class=\"celwidget\" data-feature-name=\"productDescription\" data-csa-c-id=\"xhgkch-ewo0w8-de55vr-x83okb\" data-cel-widget=\"productDescription_feature_div\">\n<div>\n<div id=\"productDescription_feature_div\" class=\"a-row feature\" data-feature-name=\"productDescription\" data-template-name=\"productDescription\" data-cel-widget=\"productDescription_feature_div\">\n<div id=\"productDescription\" class=\"a-section a-spacing-small\">\n<p>Dieses Becherset funktioniert nach dem Buddy-System &#8211; mit Disneys Minnie Mouse macht Trinken Spa\u00df! Dieser Trinkbecher mit Strohhalm, Deckel und Figur leistet Kindern Gesellschaft und f\u00f6rdert die gesunde Aufnahme von Wasser w\u00e4hrend des Tages. Er fasst 15 Unzen und ist aus haltbaren, langlebigen Materialien gefertigt. Der Ziehharmonika-Strohhalm ist sowohl flexibel als auch bissfest und hat einen Stopper, damit er nicht herausgezogen wird und verloren geht. Die Charaktergrafik ist vollst\u00e4ndig umh\u00fcllt und die Figur auf dem Deckel ist in 360 Grad modelliert, was bedeutet, dass sie aus allen Blickwinkeln sichtbar ist. Der Becher ist so bemessen, dass er auch von kleinen H\u00e4nden bequem gehalten werden kann, und er passt in die meisten Becherhalter im Auto, so dass er bequem mitgenommen werden kann. Alles ist komplett BPA-frei und sp\u00fclmaschinenfest. Nicht in die Mikrowelle stellen. Empfohlen f\u00fcr Kinder ab 3 Jahren. Satz von 1.<\/p>\n<\/div>\n<\/div>\n<\/div>\n<\/div>\n<\/div>\n<\/div>\n<p><span class=\"a-list-item\">\u2705 Set mit einem 15-Unzen-Buddy-Sip-Becher mit Disney&#8217;s Minnie Mouse!<\/span><\/p>\n<p><span class=\"a-list-item\">\u2705 Becher mit Strohhalm, Druckdeckel und Figur sind aus strapazierf\u00e4higen, langlebigen Materialien gefertigt<\/span><\/p>\n<p><span class=\"a-list-item\">\u2705 Der Akkordeonstrohhalm ist flexibel, besonders haltbar und widerstandsf\u00e4hig gegen Kauen<\/span><\/p>\n<p><span class=\"a-list-item\">\u2705 Die Figur auf dem Deckel ist in 360 Grad modelliert und die Grafik ist vollst\u00e4ndig umh\u00fcllt, damit sie aus allen Blickwinkeln Spa\u00df macht<\/span><\/p>\n<p><span class=\"a-list-item\">\u2705 BPA-frei, sp\u00fclmaschinenfest, nicht f\u00fcr die Mikrowelle geeignet, empfohlen f\u00fcr Kinder ab 3 Jahren<\/span><\/p>\n","protected":false},"excerpt":{"rendered":"<p><strong>Kostenloser und schneller Versand innerhalb von 1-3 Tagen.<\/strong><\/p>\n<h3><strong>Kaufe 4, erhalte 5<\/strong><\/h3>\n<h3><span style=\"color: #ff0000;\"><strong><em>Beeilen Sie sich, hei\u00dfe Verk\u00e4ufe!!!<\/em><\/strong><\/span><\/h3>\n<h3><\/h3>\n","protected":false},"featured_media":10576,"comment_status":"open","ping_status":"closed","template":"","meta":[],"product_brand":[],"product_cat":[229],"product_tag":[249],"class_list":{"0":"post-12873","1":"product","2":"type-product","3":"status-publish","4":"has-post-thumbnail","6":"product_cat-sport-wasserflaschen","7":"product_tag-de","9":"first","10":"instock","11":"featured","12":"taxable","13":"shipping-taxable","14":"purchasable","15":"product-type-simple"},"yoast_head":"<!-- This site is optimized with the Yoast SEO Premium plugin v17.1.2 (Yoast SEO v27.4) - https:\/\/yoast.com\/product\/yoast-seo-premium-wordpress\/ -->\n<title>Disney Minnie Mouse Gestreift USA - Ryfi Online Store<\/title>\n<meta name=\"description\" content=\"Disney Minnie Mouse gestreifter Becher f\u00fcr Kinder in Rot und anderen l\u00e4ssigen Farben im Ryfi Online Shop kaufen. Unsere gro\u00dfe Auswahl ist versandkostenfrei und kann kostenlos zur\u00fcckgegeben werden.\" \/>\n<meta name=\"robots\" content=\"index, follow, max-snippet:-1, max-image-preview:large, max-video-preview:-1\" \/>\n<link rel=\"canonical\" href=\"https:\/\/ryfi.online\/de\/produkt\/disney-minnie-maus-gestreift-15oz-buddy-sip-tumbler-becher-mit-deckel-stroh-bpa-frei\/\" \/>\n<meta property=\"og:locale\" content=\"de_DE\" \/>\n<meta property=\"og:type\" content=\"article\" \/>\n<meta property=\"og:title\" content=\"Disney Minnie Mouse gestreift 15oz Buddy Sip Becher mit Deckel &amp; Strohhalm, BPA-frei\" \/>\n<meta property=\"og:description\" content=\"Disney Minnie Mouse gestreifter Becher f\u00fcr Kinder in Rot und anderen l\u00e4ssigen Farben im Ryfi Online Shop kaufen. Unsere gro\u00dfe Auswahl ist versandkostenfrei und kann kostenlos zur\u00fcckgegeben werden.\" \/>\n<meta property=\"og:url\" content=\"https:\/\/ryfi.online\/de\/produkt\/disney-minnie-maus-gestreift-15oz-buddy-sip-tumbler-becher-mit-deckel-stroh-bpa-frei\/\" \/>\n<meta property=\"og:site_name\" content=\"Ryfi Online Store\" \/>\n<meta property=\"article:publisher\" content=\"https:\/\/www.facebook.com\/ryfi.online\/\" \/>\n<meta property=\"article:modified_time\" content=\"2025-09-25T05:24:54+00:00\" \/>\n<meta property=\"og:image\" content=\"https:\/\/ryfi.online\/wp-content\/uploads\/2021\/04\/71jFmrzWXL._AC_SL1244_.jpg\" \/>\n\t<meta property=\"og:image:width\" content=\"1116\" \/>\n\t<meta property=\"og:image:height\" content=\"1124\" \/>\n\t<meta property=\"og:image:type\" content=\"image\/jpeg\" \/>\n<meta name=\"twitter:card\" content=\"summary_large_image\" \/>\n<meta name=\"twitter:label1\" content=\"Preis\" \/>\n\t<meta name=\"twitter:data1\" content=\"&#036;12.99\" \/>\n\t<meta name=\"twitter:label2\" content=\"Availability\" \/>\n\t<meta name=\"twitter:data2\" content=\"In stock\" \/>\n<meta property=\"product:brand\" content=\"Sport Wasserflaschen\" \/>\n<meta property=\"product:price:amount\" content=\"12.99\" \/>\n<meta property=\"product:price:currency\" content=\"USD\" \/>\n<meta property=\"og:availability\" content=\"instock\" \/>\n<meta property=\"product:availability\" content=\"instock\" \/>\n<meta property=\"product:condition\" content=\"new\" \/>\n<!-- \/ Yoast SEO Premium plugin. -->","yoast_head_json":{"title":"Disney Minnie Mouse Gestreift USA - Ryfi Online Store","description":"Disney Minnie Mouse gestreifter Becher f\u00fcr Kinder in Rot und anderen l\u00e4ssigen Farben im Ryfi Online Shop kaufen. Unsere gro\u00dfe Auswahl ist versandkostenfrei und kann kostenlos zur\u00fcckgegeben werden.","robots":{"index":"index","follow":"follow","max-snippet":"max-snippet:-1","max-image-preview":"max-image-preview:large","max-video-preview":"max-video-preview:-1"},"canonical":"https:\/\/ryfi.online\/de\/produkt\/disney-minnie-maus-gestreift-15oz-buddy-sip-tumbler-becher-mit-deckel-stroh-bpa-frei\/","og_locale":"de_DE","og_type":"article","og_title":"Disney Minnie Mouse gestreift 15oz Buddy Sip Becher mit Deckel &amp; Strohhalm, BPA-frei","og_description":"Disney Minnie Mouse gestreifter Becher f\u00fcr Kinder in Rot und anderen l\u00e4ssigen Farben im Ryfi Online Shop kaufen. Unsere gro\u00dfe Auswahl ist versandkostenfrei und kann kostenlos zur\u00fcckgegeben werden.","og_url":"https:\/\/ryfi.online\/de\/produkt\/disney-minnie-maus-gestreift-15oz-buddy-sip-tumbler-becher-mit-deckel-stroh-bpa-frei\/","og_site_name":"Ryfi Online Store","article_publisher":"https:\/\/www.facebook.com\/ryfi.online\/","article_modified_time":"2025-09-25T05:24:54+00:00","og_image":[{"width":1116,"height":1124,"url":"https:\/\/ryfi.online\/wp-content\/uploads\/2021\/04\/71jFmrzWXL._AC_SL1244_.jpg","type":"image\/jpeg"}],"twitter_card":"summary_large_image","twitter_misc":{"Preis":"&#36;12.99","Availability":"In stock"},"schema":{"@context":"https:\/\/schema.org","@graph":[{"@type":"WebPage","@id":"https:\/\/ryfi.online\/de\/produkt\/disney-minnie-maus-gestreift-15oz-buddy-sip-tumbler-becher-mit-deckel-stroh-bpa-frei\/","url":"https:\/\/ryfi.online\/de\/produkt\/disney-minnie-maus-gestreift-15oz-buddy-sip-tumbler-becher-mit-deckel-stroh-bpa-frei\/","name":"Disney Minnie Mouse Gestreift USA - Ryfi Online Store","isPartOf":{"@id":"https:\/\/ryfi.online\/de\/#website"},"primaryImageOfPage":{"@id":"https:\/\/ryfi.online\/de\/produkt\/disney-minnie-maus-gestreift-15oz-buddy-sip-tumbler-becher-mit-deckel-stroh-bpa-frei\/#primaryimage"},"image":{"@id":"https:\/\/ryfi.online\/de\/produkt\/disney-minnie-maus-gestreift-15oz-buddy-sip-tumbler-becher-mit-deckel-stroh-bpa-frei\/#primaryimage"},"thumbnailUrl":"https:\/\/ryfi.online\/wp-content\/uploads\/2021\/04\/71jFmrzWXL._AC_SL1244_.jpg","datePublished":"2022-11-30T18:58:21+00:00","dateModified":"2025-09-25T05:24:54+00:00","description":"Disney Minnie Mouse gestreifter Becher f\u00fcr Kinder in Rot und anderen l\u00e4ssigen Farben im Ryfi Online Shop kaufen. Unsere gro\u00dfe Auswahl ist versandkostenfrei und kann kostenlos zur\u00fcckgegeben werden.","breadcrumb":{"@id":"https:\/\/ryfi.online\/de\/produkt\/disney-minnie-maus-gestreift-15oz-buddy-sip-tumbler-becher-mit-deckel-stroh-bpa-frei\/#breadcrumb"},"inLanguage":"de","potentialAction":[{"@type":"ReadAction","target":["https:\/\/ryfi.online\/de\/produkt\/disney-minnie-maus-gestreift-15oz-buddy-sip-tumbler-becher-mit-deckel-stroh-bpa-frei\/"]}]},{"@type":"ImageObject","inLanguage":"de","@id":"https:\/\/ryfi.online\/de\/produkt\/disney-minnie-maus-gestreift-15oz-buddy-sip-tumbler-becher-mit-deckel-stroh-bpa-frei\/#primaryimage","url":"https:\/\/ryfi.online\/wp-content\/uploads\/2021\/04\/71jFmrzWXL._AC_SL1244_.jpg","contentUrl":"https:\/\/ryfi.online\/wp-content\/uploads\/2021\/04\/71jFmrzWXL._AC_SL1244_.jpg","width":1116,"height":1124},{"@type":"BreadcrumbList","@id":"https:\/\/ryfi.online\/de\/produkt\/disney-minnie-maus-gestreift-15oz-buddy-sip-tumbler-becher-mit-deckel-stroh-bpa-frei\/#breadcrumb","itemListElement":[{"@type":"ListItem","position":1,"name":"Home","item":"https:\/\/ryfi.online\/de\/"},{"@type":"ListItem","position":2,"name":"Free and Fast Shipping whitin 1-3 Days!!!","item":"https:\/\/ryfi.online\/shop\/"},{"@type":"ListItem","position":3,"name":"Disney Minnie Mouse gestreift 15oz Buddy Sip Becher mit Deckel &amp; Strohhalm, BPA-frei"}]},{"@type":"WebSite","@id":"https:\/\/ryfi.online\/de\/#website","url":"https:\/\/ryfi.online\/de\/","name":"Ryfi Online Store","description":"Online Store","publisher":{"@id":"https:\/\/ryfi.online\/de\/#organization"},"potentialAction":[{"@type":"SearchAction","target":{"@type":"EntryPoint","urlTemplate":"https:\/\/ryfi.online\/de\/?s={search_term_string}"},"query-input":{"@type":"PropertyValueSpecification","valueRequired":true,"valueName":"search_term_string"}}],"inLanguage":"de"},{"@type":"Organization","@id":"https:\/\/ryfi.online\/de\/#organization","name":"Ryan Future Investments LLC","url":"https:\/\/ryfi.online\/de\/","logo":{"@type":"ImageObject","inLanguage":"de","@id":"https:\/\/ryfi.online\/de\/#\/schema\/logo\/image\/","url":"https:\/\/ryfi.online\/wp-content\/uploads\/2021\/03\/2-03.png","contentUrl":"https:\/\/ryfi.online\/wp-content\/uploads\/2021\/03\/2-03.png","width":1010,"height":310,"caption":"Ryan Future Investments LLC"},"image":{"@id":"https:\/\/ryfi.online\/de\/#\/schema\/logo\/image\/"},"sameAs":["https:\/\/www.facebook.com\/ryfi.online\/"]}]},"product_brand":"Sport Wasserflaschen","product_price_amount":"12.99","product_price_currency":"USD","og_availability":"instock","product_availability":"instock","product_condition":"new"},"jetpack-related-posts":[{"id":12878,"url":"https:\/\/ryfi.online\/de\/produkt\/disney-1-pack-minnie-maus-bowtique-16oz-pull-top-squirt-wasser-flaschen-lila-rosa-bpa-frei\/","url_meta":{"origin":12873,"position":0},"title":"Disney 1-Pack Minnie Mouse Bowtique 16oz Pull-Top Squirt Wasserflaschen, lila\/rosa, BPA-frei","date":"April 4, 2021","format":false,"excerpt":"Kostenloser und schneller Versand innerhalb von 1-3 Tagen. Kaufe 4, erhalte 5 Beeilen Sie sich, hei\u00dfe Verk\u00e4ufe!!!","rel":"","context":"\u00c4hnlicher Beitrag","img":{"alt_text":"","src":"https:\/\/i0.wp.com\/ryfi.online\/wp-content\/uploads\/2021\/04\/51TjhBshTML._AC_SL1000_.jpg?resize=350%2C200&ssl=1","width":350,"height":200},"classes":[]},{"id":5666,"url":"https:\/\/ryfi.online\/de\/produkt\/baseball-cap-mit-disney-minnie-design-fur-madchen\/","url_meta":{"origin":12873,"position":1},"title":"M\u00e4dchen Disney Minnie Mouse Baseball Cap ET4050","date":"Juni 9, 2021","format":false,"excerpt":"Kostenloser Versand in 1-3 Werktagen","rel":"","context":"\u00c4hnlicher Beitrag","img":{"alt_text":"Disney Minnie M\u00fctze","src":"https:\/\/i0.wp.com\/ryfi.online\/wp-content\/uploads\/2021\/06\/et4050_pi.jpg?resize=350%2C200&ssl=1","width":350,"height":200},"classes":[]},{"id":12898,"url":"https:\/\/ryfi.online\/de\/produkt\/marvel-universe-16-5oz-kids-sullivan-sports-wasser-flasche-bpa-frei-schwarz-rot-blau\/","url_meta":{"origin":12873,"position":2},"title":"Marvel Universe 16,5oz Kinder Sullivan Sport Wasserflasche, BPA-frei, schwarz, rot, blau","date":"April 4, 2021","format":false,"excerpt":"Kostenloser und schneller Versand innerhalb von 1-3 Tagen. Kaufe 4, erhalte 5 Beeilen Sie sich, hei\u00dfe Verk\u00e4ufe!!!","rel":"","context":"\u00c4hnlicher Beitrag","img":{"alt_text":"","src":"https:\/\/i0.wp.com\/ryfi.online\/wp-content\/uploads\/2021\/04\/51yLdOxL4L._AC_.jpg?resize=350%2C200&ssl=1","width":350,"height":200},"classes":[]},{"id":5806,"url":"https:\/\/ryfi.online\/de\/produkt\/baseball-cap-mit-disney-mickey-muster-fur-kinder\/","url_meta":{"origin":12873,"position":3},"title":"Jungen Disney Mickey Design Baseball Cap UE4176","date":"Juni 9, 2021","format":false,"excerpt":"Kostenloser Versand in 1-3 Werktagen","rel":"","context":"\u00c4hnlicher Beitrag","img":{"alt_text":"Disney Micky M\u00fctze","src":"https:\/\/i0.wp.com\/ryfi.online\/wp-content\/uploads\/2021\/06\/ue4176_lna.jpg?resize=350%2C200&ssl=1","width":350,"height":200},"classes":[]},{"id":5739,"url":"https:\/\/ryfi.online\/de\/produkt\/girls-disney-frozen-baseball-cap-for-girls\/","url_meta":{"origin":12873,"position":4},"title":"M\u00e4dchen Disney Frozen Baseball Cap ET4121","date":"Juni 9, 2021","format":false,"excerpt":"Kostenloser Versand in 1-3 Werktagen","rel":"","context":"\u00c4hnlicher Beitrag","img":{"alt_text":"Eisk\u00f6nigin M\u00fctze Disney","src":"https:\/\/i0.wp.com\/ryfi.online\/wp-content\/uploads\/2021\/06\/et4117_tur.jpg?resize=350%2C200&ssl=1","width":350,"height":200},"classes":[]},{"id":12659,"url":"https:\/\/ryfi.online\/de\/produkt\/disney-minnie-design-baseballmutze-fur-madchen\/","url_meta":{"origin":12873,"position":5},"title":"M\u00e4dchen Disney Minnie Baseballcap","date":"Juni 9, 2021","format":false,"excerpt":"Als Geburtstagsgeschenk, Feiertage oder zu Ostern oder einfach so. Mit der sch\u00f6nen Disney Minnie Cap kannst du nichts falsch machen! 100 % Baumwolle und 100 % Polyester. Auf der R\u00fcckseite befindet sich ein Verschluss f\u00fcr eine perfekte Passform mit den kleinen K\u00f6pfen f\u00fcr maximalen Komfort. Die Verarbeitung ist hervorragend und\u2026","rel":"","context":"\u00c4hnlicher Beitrag","img":{"alt_text":"Disney Minnie M\u00fctze","src":"https:\/\/i0.wp.com\/ryfi.online\/wp-content\/uploads\/2021\/06\/et4050_pi.jpg?resize=350%2C200&ssl=1","width":350,"height":200},"classes":[]}],"_links":{"self":[{"href":"https:\/\/ryfi.online\/de\/wp-json\/wp\/v2\/product\/12873","targetHints":{"allow":["GET"]}}],"collection":[{"href":"https:\/\/ryfi.online\/de\/wp-json\/wp\/v2\/product"}],"about":[{"href":"https:\/\/ryfi.online\/de\/wp-json\/wp\/v2\/types\/product"}],"replies":[{"embeddable":true,"href":"https:\/\/ryfi.online\/de\/wp-json\/wp\/v2\/comments?post=12873"}],"wp:featuredmedia":[{"embeddable":true,"href":"https:\/\/ryfi.online\/de\/wp-json\/wp\/v2\/media\/10576"}],"wp:attachment":[{"href":"https:\/\/ryfi.online\/de\/wp-json\/wp\/v2\/media?parent=12873"}],"wp:term":[{"taxonomy":"product_brand","embeddable":true,"href":"https:\/\/ryfi.online\/de\/wp-json\/wp\/v2\/product_brand?post=12873"},{"taxonomy":"product_cat","embeddable":true,"href":"https:\/\/ryfi.online\/de\/wp-json\/wp\/v2\/product_cat?post=12873"},{"taxonomy":"product_tag","embeddable":true,"href":"https:\/\/ryfi.online\/de\/wp-json\/wp\/v2\/product_tag?post=12873"}],"curies":[{"name":"wp","href":"https:\/\/api.w.org\/{rel}","templated":true}]}}