{"id":12833,"date":"2021-03-15T18:49:23","date_gmt":"2022-11-30T18:57:41","guid":{"rendered":"https:\/\/ryfi.online\/product\/iphone-12-handytasche-mit-kartenhalter-fuer-iphone-1212-pro12-pro-max12-mini\/"},"modified":"2025-07-20T20:08:19","modified_gmt":"2025-07-20T20:08:19","slug":"iphone-12-alle-modelle-etui-mobiltelefon-etui-mit-magnetischer-adsorption-kartenhalter-fur-iphone-1212-pro12-pro-max12-mini","status":"publish","type":"product","link":"https:\/\/ryfi.online\/de\/produkt\/iphone-12-alle-modelle-etui-mobiltelefon-etui-mit-magnetischer-adsorption-kartenhalter-fur-iphone-1212-pro12-pro-max12-mini\/","title":{"rendered":"iPhone 12 Handytasche mit Kartenhalter f\u00fcr iPhone 12,12 Pro,12 Pro Max,12 Mini"},"content":{"rendered":"<div class=\"woocommerce-product-details__short-description\">\n<p>Kartenhalter Handyh\u00fclle f\u00fcr iPhone 12,12 Pro,12 Pro Max,12 Mini mit MILITARY Technologie entworfen, verhindern, dass Ihr geliebtes iPhone aus Versehen rutscht und f\u00e4llt.<\/p>\n<\/div>\n<p>\u2705 [SGS Drop Protection] Diese iPhone Tasche Kartenhalter ist mit MILITARY Technologie entworfen, vier Lufttaschen in den Ecken verhindern, dass Ihr geliebtes iPhone 12, 12 Pro, 12 Pro Max und 12 Mini aus Versehen verrutscht und f\u00e4llt.<\/p>\n<p>\u2705 [iPhone 12,12 Pro,12 Pro Max and 12 Mini Case] Erm\u00f6glicht ein schnelles Abziehen und Anbringen der H\u00fclle, ohne das Telefon zu zerkratzen.Langlebig und flexibel: Langlebig, kratzt und rei\u00dft und verhindert die Ansammlung von Staub und \u00d6l.<\/p>\n<p>\u2705 [Compatible with iPhone 12,12 Pro,12 Pro Max and 12 Mini] Der Fall ist geeignet f\u00fcr iPhone 12, 12 Pro, 12 Pro Max und 12 Mini und nur Telefon F\u00e4lle sind im Lieferumfang enthalten, w\u00e4hlen Sie bitte Ihr Handy-Modell von oben und stard Bestellung. Wenn es ein Qualit\u00e4tsproblem gibt, machen Sie sich bitte keine Sorgen, wir bieten einen zeitnahen Kundenservice, um Ihr Problem besser zu l\u00f6sen.<\/p>\n<p>\u2705Voller Schutz: Ein erh\u00f6hter Rahmen und ein Kameraausschnitt sch\u00fctzen das Objektiv. Umfassender Schutz, alle Ecken, Kanten und die R\u00fcckseite sind vollst\u00e4ndig abgedeckt.<\/p>\n<p>\u2705Perfekte Passform: Pr\u00e4zise Ausschnitte f\u00fcr alle Port-, Sensor- und Kamerasteuerungen, einfacher Zugriff auf die Funktionen Ihres Telefons, ohne es zu entfernen.<\/p>\n","protected":false},"excerpt":{"rendered":"<p><strong>Kostenloser und schneller Versand innerhalb von 1-3 Tagen.<\/strong><\/p>\n<h3><strong>Kaufe 4, erhalte 5<\/strong><\/h3>\n<h3><span style=\"color: #ff0000;\"><strong><em>Beeilen Sie sich, hei\u00dfe Verk\u00e4ufe!!!<\/em><\/strong><\/span><\/h3>\n","protected":false},"featured_media":10220,"comment_status":"open","ping_status":"closed","template":"","meta":[],"product_brand":[],"product_cat":[335],"product_tag":[249],"class_list":{"0":"post-12833","1":"product","2":"type-product","3":"status-publish","4":"has-post-thumbnail","6":"product_cat-telefonhulle","7":"product_tag-de","9":"first","10":"instock","11":"featured","12":"taxable","13":"shipping-taxable","14":"purchasable","15":"product-type-variable"},"yoast_head":"<!-- This site is optimized with the Yoast SEO Premium plugin v17.1.2 (Yoast SEO v27.5) - https:\/\/yoast.com\/product\/yoast-seo-premium-wordpress\/ -->\n<title>Kaufen iPhone 12 Fall Handy | Iphone Xs Max Fall mit Kartenhalter<\/title>\n<meta name=\"description\" content=\"Holen Sie sich die hochwertigen Handyh\u00fcllen f\u00fcr iPhone 12 und Iphone Xs mit Kartenhalter. Wir liefern das Produkt schnell an Ihre Haust\u00fcr. Besuchen Sie unsere Website!!\" \/>\n<meta name=\"robots\" content=\"index, follow, max-snippet:-1, max-image-preview:large, max-video-preview:-1\" \/>\n<link rel=\"canonical\" href=\"https:\/\/ryfi.online\/de\/produkt\/iphone-12-alle-modelle-etui-mobiltelefon-etui-mit-magnetischer-adsorption-kartenhalter-fur-iphone-1212-pro12-pro-max12-mini\/\" \/>\n<meta property=\"og:locale\" content=\"de_DE\" \/>\n<meta property=\"og:type\" content=\"article\" \/>\n<meta property=\"og:title\" content=\"iPhone 12 Handytasche mit Kartenhalter f\u00fcr iPhone 12,12 Pro,12 Pro Max,12 Mini\" \/>\n<meta property=\"og:description\" content=\"Holen Sie sich die hochwertigen Handyh\u00fcllen f\u00fcr iPhone 12 und Iphone Xs mit Kartenhalter. Wir liefern das Produkt schnell an Ihre Haust\u00fcr. Besuchen Sie unsere Website!!\" \/>\n<meta property=\"og:url\" content=\"https:\/\/ryfi.online\/de\/produkt\/iphone-12-alle-modelle-etui-mobiltelefon-etui-mit-magnetischer-adsorption-kartenhalter-fur-iphone-1212-pro12-pro-max12-mini\/\" \/>\n<meta property=\"og:site_name\" content=\"Ryfi Online Store\" \/>\n<meta property=\"article:publisher\" content=\"https:\/\/www.facebook.com\/ryfi.online\/\" \/>\n<meta property=\"article:modified_time\" content=\"2025-07-20T20:08:19+00:00\" \/>\n<meta property=\"og:image\" content=\"https:\/\/ryfi.online\/wp-content\/uploads\/2021\/03\/H9fbad9f47c5041c980a84525fb257ec9v-1.png\" \/>\n\t<meta property=\"og:image:width\" content=\"1000\" \/>\n\t<meta property=\"og:image:height\" content=\"1000\" \/>\n\t<meta property=\"og:image:type\" content=\"image\/png\" \/>\n<meta name=\"twitter:card\" content=\"summary_large_image\" \/>\n<meta name=\"twitter:label1\" content=\"Availability\" \/>\n\t<meta name=\"twitter:data1\" content=\"In stock\" \/>\n<meta property=\"product:brand\" content=\"Telefonh\u00fclle\" \/>\n<meta property=\"og:availability\" content=\"instock\" \/>\n<meta property=\"product:availability\" content=\"instock\" \/>\n<meta property=\"product:condition\" content=\"new\" \/>\n<!-- \/ Yoast SEO Premium plugin. -->","yoast_head_json":{"title":"Kaufen iPhone 12 Fall Handy | Iphone Xs Max Fall mit Kartenhalter","description":"Holen Sie sich die hochwertigen Handyh\u00fcllen f\u00fcr iPhone 12 und Iphone Xs mit Kartenhalter. Wir liefern das Produkt schnell an Ihre Haust\u00fcr. Besuchen Sie unsere Website!!","robots":{"index":"index","follow":"follow","max-snippet":"max-snippet:-1","max-image-preview":"max-image-preview:large","max-video-preview":"max-video-preview:-1"},"canonical":"https:\/\/ryfi.online\/de\/produkt\/iphone-12-alle-modelle-etui-mobiltelefon-etui-mit-magnetischer-adsorption-kartenhalter-fur-iphone-1212-pro12-pro-max12-mini\/","og_locale":"de_DE","og_type":"article","og_title":"iPhone 12 Handytasche mit Kartenhalter f\u00fcr iPhone 12,12 Pro,12 Pro Max,12 Mini","og_description":"Holen Sie sich die hochwertigen Handyh\u00fcllen f\u00fcr iPhone 12 und Iphone Xs mit Kartenhalter. Wir liefern das Produkt schnell an Ihre Haust\u00fcr. Besuchen Sie unsere Website!!","og_url":"https:\/\/ryfi.online\/de\/produkt\/iphone-12-alle-modelle-etui-mobiltelefon-etui-mit-magnetischer-adsorption-kartenhalter-fur-iphone-1212-pro12-pro-max12-mini\/","og_site_name":"Ryfi Online Store","article_publisher":"https:\/\/www.facebook.com\/ryfi.online\/","article_modified_time":"2025-07-20T20:08:19+00:00","og_image":[{"width":1000,"height":1000,"url":"https:\/\/ryfi.online\/wp-content\/uploads\/2021\/03\/H9fbad9f47c5041c980a84525fb257ec9v-1.png","type":"image\/png"}],"twitter_card":"summary_large_image","twitter_misc":{"Availability":"In stock"},"schema":{"@context":"https:\/\/schema.org","@graph":[{"@type":"WebPage","@id":"https:\/\/ryfi.online\/de\/produkt\/iphone-12-alle-modelle-etui-mobiltelefon-etui-mit-magnetischer-adsorption-kartenhalter-fur-iphone-1212-pro12-pro-max12-mini\/","url":"https:\/\/ryfi.online\/de\/produkt\/iphone-12-alle-modelle-etui-mobiltelefon-etui-mit-magnetischer-adsorption-kartenhalter-fur-iphone-1212-pro12-pro-max12-mini\/","name":"Kaufen iPhone 12 Fall Handy | Iphone Xs Max Fall mit Kartenhalter","isPartOf":{"@id":"https:\/\/ryfi.online\/de\/#website"},"primaryImageOfPage":{"@id":"https:\/\/ryfi.online\/de\/produkt\/iphone-12-alle-modelle-etui-mobiltelefon-etui-mit-magnetischer-adsorption-kartenhalter-fur-iphone-1212-pro12-pro-max12-mini\/#primaryimage"},"image":{"@id":"https:\/\/ryfi.online\/de\/produkt\/iphone-12-alle-modelle-etui-mobiltelefon-etui-mit-magnetischer-adsorption-kartenhalter-fur-iphone-1212-pro12-pro-max12-mini\/#primaryimage"},"thumbnailUrl":"https:\/\/ryfi.online\/wp-content\/uploads\/2021\/03\/H9fbad9f47c5041c980a84525fb257ec9v-1.png","datePublished":"2022-11-30T18:57:41+00:00","dateModified":"2025-07-20T20:08:19+00:00","description":"Holen Sie sich die hochwertigen Handyh\u00fcllen f\u00fcr iPhone 12 und Iphone Xs mit Kartenhalter. Wir liefern das Produkt schnell an Ihre Haust\u00fcr. Besuchen Sie unsere Website!!","breadcrumb":{"@id":"https:\/\/ryfi.online\/de\/produkt\/iphone-12-alle-modelle-etui-mobiltelefon-etui-mit-magnetischer-adsorption-kartenhalter-fur-iphone-1212-pro12-pro-max12-mini\/#breadcrumb"},"inLanguage":"de","potentialAction":[{"@type":"ReadAction","target":["https:\/\/ryfi.online\/de\/produkt\/iphone-12-alle-modelle-etui-mobiltelefon-etui-mit-magnetischer-adsorption-kartenhalter-fur-iphone-1212-pro12-pro-max12-mini\/"]}]},{"@type":"ImageObject","inLanguage":"de","@id":"https:\/\/ryfi.online\/de\/produkt\/iphone-12-alle-modelle-etui-mobiltelefon-etui-mit-magnetischer-adsorption-kartenhalter-fur-iphone-1212-pro12-pro-max12-mini\/#primaryimage","url":"https:\/\/ryfi.online\/wp-content\/uploads\/2021\/03\/H9fbad9f47c5041c980a84525fb257ec9v-1.png","contentUrl":"https:\/\/ryfi.online\/wp-content\/uploads\/2021\/03\/H9fbad9f47c5041c980a84525fb257ec9v-1.png","width":1000,"height":1000},{"@type":"BreadcrumbList","@id":"https:\/\/ryfi.online\/de\/produkt\/iphone-12-alle-modelle-etui-mobiltelefon-etui-mit-magnetischer-adsorption-kartenhalter-fur-iphone-1212-pro12-pro-max12-mini\/#breadcrumb","itemListElement":[{"@type":"ListItem","position":1,"name":"Home","item":"https:\/\/ryfi.online\/de\/"},{"@type":"ListItem","position":2,"name":"Free and Fast Shipping whitin 1-3 Days!!!","item":"https:\/\/ryfi.online\/shop\/"},{"@type":"ListItem","position":3,"name":"iPhone 12 Handytasche mit Kartenhalter f\u00fcr iPhone 12,12 Pro,12 Pro Max,12 Mini"}]},{"@type":"WebSite","@id":"https:\/\/ryfi.online\/de\/#website","url":"https:\/\/ryfi.online\/de\/","name":"Ryfi Online Store","description":"Online Store","publisher":{"@id":"https:\/\/ryfi.online\/de\/#organization"},"potentialAction":[{"@type":"SearchAction","target":{"@type":"EntryPoint","urlTemplate":"https:\/\/ryfi.online\/de\/?s={search_term_string}"},"query-input":{"@type":"PropertyValueSpecification","valueRequired":true,"valueName":"search_term_string"}}],"inLanguage":"de"},{"@type":"Organization","@id":"https:\/\/ryfi.online\/de\/#organization","name":"Ryan Future Investments LLC","url":"https:\/\/ryfi.online\/de\/","logo":{"@type":"ImageObject","inLanguage":"de","@id":"https:\/\/ryfi.online\/de\/#\/schema\/logo\/image\/","url":"https:\/\/ryfi.online\/wp-content\/uploads\/2021\/03\/2-03.png","contentUrl":"https:\/\/ryfi.online\/wp-content\/uploads\/2021\/03\/2-03.png","width":1010,"height":310,"caption":"Ryan Future Investments LLC"},"image":{"@id":"https:\/\/ryfi.online\/de\/#\/schema\/logo\/image\/"},"sameAs":["https:\/\/www.facebook.com\/ryfi.online\/"]}]},"product_brand":"Telefonh\u00fclle","og_availability":"instock","product_availability":"instock","product_condition":"new"},"jetpack-related-posts":[{"id":12734,"url":"https:\/\/ryfi.online\/de\/produkt\/iphone-11-etui-mobiltelefon-etui-mit-magnetischer-adsorption-kartenhalterung-fur-iphone-11\/","url_meta":{"origin":12833,"position":0},"title":"iPhone 11 Tasche Handy mit Kartenhalter f\u00fcr iPhone 11,11 Pro,11 Pro Max","date":"M\u00e4rz 10, 2021","format":false,"excerpt":"Kostenloser und schneller Versand innerhalb von 1-3 Tagen. Kaufe 4, erhalte 5 Beeilen Sie sich, hei\u00dfe Verk\u00e4ufe!!!","rel":"","context":"\u00c4hnlicher Beitrag","img":{"alt_text":"","src":"https:\/\/i0.wp.com\/ryfi.online\/wp-content\/uploads\/2021\/03\/HTB16OjSX7P2gK0jSZPx761cQpXaw.png?resize=350%2C200&ssl=1","width":350,"height":200},"classes":[]},{"id":12724,"url":"https:\/\/ryfi.online\/de\/produkt\/iphone-xs-max-etui-mobiltelefonetui-mit-magnetischer-adsorption-kartenhalterung-fur-iphone-xs-max\/","url_meta":{"origin":12833,"position":1},"title":"iPhone Xs Max H\u00fclle Handy mit Kartenhalter f\u00fcr iPhone Xs Max","date":"M\u00e4rz 13, 2021","format":false,"excerpt":"Kostenloser und schneller Versand innerhalb von 1-3 Tagen. Kaufe 4, erhalte 5 Beeilen Sie sich, hei\u00dfe Verk\u00e4ufe!!!","rel":"","context":"\u00c4hnlicher Beitrag","img":{"alt_text":"","src":"https:\/\/i0.wp.com\/ryfi.online\/wp-content\/uploads\/2021\/03\/HTB17H_UXYr1gK0jSZR0762P8XXaD-1.png?resize=350%2C200&ssl=1","width":350,"height":200},"classes":[]},{"id":659,"url":"https:\/\/ryfi.online\/product\/iphone-12-all-models-case-mobile-phone-case-with-magnetic-adsorption-card-holder-for-iphone-1212-pro12-pro-max12-mini\/","url_meta":{"origin":12833,"position":2},"title":"iPhone 12 Case Mobile Phone with  Card Holder for iPhone 12,12 Pro,12 Pro Max,12 Mini","date":"M\u00e4rz 15, 2021","format":false,"excerpt":"Free and fast shipping within 1-3 days. Buy 4\u00a0 get 5 Hurry up, hot sales!!!","rel":"","context":"Mit 1 Kommentar","img":{"alt_text":"Phone Case Iphone Card","src":"https:\/\/i0.wp.com\/ryfi.online\/wp-content\/uploads\/2021\/03\/H9fbad9f47c5041c980a84525fb257ec9v-1.png?resize=350%2C200&ssl=1","width":350,"height":200},"classes":[]},{"id":12733,"url":"https:\/\/ryfi.online\/fr\/produit\/iphone-12-tous-modeles-etui-mobile-etui-avec-adsorption-magnetique-pour-iphone-1212-pro12-pro-max12-mini\/","url_meta":{"origin":12833,"position":3},"title":"\u00c9tui pour iPhone 12 T\u00e9l\u00e9phone portable avec porte-cartes pour iPhone 12,12 Pro,12 Pro Max,12 Mini","date":"M\u00e4rz 15, 2021","format":false,"excerpt":"Livraison gratuite et rapide sous 1 \u00e0 3 jours. Achetez 4 obtenez 5 D\u00e9p\u00eachez-vous, ventes chaudes !!!","rel":"","context":"\u00c4hnlicher Beitrag","img":{"alt_text":"","src":"https:\/\/i0.wp.com\/ryfi.online\/wp-content\/uploads\/2021\/03\/H9fbad9f47c5041c980a84525fb257ec9v-1.png?resize=350%2C200&ssl=1","width":350,"height":200},"classes":[]},{"id":12872,"url":"https:\/\/ryfi.online\/ro\/produs\/iphone-12-toate-modelurile-caz-mobile-telefon-caz-cu-magnetic-adsorbtie-adsorbtie-card-portar-pentru-iphone-1212-pro12-pro-max12-mini\/","url_meta":{"origin":12833,"position":4},"title":"iPhone 12 Cazul iPhone 12 Telefon mobil cu suport de card pentru iPhone 12, 12 Pro, 12 Pro Max, 12 Mini","date":"M\u00e4rz 15, 2021","format":false,"excerpt":"Transport gratuit \u0219i rapid \u00een termen de 1-3 zile. Buy 4 get 5 Hurry up, hot sales!!!","rel":"","context":"\u00c4hnlicher Beitrag","img":{"alt_text":"","src":"https:\/\/i0.wp.com\/ryfi.online\/wp-content\/uploads\/2021\/03\/H9fbad9f47c5041c980a84525fb257ec9v-1.png?resize=350%2C200&ssl=1","width":350,"height":200},"classes":[]},{"id":12852,"url":"https:\/\/ryfi.online\/es\/producto\/iphone-12-todos-los-modelos-carcasa-de-telefono-movil-con-adsorcion-magnetica-soporte-tarjeta-para-iphone-1212-pro12-pro-max12-mini\/","url_meta":{"origin":12833,"position":5},"title":"Funda para iPhone 12 con tarjetero para iPhone 12,12 Pro,12 Pro Max,12 Mini","date":"M\u00e4rz 15, 2021","format":false,"excerpt":"Env\u00edo gratuito y r\u00e1pido en 1-3 d\u00edas. Compre 4 y obtenga 5 \u00a1Date prisa, ventas rapides!","rel":"","context":"\u00c4hnlicher Beitrag","img":{"alt_text":"","src":"https:\/\/i0.wp.com\/ryfi.online\/wp-content\/uploads\/2021\/03\/H9fbad9f47c5041c980a84525fb257ec9v-1.png?resize=350%2C200&ssl=1","width":350,"height":200},"classes":[]}],"_links":{"self":[{"href":"https:\/\/ryfi.online\/de\/wp-json\/wp\/v2\/product\/12833","targetHints":{"allow":["GET"]}}],"collection":[{"href":"https:\/\/ryfi.online\/de\/wp-json\/wp\/v2\/product"}],"about":[{"href":"https:\/\/ryfi.online\/de\/wp-json\/wp\/v2\/types\/product"}],"replies":[{"embeddable":true,"href":"https:\/\/ryfi.online\/de\/wp-json\/wp\/v2\/comments?post=12833"}],"wp:featuredmedia":[{"embeddable":true,"href":"https:\/\/ryfi.online\/de\/wp-json\/wp\/v2\/media\/10220"}],"wp:attachment":[{"href":"https:\/\/ryfi.online\/de\/wp-json\/wp\/v2\/media?parent=12833"}],"wp:term":[{"taxonomy":"product_brand","embeddable":true,"href":"https:\/\/ryfi.online\/de\/wp-json\/wp\/v2\/product_brand?post=12833"},{"taxonomy":"product_cat","embeddable":true,"href":"https:\/\/ryfi.online\/de\/wp-json\/wp\/v2\/product_cat?post=12833"},{"taxonomy":"product_tag","embeddable":true,"href":"https:\/\/ryfi.online\/de\/wp-json\/wp\/v2\/product_tag?post=12833"}],"curies":[{"name":"wp","href":"https:\/\/api.w.org\/{rel}","templated":true}]}}