{"id":12734,"date":"2021-03-10T12:20:01","date_gmt":"2022-11-30T18:57:27","guid":{"rendered":"https:\/\/ryfi.online\/product\/iphone-11-tasche-handy-mit-kartenhalter-fuer-iphone-1111-pro11-pro-max\/"},"modified":"2022-11-30T18:57:27","modified_gmt":"2022-11-30T18:57:27","slug":"iphone-11-etui-mobiltelefon-etui-mit-magnetischer-adsorption-kartenhalterung-fur-iphone-11","status":"publish","type":"product","link":"https:\/\/ryfi.online\/de\/produkt\/iphone-11-etui-mobiltelefon-etui-mit-magnetischer-adsorption-kartenhalterung-fur-iphone-11\/","title":{"rendered":"iPhone 11 Tasche Handy mit Kartenhalter f\u00fcr iPhone 11,11 Pro,11 Pro Max"},"content":{"rendered":"<p>Kartenhalter Handyh\u00fclle f\u00fcr iPhone 11,11 Pro,11 Pro Max entworfen mit MILITARY Technologie, verhindern, dass Ihr geliebtes iPhone aus Versehen rutscht und f\u00e4llt.<\/p>\n<p>\u2705 [SGS Drop Protection] Diese iPhone H\u00fclle Kartenhalter ist mit MILITARY Technologie entworfen, vier Lufttaschen in den Ecken verhindern, dass Ihr geliebtes iPhone 11,11 Pro,11 Pro Max versehentlich rutscht und f\u00e4llt.<\/p>\n<p>\u2705 [iPhone 11,11 Pro,11 Pro Max Case] Erm\u00f6glicht ein schnelles Abziehen und Anbringen der H\u00fclle, ohne das Telefon zu zerkratzen.Langlebig und flexibel: Langlebig, kratzt und rei\u00dft und verhindert die Ansammlung von Staub und \u00d6l.<\/p>\n<p>\u2705 [Compatible with iPhone 11,11 Pro,11 Pro Max] Der Fall ist geeignet f\u00fcr iPhone 11, 11 Pro, 11 Pro Max und nur Telefon F\u00e4lle sind im Lieferumfang enthalten, w\u00e4hlen Sie bitte Ihr Handy-Modell von oben und stard Bestellung. Wenn es ein Qualit\u00e4tsproblem gibt, machen Sie sich bitte keine Sorgen, wir bieten einen zeitnahen Kundenservice, um Ihr Problem besser zu l\u00f6sen.<\/p>\n<p>\u2705Voller Schutz: Ein erh\u00f6hter Rahmen und ein Kameraausschnitt sch\u00fctzen das Objektiv. Umfassender Schutz, alle Ecken, Kanten und die R\u00fcckseite sind vollst\u00e4ndig abgedeckt.<\/p>\n<p>\u2705Perfekte Passform: Pr\u00e4zise Ausschnitte f\u00fcr alle Port-, Sensor- und Kamerasteuerungen, einfacher Zugriff auf die Funktionen Ihres Telefons, ohne es zu entfernen.<\/p>\n","protected":false},"excerpt":{"rendered":"<p><strong>Kostenloser und schneller Versand innerhalb von 1-3 Tagen.<\/strong><\/p>\n<h3><strong>Kaufe 4, erhalte 5<\/strong><\/h3>\n<h3><span style=\"color: #ff0000;\"><strong><em>Beeilen Sie sich, hei\u00dfe Verk\u00e4ufe!!!<\/em><\/strong><\/span><\/h3>\n","protected":false},"featured_media":10212,"comment_status":"open","ping_status":"closed","template":"","meta":[],"product_brand":[],"product_cat":[335],"product_tag":[249],"class_list":{"0":"post-12734","1":"product","2":"type-product","3":"status-publish","4":"has-post-thumbnail","6":"product_cat-telefonhulle","7":"product_tag-de","9":"first","10":"instock","11":"featured","12":"taxable","13":"shipping-taxable","14":"purchasable","15":"product-type-variable"},"yoast_head":"<!-- This site is optimized with the Yoast SEO Premium plugin v17.1.2 (Yoast SEO v27.4) - https:\/\/yoast.com\/product\/yoast-seo-premium-wordpress\/ -->\n<title>Iphone 11 Pro Max Handyh\u00fclle | Iphone 11 H\u00fclle f\u00fcr Handy kaufen<\/title>\n<meta name=\"description\" content=\"Kaufen Sie die starke iPhone 11 Handyh\u00fclle, die Ihr Handy vor Unf\u00e4llen sch\u00fctzt. Unsere Etuis haben Kartenhalter und sind in vielen attraktiven Farben erh\u00e4ltlich. Besuchen Sie unsere Website!!\" \/>\n<meta name=\"robots\" content=\"index, follow, max-snippet:-1, max-image-preview:large, max-video-preview:-1\" \/>\n<link rel=\"canonical\" href=\"https:\/\/ryfi.online\/de\/produkt\/iphone-11-etui-mobiltelefon-etui-mit-magnetischer-adsorption-kartenhalterung-fur-iphone-11\/\" \/>\n<meta property=\"og:locale\" content=\"de_DE\" \/>\n<meta property=\"og:type\" content=\"article\" \/>\n<meta property=\"og:title\" content=\"iPhone 11 Tasche Handy mit Kartenhalter f\u00fcr iPhone 11,11 Pro,11 Pro Max\" \/>\n<meta property=\"og:description\" content=\"Kaufen Sie die starke iPhone 11 Handyh\u00fclle, die Ihr Handy vor Unf\u00e4llen sch\u00fctzt. Unsere Etuis haben Kartenhalter und sind in vielen attraktiven Farben erh\u00e4ltlich. Besuchen Sie unsere Website!!\" \/>\n<meta property=\"og:url\" content=\"https:\/\/ryfi.online\/de\/produkt\/iphone-11-etui-mobiltelefon-etui-mit-magnetischer-adsorption-kartenhalterung-fur-iphone-11\/\" \/>\n<meta property=\"og:site_name\" content=\"Ryfi Online Store\" \/>\n<meta property=\"article:publisher\" content=\"https:\/\/www.facebook.com\/ryfi.online\/\" \/>\n<meta property=\"og:image\" content=\"https:\/\/ryfi.online\/wp-content\/uploads\/2021\/03\/HTB16OjSX7P2gK0jSZPx761cQpXaw.png\" \/>\n\t<meta property=\"og:image:width\" content=\"1000\" \/>\n\t<meta property=\"og:image:height\" content=\"1000\" \/>\n\t<meta property=\"og:image:type\" content=\"image\/png\" \/>\n<meta name=\"twitter:card\" content=\"summary_large_image\" \/>\n<meta name=\"twitter:label1\" content=\"Availability\" \/>\n\t<meta name=\"twitter:data1\" content=\"In stock\" \/>\n<meta property=\"product:brand\" content=\"Telefonh\u00fclle\" \/>\n<meta property=\"og:availability\" content=\"instock\" \/>\n<meta property=\"product:availability\" content=\"instock\" \/>\n<meta property=\"product:retailer_item_id\" content=\"XX-YFKE-O06W\" \/>\n<meta property=\"product:condition\" content=\"new\" \/>\n<!-- \/ Yoast SEO Premium plugin. -->","yoast_head_json":{"title":"Iphone 11 Pro Max Handyh\u00fclle | Iphone 11 H\u00fclle f\u00fcr Handy kaufen","description":"Kaufen Sie die starke iPhone 11 Handyh\u00fclle, die Ihr Handy vor Unf\u00e4llen sch\u00fctzt. Unsere Etuis haben Kartenhalter und sind in vielen attraktiven Farben erh\u00e4ltlich. Besuchen Sie unsere Website!!","robots":{"index":"index","follow":"follow","max-snippet":"max-snippet:-1","max-image-preview":"max-image-preview:large","max-video-preview":"max-video-preview:-1"},"canonical":"https:\/\/ryfi.online\/de\/produkt\/iphone-11-etui-mobiltelefon-etui-mit-magnetischer-adsorption-kartenhalterung-fur-iphone-11\/","og_locale":"de_DE","og_type":"article","og_title":"iPhone 11 Tasche Handy mit Kartenhalter f\u00fcr iPhone 11,11 Pro,11 Pro Max","og_description":"Kaufen Sie die starke iPhone 11 Handyh\u00fclle, die Ihr Handy vor Unf\u00e4llen sch\u00fctzt. Unsere Etuis haben Kartenhalter und sind in vielen attraktiven Farben erh\u00e4ltlich. Besuchen Sie unsere Website!!","og_url":"https:\/\/ryfi.online\/de\/produkt\/iphone-11-etui-mobiltelefon-etui-mit-magnetischer-adsorption-kartenhalterung-fur-iphone-11\/","og_site_name":"Ryfi Online Store","article_publisher":"https:\/\/www.facebook.com\/ryfi.online\/","og_image":[{"width":1000,"height":1000,"url":"https:\/\/ryfi.online\/wp-content\/uploads\/2021\/03\/HTB16OjSX7P2gK0jSZPx761cQpXaw.png","type":"image\/png"}],"twitter_card":"summary_large_image","twitter_misc":{"Availability":"In stock"},"schema":{"@context":"https:\/\/schema.org","@graph":[{"@type":"WebPage","@id":"https:\/\/ryfi.online\/de\/produkt\/iphone-11-etui-mobiltelefon-etui-mit-magnetischer-adsorption-kartenhalterung-fur-iphone-11\/","url":"https:\/\/ryfi.online\/de\/produkt\/iphone-11-etui-mobiltelefon-etui-mit-magnetischer-adsorption-kartenhalterung-fur-iphone-11\/","name":"Iphone 11 Pro Max Handyh\u00fclle | Iphone 11 H\u00fclle f\u00fcr Handy kaufen","isPartOf":{"@id":"https:\/\/ryfi.online\/de\/#website"},"primaryImageOfPage":{"@id":"https:\/\/ryfi.online\/de\/produkt\/iphone-11-etui-mobiltelefon-etui-mit-magnetischer-adsorption-kartenhalterung-fur-iphone-11\/#primaryimage"},"image":{"@id":"https:\/\/ryfi.online\/de\/produkt\/iphone-11-etui-mobiltelefon-etui-mit-magnetischer-adsorption-kartenhalterung-fur-iphone-11\/#primaryimage"},"thumbnailUrl":"https:\/\/ryfi.online\/wp-content\/uploads\/2021\/03\/HTB16OjSX7P2gK0jSZPx761cQpXaw.png","datePublished":"2022-11-30T18:57:27+00:00","description":"Kaufen Sie die starke iPhone 11 Handyh\u00fclle, die Ihr Handy vor Unf\u00e4llen sch\u00fctzt. Unsere Etuis haben Kartenhalter und sind in vielen attraktiven Farben erh\u00e4ltlich. Besuchen Sie unsere Website!!","breadcrumb":{"@id":"https:\/\/ryfi.online\/de\/produkt\/iphone-11-etui-mobiltelefon-etui-mit-magnetischer-adsorption-kartenhalterung-fur-iphone-11\/#breadcrumb"},"inLanguage":"de","potentialAction":[{"@type":"ReadAction","target":["https:\/\/ryfi.online\/de\/produkt\/iphone-11-etui-mobiltelefon-etui-mit-magnetischer-adsorption-kartenhalterung-fur-iphone-11\/"]}]},{"@type":"ImageObject","inLanguage":"de","@id":"https:\/\/ryfi.online\/de\/produkt\/iphone-11-etui-mobiltelefon-etui-mit-magnetischer-adsorption-kartenhalterung-fur-iphone-11\/#primaryimage","url":"https:\/\/ryfi.online\/wp-content\/uploads\/2021\/03\/HTB16OjSX7P2gK0jSZPx761cQpXaw.png","contentUrl":"https:\/\/ryfi.online\/wp-content\/uploads\/2021\/03\/HTB16OjSX7P2gK0jSZPx761cQpXaw.png","width":1000,"height":1000},{"@type":"BreadcrumbList","@id":"https:\/\/ryfi.online\/de\/produkt\/iphone-11-etui-mobiltelefon-etui-mit-magnetischer-adsorption-kartenhalterung-fur-iphone-11\/#breadcrumb","itemListElement":[{"@type":"ListItem","position":1,"name":"Home","item":"https:\/\/ryfi.online\/de\/"},{"@type":"ListItem","position":2,"name":"Free and Fast Shipping whitin 1-3 Days!!!","item":"https:\/\/ryfi.online\/shop\/"},{"@type":"ListItem","position":3,"name":"iPhone 11 Tasche Handy mit Kartenhalter f\u00fcr iPhone 11,11 Pro,11 Pro Max"}]},{"@type":"WebSite","@id":"https:\/\/ryfi.online\/de\/#website","url":"https:\/\/ryfi.online\/de\/","name":"Ryfi Online Store","description":"Online Store","publisher":{"@id":"https:\/\/ryfi.online\/de\/#organization"},"potentialAction":[{"@type":"SearchAction","target":{"@type":"EntryPoint","urlTemplate":"https:\/\/ryfi.online\/de\/?s={search_term_string}"},"query-input":{"@type":"PropertyValueSpecification","valueRequired":true,"valueName":"search_term_string"}}],"inLanguage":"de"},{"@type":"Organization","@id":"https:\/\/ryfi.online\/de\/#organization","name":"Ryan Future Investments LLC","url":"https:\/\/ryfi.online\/de\/","logo":{"@type":"ImageObject","inLanguage":"de","@id":"https:\/\/ryfi.online\/de\/#\/schema\/logo\/image\/","url":"https:\/\/ryfi.online\/wp-content\/uploads\/2021\/03\/2-03.png","contentUrl":"https:\/\/ryfi.online\/wp-content\/uploads\/2021\/03\/2-03.png","width":1010,"height":310,"caption":"Ryan Future Investments LLC"},"image":{"@id":"https:\/\/ryfi.online\/de\/#\/schema\/logo\/image\/"},"sameAs":["https:\/\/www.facebook.com\/ryfi.online\/"]}]},"product_brand":"Telefonh\u00fclle","og_availability":"instock","product_availability":"instock","product_retailer_item_id":"XX-YFKE-O06W","product_condition":"new"},"jetpack-related-posts":[{"id":12833,"url":"https:\/\/ryfi.online\/de\/produkt\/iphone-12-alle-modelle-etui-mobiltelefon-etui-mit-magnetischer-adsorption-kartenhalter-fur-iphone-1212-pro12-pro-max12-mini\/","url_meta":{"origin":12734,"position":0},"title":"iPhone 12 Handytasche mit Kartenhalter f\u00fcr iPhone 12,12 Pro,12 Pro Max,12 Mini","date":"M\u00e4rz 15, 2021","format":false,"excerpt":"Kostenloser und schneller Versand innerhalb von 1-3 Tagen. Kaufe 4, erhalte 5 Beeilen Sie sich, hei\u00dfe Verk\u00e4ufe!!!","rel":"","context":"\u00c4hnlicher Beitrag","img":{"alt_text":"","src":"https:\/\/i0.wp.com\/ryfi.online\/wp-content\/uploads\/2021\/03\/H9fbad9f47c5041c980a84525fb257ec9v-1.png?resize=350%2C200&ssl=1","width":350,"height":200},"classes":[]},{"id":12724,"url":"https:\/\/ryfi.online\/de\/produkt\/iphone-xs-max-etui-mobiltelefonetui-mit-magnetischer-adsorption-kartenhalterung-fur-iphone-xs-max\/","url_meta":{"origin":12734,"position":1},"title":"iPhone Xs Max H\u00fclle Handy mit Kartenhalter f\u00fcr iPhone Xs Max","date":"M\u00e4rz 13, 2021","format":false,"excerpt":"Kostenloser und schneller Versand innerhalb von 1-3 Tagen. Kaufe 4, erhalte 5 Beeilen Sie sich, hei\u00dfe Verk\u00e4ufe!!!","rel":"","context":"\u00c4hnlicher Beitrag","img":{"alt_text":"","src":"https:\/\/i0.wp.com\/ryfi.online\/wp-content\/uploads\/2021\/03\/HTB17H_UXYr1gK0jSZR0762P8XXaD-1.png?resize=350%2C200&ssl=1","width":350,"height":200},"classes":[]},{"id":12689,"url":"https:\/\/ryfi.online\/fr\/produit\/iphone-11-case-mobile-phone-case-with-magnetic-adsorption-card-holder-for-iphone-11-2\/","url_meta":{"origin":12734,"position":2},"title":"\u00c9tui pour iPhone 11 T\u00e9l\u00e9phone portable avec porte-cartes pour iPhone 11,11 Pro,11 Pro Max","date":"M\u00e4rz 10, 2021","format":false,"excerpt":"Livraison gratuite et rapide sous 1 \u00e0 3 jours. Achetez 4 obtenez 5 D\u00e9p\u00eachez-vous, ventes chaudes !!!","rel":"","context":"\u00c4hnlicher Beitrag","img":{"alt_text":"","src":"https:\/\/i0.wp.com\/ryfi.online\/wp-content\/uploads\/2021\/03\/HTB16OjSX7P2gK0jSZPx761cQpXaw.png?resize=350%2C200&ssl=1","width":350,"height":200},"classes":[]},{"id":548,"url":"https:\/\/ryfi.online\/product\/iphone-11-case-mobile-phone-case-with-magnetic-adsorption-card-holder-for-iphone-11\/","url_meta":{"origin":12734,"position":3},"title":"iPhone 11 Case Mobile Phone with Card Holder for iPhone 11,11 Pro,11 Pro Max","date":"M\u00e4rz 10, 2021","format":false,"excerpt":"Free and fast shipping within 1-3 days. Buy 4\u00a0 get 5 Hurry up, hot sales!!!","rel":"","context":"\u00c4hnlicher Beitrag","img":{"alt_text":"Phone Case Iphone Pink","src":"https:\/\/i0.wp.com\/ryfi.online\/wp-content\/uploads\/2021\/03\/HTB16OjSX7P2gK0jSZPx761cQpXaw.png?resize=350%2C200&ssl=1","width":350,"height":200},"classes":[]},{"id":12688,"url":"https:\/\/ryfi.online\/ro\/produs\/iphone-11-case-mobile-telefon-cu-caz-cu-magnetic-adsorbtie-card-portar-pentru-iphone-11\/","url_meta":{"origin":12734,"position":4},"title":"iPhone 11 Cazul iPhone 11 Telefon mobil cu suport de card pentru iPhone 11, 11 Pro, 11 Pro Max","date":"M\u00e4rz 10, 2021","format":false,"excerpt":"Transport gratuit \u0219i rapid \u00een termen de 1-3 zile. Buy 4 get 5 Hurry up, hot sales!!!","rel":"","context":"\u00c4hnlicher Beitrag","img":{"alt_text":"","src":"https:\/\/i0.wp.com\/ryfi.online\/wp-content\/uploads\/2021\/03\/HTB16OjSX7P2gK0jSZPx761cQpXaw.png?resize=350%2C200&ssl=1","width":350,"height":200},"classes":[]},{"id":12970,"url":"https:\/\/ryfi.online\/de\/produkt\/paw-patrol-10-skyye-plush-toy-standing-plush-with-stitched-detailing-for-ages-3-and-up\/","url_meta":{"origin":12734,"position":5},"title":"Paw Patrol &#8211; 10&#8243; Skye Pl\u00fcschspielzeug, stehendes Pl\u00fcsch mit gen\u00e4hten Details, f\u00fcr 3 Jahre und \u00e4lter","date":"Mai 4, 2021","format":false,"excerpt":"Kleine PAW Patrol-Fans k\u00f6nnen sich einkuscheln und von Abenteuern mit ihrer Lieblingsh\u00fcndin Skye tr\u00e4umen! Dieser 10\" gro\u00dfe Pl\u00fcschhund steht von ganz alleine aufrecht und ist bereit f\u00fcr Action! Skye tr\u00e4gt ihre typische PAW Patrol Uniform, komplett mit kuscheliger M\u00fctze und PAW Patrol Abzeichen. Sie hat sogar Pfotenabdr\u00fccke auf allen Vieren!\u2026","rel":"","context":"\u00c4hnlicher Beitrag","img":{"alt_text":"","src":"https:\/\/i0.wp.com\/ryfi.online\/wp-content\/uploads\/2021\/05\/81EbdDqXYyL._AC_SL1500_.jpg?resize=350%2C200&ssl=1","width":350,"height":200},"classes":[]}],"_links":{"self":[{"href":"https:\/\/ryfi.online\/de\/wp-json\/wp\/v2\/product\/12734","targetHints":{"allow":["GET"]}}],"collection":[{"href":"https:\/\/ryfi.online\/de\/wp-json\/wp\/v2\/product"}],"about":[{"href":"https:\/\/ryfi.online\/de\/wp-json\/wp\/v2\/types\/product"}],"replies":[{"embeddable":true,"href":"https:\/\/ryfi.online\/de\/wp-json\/wp\/v2\/comments?post=12734"}],"wp:featuredmedia":[{"embeddable":true,"href":"https:\/\/ryfi.online\/de\/wp-json\/wp\/v2\/media\/10212"}],"wp:attachment":[{"href":"https:\/\/ryfi.online\/de\/wp-json\/wp\/v2\/media?parent=12734"}],"wp:term":[{"taxonomy":"product_brand","embeddable":true,"href":"https:\/\/ryfi.online\/de\/wp-json\/wp\/v2\/product_brand?post=12734"},{"taxonomy":"product_cat","embeddable":true,"href":"https:\/\/ryfi.online\/de\/wp-json\/wp\/v2\/product_cat?post=12734"},{"taxonomy":"product_tag","embeddable":true,"href":"https:\/\/ryfi.online\/de\/wp-json\/wp\/v2\/product_tag?post=12734"}],"curies":[{"name":"wp","href":"https:\/\/api.w.org\/{rel}","templated":true}]}}