{"id":12515,"date":"2022-11-21T16:40:19","date_gmt":"2022-11-21T16:40:19","guid":{"rendered":"https:\/\/ryfi.online\/?post_type=product&#038;p=12515"},"modified":"2025-09-25T05:32:44","modified_gmt":"2025-09-25T05:32:44","slug":"plush-elephant-pink-8","status":"publish","type":"product","link":"https:\/\/ryfi.online\/de\/product\/plush-elephant-pink-8\/","title":{"rendered":"Plush Elephant Pink 8&#8243;"},"content":{"rendered":"<ul class=\"a-unordered-list a-vertical a-spacing-mini\">\n<li><span class=\"a-list-item\">\ud83d\udc98\u3010Material \u3011&#8212; Premium skin-friendly plush fabrics + environmental protection PP down cotton padding, soft and durable. Machine washable.<\/span><\/li>\n<li><span class=\"a-list-item\">\ud83d\udc98\u3010Ideal Valentine\u2019s Day Gifts\u3011&#8212; Perfect gifts for your lover or the people who you care. This pink elephant doll indicates your special and best love and wishes to people who you really care. It&#8217;s also a great props when you show your love.<\/span><\/li>\n<li><span class=\"a-list-item\">\ud83d\udc98\u3010Multiple Occasion\u3011&#8212; (1) Gifts for Lover, kids, toddlers, young people and the elderly on Valentines Day | Birthday | Christmas Day | New year etc., anyone will be love with this pink elephant doll. (2)Can be used as a decor for bedrooms, living rooms, homes, offices, nursery beds and every place you like.<\/span><\/li>\n<li><span class=\"a-list-item\">\ud83d\udc98\u3010Tips\u3011 &#8212; (1)Suitable for children 3+ years old.(2)Please keep away from fire.<\/span><\/li>\n<li><span class=\"a-list-item\">\ud83d\udc98\u3010Size\u3011&#8212;8inches<\/span><\/li>\n<\/ul>\n","protected":false},"excerpt":{"rendered":"<p><strong>Free and fast shipping within 1-3 days.<\/strong><\/p>\n","protected":false},"featured_media":12516,"comment_status":"open","ping_status":"closed","template":"","meta":[],"product_brand":[],"product_cat":[31],"product_tag":[],"class_list":{"0":"post-12515","1":"product","2":"type-product","3":"status-publish","4":"has-post-thumbnail","6":"product_cat-plush-toys","8":"first","9":"instock","10":"featured","11":"taxable","12":"shipping-taxable","13":"purchasable","14":"product-type-simple"},"yoast_head":"<!-- This site is optimized with the Yoast SEO Premium plugin v17.1.2 (Yoast SEO v27.4) - https:\/\/yoast.com\/product\/yoast-seo-premium-wordpress\/ -->\n<title>Plush Elephant Pink 8&quot; - Ryfi Online Store<\/title>\n<meta name=\"description\" content=\"If you are looking for Pink Elephant Plush Toys in the USA? Then, you have come to the right place, Ryfi.online Provides the Different- Different kind of Plush, for more Information Visit our website today!\" \/>\n<meta name=\"robots\" content=\"index, follow, max-snippet:-1, max-image-preview:large, max-video-preview:-1\" \/>\n<link rel=\"canonical\" href=\"https:\/\/ryfi.online\/de\/product\/plush-elephant-pink-8\/\" \/>\n<meta property=\"og:locale\" content=\"de_DE\" \/>\n<meta property=\"og:type\" content=\"article\" \/>\n<meta property=\"og:title\" content=\"Plush Elephant Pink 8&quot;\" \/>\n<meta property=\"og:description\" content=\"If you are looking for Pink Elephant Plush Toys in the USA? Then, you have come to the right place, Ryfi.online Provides the Different- Different kind of Plush, for more Information Visit our website today!\" \/>\n<meta property=\"og:url\" content=\"https:\/\/ryfi.online\/de\/product\/plush-elephant-pink-8\/\" \/>\n<meta property=\"og:site_name\" content=\"Ryfi Online Store\" \/>\n<meta property=\"article:publisher\" content=\"https:\/\/www.facebook.com\/ryfi.online\/\" \/>\n<meta property=\"article:modified_time\" content=\"2025-09-25T05:32:44+00:00\" \/>\n<meta property=\"og:image\" content=\"https:\/\/ryfi.online\/wp-content\/uploads\/2022\/11\/IMG_5691-pink.jpeg\" \/>\n\t<meta property=\"og:image:width\" content=\"844\" \/>\n\t<meta property=\"og:image:height\" content=\"844\" \/>\n\t<meta property=\"og:image:type\" content=\"image\/jpeg\" \/>\n<meta name=\"twitter:card\" content=\"summary_large_image\" \/>\n<meta name=\"twitter:label1\" content=\"Preis\" \/>\n\t<meta name=\"twitter:data1\" content=\"&#036;14.99\" \/>\n\t<meta name=\"twitter:label2\" content=\"Availability\" \/>\n\t<meta name=\"twitter:data2\" content=\"In stock\" \/>\n<meta property=\"product:brand\" content=\"Plush Toys\" \/>\n<meta property=\"product:price:amount\" content=\"14.99\" \/>\n<meta property=\"product:price:currency\" content=\"USD\" \/>\n<meta property=\"og:availability\" content=\"instock\" \/>\n<meta property=\"product:availability\" content=\"instock\" \/>\n<meta property=\"product:condition\" content=\"new\" \/>\n<!-- \/ Yoast SEO Premium plugin. -->","yoast_head_json":{"title":"Plush Elephant Pink 8\" - Ryfi Online Store","description":"If you are looking for Pink Elephant Plush Toys in the USA? Then, you have come to the right place, Ryfi.online Provides the Different- Different kind of Plush, for more Information Visit our website today!","robots":{"index":"index","follow":"follow","max-snippet":"max-snippet:-1","max-image-preview":"max-image-preview:large","max-video-preview":"max-video-preview:-1"},"canonical":"https:\/\/ryfi.online\/de\/product\/plush-elephant-pink-8\/","og_locale":"de_DE","og_type":"article","og_title":"Plush Elephant Pink 8\"","og_description":"If you are looking for Pink Elephant Plush Toys in the USA? Then, you have come to the right place, Ryfi.online Provides the Different- Different kind of Plush, for more Information Visit our website today!","og_url":"https:\/\/ryfi.online\/de\/product\/plush-elephant-pink-8\/","og_site_name":"Ryfi Online Store","article_publisher":"https:\/\/www.facebook.com\/ryfi.online\/","article_modified_time":"2025-09-25T05:32:44+00:00","og_image":[{"width":844,"height":844,"url":"https:\/\/ryfi.online\/wp-content\/uploads\/2022\/11\/IMG_5691-pink.jpeg","type":"image\/jpeg"}],"twitter_card":"summary_large_image","twitter_misc":{"Preis":"&#36;14.99","Availability":"In stock"},"schema":{"@context":"https:\/\/schema.org","@graph":[{"@type":"WebPage","@id":"https:\/\/ryfi.online\/de\/product\/plush-elephant-pink-8\/","url":"https:\/\/ryfi.online\/de\/product\/plush-elephant-pink-8\/","name":"Plush Elephant Pink 8\" - Ryfi Online Store","isPartOf":{"@id":"https:\/\/ryfi.online\/de\/#website"},"primaryImageOfPage":{"@id":"https:\/\/ryfi.online\/de\/product\/plush-elephant-pink-8\/#primaryimage"},"image":{"@id":"https:\/\/ryfi.online\/de\/product\/plush-elephant-pink-8\/#primaryimage"},"thumbnailUrl":"https:\/\/ryfi.online\/wp-content\/uploads\/2022\/11\/IMG_5691-pink.jpeg","datePublished":"2022-11-21T16:40:19+00:00","dateModified":"2025-09-25T05:32:44+00:00","description":"If you are looking for Pink Elephant Plush Toys in the USA? Then, you have come to the right place, Ryfi.online Provides the Different- Different kind of Plush, for more Information Visit our website today!","breadcrumb":{"@id":"https:\/\/ryfi.online\/de\/product\/plush-elephant-pink-8\/#breadcrumb"},"inLanguage":"de","potentialAction":[{"@type":"ReadAction","target":["https:\/\/ryfi.online\/de\/product\/plush-elephant-pink-8\/"]}]},{"@type":"ImageObject","inLanguage":"de","@id":"https:\/\/ryfi.online\/de\/product\/plush-elephant-pink-8\/#primaryimage","url":"https:\/\/ryfi.online\/wp-content\/uploads\/2022\/11\/IMG_5691-pink.jpeg","contentUrl":"https:\/\/ryfi.online\/wp-content\/uploads\/2022\/11\/IMG_5691-pink.jpeg","width":844,"height":844,"caption":"Plush Elephant Pink 8\""},{"@type":"BreadcrumbList","@id":"https:\/\/ryfi.online\/de\/product\/plush-elephant-pink-8\/#breadcrumb","itemListElement":[{"@type":"ListItem","position":1,"name":"Home","item":"https:\/\/ryfi.online\/de\/"},{"@type":"ListItem","position":2,"name":"Free and Fast Shipping whitin 1-3 Days!!!","item":"https:\/\/ryfi.online\/shop\/"},{"@type":"ListItem","position":3,"name":"Plush Elephant Pink 8&#8243;"}]},{"@type":"WebSite","@id":"https:\/\/ryfi.online\/de\/#website","url":"https:\/\/ryfi.online\/de\/","name":"Ryfi Online Store","description":"Online Store","publisher":{"@id":"https:\/\/ryfi.online\/de\/#organization"},"potentialAction":[{"@type":"SearchAction","target":{"@type":"EntryPoint","urlTemplate":"https:\/\/ryfi.online\/de\/?s={search_term_string}"},"query-input":{"@type":"PropertyValueSpecification","valueRequired":true,"valueName":"search_term_string"}}],"inLanguage":"de"},{"@type":"Organization","@id":"https:\/\/ryfi.online\/de\/#organization","name":"Ryan Future Investments LLC","url":"https:\/\/ryfi.online\/de\/","logo":{"@type":"ImageObject","inLanguage":"de","@id":"https:\/\/ryfi.online\/de\/#\/schema\/logo\/image\/","url":"https:\/\/ryfi.online\/wp-content\/uploads\/2021\/03\/2-03.png","contentUrl":"https:\/\/ryfi.online\/wp-content\/uploads\/2021\/03\/2-03.png","width":1010,"height":310,"caption":"Ryan Future Investments LLC"},"image":{"@id":"https:\/\/ryfi.online\/de\/#\/schema\/logo\/image\/"},"sameAs":["https:\/\/www.facebook.com\/ryfi.online\/"]}]},"product_brand":"Plush Toys","product_price_amount":"14.99","product_price_currency":"USD","og_availability":"instock","product_availability":"instock","product_condition":"new"},"jetpack-related-posts":[{"id":13080,"url":"https:\/\/ryfi.online\/fr\/produit\/paw-patrol-10-chase-plush-toy-standing-plush-with-stitched-detailing-for-ages-3-and-up-2\/","url_meta":{"origin":12515,"position":0},"title":"Paw Patrol &#8211; Jouet en peluche Chase 10&#8243;, peluche debout avec d\u00e9tails cousus, pour les 3 ans et plus","date":"Mai 4, 2021","format":false,"excerpt":"Les petits fans de PAW Patrol peuvent se blottir et r\u00eaver d'aventure avec leur chiot pr\u00e9f\u00e9r\u00e9, Chase ! Ce chiot en peluche de 10 pouces se tient debout tout seul, pr\u00eat \u00e0 l'action ! Chase porte son uniforme caract\u00e9ristique de la Patrouille des papillons, avec son bonnet douillet et son\u2026","rel":"","context":"\u00c4hnlicher Beitrag","img":{"alt_text":"","src":"https:\/\/i0.wp.com\/ryfi.online\/wp-content\/uploads\/2021\/05\/81c46n9nwAL._AC_SL1500_.jpg?resize=350%2C200&ssl=1","width":350,"height":200},"classes":[]},{"id":12935,"url":"https:\/\/ryfi.online\/fr\/produit\/paw-patrol-10-marshall-plush-toy-standing-plush-with-stitched-detailing-for-ages-3-and-up-2\/","url_meta":{"origin":12515,"position":1},"title":"Paw Patrol &#8211; Jouet en peluche Marshall 10&#8243;, peluche debout avec d\u00e9tails cousus, pour les 3 ans et plus","date":"Mai 4, 2021","format":false,"excerpt":"Les petits fans de PAW Patrol peuvent se blottir et r\u00eaver d'aventure avec leur chiot pr\u00e9f\u00e9r\u00e9, Marshall ! Ce chiot en peluche de 10 pouces se tient debout tout seul, pr\u00eat \u00e0 l'action ! Marshall porte son uniforme caract\u00e9ristique de la Patrouille des papillons, avec son chapeau douillet et son\u2026","rel":"","context":"\u00c4hnlicher Beitrag","img":{"alt_text":"","src":"https:\/\/i0.wp.com\/ryfi.online\/wp-content\/uploads\/2021\/05\/71x19VxDhSL._AC_SL1500_.jpg?resize=350%2C200&ssl=1","width":350,"height":200},"classes":[]},{"id":12991,"url":"https:\/\/ryfi.online\/fr\/produit\/paw-patrol-10-skye-plush-toy-standing-plush-with-stitched-detailing-for-ages-3-and-up-2\/","url_meta":{"origin":12515,"position":2},"title":"Paw Patrol &#8211; Jouet en peluche Skye 10&#8243;, peluche debout avec d\u00e9tails cousus, pour les 3 ans et plus","date":"Mai 4, 2021","format":false,"excerpt":"Les petits fans de PAW Patrol peuvent se blottir et r\u00eaver d'aventure avec leur chiot pr\u00e9f\u00e9r\u00e9, Skye ! Ce chiot en peluche de 10 pouces se tient debout tout seul, pr\u00eat \u00e0 l'action ! Skye porte son uniforme caract\u00e9ristique de la Patrouille des papillons, avec son bonnet douillet et son\u2026","rel":"","context":"\u00c4hnlicher Beitrag","img":{"alt_text":"","src":"https:\/\/i0.wp.com\/ryfi.online\/wp-content\/uploads\/2021\/05\/81EbdDqXYyL._AC_SL1500_.jpg?resize=350%2C200&ssl=1","width":350,"height":200},"classes":[]},{"id":13012,"url":"https:\/\/ryfi.online\/fr\/produit\/paw-patrol-10-rubble-plush-toy-standing-plush-with-stitched-detailing-for-ages-3-and-up-multicolor-2\/","url_meta":{"origin":12515,"position":3},"title":"Paw Patrol &#8211; Jouet en peluche Rubble 10&#8243;, peluche debout avec d\u00e9tails cousus, pour les 3 ans et plus, Multicolore","date":"Mai 4, 2021","format":false,"excerpt":"Les petits fans de PAW Patrol peuvent se blottir et r\u00eaver d'aventure avec leur chiot pr\u00e9f\u00e9r\u00e9, Rubble ! Ce chiot en peluche de 10 pouces se tient debout tout seul, pr\u00eat \u00e0 l'action ! Rubble porte son uniforme caract\u00e9ristique de la Patrouille des papillons, avec son bonnet douillet et son\u2026","rel":"","context":"\u00c4hnlicher Beitrag","img":{"alt_text":"","src":"https:\/\/i0.wp.com\/ryfi.online\/wp-content\/uploads\/2021\/05\/71AtjhCJL._AC_SL1500_.jpg?resize=350%2C200&ssl=1","width":350,"height":200},"classes":[]},{"id":12890,"url":"https:\/\/ryfi.online\/fr\/produit\/disney-1-pack-minnie-mouse-bowtique-16oz-pull-top-squirt-water-bottles-purple-pink-bpa-free-2\/","url_meta":{"origin":12515,"position":4},"title":"Disney 1-Pack Minnie Mouse Bowtique 16oz Pull-Top Squirt Water Bottles, Purple\/Pink, BPA-Free","date":"April 4, 2021","format":false,"excerpt":"Livraison gratuite et rapide sous 1 \u00e0 3 jours. Achetez 4 obtenez 5 D\u00e9p\u00eachez-vous, ventes chaudes !!!","rel":"","context":"\u00c4hnlicher Beitrag","img":{"alt_text":"","src":"https:\/\/i0.wp.com\/ryfi.online\/wp-content\/uploads\/2021\/04\/51TjhBshTML._AC_SL1000_.jpg?resize=350%2C200&ssl=1","width":350,"height":200},"classes":[]},{"id":13081,"url":"https:\/\/ryfi.online\/fr\/produit\/paw-patrol-5-plush-ball-plush-pour-ages-1-et-plus\/","url_meta":{"origin":12515,"position":5},"title":"Paw Patrol &#8211; 5&#8243; Plush Ball, Peluche pour les 1 ans et plus","date":"Mai 4, 2021","format":false,"excerpt":"DIMENSIONS : Chaque boule mesure environ 5 \u00e0 6 pouces de diam\u00e8tre. Les balles l\u00e9g\u00e8res, souples et compressibles sont \u00e9tonnamment durables et amusantes \u00e0 lancer. ENSEMBLE CADEAU : Id\u00e9al pour les enfants de 1 an et plus. Id\u00e9al pour jouer \u00e0 l'int\u00e9rieur et \u00e0 l'ext\u00e9rieur ! FUN & SAFE :\u2026","rel":"","context":"\u00c4hnlicher Beitrag","img":{"alt_text":"","src":"https:\/\/i0.wp.com\/ryfi.online\/wp-content\/uploads\/2021\/05\/20210504_1503061-scaled.jpg?resize=350%2C200&ssl=1","width":350,"height":200},"classes":[]}],"_links":{"self":[{"href":"https:\/\/ryfi.online\/de\/wp-json\/wp\/v2\/product\/12515","targetHints":{"allow":["GET"]}}],"collection":[{"href":"https:\/\/ryfi.online\/de\/wp-json\/wp\/v2\/product"}],"about":[{"href":"https:\/\/ryfi.online\/de\/wp-json\/wp\/v2\/types\/product"}],"replies":[{"embeddable":true,"href":"https:\/\/ryfi.online\/de\/wp-json\/wp\/v2\/comments?post=12515"}],"wp:featuredmedia":[{"embeddable":true,"href":"https:\/\/ryfi.online\/de\/wp-json\/wp\/v2\/media\/12516"}],"wp:attachment":[{"href":"https:\/\/ryfi.online\/de\/wp-json\/wp\/v2\/media?parent=12515"}],"wp:term":[{"taxonomy":"product_brand","embeddable":true,"href":"https:\/\/ryfi.online\/de\/wp-json\/wp\/v2\/product_brand?post=12515"},{"taxonomy":"product_cat","embeddable":true,"href":"https:\/\/ryfi.online\/de\/wp-json\/wp\/v2\/product_cat?post=12515"},{"taxonomy":"product_tag","embeddable":true,"href":"https:\/\/ryfi.online\/de\/wp-json\/wp\/v2\/product_tag?post=12515"}],"curies":[{"name":"wp","href":"https:\/\/api.w.org\/{rel}","templated":true}]}}