{"id":3641,"date":"2021-10-11T14:11:50","date_gmt":"2021-10-11T14:11:50","guid":{"rendered":"https:\/\/ryfi.online\/versandbedingungen\/"},"modified":"2021-10-11T14:11:51","modified_gmt":"2021-10-11T14:11:51","slug":"versandbedingungen","status":"publish","type":"page","link":"https:\/\/ryfi.online\/de\/versandbedingungen\/","title":{"rendered":"Versandbedingungen"},"content":{"rendered":"\t\t<div data-elementor-type=\"wp-page\" data-elementor-id=\"3641\" class=\"elementor elementor-3641 elementor-603\">\n\t\t\t\t\t\t<section class=\"elementor-section elementor-top-section elementor-element elementor-element-4b34b5f1 elementor-section-boxed elementor-section-height-default elementor-section-height-default\" data-id=\"4b34b5f1\" data-element_type=\"section\" data-e-type=\"section\">\n\t\t\t\t\t\t<div class=\"elementor-container elementor-column-gap-default\">\n\t\t\t\t\t<div class=\"elementor-column elementor-col-100 elementor-top-column elementor-element elementor-element-41c9f960\" data-id=\"41c9f960\" data-element_type=\"column\" data-e-type=\"column\">\n\t\t\t<div class=\"elementor-widget-wrap elementor-element-populated\">\n\t\t\t\t\t\t<div class=\"elementor-element elementor-element-43e030a8 elementor-widget elementor-widget-text-editor\" data-id=\"43e030a8\" data-element_type=\"widget\" data-e-type=\"widget\" data-widget_type=\"text-editor.default\">\n\t\t\t\t<div class=\"elementor-widget-container\">\n\t\t\t\t\t\t\t\t\t<div>\n<p><strong>WO LIEFERN WIR?<\/strong><\/p>\n<p><span style=\"color: #ff0000;\">Wir bieten USA und Europa KOSTENLOSEN VERSAND.<\/span><\/p>\n<p><strong><span style=\"font-size: inherit; text-align: inherit; background-color: inherit; color: var(--theme-text-color); font-family: var(--fontFamily); font-style: var(--fontStyle, inherit); letter-spacing: var(--letterSpacing); text-transform: var(--textTransform);\">WIE VIEL KOSTET DER VERSAND?<\/span><\/strong><\/p>\n<p>Die Versandkosten variieren je nach Versandziel und Anzahl der von Ihnen gekauften Artikel. Sie k\u00f6nnen Ihre genauen Versandkosten berechnen, indem Sie Artikel in Ihren Warenkorb legen, zur Kasse gehen und Ihre Postanschrift eingeben. Die Versandkosten werden automatisch aktualisiert und in Ihren Gesamtkosten angezeigt.<\/p>\n<hr>\n<p><strong><span style=\"font-size: inherit; text-align: inherit; background-color: inherit; color: var(--theme-text-color); font-family: var(--fontFamily); font-style: var(--fontStyle, inherit); letter-spacing: var(--letterSpacing); text-transform: var(--textTransform);\">WIE LANGE DAUERT DER K\u00c4UFER, UM SEINE BESTELLUNG ZU ERHALTEN?<\/span><\/strong><\/p>\n<p>Im Durchschnitt wird die Ware noch am selben Werktag nach dem Kauf von unserem Werk produziert und versandt. Es gelten die Standard-Versand-\/Transportzeiten (1-3 Tage f\u00fcr die USA und Spanien und 3-7 Tage f\u00fcr das restliche Europa).<\/p>\n<div><strong>WO FINDE ICH MEINE TRACKING-NUMMER?<\/strong><\/div>\n<div> <\/div>\n<p><span style=\"{wpml_trans_unit_2_0_0_9_0_-1_0}\"><span style=\"{wpml_trans_unit_2_0_0_9_0_0_-1_0}\">Sie erhalten eine E-Mail-Best\u00e4tigung mit einem Link mit Ihrer Tracking-Nummer.<\/span><\/span><span style=\"text-align: inherit; letter-spacing: var(--letterSpacing); text-transform: var(--textTransform); color: #202124; font-family: arial, sans-serif; font-size: 16px; background-color: #ffffff;\"> Sobald Ihr<\/span> Auftrag<span style=\"text-align: inherit; letter-spacing: var(--letterSpacing); text-transform: var(--textTransform); color: #202124; font-family: arial, sans-serif; font-size: 16px; background-color: #ffffff;\"> Schiffe, a<\/span> Verfolgung<span style=\"text-align: inherit; letter-spacing: var(--letterSpacing); text-transform: var(--textTransform); color: #202124; font-family: arial, sans-serif; font-size: 16px; background-color: #ffffff;\"> Nummer wird zugewiesen und erscheint in Ihrem<\/span> Auftrag<span style=\"text-align: inherit; letter-spacing: var(--letterSpacing); text-transform: var(--textTransform); color: #202124; font-family: arial, sans-serif; font-size: 16px; background-color: #ffffff;\"> Information. Du kannst dann <\/span>Spur<span style=\"text-align: inherit; letter-spacing: var(--letterSpacing); text-transform: var(--textTransform); color: #202124; font-family: arial, sans-serif; font-size: 16px; background-color: #ffffff;\"> Ihre<\/span> Auftrag<span style=\"text-align: inherit; letter-spacing: var(--letterSpacing); text-transform: var(--textTransform); color: #202124; font-family: arial, sans-serif; font-size: 16px; background-color: #ffffff;\"> mit Ihrem<\/span> Verfolgung<span style=\"text-align: inherit; letter-spacing: var(--letterSpacing); text-transform: var(--textTransform); color: #202124; font-family: arial, sans-serif; font-size: 16px; background-color: #ffffff;\"> Nummer.<\/span><\/p>\n<div><strong><span style=\"font-size: inherit; text-align: inherit; background-color: inherit; color: var(--theme-text-color); font-family: var(--fontFamily); font-style: var(--fontStyle, inherit); letter-spacing: var(--letterSpacing); text-transform: var(--textTransform);\">KANN DIE BESTELLUNG AN MEHRERE ADRESSEN GELIEFERT WERDEN?<\/span><\/strong><\/div>\n<div> <\/div>\n<p>Wir bieten keinen Versand an mehrere Adressen f\u00fcr eine einzelne Bestellung an. Wenn Sie m\u00f6chten, dass Artikel an mehrere Adressen geliefert werden, geben Sie diese Bestellungen bitte separat auf.<\/p>\n<hr>\n<p><strong>BIETEN SIE LIEFERUNG AN POSBOXEN ODER MILIT\u00c4RISCHE APO\/FPO-ADRESSEN AN?<\/strong><\/p>\n<p>Ja, wir k\u00f6nnen Sendungen an Postf\u00e4cher und milit\u00e4rische APO\/FPO-Adressen senden<\/p>\n<\/div>\n\t\t\t\t\t\t\t\t<\/div>\n\t\t\t\t<\/div>\n\t\t\t\t\t<\/div>\n\t\t<\/div>\n\t\t\t\t\t<\/div>\n\t\t<\/section>\n\t\t\t\t<\/div>\n\t\t","protected":false},"excerpt":{"rendered":"<p>WO LIEFERN WIR? Wir bieten USA und Europa KOSTENLOSEN VERSAND. WIE VIEL KOSTET DER VERSAND? Die Versandkosten variieren je nach Versandziel und Anzahl der von Ihnen gekauften Artikel. Sie k\u00f6nnen Ihre genauen Versandkosten berechnen, indem Sie Artikel in Ihren Warenkorb legen, zur Kasse gehen und Ihre Postanschrift eingeben. Die Versandkosten werden automatisch aktualisiert und in [&hellip;]<\/p>\n","protected":false},"author":1,"featured_media":0,"parent":0,"menu_order":0,"comment_status":"closed","ping_status":"closed","template":"","meta":{"footnotes":""},"class_list":["post-3641","page","type-page","status-publish","hentry"],"blocksy_meta":{"styles_descriptor":{"styles":{"desktop":"","tablet":"","mobile":""},"google_fonts":[],"version":6}},"yoast_head":"<!-- This site is optimized with the Yoast SEO Premium plugin v17.1.2 (Yoast SEO v27.4) - https:\/\/yoast.com\/product\/yoast-seo-premium-wordpress\/ -->\n<title>Versandbedingungen - Ryfi Online Store<\/title>\n<meta name=\"description\" content=\"Lesen Sie unsere Versandrichtlinie: So gehen wir mit Ihrer Versandrichtlinie vor.\" \/>\n<meta name=\"robots\" content=\"index, follow, max-snippet:-1, max-image-preview:large, max-video-preview:-1\" \/>\n<link rel=\"canonical\" href=\"https:\/\/ryfi.online\/de\/versandbedingungen\/\" \/>\n<meta property=\"og:locale\" content=\"de_DE\" \/>\n<meta property=\"og:type\" content=\"article\" \/>\n<meta property=\"og:title\" content=\"Versandbedingungen\" \/>\n<meta property=\"og:description\" content=\"Lesen Sie unsere Versandrichtlinie: So gehen wir mit Ihrer Versandrichtlinie vor.\" \/>\n<meta property=\"og:url\" content=\"https:\/\/ryfi.online\/de\/versandbedingungen\/\" \/>\n<meta property=\"og:site_name\" content=\"Ryfi Online Store\" \/>\n<meta property=\"article:publisher\" content=\"https:\/\/www.facebook.com\/ryfi.online\/\" \/>\n<meta property=\"article:modified_time\" content=\"2021-10-11T14:11:51+00:00\" \/>\n<meta property=\"og:image\" content=\"https:\/\/ryfi.online\/wp-content\/uploads\/2021\/03\/H89f48063f95940e583df854ff6ec5f689-Copy-Copy.jpg\" \/>\n\t<meta property=\"og:image:width\" content=\"500\" \/>\n\t<meta property=\"og:image:height\" content=\"500\" \/>\n\t<meta property=\"og:image:type\" content=\"image\/jpeg\" \/>\n<meta name=\"twitter:card\" content=\"summary_large_image\" \/>\n<meta name=\"twitter:label1\" content=\"Gesch\u00e4tzte Lesezeit\" \/>\n\t<meta name=\"twitter:data1\" content=\"1\u00a0Minute\" \/>\n<!-- \/ Yoast SEO Premium plugin. -->","yoast_head_json":{"title":"Versandbedingungen - Ryfi Online Store","description":"Lesen Sie unsere Versandrichtlinie: So gehen wir mit Ihrer Versandrichtlinie vor.","robots":{"index":"index","follow":"follow","max-snippet":"max-snippet:-1","max-image-preview":"max-image-preview:large","max-video-preview":"max-video-preview:-1"},"canonical":"https:\/\/ryfi.online\/de\/versandbedingungen\/","og_locale":"de_DE","og_type":"article","og_title":"Versandbedingungen","og_description":"Lesen Sie unsere Versandrichtlinie: So gehen wir mit Ihrer Versandrichtlinie vor.","og_url":"https:\/\/ryfi.online\/de\/versandbedingungen\/","og_site_name":"Ryfi Online Store","article_publisher":"https:\/\/www.facebook.com\/ryfi.online\/","article_modified_time":"2021-10-11T14:11:51+00:00","og_image":[{"width":500,"height":500,"url":"https:\/\/ryfi.online\/wp-content\/uploads\/2021\/03\/H89f48063f95940e583df854ff6ec5f689-Copy-Copy.jpg","type":"image\/jpeg"}],"twitter_card":"summary_large_image","twitter_misc":{"Gesch\u00e4tzte Lesezeit":"1\u00a0Minute"},"schema":{"@context":"https:\/\/schema.org","@graph":[{"@type":"WebPage","@id":"https:\/\/ryfi.online\/de\/versandbedingungen\/","url":"https:\/\/ryfi.online\/de\/versandbedingungen\/","name":"Versandbedingungen - Ryfi Online Store","isPartOf":{"@id":"https:\/\/ryfi.online\/de\/#website"},"datePublished":"2021-10-11T14:11:50+00:00","dateModified":"2021-10-11T14:11:51+00:00","description":"Lesen Sie unsere Versandrichtlinie: So gehen wir mit Ihrer Versandrichtlinie vor.","breadcrumb":{"@id":"https:\/\/ryfi.online\/de\/versandbedingungen\/#breadcrumb"},"inLanguage":"de","potentialAction":[{"@type":"ReadAction","target":["https:\/\/ryfi.online\/de\/versandbedingungen\/"]}]},{"@type":"BreadcrumbList","@id":"https:\/\/ryfi.online\/de\/versandbedingungen\/#breadcrumb","itemListElement":[{"@type":"ListItem","position":1,"name":"Home","item":"https:\/\/ryfi.online\/de\/"},{"@type":"ListItem","position":2,"name":"Versandbedingungen"}]},{"@type":"WebSite","@id":"https:\/\/ryfi.online\/de\/#website","url":"https:\/\/ryfi.online\/de\/","name":"Ryfi Online Store","description":"Online Store","publisher":{"@id":"https:\/\/ryfi.online\/de\/#organization"},"potentialAction":[{"@type":"SearchAction","target":{"@type":"EntryPoint","urlTemplate":"https:\/\/ryfi.online\/de\/?s={search_term_string}"},"query-input":{"@type":"PropertyValueSpecification","valueRequired":true,"valueName":"search_term_string"}}],"inLanguage":"de"},{"@type":"Organization","@id":"https:\/\/ryfi.online\/de\/#organization","name":"Ryan Future Investments LLC","url":"https:\/\/ryfi.online\/de\/","logo":{"@type":"ImageObject","inLanguage":"de","@id":"https:\/\/ryfi.online\/de\/#\/schema\/logo\/image\/","url":"https:\/\/ryfi.online\/wp-content\/uploads\/2021\/03\/2-03.png","contentUrl":"https:\/\/ryfi.online\/wp-content\/uploads\/2021\/03\/2-03.png","width":1010,"height":310,"caption":"Ryan Future Investments LLC"},"image":{"@id":"https:\/\/ryfi.online\/de\/#\/schema\/logo\/image\/"},"sameAs":["https:\/\/www.facebook.com\/ryfi.online\/"]}]}},"jetpack-related-posts":[{"id":3633,"url":"https:\/\/ryfi.online\/de\/rueckerstattung-und-rueckgabe\/","url_meta":{"origin":3641,"position":0},"title":"R\u00fcckerstattung und R\u00fcckgabe","date":"Oktober 11, 2021","format":false,"excerpt":"Kunden k\u00f6nnen innerhalb von 30 Tagen nach Erhalt der Produkte eine R\u00fcckerstattung oder R\u00fcckgabe beantragen. R\u00fcckerstattungen erfolgen auf dieselbe Weise, mit der Sie bezahlt haben. Verkaufs- und Werbeartikel sind ausgeschlossen und unterliegen weiterhin unseren regul\u00e4ren R\u00fcckerstattungs-\/R\u00fcckgabebedingungen. STORNIERUNG Wir akzeptieren Auftragsstornierungen vor der Produktbearbeitung. Wenn die Bestellung bis zu diesem Zeitpunkt\u2026","rel":"","context":"\u00c4hnlicher Beitrag","img":{"alt_text":"","src":"","width":0,"height":0},"classes":[]},{"id":3340,"url":"https:\/\/ryfi.online\/de\/kostenloser-und-schneller-versand-innerhalb-von-1-3-tagen\/","url_meta":{"origin":3641,"position":1},"title":"Kostenloser und schneller Versand innerhalb von 1-3 Tagen !!!","date":"Oktober 11, 2021","format":false,"excerpt":"","rel":"","context":"\u00c4hnlicher Beitrag","img":{"alt_text":"","src":"","width":0,"height":0},"classes":[]},{"id":3288,"url":"https:\/\/ryfi.online\/de\/ueber-uns\/","url_meta":{"origin":3641,"position":2},"title":"\u00dcber uns","date":"Oktober 11, 2021","format":false,"excerpt":"Massa sed elementum tempus egestas sed sed risus. Risus bei ultrices mi tempus imperdiet nulla malesuada pellentesque elit.","rel":"","context":"\u00c4hnlicher Beitrag","img":{"alt_text":"","src":"https:\/\/i1.wp.com\/ryfi.online\/wp-content\/uploads\/2020\/03\/zachary-kyra-derksen-RfgWAyCBNWk-unsplash.jpg?fit=660%2C400&ssl=1&resize=350%2C200","width":350,"height":200},"classes":[]},{"id":3447,"url":"https:\/\/ryfi.online\/de\/","url_meta":{"origin":3641,"position":3},"title":"Zuhause","date":"Oktober 11, 2021","format":false,"excerpt":"Angebot der Woche! KAUFEN 4 ERHALTEN 5 Holen Sie sich jetzt den Deal 25 % Beeilen Sie sich, hei\u00dfe Verk\u00e4ufe !! Willkommen im Ryfi Online-Shop Previous Next Kaufen 4 Holen 5 Unsere gl\u00fccklichen Kunden! Was sagen Kunden \u00fcber unsere Produkte. Ich liebe es!!!Mein Sohn ist sehr gl\u00fccklich\u2026ich werde weitere Farben\u2026","rel":"","context":"\u00c4hnlicher Beitrag","img":{"alt_text":"","src":"https:\/\/i0.wp.com\/ryfi.online\/wp-content\/uploads\/2020\/03\/stefan-stefancik-QXevDflbl8A-unsplash.jpg?resize=350%2C200&ssl=1","width":350,"height":200},"classes":[]},{"id":3329,"url":"https:\/\/ryfi.online\/de\/kontaktiere-uns\/","url_meta":{"origin":3641,"position":4},"title":"Kontaktiere uns","date":"Oktober 11, 2021","format":false,"excerpt":"Velturpis nunc eget lorem dolor sedviverra ipsum malesuada fames ac turpis egestas maecenas pharetra amet facilisis magna etiam tempor.","rel":"","context":"\u00c4hnlicher Beitrag","img":{"alt_text":"","src":"","width":0,"height":0},"classes":[]}],"_links":{"self":[{"href":"https:\/\/ryfi.online\/de\/wp-json\/wp\/v2\/pages\/3641","targetHints":{"allow":["GET"]}}],"collection":[{"href":"https:\/\/ryfi.online\/de\/wp-json\/wp\/v2\/pages"}],"about":[{"href":"https:\/\/ryfi.online\/de\/wp-json\/wp\/v2\/types\/page"}],"author":[{"embeddable":true,"href":"https:\/\/ryfi.online\/de\/wp-json\/wp\/v2\/users\/1"}],"replies":[{"embeddable":true,"href":"https:\/\/ryfi.online\/de\/wp-json\/wp\/v2\/comments?post=3641"}],"version-history":[{"count":1,"href":"https:\/\/ryfi.online\/de\/wp-json\/wp\/v2\/pages\/3641\/revisions"}],"predecessor-version":[{"id":3642,"href":"https:\/\/ryfi.online\/de\/wp-json\/wp\/v2\/pages\/3641\/revisions\/3642"}],"wp:attachment":[{"href":"https:\/\/ryfi.online\/de\/wp-json\/wp\/v2\/media?parent=3641"}],"curies":[{"name":"wp","href":"https:\/\/api.w.org\/{rel}","templated":true}]}}