{"id":3633,"date":"2021-10-11T14:01:00","date_gmt":"2021-10-11T14:01:00","guid":{"rendered":"https:\/\/ryfi.online\/rueckerstattung-und-rueckgabe\/"},"modified":"2021-10-13T14:55:27","modified_gmt":"2021-10-13T14:55:27","slug":"rueckerstattung-und-rueckgabe","status":"publish","type":"page","link":"https:\/\/ryfi.online\/de\/rueckerstattung-und-rueckgabe\/","title":{"rendered":"R\u00fcckerstattung und R\u00fcckgabe"},"content":{"rendered":"\t\t<div data-elementor-type=\"wp-page\" data-elementor-id=\"3633\" class=\"elementor elementor-3633 elementor-1183\">\n\t\t\t\t\t\t<section class=\"elementor-section elementor-top-section elementor-element elementor-element-907a248 elementor-section-boxed elementor-section-height-default elementor-section-height-default\" data-id=\"907a248\" data-element_type=\"section\" data-e-type=\"section\">\n\t\t\t\t\t\t<div class=\"elementor-container elementor-column-gap-default\">\n\t\t\t\t\t<div class=\"elementor-column elementor-col-100 elementor-top-column elementor-element elementor-element-fc24c6c\" data-id=\"fc24c6c\" data-element_type=\"column\" data-e-type=\"column\">\n\t\t\t<div class=\"elementor-widget-wrap elementor-element-populated\">\n\t\t\t\t\t\t<div class=\"elementor-element elementor-element-3ff3e0a elementor-widget elementor-widget-text-editor\" data-id=\"3ff3e0a\" data-element_type=\"widget\" data-e-type=\"widget\" data-widget_type=\"text-editor.default\">\n\t\t\t\t<div class=\"elementor-widget-container\">\n\t\t\t\t\t\t\t\t\t<p>Kunden k\u00f6nnen innerhalb von 30 Tagen nach Erhalt der Produkte eine R\u00fcckerstattung oder R\u00fcckgabe beantragen. R\u00fcckerstattungen erfolgen auf dieselbe Weise, mit der Sie bezahlt haben.<\/p>\n<p>Verkaufs- und Werbeartikel sind ausgeschlossen und unterliegen weiterhin unseren regul\u00e4ren R\u00fcckerstattungs-\/R\u00fcckgabebedingungen.<\/p>\n<p>STORNIERUNG<\/p>\n<p>Wir akzeptieren Auftragsstornierungen vor der Produktbearbeitung. Wenn die Bestellung bis zu diesem Zeitpunkt storniert wird, erhalten Sie eine volle R\u00fcckerstattung.<\/p>\n<p>Wenn das Produkt bereits versandt wurde, k\u00f6nnen wir die Bestellung leider nicht stornieren.<\/p>\n<p>R\u00dcCKERSTATTUNG\/R\u00dcCKGABEBEDINGUNGEN<\/p>\n<p>Alle Artikel m\u00fcssen in ihrem urspr\u00fcnglichen Verkaufszustand zur\u00fcckgegeben werden, ohne getragen, gewaschen oder ver\u00e4ndert worden zu sein, und mit allen noch angebrachten Etiketten.<br \/>Alle Artikel m\u00fcssen mit ihren Originalverpackungen zur\u00fcckgegeben werden.<br \/>Alle Artikel m\u00fcssen in einem Paket zur\u00fcckgegeben werden.<br \/>R\u00fcckerstattungs-\/R\u00fccksendungen m\u00fcssen mit dem gleichen Service wie die urspr\u00fcngliche Lieferung erfolgen.<br \/>Wir k\u00f6nnen R\u00fcckerstattungen\/R\u00fccksendungen nur aus dem Land akzeptieren, in das eine Bestellung urspr\u00fcnglich versandt wurde, zum Beispiel m\u00fcssen in die USA gelieferte Bestellungen aus den USA zur\u00fcckgesandt werden<br \/>Kundenspezifische Artikel k\u00f6nnen nicht zur\u00fcckgegeben werden.<br \/>Die R\u00fccksendung\/Umtausch ist leider nicht kostenfrei (Einfuhr- und Versandkosten gehen zu Ihren Lasten).<br \/>Fehlerhafte Artikel k\u00f6nnen selbstverst\u00e4ndlich retourniert werden.<\/p>\n<p>Wir behalten uns das Recht vor, keine R\u00fcckgabe\/Umtausch zu akzeptieren, wenn das Produkt Gebrauchsspuren aufweist oder verwendet oder von seinem urspr\u00fcnglichen Zustand ver\u00e4ndert wurde.<\/p>\n<p>Sie werden informiert, wenn wir Ihre R\u00fcckerstattung\/Ihren Umtausch ablehnen; Sie k\u00f6nnen sich das Produkt auf eigene Kosten zur\u00fccksenden lassen.<\/p>\n<p>WIE KANN MAN EINEN ARTIKEL ODER EINE GANZE BESTELLUNG ZUR\u00dcCKGEBEN?<\/p>\n<p>Schritt 1: Bitte kontaktieren Sie unser Team, um den R\u00fcckgabeprozess mit den folgenden Informationen zu starten:<\/p>\n<p>Bestellnummer<br \/>Kaufbeleg<br \/>Video oder Foto des fehlerhaften Produkts<\/p>\n<p>Schritt 2: Legen Sie Ihre Quittung zusammen mit den Artikeln wieder in die Originalverpackung ein.<\/p>\n<p>Schritt 3: Paket an den Kurier \u00fcbergeben, nachdem der Kurier die R\u00fccksendung gepr\u00fcft hat, verschlie\u00dfen Sie das Paket bitte sicher.<\/p>\n<p>ERSTATTUNG<\/p>\n<p>Im Falle einer R\u00fccksendung wird Ihre R\u00fcckerstattung der urspr\u00fcnglichen Zahlungsmethode gutgeschrieben. Versandkosten werden nicht erstattet.<\/p>\n<p>Sobald Ihr Paket bei uns eintrifft, erlauben Sie bitte 1-3 Werktage (je nach Spitzenzeiten) f\u00fcr die Bearbeitung Ihrer R\u00fccksendung. Wenn Ihre R\u00fccksendung die aufgef\u00fchrten Bedingungen nicht erf\u00fcllt, wird das Paket auf Ihre Kosten an Sie zur\u00fcckgesandt. Wenn Ihre R\u00fccksendung akzeptiert wurde, wird Ihre R\u00fcckerstattung ausgestellt und Sie erhalten eine Best\u00e4tigungs-E-Mail.<\/p><\/p>\n\t\t\t\t\t\t\t\t<\/div>\n\t\t\t\t<\/div>\n\t\t\t\t\t<\/div>\n\t\t<\/div>\n\t\t\t\t\t<\/div>\n\t\t<\/section>\n\t\t\t\t<\/div>\n\t\t","protected":false},"excerpt":{"rendered":"<p>Kunden k\u00f6nnen innerhalb von 30 Tagen nach Erhalt der Produkte eine R\u00fcckerstattung oder R\u00fcckgabe beantragen. R\u00fcckerstattungen erfolgen auf dieselbe Weise, mit der Sie bezahlt haben. Verkaufs- und Werbeartikel sind ausgeschlossen und unterliegen weiterhin unseren regul\u00e4ren R\u00fcckerstattungs-\/R\u00fcckgabebedingungen. STORNIERUNG Wir akzeptieren Auftragsstornierungen vor der Produktbearbeitung. Wenn die Bestellung bis zu diesem Zeitpunkt storniert wird, erhalten Sie eine [&hellip;]<\/p>\n","protected":false},"author":1,"featured_media":0,"parent":0,"menu_order":0,"comment_status":"closed","ping_status":"closed","template":"","meta":{"footnotes":""},"class_list":["post-3633","page","type-page","status-publish","hentry"],"blocksy_meta":{"styles_descriptor":{"styles":{"desktop":"","tablet":"","mobile":""},"google_fonts":[],"version":6}},"yoast_head":"<!-- This site is optimized with the Yoast SEO Premium plugin v17.1.2 (Yoast SEO v27.4) - https:\/\/yoast.com\/product\/yoast-seo-premium-wordpress\/ -->\n<title>R\u00fcckerstattung und R\u00fcckgabe - Ryfi Online Store<\/title>\n<meta name=\"description\" content=\"Lesen Sie unsere R\u00fcckgabe- und Umtauschrichtlinie: So k\u00f6nnen Sie Ihr Produkt zur\u00fcckgeben oder umtauschen.\" \/>\n<meta name=\"robots\" content=\"index, follow, max-snippet:-1, max-image-preview:large, max-video-preview:-1\" \/>\n<link rel=\"canonical\" href=\"https:\/\/ryfi.online\/de\/rueckerstattung-und-rueckgabe\/\" \/>\n<meta property=\"og:locale\" content=\"de_DE\" \/>\n<meta property=\"og:type\" content=\"article\" \/>\n<meta property=\"og:title\" content=\"R\u00fcckerstattung und R\u00fcckgabe\" \/>\n<meta property=\"og:description\" content=\"Lesen Sie unsere R\u00fcckgabe- und Umtauschrichtlinie: So k\u00f6nnen Sie Ihr Produkt zur\u00fcckgeben oder umtauschen.\" \/>\n<meta property=\"og:url\" content=\"https:\/\/ryfi.online\/de\/rueckerstattung-und-rueckgabe\/\" \/>\n<meta property=\"og:site_name\" content=\"Ryfi Online Store\" \/>\n<meta property=\"article:publisher\" content=\"https:\/\/www.facebook.com\/ryfi.online\/\" \/>\n<meta property=\"article:modified_time\" content=\"2021-10-13T14:55:27+00:00\" \/>\n<meta property=\"og:image\" content=\"https:\/\/ryfi.online\/wp-content\/uploads\/2021\/03\/H89f48063f95940e583df854ff6ec5f689-Copy-Copy.jpg\" \/>\n\t<meta property=\"og:image:width\" content=\"500\" \/>\n\t<meta property=\"og:image:height\" content=\"500\" \/>\n\t<meta property=\"og:image:type\" content=\"image\/jpeg\" \/>\n<meta name=\"twitter:card\" content=\"summary_large_image\" \/>\n<meta name=\"twitter:label1\" content=\"Gesch\u00e4tzte Lesezeit\" \/>\n\t<meta name=\"twitter:data1\" content=\"2\u00a0Minuten\" \/>\n<!-- \/ Yoast SEO Premium plugin. -->","yoast_head_json":{"title":"R\u00fcckerstattung und R\u00fcckgabe - Ryfi Online Store","description":"Lesen Sie unsere R\u00fcckgabe- und Umtauschrichtlinie: So k\u00f6nnen Sie Ihr Produkt zur\u00fcckgeben oder umtauschen.","robots":{"index":"index","follow":"follow","max-snippet":"max-snippet:-1","max-image-preview":"max-image-preview:large","max-video-preview":"max-video-preview:-1"},"canonical":"https:\/\/ryfi.online\/de\/rueckerstattung-und-rueckgabe\/","og_locale":"de_DE","og_type":"article","og_title":"R\u00fcckerstattung und R\u00fcckgabe","og_description":"Lesen Sie unsere R\u00fcckgabe- und Umtauschrichtlinie: So k\u00f6nnen Sie Ihr Produkt zur\u00fcckgeben oder umtauschen.","og_url":"https:\/\/ryfi.online\/de\/rueckerstattung-und-rueckgabe\/","og_site_name":"Ryfi Online Store","article_publisher":"https:\/\/www.facebook.com\/ryfi.online\/","article_modified_time":"2021-10-13T14:55:27+00:00","og_image":[{"width":500,"height":500,"url":"https:\/\/ryfi.online\/wp-content\/uploads\/2021\/03\/H89f48063f95940e583df854ff6ec5f689-Copy-Copy.jpg","type":"image\/jpeg"}],"twitter_card":"summary_large_image","twitter_misc":{"Gesch\u00e4tzte Lesezeit":"2\u00a0Minuten"},"schema":{"@context":"https:\/\/schema.org","@graph":[{"@type":"WebPage","@id":"https:\/\/ryfi.online\/de\/rueckerstattung-und-rueckgabe\/","url":"https:\/\/ryfi.online\/de\/rueckerstattung-und-rueckgabe\/","name":"R\u00fcckerstattung und R\u00fcckgabe - Ryfi Online Store","isPartOf":{"@id":"https:\/\/ryfi.online\/de\/#website"},"datePublished":"2021-10-11T14:01:00+00:00","dateModified":"2021-10-13T14:55:27+00:00","description":"Lesen Sie unsere R\u00fcckgabe- und Umtauschrichtlinie: So k\u00f6nnen Sie Ihr Produkt zur\u00fcckgeben oder umtauschen.","breadcrumb":{"@id":"https:\/\/ryfi.online\/de\/rueckerstattung-und-rueckgabe\/#breadcrumb"},"inLanguage":"de","potentialAction":[{"@type":"ReadAction","target":["https:\/\/ryfi.online\/de\/rueckerstattung-und-rueckgabe\/"]}]},{"@type":"BreadcrumbList","@id":"https:\/\/ryfi.online\/de\/rueckerstattung-und-rueckgabe\/#breadcrumb","itemListElement":[{"@type":"ListItem","position":1,"name":"Home","item":"https:\/\/ryfi.online\/de\/"},{"@type":"ListItem","position":2,"name":"R\u00fcckerstattung und R\u00fcckgabe"}]},{"@type":"WebSite","@id":"https:\/\/ryfi.online\/de\/#website","url":"https:\/\/ryfi.online\/de\/","name":"Ryfi Online Store","description":"Online Store","publisher":{"@id":"https:\/\/ryfi.online\/de\/#organization"},"potentialAction":[{"@type":"SearchAction","target":{"@type":"EntryPoint","urlTemplate":"https:\/\/ryfi.online\/de\/?s={search_term_string}"},"query-input":{"@type":"PropertyValueSpecification","valueRequired":true,"valueName":"search_term_string"}}],"inLanguage":"de"},{"@type":"Organization","@id":"https:\/\/ryfi.online\/de\/#organization","name":"Ryan Future Investments LLC","url":"https:\/\/ryfi.online\/de\/","logo":{"@type":"ImageObject","inLanguage":"de","@id":"https:\/\/ryfi.online\/de\/#\/schema\/logo\/image\/","url":"https:\/\/ryfi.online\/wp-content\/uploads\/2021\/03\/2-03.png","contentUrl":"https:\/\/ryfi.online\/wp-content\/uploads\/2021\/03\/2-03.png","width":1010,"height":310,"caption":"Ryan Future Investments LLC"},"image":{"@id":"https:\/\/ryfi.online\/de\/#\/schema\/logo\/image\/"},"sameAs":["https:\/\/www.facebook.com\/ryfi.online\/"]}]}},"jetpack-related-posts":[{"id":3641,"url":"https:\/\/ryfi.online\/de\/versandbedingungen\/","url_meta":{"origin":3633,"position":0},"title":"Versandbedingungen","date":"Oktober 11, 2021","format":false,"excerpt":"WO LIEFERN WIR? Wir bieten USA und Europa KOSTENLOSEN VERSAND. WIE VIEL KOSTET DER VERSAND? Die Versandkosten variieren je nach Versandziel und Anzahl der von Ihnen gekauften Artikel. Sie k\u00f6nnen Ihre genauen Versandkosten berechnen, indem Sie Artikel in Ihren Warenkorb legen, zur Kasse gehen und Ihre Postanschrift eingeben. Die Versandkosten\u2026","rel":"","context":"\u00c4hnlicher Beitrag","img":{"alt_text":"","src":"","width":0,"height":0},"classes":[]},{"id":3329,"url":"https:\/\/ryfi.online\/de\/kontaktiere-uns\/","url_meta":{"origin":3633,"position":1},"title":"Kontaktiere uns","date":"Oktober 11, 2021","format":false,"excerpt":"Velturpis nunc eget lorem dolor sedviverra ipsum malesuada fames ac turpis egestas maecenas pharetra amet facilisis magna etiam tempor.","rel":"","context":"\u00c4hnlicher Beitrag","img":{"alt_text":"","src":"","width":0,"height":0},"classes":[]},{"id":3288,"url":"https:\/\/ryfi.online\/de\/ueber-uns\/","url_meta":{"origin":3633,"position":2},"title":"\u00dcber uns","date":"Oktober 11, 2021","format":false,"excerpt":"Massa sed elementum tempus egestas sed sed risus. Risus bei ultrices mi tempus imperdiet nulla malesuada pellentesque elit.","rel":"","context":"\u00c4hnlicher Beitrag","img":{"alt_text":"","src":"https:\/\/i1.wp.com\/ryfi.online\/wp-content\/uploads\/2020\/03\/zachary-kyra-derksen-RfgWAyCBNWk-unsplash.jpg?fit=660%2C400&ssl=1&resize=350%2C200","width":350,"height":200},"classes":[]},{"id":3447,"url":"https:\/\/ryfi.online\/de\/","url_meta":{"origin":3633,"position":3},"title":"Zuhause","date":"Oktober 11, 2021","format":false,"excerpt":"Angebot der Woche! KAUFEN 4 ERHALTEN 5 Holen Sie sich jetzt den Deal 25 % Beeilen Sie sich, hei\u00dfe Verk\u00e4ufe !! Willkommen im Ryfi Online-Shop Previous Next Kaufen 4 Holen 5 Unsere gl\u00fccklichen Kunden! Was sagen Kunden \u00fcber unsere Produkte. Ich liebe es!!!Mein Sohn ist sehr gl\u00fccklich\u2026ich werde weitere Farben\u2026","rel":"","context":"\u00c4hnlicher Beitrag","img":{"alt_text":"","src":"https:\/\/i0.wp.com\/ryfi.online\/wp-content\/uploads\/2020\/03\/stefan-stefancik-QXevDflbl8A-unsplash.jpg?resize=350%2C200&ssl=1","width":350,"height":200},"classes":[]}],"_links":{"self":[{"href":"https:\/\/ryfi.online\/de\/wp-json\/wp\/v2\/pages\/3633","targetHints":{"allow":["GET"]}}],"collection":[{"href":"https:\/\/ryfi.online\/de\/wp-json\/wp\/v2\/pages"}],"about":[{"href":"https:\/\/ryfi.online\/de\/wp-json\/wp\/v2\/types\/page"}],"author":[{"embeddable":true,"href":"https:\/\/ryfi.online\/de\/wp-json\/wp\/v2\/users\/1"}],"replies":[{"embeddable":true,"href":"https:\/\/ryfi.online\/de\/wp-json\/wp\/v2\/comments?post=3633"}],"version-history":[{"count":5,"href":"https:\/\/ryfi.online\/de\/wp-json\/wp\/v2\/pages\/3633\/revisions"}],"predecessor-version":[{"id":3657,"href":"https:\/\/ryfi.online\/de\/wp-json\/wp\/v2\/pages\/3633\/revisions\/3657"}],"wp:attachment":[{"href":"https:\/\/ryfi.online\/de\/wp-json\/wp\/v2\/media?parent=3633"}],"curies":[{"name":"wp","href":"https:\/\/api.w.org\/{rel}","templated":true}]}}